{"id":959,"date":"2020-12-30T08:40:44","date_gmt":"2020-12-30T08:40:44","guid":{"rendered":"https:\/\/passim.qodeinteractive.com\/?post_type=product&#038;p=959"},"modified":"2024-09-25T14:40:46","modified_gmt":"2024-09-25T14:40:46","slug":"kondicionierius-7","status":"publish","type":"product","link":"https:\/\/kasperindre.lt\/?product=kondicionierius-7","title":{"rendered":"KONDICIONIERIUS PA\u017dEISTIEMS PLAUKAMS PH: 4 | MELU"},"content":{"rendered":"\t\t<div data-elementor-type=\"wp-post\" data-elementor-id=\"959\" class=\"elementor elementor-959\" data-elementor-settings=\"[]\">\n\t\t\t\t\t\t\t<div class=\"elementor-section-wrap\">\n\t\t\t\t\t\t\t<section class=\"elementor-section elementor-top-section elementor-element elementor-element-f30aed5 elementor-section-full_width elementor-section-height-default elementor-section-height-default qodef-elementor-content-no\" data-id=\"f30aed5\" data-element_type=\"section\">\n\t\t\t\t\t\t<div class=\"elementor-container elementor-column-gap-default\">\n\t\t\t\t\t<div class=\"elementor-column elementor-col-100 elementor-top-column elementor-element elementor-element-68fe7cf\" data-id=\"68fe7cf\" data-element_type=\"column\">\n\t\t\t<div class=\"elementor-widget-wrap elementor-element-populated\">\n\t\t\t\t\t\t\t\t<div class=\"elementor-element elementor-element-09d4d32 elementor-widget elementor-widget-text-editor\" data-id=\"09d4d32\" data-element_type=\"widget\" data-widget_type=\"text-editor.default\">\n\t\t\t\t<div class=\"elementor-widget-container\">\n\t\t\t\t\t\t\t<div class=\"easytabs-text\"><p>Kondicionierius skirtas ilgiems ar pa\u017eeistiems plaukams. Kondicionavimo priemon\u0117 dr\u0117kina plaukus, maitina galus ir apsaugo nuo j\u0173 l\u016b\u017eimo. D\u0117l lengvos formul\u0117s plaukai tampa glotn\u016bs ir \u0161veln\u016bs, ta\u010diau neapsunk\u0119.<\/p><\/div><div id=\"4713312190596\" class=\"easytabs-container tab-widget-4713312190596 easytabs-inited\" data-et-min-width=\"0\" data-et-auto-accordion=\"0\" data-et-cbw=\"1\" data-et-cbr=\"3\" data-et-sta=\"1\" data-et-amp=\"0\" data-et-flx=\"0\" data-et-wt=\"0\" data-et-ao=\"1\" data-et-tabs-width=\"295\"><div class=\"easytabs-holder easytabs-accordion\"><h5><a class=\"ui-tabs-anchor js-no-transition\">Kaip naudoti?<\/a><\/h5><div class=\"easytabs-contents\"><div class=\"easytabs-content-item easytabs-active\" data-et-marker=\"tabs-melu-kondicionierius-ph-4-2\" data-et-handle=\"tabs-kaip-naudoti\"><div class=\"easytabs-content-holder\" aria-labelledby=\"easytabs-slide-label-4713312190596-0\" aria-expanded=\"true\" aria-hidden=\"false\"><p>Po MELU \u0161amp\u016bno u\u017etepkite ant rank\u0161luos\u010diu nusausint\u0173 plauk\u0173. Palikite\u00a0 2\u20135 minutes, i\u0161\u0161ukuokite, tuomet nuplaukite. I\u0161d\u017eiovinkite plaukus.<\/p><h5 class=\"easytabs-accordion-item\" tabindex=\"0\" aria-labelledby=\"easytabs-slide-label-4713312190596-1\" aria-selected=\"true\"><a class=\"ui-tabs-anchor js-no-transition\">Sudedamosios dalys<\/a><\/h5><div class=\"easytabs-content-holder\" aria-labelledby=\"easytabs-slide-label-4713312190596-1\" aria-expanded=\"true\" aria-hidden=\"false\"><p>Su Villalba l\u0119\u0161i\u0173 s\u0117kl\u0173 ekstraktu, i\u0161 &#8222;L\u0117to maisto prezidiumo&#8221;. Formul\u0117 turtinga serino ir glutamin\u0117s r\u016bg\u0161ties, gausiausiai aminor\u016bg\u0161\u010di\u0173, esan\u010di\u0173 keratine, tod\u0117l plaukai yra pamaitinti ir atstatoma pa\u017eeisto plauko strukt\u016bra.<\/p><p>AQUA \/ WATER \/ EAU, CETEARYL ALCOHOL, GLYCERIN, CETRIMONIUMCHLORIDE, CETYL ALCOHOL, BEHENTRIMONIUM METHOSULFATE, BEHENYL ALCOHOL, BEHENTRIMONIUMCHLORIDE, AMODIMETHICONE, BENZYL ALCOHOL, PRUNUS AMYGDALUS DULCIS OIL \/ PRUNUS AMYGDALUSDULCIS (SWEET ALMOND) OIL, DIMETHICONE, PARFUM \/ FRAGRANCE, SILICONE QUATERNIUM-8, CITRICACID, HYDROXYETHYLCELLULOSE, DISODIUM EDTA, SODIUM BENZOATE, TOCOPHEROL, LINALOOL, HEXYLCINNAMAL, LENS ESCULENTA SEED EXTRACT \/ LENS ESCULENTA (LENTIL) SEED EXTRACT, TRIDECETH-12,CYCLOPENTASILOXANE, LIMONENE, GERANIOL, CI 61570 \/ GREEN 5, CI 19140 \/ YELLOW 5.\u00a0<\/p><\/div><\/div><\/div><\/div><\/div><\/div>\t\t\t\t\t\t<\/div>\n\t\t\t\t<\/div>\n\t\t\t\t\t<\/div>\n\t\t<\/div>\n\t\t\t\t\t\t\t<\/div>\n\t\t<\/section>\n\t\t\t\t\t\t<\/div>\n\t\t\t\t\t<\/div>\n\t\t","protected":false},"excerpt":{"rendered":"<p>Kondicionierius skirtas ilgiems ar pa\u017eeistiems plaukams. Kondicionavimo priemon\u0117 dr\u0117kina plaukus, maitina galus ir apsaugo nuo j\u0173 l\u016b\u017eimo. D\u0117l lengvos formul\u0117s plaukai tampa glotn\u016bs ir \u0161veln\u016bs, ta\u010diau neapsunk\u0119.<\/p>\n","protected":false},"featured_media":9999,"comment_status":"open","ping_status":"closed","template":"","meta":{"om_disable_all_campaigns":false},"product_brand":[],"product_cat":[44,30],"product_tag":[28,68,49,29],"class_list":{"0":"post-959","1":"product","2":"type-product","3":"status-publish","4":"has-post-thumbnail","6":"product_cat-mini-produktai","7":"product_cat-kondicionieriai","8":"product_tag-dazyti-plaukai","9":"product_tag-normalus-plaukai","10":"product_tag-ploni-plaukai","11":"product_tag-siaustis-linke-plaukai","13":"first","14":"instock","15":"shipping-taxable","16":"purchasable","17":"product-type-variable","18":"add-to-wishlist-before_image"},"aioseo_notices":[],"_links":{"self":[{"href":"https:\/\/kasperindre.lt\/index.php?rest_route=\/wp\/v2\/product\/959","targetHints":{"allow":["GET"]}}],"collection":[{"href":"https:\/\/kasperindre.lt\/index.php?rest_route=\/wp\/v2\/product"}],"about":[{"href":"https:\/\/kasperindre.lt\/index.php?rest_route=\/wp\/v2\/types\/product"}],"replies":[{"embeddable":true,"href":"https:\/\/kasperindre.lt\/index.php?rest_route=%2Fwp%2Fv2%2Fcomments&post=959"}],"version-history":[{"count":5,"href":"https:\/\/kasperindre.lt\/index.php?rest_route=\/wp\/v2\/product\/959\/revisions"}],"predecessor-version":[{"id":11069,"href":"https:\/\/kasperindre.lt\/index.php?rest_route=\/wp\/v2\/product\/959\/revisions\/11069"}],"wp:featuredmedia":[{"embeddable":true,"href":"https:\/\/kasperindre.lt\/index.php?rest_route=\/wp\/v2\/media\/9999"}],"wp:attachment":[{"href":"https:\/\/kasperindre.lt\/index.php?rest_route=%2Fwp%2Fv2%2Fmedia&parent=959"}],"wp:term":[{"taxonomy":"product_brand","embeddable":true,"href":"https:\/\/kasperindre.lt\/index.php?rest_route=%2Fwp%2Fv2%2Fproduct_brand&post=959"},{"taxonomy":"product_cat","embeddable":true,"href":"https:\/\/kasperindre.lt\/index.php?rest_route=%2Fwp%2Fv2%2Fproduct_cat&post=959"},{"taxonomy":"product_tag","embeddable":true,"href":"https:\/\/kasperindre.lt\/index.php?rest_route=%2Fwp%2Fv2%2Fproduct_tag&post=959"}],"curies":[{"name":"wp","href":"https:\/\/api.w.org\/{rel}","templated":true}]}}