{"id":933,"date":"2020-12-30T08:45:51","date_gmt":"2020-12-30T08:45:51","guid":{"rendered":"https:\/\/passim.qodeinteractive.com\/?post_type=product&#038;p=933"},"modified":"2024-09-25T14:35:19","modified_gmt":"2024-09-25T14:35:19","slug":"kondicionierius-5","status":"publish","type":"product","link":"https:\/\/kasperindre.lt\/?product=kondicionierius-5","title":{"rendered":"KONDICIONIERIUS \u0160VIESINTIEMS PLAUKAMS PH: 4 | NOUNOU"},"content":{"rendered":"\t\t<div data-elementor-type=\"wp-post\" data-elementor-id=\"933\" class=\"elementor elementor-933\" data-elementor-settings=\"[]\">\n\t\t\t\t\t\t\t<div class=\"elementor-section-wrap\">\n\t\t\t\t\t\t\t<section class=\"elementor-section elementor-top-section elementor-element elementor-element-f30aed5 elementor-section-full_width elementor-section-height-default elementor-section-height-default qodef-elementor-content-no\" data-id=\"f30aed5\" data-element_type=\"section\">\n\t\t\t\t\t\t<div class=\"elementor-container elementor-column-gap-default\">\n\t\t\t\t\t<div class=\"elementor-column elementor-col-100 elementor-top-column elementor-element elementor-element-68fe7cf\" data-id=\"68fe7cf\" data-element_type=\"column\">\n\t\t\t<div class=\"elementor-widget-wrap elementor-element-populated\">\n\t\t\t\t\t\t\t\t<div class=\"elementor-element elementor-element-09d4d32 elementor-widget elementor-widget-text-editor\" data-id=\"09d4d32\" data-element_type=\"widget\" data-widget_type=\"text-editor.default\">\n\t\t\t\t<div class=\"elementor-widget-container\">\n\t\t\t\t\t\t\t<div class=\"easytabs-text\"><p>Kondicionierius skirtas\u00a0 \u0161viesintiems plaukams, atkuria nat\u016brali\u0105 plauko strukt\u016br\u0105, suteikia atpalaiduojant\u012f poveik\u012f. Turtinga formul\u0117 \u0161velniai valo plaukus, suteikdama jiems gil\u0173 maitinim\u0105, dr\u0117kinim\u0105 ir atkurdama nat\u016bral\u0173 \u0161velnum\u0105 bei blizges\u012f.<\/p><\/div><div id=\"4713303670916\" class=\"easytabs-container tab-widget-4713303670916 easytabs-inited\" data-et-min-width=\"0\" data-et-auto-accordion=\"0\" data-et-cbw=\"1\" data-et-cbr=\"3\" data-et-sta=\"1\" data-et-amp=\"0\" data-et-flx=\"0\" data-et-wt=\"0\" data-et-ao=\"1\" data-et-tabs-width=\"295\"><div class=\"easytabs-holder easytabs-accordion\"><div class=\"easytabs-contents\"><div class=\"easytabs-content-item easytabs-active\" data-et-marker=\"tabs-nounou-kondicionierius-ph-4-2\" data-et-handle=\"tabs-kaip-naudoti\"><h5 class=\"easytabs-accordion-item\" tabindex=\"0\" aria-labelledby=\"easytabs-slide-label-4713303670916-0\" aria-selected=\"true\"><a class=\"ui-tabs-anchor js-no-transition\">Kaip naudoti?<\/a><\/h5><div class=\"easytabs-content-holder\" aria-labelledby=\"easytabs-slide-label-4713303670916-0\" aria-expanded=\"true\" aria-hidden=\"false\"><p>Po NOUNOU \u0161amp\u016bno u\u017etepkite ant rank\u0161luos\u010diu nusausint\u0173 plauk\u0173. Palikite 5-10 minutes, per\u0161ukuokite ir nuplaukite. I\u0161d\u017eiovinkite plaukus.<\/p><h5 class=\"easytabs-accordion-item\" tabindex=\"0\" aria-labelledby=\"easytabs-slide-label-4713303670916-1\" aria-selected=\"true\"><a class=\"ui-tabs-anchor js-no-transition\">Sudedamosios dalys<\/a><\/h5><div class=\"easytabs-content-holder\" aria-labelledby=\"easytabs-slide-label-4713303670916-1\" aria-expanded=\"true\" aria-hidden=\"false\"><p>Su Torre Guaceto Fiaschetto pomidor\u0173 ekstraktu, i\u0161 l\u0117to maisto prezidiumo. Gausu angliavandeni\u0173 ir baltym\u0173,\u00a0 turi stipri\u0105 maitinam\u0105j\u0105 gali\u0105 ir d\u0117l vitamino C , pasi\u017eymi antioksidaciniu poveikiu.<\/p><p>AQUA \/ WATER \/ EAU, CETEARYL ALCOHOL, GLYCERIN, BEHENTRIMONIUM CHLORIDE, CETRIMONIUM CHLORIDE, CETYL ALCOHOL, BEHENYL ALCOHOL, BENZOTRIAZOLYL DODECYL P-CRESOL, PARFUM \/ FRAGRANCE, BENZYL ALCOHOL, DIMETHICONE, CREATINE, SIMMONDSIA CHINENSIS SEED OIL \/ SIMMONDSIA CHINENSIS (JOJOBA) SEED OIL, AMODIMETHICONE, DICAPRYLYL ETHER, LAURYL ALCOHOL, DISODIUM EDTA, HYDROXYETHYLCELLULOSE, OCTADECYL DI-T-BUTYL-4-HYDROXYHYDROCINNAMATE, SODIUM BENZOATE, CITRIC ACID, PRUNUS AMYGDALUS DULCIS OIL \/ PRUNUS AMYGDALUS DULCIS (SWEET ALMOND) OIL, HYDROGENATED VEGETABLE OIL, TOCOPHEROL, SOLANUM LYCOPERSICUM FRUIT EXTRACT \/ SOLANUM LYCOPERSICUM (TOMATO) FRUIT EXTRACT, LINALOOL, BUTYROSPERMUM PARKII BUTTER \/ BUTYROSPERMUM PARKII (SHEA) BUTTER, GERANIOL, LIMONENE, CARAMEL, CI 19140 \/ YELLOW 5, CI 14700 \/ RED 4, CI 61570 \/ GREEN 5.<\/p><\/div><\/div><\/div><\/div><\/div><\/div>\t\t\t\t\t\t<\/div>\n\t\t\t\t<\/div>\n\t\t\t\t\t<\/div>\n\t\t<\/div>\n\t\t\t\t\t\t\t<\/div>\n\t\t<\/section>\n\t\t\t\t\t\t<\/div>\n\t\t\t\t\t<\/div>\n\t\t","protected":false},"excerpt":{"rendered":"<p>Kondicionierius skirtas\u00a0 \u0161viesintiems plaukams, atkuria nat\u016brali\u0105 plauko strukt\u016br\u0105, suteikia atpalaiduojant\u012f poveik\u012f. Turtinga formul\u0117 \u0161velniai valo plaukus, suteikdama jiems gil\u0173 maitinim\u0105, dr\u0117kinim\u0105 ir atkurdama nat\u016bral\u0173 \u0161velnum\u0105 bei blizges\u012f.<\/p>\n","protected":false},"featured_media":9982,"comment_status":"open","ping_status":"closed","template":"","meta":{"om_disable_all_campaigns":false},"product_brand":[],"product_cat":[44,30],"product_tag":[28,33,68,49,29],"class_list":{"0":"post-933","1":"product","2":"type-product","3":"status-publish","4":"has-post-thumbnail","6":"product_cat-mini-produktai","7":"product_cat-kondicionieriai","8":"product_tag-dazyti-plaukai","9":"product_tag-garbanoti-plaukai","10":"product_tag-normalus-plaukai","11":"product_tag-ploni-plaukai","12":"product_tag-siaustis-linke-plaukai","14":"first","15":"instock","16":"shipping-taxable","17":"purchasable","18":"product-type-variable","19":"add-to-wishlist-before_image"},"aioseo_notices":[],"_links":{"self":[{"href":"https:\/\/kasperindre.lt\/index.php?rest_route=\/wp\/v2\/product\/933","targetHints":{"allow":["GET"]}}],"collection":[{"href":"https:\/\/kasperindre.lt\/index.php?rest_route=\/wp\/v2\/product"}],"about":[{"href":"https:\/\/kasperindre.lt\/index.php?rest_route=\/wp\/v2\/types\/product"}],"replies":[{"embeddable":true,"href":"https:\/\/kasperindre.lt\/index.php?rest_route=%2Fwp%2Fv2%2Fcomments&post=933"}],"version-history":[{"count":5,"href":"https:\/\/kasperindre.lt\/index.php?rest_route=\/wp\/v2\/product\/933\/revisions"}],"predecessor-version":[{"id":11064,"href":"https:\/\/kasperindre.lt\/index.php?rest_route=\/wp\/v2\/product\/933\/revisions\/11064"}],"wp:featuredmedia":[{"embeddable":true,"href":"https:\/\/kasperindre.lt\/index.php?rest_route=\/wp\/v2\/media\/9982"}],"wp:attachment":[{"href":"https:\/\/kasperindre.lt\/index.php?rest_route=%2Fwp%2Fv2%2Fmedia&parent=933"}],"wp:term":[{"taxonomy":"product_brand","embeddable":true,"href":"https:\/\/kasperindre.lt\/index.php?rest_route=%2Fwp%2Fv2%2Fproduct_brand&post=933"},{"taxonomy":"product_cat","embeddable":true,"href":"https:\/\/kasperindre.lt\/index.php?rest_route=%2Fwp%2Fv2%2Fproduct_cat&post=933"},{"taxonomy":"product_tag","embeddable":true,"href":"https:\/\/kasperindre.lt\/index.php?rest_route=%2Fwp%2Fv2%2Fproduct_tag&post=933"}],"curies":[{"name":"wp","href":"https:\/\/api.w.org\/{rel}","templated":true}]}}