{"id":887,"date":"2020-12-30T08:07:52","date_gmt":"2020-12-30T08:07:52","guid":{"rendered":"https:\/\/passim.qodeinteractive.com\/?post_type=product&#038;p=887"},"modified":"2024-09-25T14:37:30","modified_gmt":"2024-09-25T14:37:30","slug":"kondicionierius-11","status":"publish","type":"product","link":"https:\/\/kasperindre.lt\/?product=kondicionierius-11","title":{"rendered":"\u0160viesius plaukus maitinantis kondicionierius | Heart of Glass"},"content":{"rendered":"\t\t<div data-elementor-type=\"wp-post\" data-elementor-id=\"887\" class=\"elementor elementor-887\" data-elementor-settings=\"[]\">\n\t\t\t\t\t\t\t<div class=\"elementor-section-wrap\">\n\t\t\t\t\t\t\t<section class=\"elementor-section elementor-top-section elementor-element elementor-element-f30aed5 elementor-section-full_width elementor-section-height-default elementor-section-height-default qodef-elementor-content-no\" data-id=\"f30aed5\" data-element_type=\"section\">\n\t\t\t\t\t\t<div class=\"elementor-container elementor-column-gap-default\">\n\t\t\t\t\t<div class=\"elementor-column elementor-col-100 elementor-top-column elementor-element elementor-element-68fe7cf\" data-id=\"68fe7cf\" data-element_type=\"column\">\n\t\t\t<div class=\"elementor-widget-wrap elementor-element-populated\">\n\t\t\t\t\t\t\t\t<div class=\"elementor-element elementor-element-09d4d32 elementor-widget elementor-widget-text-editor\" data-id=\"09d4d32\" data-element_type=\"widget\" data-widget_type=\"text-editor.default\">\n\t\t\t\t<div class=\"elementor-widget-container\">\n\t\t\t\t\t\t\t<p>\u0160viesius plaukus maitinantis kondicionierius skirtas nat\u016braliems ir da\u017eytiems plaukams.\u00a0 Kondicionierius intensyviai maitina bei stiprina plaukus,\u00a0 Biacidic Bond komplekso ir baobabo ekstrakto savybi\u0173 d\u0117ka.\u00a0<\/p><p class=\"p1\"><span class=\"s1\">M\u0117lynas kondicionierius turi labai savit\u0105 spalv\u0105 &#8211; tai indigo m\u0117lyna. Norint i\u0161gauti \u0161i\u0105 spalv\u0105, naudojome nat\u016bral\u0173 Kolumbijoje auginam\u0173 vaisi\u0173 Jagua ekstrakt\u0105, taip pad\u0117dami i\u0161saugoti ir biologin\u0119 \u012fvairov\u0119.\u00a0<\/span><\/p><p class=\"p1\"><span class=\"s1\">Pigmentai i\u0161gauti i\u0161 Jagua vaisi\u0173 subalansuoja nepageidaujamus tonus.\u00a0 Taip pat \u0161ios priemon\u0117s atgaivina nat\u016bral\u0173 \u0161viesi\u0173 plauk\u0173 blizges\u012f, kur\u012f gali paveikti saul\u0117, druska, chloras ar kalk\u0117s, kad \u0161vies\u016bs plaukai neprarast\u0173 blizgesio bei gyvybingumo.\u00a0<\/span><\/p><h5 class=\"easytabs-accordion-item\" tabindex=\"0\" aria-labelledby=\"easytabs-slide-label-6547430080695-0\" aria-selected=\"true\"><a class=\"ui-tabs-anchor js-no-transition\">Kaip naudoti?<\/a><\/h5><div class=\"easytabs-content-holder\" aria-labelledby=\"easytabs-slide-label-6547430080695-0\" aria-expanded=\"true\" aria-hidden=\"false\"><p>Heart of Glass \u0161amp\u016bnu i\u0161plautus plaukus padengti kondicionieriumi, \u012fmasa\u017euoti, palikti 5 min., per\u0161ukuoti ir nuskalauti.<\/p><h5 class=\"easytabs-accordion-item\" tabindex=\"0\" aria-labelledby=\"easytabs-slide-label-6547430080695-1\" aria-selected=\"true\"><a class=\"ui-tabs-anchor js-no-transition\">Sudedamosios dalys<\/a><\/h5><div class=\"easytabs-content-holder\" aria-labelledby=\"easytabs-slide-label-6547430080695-1\" aria-expanded=\"true\" aria-hidden=\"false\"><p class=\"p1\"><span class=\"s1\"><b>BIACIDIC BOND KOMPLEKSAS<\/b>\u00a0&#8211; tai molekuli\u0173 kompleksas, sukurtas ir u\u017epatentuotas \u201eDavines Labs\u201c laboratorijoje. Jis sukuria nepaprast\u0105 poveik\u012f plaukams, sustiprina juos, apsaugo bei atstato padaryt\u0105 \u017eal\u0105.\u00a0<\/span><\/p><p class=\"p1\"><span class=\"s1\">&#8222;Heart of Glass&#8221; formul\u0117s yra praturtintos naujovi\u0161ku nat\u016braliu\u00a0<b>baobabo s\u0117kl\u0173<\/b>\u00a0ekstraktu. \u0160is ingredientas yra botanin\u0117 silikon\u0173 naudojimo alternatyva, nes jis padeda dr\u0117kinti ir drausminti plaukus, tod\u0117l jie tampa paslankesni. Ekstraktas gaunamas i\u0161 baobabo plantacij\u0173, auginam\u0173 ir tvariai tvarkom\u0173 teritorij\u0173, siekiant prisid\u0117ti prie ekonomin\u0117s Afrikos pl\u0117tros.<\/span><\/p><p class=\"p1\"><span class=\"s1\">AQUA \/ WATER \/ EAU, CETEARYL ALCOHOL, BEHENTRIMONIUM CHLORIDE, GLYCERIN, CETYL AL-COHOL, HYDROGENATED FARNESENE, CETRIMONIUM CHLORIDE, BEHENTRIMONIUM METHOSULFATE, PARFUM \/ FRAGRANCE, GLYCERYL STEARATE, ORBIGNYA OLEIFERA SEED OIL, ISOPROPYL ALCOHOL, BENZYL ALCOHOL, MALEIC ACID, DISODIUM EDTA, SODIUM BENZOATE, GENIPA AMERICANA FRUIT EXTRACT, POLY-GLYCERYL-3 POLYRICINOLEATE, SCLEROTIUM GUM, SORBITAN ISOSTEARATE, THIOCTAMIDOETHYL DIMETHYLAMINE MALEATE, SODIUM HYDROXIDE, CORN STARCH MODIFIED, ALPHA-ISOMETHYL IONONE, LINALOOL, COUMARIN, HYDROLYZED ADANSONIA DIGITATA SEED EXTRACT, RETINYL PALMITATE, HELIANTHUS ANNUUS SEED OIL \/ HELIANTHUS ANNUUS (SUNFLOWER) SEED OIL.<\/span><\/p><\/div><\/div>\t\t\t\t\t\t<\/div>\n\t\t\t\t<\/div>\n\t\t\t\t\t<\/div>\n\t\t<\/div>\n\t\t\t\t\t\t\t<\/div>\n\t\t<\/section>\n\t\t\t\t\t\t<\/div>\n\t\t\t\t\t<\/div>\n\t\t","protected":false},"excerpt":{"rendered":"<p>\u0160viesius plaukus maitinantis kondicionierius skirtas nat\u016braliems ir da\u017eytiems plaukams.\u00a0 Kondicionierius intensyviai maitina bei stiprina plaukus,\u00a0 Biacidic Bond komplekso ir baobabo ekstrakto savybi\u0173 d\u0117ka.<\/p>\n","protected":false},"featured_media":10036,"comment_status":"open","ping_status":"closed","template":"","meta":{"om_disable_all_campaigns":false},"product_brand":[],"product_cat":[44,30],"product_tag":[28],"class_list":{"0":"post-887","1":"product","2":"type-product","3":"status-publish","4":"has-post-thumbnail","6":"product_cat-mini-produktai","7":"product_cat-kondicionieriai","8":"product_tag-dazyti-plaukai","10":"first","11":"instock","12":"shipping-taxable","13":"purchasable","14":"product-type-variable","15":"add-to-wishlist-before_image"},"aioseo_notices":[],"_links":{"self":[{"href":"https:\/\/kasperindre.lt\/index.php?rest_route=\/wp\/v2\/product\/887","targetHints":{"allow":["GET"]}}],"collection":[{"href":"https:\/\/kasperindre.lt\/index.php?rest_route=\/wp\/v2\/product"}],"about":[{"href":"https:\/\/kasperindre.lt\/index.php?rest_route=\/wp\/v2\/types\/product"}],"replies":[{"embeddable":true,"href":"https:\/\/kasperindre.lt\/index.php?rest_route=%2Fwp%2Fv2%2Fcomments&post=887"}],"version-history":[{"count":5,"href":"https:\/\/kasperindre.lt\/index.php?rest_route=\/wp\/v2\/product\/887\/revisions"}],"predecessor-version":[{"id":11066,"href":"https:\/\/kasperindre.lt\/index.php?rest_route=\/wp\/v2\/product\/887\/revisions\/11066"}],"wp:featuredmedia":[{"embeddable":true,"href":"https:\/\/kasperindre.lt\/index.php?rest_route=\/wp\/v2\/media\/10036"}],"wp:attachment":[{"href":"https:\/\/kasperindre.lt\/index.php?rest_route=%2Fwp%2Fv2%2Fmedia&parent=887"}],"wp:term":[{"taxonomy":"product_brand","embeddable":true,"href":"https:\/\/kasperindre.lt\/index.php?rest_route=%2Fwp%2Fv2%2Fproduct_brand&post=887"},{"taxonomy":"product_cat","embeddable":true,"href":"https:\/\/kasperindre.lt\/index.php?rest_route=%2Fwp%2Fv2%2Fproduct_cat&post=887"},{"taxonomy":"product_tag","embeddable":true,"href":"https:\/\/kasperindre.lt\/index.php?rest_route=%2Fwp%2Fv2%2Fproduct_tag&post=887"}],"curies":[{"name":"wp","href":"https:\/\/api.w.org\/{rel}","templated":true}]}}