{"id":8793,"date":"2021-03-17T11:25:40","date_gmt":"2021-03-17T11:25:40","guid":{"rendered":"https:\/\/passim.qodeinteractive.com\/?post_type=product&#038;p=8793"},"modified":"2024-09-25T13:11:22","modified_gmt":"2024-09-25T13:11:22","slug":"home","status":"publish","type":"product","link":"https:\/\/kasperindre.lt\/?product=home","title":{"rendered":"\u0160AMP\u016aNAS OI"},"content":{"rendered":"\t\t<div data-elementor-type=\"wp-post\" data-elementor-id=\"8793\" class=\"elementor elementor-8793\" data-elementor-settings=\"[]\">\n\t\t\t\t\t\t\t<div class=\"elementor-section-wrap\">\n\t\t\t\t\t\t\t<section class=\"elementor-section elementor-top-section elementor-element elementor-element-f30aed5 elementor-section-full_width elementor-section-height-default elementor-section-height-default qodef-elementor-content-no\" data-id=\"f30aed5\" data-element_type=\"section\">\n\t\t\t\t\t\t<div class=\"elementor-container elementor-column-gap-default\">\n\t\t\t\t\t<div class=\"elementor-column elementor-col-100 elementor-top-column elementor-element elementor-element-68fe7cf\" data-id=\"68fe7cf\" data-element_type=\"column\">\n\t\t\t<div class=\"elementor-widget-wrap elementor-element-populated\">\n\t\t\t\t\t\t\t\t<div class=\"elementor-element elementor-element-09d4d32 elementor-widget elementor-widget-text-editor\" data-id=\"09d4d32\" data-element_type=\"widget\" data-widget_type=\"text-editor.default\">\n\t\t\t\t<div class=\"elementor-widget-container\">\n\t\t\t\t\t\t\t<div class=\"easytabs-text\"><div>Pieno \u0161velnumo \u0161amp\u016bnas idealiai tinka vis\u0173 tip\u0173 plaukams. Maitinamasis \u0161amp\u016bnas su Roucou aliejumi yra puikus kasdieniam naudojimui, skirtas palaikyti \u0161velnius, \u017evilgan\u010dius plaukus, i\u0161laikant j\u0173 apimt\u012f. \u0160amp\u016bnas pasi\u017eymi anktioksidantin\u0117mis savyb\u0117mis bei ilgai i\u0161liekan\u010diu maloniu kvapu.<\/div><div><h5 class=\"easytabs-accordion-item\" tabindex=\"0\" aria-labelledby=\"easytabs-slide-label-4707930964100-0\" aria-selected=\"true\"><a class=\"ui-tabs-anchor js-no-transition\">Kaip naudoti?<\/a><\/h5><div class=\"easytabs-content-holder\" aria-labelledby=\"easytabs-slide-label-4707930964100-0\" aria-expanded=\"true\" aria-hidden=\"false\"><p>\u0160velniai masa\u017euokite galvos od\u0105, po to nuskalaukite. Po \u0161amp\u016bno naudokite kondicionieri\u0173.<\/p><\/div><\/div><\/div><div id=\"4707930964100\" class=\"easytabs-container tab-widget-4707930964100 easytabs-inited\" data-et-min-width=\"0\" data-et-auto-accordion=\"0\" data-et-cbw=\"1\" data-et-cbr=\"3\" data-et-sta=\"1\" data-et-amp=\"0\" data-et-flx=\"0\" data-et-wt=\"0\" data-et-ao=\"1\" data-et-tabs-width=\"295\"><div class=\"easytabs-holder easytabs-accordion\"><div class=\"easytabs-contents\"><div class=\"easytabs-content-item easytabs-active\" data-et-marker=\"tabs-oi-sampunas-ph-5-2-2\" data-et-handle=\"tabs-kaip-naudoti\"><div class=\"easytabs-accordion-item\" tabindex=\"0\" aria-labelledby=\"easytabs-slide-label-4707930964100-0\" aria-selected=\"true\"><h5 class=\"easytabs-accordion-item\" tabindex=\"0\" aria-labelledby=\"easytabs-slide-label-4707930964100-1\" aria-selected=\"true\"><a class=\"ui-tabs-anchor js-no-transition\">Sudedamosios dalys<\/a><\/h5><div class=\"easytabs-content-holder\" aria-labelledby=\"easytabs-slide-label-4707930964100-1\" aria-expanded=\"true\" aria-hidden=\"false\"><span class=\"specifics__item\"><span class=\"specifics__container\"><span class=\"specifics__list ingredients\">Visuose OI linijos produktuose yra aliejaus, i\u0161gauto i\u0161 Roucou, augalo, kilusio i\u0161 Amazon\u0117s. Jame gausu beta-karotino (100 kart\u0173 daugiau nei morkose), jis atgaivina plauko strukt\u016br\u0105 ir skatina j\u0173 augim\u0105.<\/span><span class=\"specifics__list ingredients\"><br \/><\/span><span class=\"specifics__list ingredients\">AQUA \/ WATER \/ EAU, SODIUM LAUROYL METHYL ISETHIONATE, DISODIUM LAURETH SULFOSUCCINATE, SODIUM LAUROYL SARCOSINATE, COCAMIDOPROPYL BETAINE, SODIUM LAURYL SULFOACETATE, PANTHENOL, PARFUM \/ FRAGRANCE, BENZYL ALCOHOL, SODIUM METHYL 2-SULFOLAURATE, ACRYLATES\/C10-30 ALKYL ACRYLATE CROSSPOLYMER, PPG-26-BUTETH-26, PHENETHYL BENZOATE, COCO-GLUCOSIDE, GLYCERYL OLEATE, SODIUM BENZOATE, PEG-40 HYDROGENATED CASTOR OIL, GLYCOL DISTEARATE, SODIUM HYDROXIDE, TRISODIUM ETHYLENEDIAMINE DISUCCINATE, POLYQUATERNIUM-7, CITRIC ACID, DISODIUM 2-SULFOLAURATE, AMODIMETHICONE, GUAR HYDROXYPROPYLTRIMONIUM CHLORIDE, C11-15 PARETH-7, HELIANTHUS ANNUUS SEED OIL \/ HELIANTHUS ANNUUS (SUNFLOWER) SEED OIL, SODIUM CHLORIDE, GLYCERYL STEARATE, GLYCERIN, LAURETH-9, CITRONELLOL, GERANIOL, TRIDECETH-12, BIXA ORELLANA SEED EXTRACT.<\/span><\/span><\/span><\/div><\/div><\/div><\/div><\/div><\/div>\t\t\t\t\t\t<\/div>\n\t\t\t\t<\/div>\n\t\t\t\t\t<\/div>\n\t\t<\/div>\n\t\t\t\t\t\t\t<\/div>\n\t\t<\/section>\n\t\t\t\t\t\t<\/div>\n\t\t\t\t\t<\/div>\n\t\t","protected":false},"excerpt":{"rendered":"<p>Pieno \u0161velnumo \u0161amp\u016bnas idealiai tinka vis\u0173 tip\u0173 plaukams. Maitinamasis \u0161amp\u016bnas su Roucou aliejumi yra puikus kasdieniam naudojimui, skirtas palaikyti \u0161velnius, \u017evilgan\u010dius plaukus, i\u0161laikant j\u0173 apimt\u012f.<\/p>\n","protected":false},"featured_media":9685,"comment_status":"open","ping_status":"closed","template":"","meta":{"om_disable_all_campaigns":false},"product_brand":[],"product_cat":[15,44],"product_tag":[],"class_list":{"0":"post-8793","1":"product","2":"type-product","3":"status-publish","4":"has-post-thumbnail","6":"product_cat-sampunai","7":"product_cat-mini-produktai","9":"first","10":"instock","11":"shipping-taxable","12":"purchasable","13":"product-type-variable","14":"has-default-attributes","15":"add-to-wishlist-before_image"},"aioseo_notices":[],"_links":{"self":[{"href":"https:\/\/kasperindre.lt\/index.php?rest_route=\/wp\/v2\/product\/8793","targetHints":{"allow":["GET"]}}],"collection":[{"href":"https:\/\/kasperindre.lt\/index.php?rest_route=\/wp\/v2\/product"}],"about":[{"href":"https:\/\/kasperindre.lt\/index.php?rest_route=\/wp\/v2\/types\/product"}],"replies":[{"embeddable":true,"href":"https:\/\/kasperindre.lt\/index.php?rest_route=%2Fwp%2Fv2%2Fcomments&post=8793"}],"version-history":[{"count":5,"href":"https:\/\/kasperindre.lt\/index.php?rest_route=\/wp\/v2\/product\/8793\/revisions"}],"predecessor-version":[{"id":9745,"href":"https:\/\/kasperindre.lt\/index.php?rest_route=\/wp\/v2\/product\/8793\/revisions\/9745"}],"wp:featuredmedia":[{"embeddable":true,"href":"https:\/\/kasperindre.lt\/index.php?rest_route=\/wp\/v2\/media\/9685"}],"wp:attachment":[{"href":"https:\/\/kasperindre.lt\/index.php?rest_route=%2Fwp%2Fv2%2Fmedia&parent=8793"}],"wp:term":[{"taxonomy":"product_brand","embeddable":true,"href":"https:\/\/kasperindre.lt\/index.php?rest_route=%2Fwp%2Fv2%2Fproduct_brand&post=8793"},{"taxonomy":"product_cat","embeddable":true,"href":"https:\/\/kasperindre.lt\/index.php?rest_route=%2Fwp%2Fv2%2Fproduct_cat&post=8793"},{"taxonomy":"product_tag","embeddable":true,"href":"https:\/\/kasperindre.lt\/index.php?rest_route=%2Fwp%2Fv2%2Fproduct_tag&post=8793"}],"curies":[{"name":"wp","href":"https:\/\/api.w.org\/{rel}","templated":true}]}}