{"id":4631,"date":"2021-01-11T08:17:21","date_gmt":"2021-01-11T08:17:21","guid":{"rendered":"https:\/\/passim.qodeinteractive.com\/?post_type=product&#038;p=4631"},"modified":"2024-09-25T13:12:54","modified_gmt":"2024-09-25T13:12:54","slug":"home-2","status":"publish","type":"product","link":"https:\/\/kasperindre.lt\/?product=home-2","title":{"rendered":"\u0160AMP\u016aNAS VIDUTINIO STORUMO IR PLONIEMS PLAUKAMS PH: 5.3 DEDE"},"content":{"rendered":"\t\t<div data-elementor-type=\"wp-post\" data-elementor-id=\"4631\" class=\"elementor elementor-4631\" data-elementor-settings=\"[]\">\n\t\t\t\t\t\t\t<div class=\"elementor-section-wrap\">\n\t\t\t\t\t\t\t<section class=\"elementor-section elementor-top-section elementor-element elementor-element-f30aed5 elementor-section-full_width elementor-section-height-default elementor-section-height-default qodef-elementor-content-no\" data-id=\"f30aed5\" data-element_type=\"section\">\n\t\t\t\t\t\t<div class=\"elementor-container elementor-column-gap-default\">\n\t\t\t\t\t<div class=\"elementor-column elementor-col-100 elementor-top-column elementor-element elementor-element-68fe7cf\" data-id=\"68fe7cf\" data-element_type=\"column\">\n\t\t\t<div class=\"elementor-widget-wrap elementor-element-populated\">\n\t\t\t\t\t\t\t\t<div class=\"elementor-element elementor-element-09d4d32 elementor-widget elementor-widget-text-editor\" data-id=\"09d4d32\" data-element_type=\"widget\" data-widget_type=\"text-editor.default\">\n\t\t\t\t<div class=\"elementor-widget-container\">\n\t\t\t\t\t\t\t<p>Mel eu tation habemus deleniti, labitur atomorum repudiandae qui ex. An labore consulatu nam, vix ne debet omittantur, ius soluta similique dissentiet in. Appareat probatus vituperata no usu. Ne option omnesque duo, in lorem assueverit quo. Te nam probo accusam, id usu probatus deserunt suscipiantur, vidit mediocritatem his singulis at.Nam corpora temporibus id, agam solet has ad. An vix tation ridens integre, cum amet illud at. Viris constituto est ad, vel affert propriae mandamus.<\/p>\t\t\t\t\t\t<\/div>\n\t\t\t\t<\/div>\n\t\t\t\t\t<\/div>\n\t\t<\/div>\n\t\t\t\t\t\t\t<\/div>\n\t\t<\/section>\n\t\t\t\t\t\t<\/div>\n\t\t\t\t\t<\/div>\n\t\t","protected":false},"excerpt":{"rendered":"<p>\u0160amp\u016bnas, virstantis mink\u0161tomis putomis, sukurtas \u0161velniai valyti galvos od\u0105, tod\u0117l jie tampa lengvi ir \u017evilgantys. Idealiai tinka vidutinio storumo bei ploniems plaukams. Skirtas kasdieniam naudojimui.<\/p>\n","protected":false},"featured_media":9689,"comment_status":"open","ping_status":"closed","template":"","meta":{"om_disable_all_campaigns":false},"product_brand":[],"product_cat":[15,44],"product_tag":[68,49],"class_list":{"0":"post-4631","1":"product","2":"type-product","3":"status-publish","4":"has-post-thumbnail","6":"product_cat-sampunai","7":"product_cat-mini-produktai","8":"product_tag-normalus-plaukai","9":"product_tag-ploni-plaukai","11":"first","12":"instock","13":"shipping-taxable","14":"purchasable","15":"product-type-variable","16":"has-default-attributes","17":"add-to-wishlist-before_image"},"aioseo_notices":[],"_links":{"self":[{"href":"https:\/\/kasperindre.lt\/index.php?rest_route=\/wp\/v2\/product\/4631","targetHints":{"allow":["GET"]}}],"collection":[{"href":"https:\/\/kasperindre.lt\/index.php?rest_route=\/wp\/v2\/product"}],"about":[{"href":"https:\/\/kasperindre.lt\/index.php?rest_route=\/wp\/v2\/types\/product"}],"replies":[{"embeddable":true,"href":"https:\/\/kasperindre.lt\/index.php?rest_route=%2Fwp%2Fv2%2Fcomments&post=4631"}],"version-history":[{"count":2,"href":"https:\/\/kasperindre.lt\/index.php?rest_route=\/wp\/v2\/product\/4631\/revisions"}],"predecessor-version":[{"id":9747,"href":"https:\/\/kasperindre.lt\/index.php?rest_route=\/wp\/v2\/product\/4631\/revisions\/9747"}],"wp:featuredmedia":[{"embeddable":true,"href":"https:\/\/kasperindre.lt\/index.php?rest_route=\/wp\/v2\/media\/9689"}],"wp:attachment":[{"href":"https:\/\/kasperindre.lt\/index.php?rest_route=%2Fwp%2Fv2%2Fmedia&parent=4631"}],"wp:term":[{"taxonomy":"product_brand","embeddable":true,"href":"https:\/\/kasperindre.lt\/index.php?rest_route=%2Fwp%2Fv2%2Fproduct_brand&post=4631"},{"taxonomy":"product_cat","embeddable":true,"href":"https:\/\/kasperindre.lt\/index.php?rest_route=%2Fwp%2Fv2%2Fproduct_cat&post=4631"},{"taxonomy":"product_tag","embeddable":true,"href":"https:\/\/kasperindre.lt\/index.php?rest_route=%2Fwp%2Fv2%2Fproduct_tag&post=4631"}],"curies":[{"name":"wp","href":"https:\/\/api.w.org\/{rel}","templated":true}]}}