{"id":3317,"date":"2021-01-06T10:23:24","date_gmt":"2021-01-06T10:23:24","guid":{"rendered":"https:\/\/passim.qodeinteractive.com\/?post_type=product&#038;p=3317"},"modified":"2024-09-25T13:30:22","modified_gmt":"2024-09-25T13:30:22","slug":"shea-butter","status":"publish","type":"product","link":"https:\/\/kasperindre.lt\/?product=shea-butter","title":{"rendered":"\u0160AMP\u016aNAS PLAUK\u0172 GAUSINIMUI PH: 5.3 VOLU"},"content":{"rendered":"\t\t<div data-elementor-type=\"wp-post\" data-elementor-id=\"3317\" class=\"elementor elementor-3317\" data-elementor-settings=\"[]\">\n\t\t\t\t\t\t\t<div class=\"elementor-section-wrap\">\n\t\t\t\t\t\t\t<section class=\"elementor-section elementor-top-section elementor-element elementor-element-f30aed5 elementor-section-full_width elementor-section-height-default elementor-section-height-default qodef-elementor-content-no\" data-id=\"f30aed5\" data-element_type=\"section\">\n\t\t\t\t\t\t<div class=\"elementor-container elementor-column-gap-default\">\n\t\t\t\t\t<div class=\"elementor-column elementor-col-100 elementor-top-column elementor-element elementor-element-68fe7cf\" data-id=\"68fe7cf\" data-element_type=\"column\">\n\t\t\t<div class=\"elementor-widget-wrap elementor-element-populated\">\n\t\t\t\t\t\t\t\t<div class=\"elementor-element elementor-element-09d4d32 elementor-widget elementor-widget-text-editor\" data-id=\"09d4d32\" data-element_type=\"widget\" data-widget_type=\"text-editor.default\">\n\t\t\t\t<div class=\"elementor-widget-container\">\n\t\t\t\t\t\t\t<div class=\"easytabs-text\"><p>Apimt\u012f didinantis \u0161amp\u016bnas ploniems plaukams. Jis \u0161velniai valo galvos od\u0105, suteikdamas jiems \u0161velnumo bei lengvumo. Kartu plaukai \u012fgauna tekst\u016bros ir didesn\u0117s apimties.<\/p><\/div><div id=\"4713331982468\" class=\"easytabs-container tab-widget-4713331982468 easytabs-inited\" data-et-min-width=\"0\" data-et-auto-accordion=\"0\" data-et-cbw=\"1\" data-et-cbr=\"3\" data-et-sta=\"1\" data-et-amp=\"0\" data-et-flx=\"0\" data-et-wt=\"0\" data-et-ao=\"1\" data-et-tabs-width=\"295\"><div class=\"easytabs-holder easytabs-accordion\"><div class=\"easytabs-contents\"><div class=\"easytabs-content-item easytabs-active\" data-et-marker=\"tabs-volu-sampunas-ph-5-3-2\" data-et-handle=\"tabs-kaip-naudoti\"><h5 class=\"easytabs-accordion-item\" tabindex=\"0\" aria-labelledby=\"easytabs-slide-label-4713331982468-0\" aria-selected=\"true\"><a class=\"ui-tabs-anchor js-no-transition\">Kaip naudoti?<\/a><\/h5><div class=\"easytabs-content-holder\" aria-labelledby=\"easytabs-slide-label-4713331982468-0\" aria-expanded=\"true\" aria-hidden=\"false\"><p id=\"tw-target-text\" class=\"tw-data-text tw-text-large XcVN5d tw-ta\" dir=\"ltr\" data-placeholder=\"Vertimas\" data-pid=\"ZwPMf\"><span lang=\"lt\">Tepkite ant dr\u0117gn\u0173 plauk\u0173. \u0160velniai masa\u017euokite ir nuskalaukite. Pakartokite plovim\u0105 dar kart\u0105, tuomet naudokite VOLU dulksn\u0105.<\/span><\/p><h5 class=\"easytabs-accordion-item\" tabindex=\"0\" aria-labelledby=\"easytabs-slide-label-4713331982468-1\" aria-selected=\"true\"><a class=\"ui-tabs-anchor js-no-transition\">Sudedamosios dalys<\/a><\/h5><div class=\"easytabs-content-holder\" aria-labelledby=\"easytabs-slide-label-4713331982468-1\" aria-expanded=\"true\" aria-hidden=\"false\"><p class=\"tw-data-text tw-text-large XcVN5d tw-ta\" dir=\"ltr\" data-placeholder=\"Vertimas\" data-pid=\"QaemI\"><span lang=\"lt\">Su Kapraunos ropi\u0173 ekstraktu, i\u0161 l\u0117to maisto prezidiumo. Linijoje gausu mineral\u0173, toki\u0173 kaip fosforas, gele\u017eis, kalcis ir vitaminai A, B ir C, jie suteikia plaukams tekst\u016bros ir apimties.<\/span><\/p><p class=\"tw-data-text tw-text-large XcVN5d tw-ta\" dir=\"ltr\" data-placeholder=\"Vertimas\" data-pid=\"zOxEl\"><span lang=\"lt\">AQUA \/ WATER \/ EAU, SODIUM C14-16 OLEFIN SULFONATE, SODIUM LAUROYL METHYL ISETHIONATE, COCAMIDOPROPYL BETAINE, SODIUM PCA, DECYL GLUCOSIDE, SODIUM METHYL 2-SULFOLAURATE, GLYCERYL OLEATE, COCO-GLUCOSIDE, LAURAMIDOPROPYLAMINE OXIDE, BENZYL ALCOHOL, POLYSORBATE 20, SODIUM CHLORIDE, PANTHENOL, PARFUM \/ FRAGRANCE, SODIUM BENZOATE, MYRISTAMIDOPROPYLAMINE OXIDE, DISODIUM 2-SULFOLAURATE, CITRIC ACID, POLYQUATERNIUM-7, TRISODIUM ETHYLENEDIAMINE DISUCCINATE, GUAR HYDROXYPROPYLTRIMONIUM CHLORIDE, GLYCERIN, TETRASODIUM GLUTAMATE DIACETATE, BRASSICA RAPA ROOT EXTRACT \/ BRASSICA RAPA (TUR<br \/><\/span><\/p><\/div><\/div><\/div><\/div><\/div><\/div>\t\t\t\t\t\t<\/div>\n\t\t\t\t<\/div>\n\t\t\t\t\t<\/div>\n\t\t<\/div>\n\t\t\t\t\t\t\t<\/div>\n\t\t<\/section>\n\t\t\t\t\t\t<\/div>\n\t\t\t\t\t<\/div>\n\t\t","protected":false},"excerpt":{"rendered":"<p>Apimt\u012f didinantis \u0161amp\u016bnas ploniems plaukams. Jis \u0161velniai valo galvos od\u0105, suteikdamas jiems \u0161velnumo bei lengvumo. Kartu plaukai \u012fgauna tekst\u016bros ir didesn\u0117s apimties.<\/p>\n","protected":false},"featured_media":9805,"comment_status":"open","ping_status":"closed","template":"","meta":{"om_disable_all_campaigns":false},"product_brand":[],"product_cat":[15,44],"product_tag":[68,49,47],"class_list":{"0":"post-3317","1":"product","2":"type-product","3":"status-publish","4":"has-post-thumbnail","6":"product_cat-sampunai","7":"product_cat-mini-produktai","8":"product_tag-normalus-plaukai","9":"product_tag-ploni-plaukai","10":"product_tag-slenkantys-plaukai","12":"first","13":"instock","14":"shipping-taxable","15":"purchasable","16":"product-type-variable","17":"has-default-attributes","18":"add-to-wishlist-before_image"},"aioseo_notices":[],"_links":{"self":[{"href":"https:\/\/kasperindre.lt\/index.php?rest_route=\/wp\/v2\/product\/3317","targetHints":{"allow":["GET"]}}],"collection":[{"href":"https:\/\/kasperindre.lt\/index.php?rest_route=\/wp\/v2\/product"}],"about":[{"href":"https:\/\/kasperindre.lt\/index.php?rest_route=\/wp\/v2\/types\/product"}],"replies":[{"embeddable":true,"href":"https:\/\/kasperindre.lt\/index.php?rest_route=%2Fwp%2Fv2%2Fcomments&post=3317"}],"version-history":[{"count":5,"href":"https:\/\/kasperindre.lt\/index.php?rest_route=\/wp\/v2\/product\/3317\/revisions"}],"predecessor-version":[{"id":9814,"href":"https:\/\/kasperindre.lt\/index.php?rest_route=\/wp\/v2\/product\/3317\/revisions\/9814"}],"wp:featuredmedia":[{"embeddable":true,"href":"https:\/\/kasperindre.lt\/index.php?rest_route=\/wp\/v2\/media\/9805"}],"wp:attachment":[{"href":"https:\/\/kasperindre.lt\/index.php?rest_route=%2Fwp%2Fv2%2Fmedia&parent=3317"}],"wp:term":[{"taxonomy":"product_brand","embeddable":true,"href":"https:\/\/kasperindre.lt\/index.php?rest_route=%2Fwp%2Fv2%2Fproduct_brand&post=3317"},{"taxonomy":"product_cat","embeddable":true,"href":"https:\/\/kasperindre.lt\/index.php?rest_route=%2Fwp%2Fv2%2Fproduct_cat&post=3317"},{"taxonomy":"product_tag","embeddable":true,"href":"https:\/\/kasperindre.lt\/index.php?rest_route=%2Fwp%2Fv2%2Fproduct_tag&post=3317"}],"curies":[{"name":"wp","href":"https:\/\/api.w.org\/{rel}","templated":true}]}}