{"id":224,"date":"2020-12-28T10:05:12","date_gmt":"2020-12-28T10:05:12","guid":{"rendered":"https:\/\/passim.qodeinteractive.com\/?post_type=product&#038;p=224"},"modified":"2024-09-25T14:52:53","modified_gmt":"2024-09-25T14:52:53","slug":"kondicionierius-16","status":"publish","type":"product","link":"https:\/\/kasperindre.lt\/?product=kondicionierius-16","title":{"rendered":"VALANTIS KREMAS GARBANOTIEMS PLAUKAMS PH: 5.5 | LOVE CURL"},"content":{"rendered":"\t\t<div data-elementor-type=\"wp-post\" data-elementor-id=\"224\" class=\"elementor elementor-224\" data-elementor-settings=\"[]\">\n\t\t\t\t\t\t\t<div class=\"elementor-section-wrap\">\n\t\t\t\t\t\t\t<section class=\"elementor-section elementor-top-section elementor-element elementor-element-f30aed5 elementor-section-full_width elementor-section-height-default elementor-section-height-default qodef-elementor-content-no\" data-id=\"f30aed5\" data-element_type=\"section\">\n\t\t\t\t\t\t<div class=\"elementor-container elementor-column-gap-default\">\n\t\t\t\t\t<div class=\"elementor-column elementor-col-100 elementor-top-column elementor-element elementor-element-68fe7cf\" data-id=\"68fe7cf\" data-element_type=\"column\">\n\t\t\t<div class=\"elementor-widget-wrap elementor-element-populated\">\n\t\t\t\t\t\t\t\t<div class=\"elementor-element elementor-element-09d4d32 elementor-widget elementor-widget-text-editor\" data-id=\"09d4d32\" data-element_type=\"widget\" data-widget_type=\"text-editor.default\">\n\t\t\t\t<div class=\"elementor-widget-container\">\n\t\t\t\t\t\t\t<div class=\"easytabs-text\"><p>Viskas viename: \u0161amp\u016bnas ir kondicionierius skirtas banguotiems ir garbanotiems plaukams. \u0160velnios dr\u0117kinan\u010dios putos r\u016bpestingai i\u0161valo plaukus ir suteikia jiems ne\u012ftik\u0117tino \u0161velnumo. D\u0117l \u0161io kondicionuojan\u010dio ir maitinan\u010dio efekto po proced\u016bros nebereik\u0117s naudoti kondicionieriaus.<\/p><\/div><div id=\"4713245474948\" class=\"easytabs-container tab-widget-4713245474948 easytabs-inited\" data-et-min-width=\"0\" data-et-auto-accordion=\"0\" data-et-cbw=\"1\" data-et-cbr=\"3\" data-et-sta=\"1\" data-et-amp=\"0\" data-et-flx=\"0\" data-et-wt=\"0\" data-et-ao=\"1\" data-et-tabs-width=\"295\"><div class=\"easytabs-holder easytabs-accordion\"><div class=\"easytabs-contents\"><div class=\"easytabs-content-item easytabs-active\" data-et-marker=\"tabs-love-curl-cleansing-cream-valomasis-kremas-ph-5-5-2\" data-et-handle=\"tabs-kaip-naudoti\"><h5 class=\"easytabs-accordion-item\" tabindex=\"0\" aria-labelledby=\"easytabs-slide-label-4713245474948-0\" aria-selected=\"true\"><a class=\"ui-tabs-anchor js-no-transition\">Kaip naudoti?<\/a><\/h5><div class=\"easytabs-content-holder\" aria-labelledby=\"easytabs-slide-label-4713245474948-0\" aria-expanded=\"true\" aria-hidden=\"false\"><p>Produkt\u0105 gausiai u\u017ed\u0117kite ant sudr\u0117kint\u0173 plauk\u0173, \u0161velniai \u012fmasa\u017euokite plauk\u0173 \u0161aknis. Palikite 5 min. ir nuskalaukite. Kondicionieriaus naudoti nebereikia. Kas tre\u010di\u0105 kart\u0105 pakeiskite krem\u0105 LOVE CURL \u0161amp\u016bnu ir kondicionieriumi arba kauke.<\/p><div class=\"Rte\"><div id=\"4713245474948\" class=\"easytabs-container tab-widget-4713245474948 easytabs-inited\" data-et-min-width=\"0\" data-et-auto-accordion=\"0\" data-et-cbw=\"1\" data-et-cbr=\"3\" data-et-sta=\"1\" data-et-amp=\"0\" data-et-flx=\"0\" data-et-wt=\"0\" data-et-ao=\"1\" data-et-tabs-width=\"295\"><div class=\"easytabs-holder easytabs-accordion\"><div class=\"easytabs-contents\"><div class=\"easytabs-content-item easytabs-active\" data-et-marker=\"tabs-love-curl-cleansing-cream-valomasis-kremas-ph-5-5-3\" data-et-handle=\"tabs-sudedamosios-dalys\"><h5 class=\"easytabs-accordion-item\" tabindex=\"0\" aria-labelledby=\"easytabs-slide-label-4713245474948-1\" aria-selected=\"true\"><a class=\"ui-tabs-anchor js-no-transition\">Sudedamosios dalys<\/a><\/h5><div class=\"easytabs-content-holder\" aria-labelledby=\"easytabs-slide-label-4713245474948-1\" aria-expanded=\"true\" aria-hidden=\"false\"><p>Su dar efektyvesniu \u201eNoto\u201c migdol\u0173 ekstraktu i\u0161 \u201eSlow Food Presidium\u201c. Linija turtinga\u00a0 baltym\u0173, B grup\u0117s vitamin\u0173, vitamino E, neso\u010di\u0173j\u0173 riebal\u0173, magnio, gele\u017eies, kalio, vario ir fosforo.<\/p><span class=\"specifics__item\"><span class=\"specifics__container\"><span class=\"specifics__list ingredients\">AQUA \/ WATER \/ EAU, CETEARYL ALCOHOL, BEHENTRIMONIUM CHLORIDE, COCO-BETAINE, GLYCERIN,DISTEAROYLETHYL DIMONIUM CHLORIDE, HYDROXYPROPYL STARCH PHOSPHATE, CAPRYLOYL\/CAPROYL METHYL GLUCAMIDE, SODIUM CHLORIDE,CETRIMONIUM CHLORIDE, ISOPROPYL ALCOHOL, LAUROYL\/MYRISTOYL METHYL GLUCAMIDE, POLYGLYCERYL-4 OLEATE, BENZYL ALCOHOL,PARFUM \/ FRAGRANCE, SCLEROTIUM GUM, PRUNUS AMYGDALUS DULCIS SEED EXTRACT \/ PRUNUS AMYGDALUS DULCIS (SWEET ALMOND)SEED EXTRACT, DISODIUM EDTA, SODIUM BENZOATE, GLYCERYL OLIVATE, CITRIC ACID, HYDROGENATED RAPESEED ALCOHOL, LIMONENE.<\/span><\/span><\/span><\/div><\/div><\/div><\/div><\/div><\/div><\/div><\/div><\/div><\/div><\/div>\t\t\t\t\t\t<\/div>\n\t\t\t\t<\/div>\n\t\t\t\t\t<\/div>\n\t\t<\/div>\n\t\t\t\t\t\t\t<\/div>\n\t\t<\/section>\n\t\t\t\t\t\t<\/div>\n\t\t\t\t\t<\/div>\n\t\t","protected":false},"excerpt":{"rendered":"<p>Viskas viename: \u0161amp\u016bnas ir kondicionierius skirtas banguotiems ir garbanotiems plaukams. \u0160velnios dr\u0117kinan\u010dios putos r\u016bpestingai i\u0161valo plaukus ir suteikia jiems ne\u012ftik\u0117tino \u0161velnumo. D\u0117l \u0161io kondicionuojan\u010dio ir maitinan\u010dio efekto po proced\u016bros nebereik\u0117s naudoti kondicionieriaus.<\/p>\n","protected":false},"featured_media":10082,"comment_status":"open","ping_status":"closed","template":"","meta":{"om_disable_all_campaigns":false},"product_brand":[],"product_cat":[30],"product_tag":[33],"class_list":{"0":"post-224","1":"product","2":"type-product","3":"status-publish","4":"has-post-thumbnail","6":"product_cat-kondicionieriai","7":"product_tag-garbanoti-plaukai","9":"first","10":"instock","11":"shipping-taxable","12":"purchasable","13":"product-type-simple","14":"add-to-wishlist-before_image"},"aioseo_notices":[],"_links":{"self":[{"href":"https:\/\/kasperindre.lt\/index.php?rest_route=\/wp\/v2\/product\/224","targetHints":{"allow":["GET"]}}],"collection":[{"href":"https:\/\/kasperindre.lt\/index.php?rest_route=\/wp\/v2\/product"}],"about":[{"href":"https:\/\/kasperindre.lt\/index.php?rest_route=\/wp\/v2\/types\/product"}],"replies":[{"embeddable":true,"href":"https:\/\/kasperindre.lt\/index.php?rest_route=%2Fwp%2Fv2%2Fcomments&post=224"}],"version-history":[{"count":6,"href":"https:\/\/kasperindre.lt\/index.php?rest_route=\/wp\/v2\/product\/224\/revisions"}],"predecessor-version":[{"id":11079,"href":"https:\/\/kasperindre.lt\/index.php?rest_route=\/wp\/v2\/product\/224\/revisions\/11079"}],"wp:featuredmedia":[{"embeddable":true,"href":"https:\/\/kasperindre.lt\/index.php?rest_route=\/wp\/v2\/media\/10082"}],"wp:attachment":[{"href":"https:\/\/kasperindre.lt\/index.php?rest_route=%2Fwp%2Fv2%2Fmedia&parent=224"}],"wp:term":[{"taxonomy":"product_brand","embeddable":true,"href":"https:\/\/kasperindre.lt\/index.php?rest_route=%2Fwp%2Fv2%2Fproduct_brand&post=224"},{"taxonomy":"product_cat","embeddable":true,"href":"https:\/\/kasperindre.lt\/index.php?rest_route=%2Fwp%2Fv2%2Fproduct_cat&post=224"},{"taxonomy":"product_tag","embeddable":true,"href":"https:\/\/kasperindre.lt\/index.php?rest_route=%2Fwp%2Fv2%2Fproduct_tag&post=224"}],"curies":[{"name":"wp","href":"https:\/\/api.w.org\/{rel}","templated":true}]}}