{"id":2042,"date":"2021-01-04T12:29:50","date_gmt":"2021-01-04T12:29:50","guid":{"rendered":"https:\/\/passim.qodeinteractive.com\/?post_type=product&#038;p=2042"},"modified":"2024-09-25T13:43:06","modified_gmt":"2024-09-25T13:43:06","slug":"sampunas-6","status":"publish","type":"product","link":"https:\/\/kasperindre.lt\/?product=sampunas-6","title":{"rendered":"RAMINANTIS \u0160AMP\u016aNAS JAUTRIAI GALVOS ODAI PH: 5.5 CALMING"},"content":{"rendered":"\t\t<div data-elementor-type=\"wp-post\" data-elementor-id=\"2042\" class=\"elementor elementor-2042\" data-elementor-settings=\"[]\">\n\t\t\t\t\t\t\t<div class=\"elementor-section-wrap\">\n\t\t\t\t\t\t\t<section class=\"elementor-section elementor-top-section elementor-element elementor-element-f30aed5 elementor-section-full_width elementor-section-height-default elementor-section-height-default qodef-elementor-content-no\" data-id=\"f30aed5\" data-element_type=\"section\">\n\t\t\t\t\t\t<div class=\"elementor-container elementor-column-gap-default\">\n\t\t\t\t\t<div class=\"elementor-column elementor-col-100 elementor-top-column elementor-element elementor-element-68fe7cf\" data-id=\"68fe7cf\" data-element_type=\"column\">\n\t\t\t<div class=\"elementor-widget-wrap elementor-element-populated\">\n\t\t\t\t\t\t\t\t<div class=\"elementor-element elementor-element-09d4d32 elementor-widget elementor-widget-text-editor\" data-id=\"09d4d32\" data-element_type=\"widget\" data-widget_type=\"text-editor.default\">\n\t\t\t\t<div class=\"elementor-widget-container\">\n\t\t\t\t\t\t\t<div class=\"easytabs-text\"><p>Tai \u0161amp\u016bnas, kuris nuramins jautri\u0105 ir labai jautri\u0105 galvos od\u0105, suteikdamas jai v\u0117sinant\u012f poveik\u012f, panaikinantis dirginim\u0105 bei tempim\u0105.<\/p><\/div><div id=\"4710825787524\" class=\"easytabs-container tab-widget-4710825787524 easytabs-inited\" data-et-min-width=\"0\" data-et-auto-accordion=\"0\" data-et-cbw=\"1\" data-et-cbr=\"3\" data-et-sta=\"1\" data-et-amp=\"0\" data-et-flx=\"0\" data-et-wt=\"0\" data-et-ao=\"1\" data-et-tabs-width=\"295\"><div class=\"easytabs-holder easytabs-accordion\"><div class=\"easytabs-contents\"><div class=\"easytabs-content-item easytabs-active\" data-et-marker=\"tabs-calming-sampunas-jautriai-galvos-odai-ph-5-5-2\" data-et-handle=\"tabs-kaip-naudoti\"><h5 class=\"easytabs-accordion-item\" tabindex=\"0\" aria-labelledby=\"easytabs-slide-label-4710825787524-0\" aria-selected=\"true\"><a class=\"ui-tabs-anchor js-no-transition\">Kaip naudoti?<\/a><\/h5><div class=\"easytabs-content-holder\" aria-labelledby=\"easytabs-slide-label-4710825787524-0\" aria-expanded=\"true\" aria-hidden=\"false\"><p>I\u0161trinkite galvos od\u0105 \u0161amp\u016bnu ir labai lengvai masa\u017euokite, tuomet nuskalaukite. Jei reikia, ritual\u0105 pakartokite kelis kartus.<\/p><h5 class=\"easytabs-accordion-item\" tabindex=\"0\" aria-labelledby=\"easytabs-slide-label-4710825787524-1\" aria-selected=\"true\"><a class=\"ui-tabs-anchor js-no-transition\">Sudedamosios dalys<\/a><\/h5><div class=\"easytabs-content-holder\" aria-labelledby=\"easytabs-slide-label-4710825787524-1\" aria-expanded=\"true\" aria-hidden=\"false\"><p>Calming\u00a0 \u0161amp\u016bno formul\u0117je naudojamos med\u017eiagos, i\u0161gaunamos i\u0161 m\u0117lyni\u0173, turin\u010di\u0173 daug polifenoli\u0173 ir cukr\u0173 bei labai didel\u0119 prie\u0161u\u017edegimin\u0119 gali\u0105.<\/p><p>AQUA \/ WATER \/ EAU, SODIUM LAUROYL METHYL ISETHIONATE, DISODIUM COCOAMPHODIACETATE, GLYCERIN, SODIUM LAUROYL SARCOSINATE, PROPANEDIOL, POLYSORBATE 20, SODIUM OLIVAMPHOACETATE, SODIUM CHLORIDE, 1,2-HEXANEDIOL, ACRYLATES\/C10-30 ALKYL ACRYLATE CROSSPOLYMER, PARFUM \/ FRAGRANCE, COCO-GLUCOSIDE, GLYCERYL OLEATE, SODIUM BENZOATE, TRISODIUM ETHYLENEDIAMINE DISUCCINATE, POLYQUATERNIUM-10, OLEYL ALCOHOL, CAPRYLHYDROXAMIC ACID, TETRASODIUM GLUTAMATE DIACETATE, SODIUM HYDROXIDE, POLYQUATERNIUM-67, ZANTHOXYLUM BUNGEANUM FRUIT EXTRACT, VACCINIUM MYRTILLUS LEAF EXTRACT, CITRIC ACID, CI 17200 \/ RED 33.<\/p><\/div><\/div><\/div><\/div><\/div><\/div>\t\t\t\t\t\t<\/div>\n\t\t\t\t<\/div>\n\t\t\t\t\t<\/div>\n\t\t<\/div>\n\t\t\t\t\t\t\t<\/div>\n\t\t<\/section>\n\t\t\t\t\t\t<\/div>\n\t\t\t\t\t<\/div>\n\t\t","protected":false},"excerpt":{"rendered":"<p>Tai \u0161amp\u016bnas, kuris nuramins jautri\u0105 ir labai jautri\u0105 galvos od\u0105, suteikdamas jai v\u0117sinant\u012f poveik\u012f, panaikinantis dirginim\u0105 bei tempim\u0105.<\/p>\n","protected":false},"featured_media":9873,"comment_status":"open","ping_status":"closed","template":"","meta":{"om_disable_all_campaigns":false},"product_brand":[],"product_cat":[15],"product_tag":[68,69],"class_list":{"0":"post-2042","1":"product","2":"type-product","3":"status-publish","4":"has-post-thumbnail","6":"product_cat-sampunai","7":"product_tag-normalus-plaukai","8":"product_tag-pleiskanojanti-galvos-oda","10":"first","11":"instock","12":"shipping-taxable","13":"purchasable","14":"product-type-variable","15":"add-to-wishlist-before_image"},"aioseo_notices":[],"_links":{"self":[{"href":"https:\/\/kasperindre.lt\/index.php?rest_route=\/wp\/v2\/product\/2042","targetHints":{"allow":["GET"]}}],"collection":[{"href":"https:\/\/kasperindre.lt\/index.php?rest_route=\/wp\/v2\/product"}],"about":[{"href":"https:\/\/kasperindre.lt\/index.php?rest_route=\/wp\/v2\/types\/product"}],"replies":[{"embeddable":true,"href":"https:\/\/kasperindre.lt\/index.php?rest_route=%2Fwp%2Fv2%2Fcomments&post=2042"}],"version-history":[{"count":6,"href":"https:\/\/kasperindre.lt\/index.php?rest_route=\/wp\/v2\/product\/2042\/revisions"}],"predecessor-version":[{"id":10967,"href":"https:\/\/kasperindre.lt\/index.php?rest_route=\/wp\/v2\/product\/2042\/revisions\/10967"}],"wp:featuredmedia":[{"embeddable":true,"href":"https:\/\/kasperindre.lt\/index.php?rest_route=\/wp\/v2\/media\/9873"}],"wp:attachment":[{"href":"https:\/\/kasperindre.lt\/index.php?rest_route=%2Fwp%2Fv2%2Fmedia&parent=2042"}],"wp:term":[{"taxonomy":"product_brand","embeddable":true,"href":"https:\/\/kasperindre.lt\/index.php?rest_route=%2Fwp%2Fv2%2Fproduct_brand&post=2042"},{"taxonomy":"product_cat","embeddable":true,"href":"https:\/\/kasperindre.lt\/index.php?rest_route=%2Fwp%2Fv2%2Fproduct_cat&post=2042"},{"taxonomy":"product_tag","embeddable":true,"href":"https:\/\/kasperindre.lt\/index.php?rest_route=%2Fwp%2Fv2%2Fproduct_tag&post=2042"}],"curies":[{"name":"wp","href":"https:\/\/api.w.org\/{rel}","templated":true}]}}