{"id":2010,"date":"2021-01-04T12:11:52","date_gmt":"2021-01-04T12:11:52","guid":{"rendered":"https:\/\/passim.qodeinteractive.com\/?post_type=product&#038;p=2010"},"modified":"2021-08-02T15:42:50","modified_gmt":"2021-08-02T15:42:50","slug":"sampunas-8","status":"publish","type":"product","link":"https:\/\/kasperindre.lt\/?product=sampunas-8","title":{"rendered":"A SINGLE SHAMPOO"},"content":{"rendered":"\t\t<div data-elementor-type=\"wp-post\" data-elementor-id=\"2010\" class=\"elementor elementor-2010\" data-elementor-settings=\"[]\">\n\t\t\t\t\t\t\t<div class=\"elementor-section-wrap\">\n\t\t\t\t\t\t\t<section class=\"elementor-section elementor-top-section elementor-element elementor-element-f30aed5 elementor-section-full_width elementor-section-height-default elementor-section-height-default qodef-elementor-content-no\" data-id=\"f30aed5\" data-element_type=\"section\">\n\t\t\t\t\t\t<div class=\"elementor-container elementor-column-gap-default\">\n\t\t\t\t\t<div class=\"elementor-column elementor-col-100 elementor-top-column elementor-element elementor-element-68fe7cf\" data-id=\"68fe7cf\" data-element_type=\"column\">\n\t\t\t<div class=\"elementor-widget-wrap elementor-element-populated\">\n\t\t\t\t\t\t\t\t<div class=\"elementor-element elementor-element-09d4d32 elementor-widget elementor-widget-text-editor\" data-id=\"09d4d32\" data-element_type=\"widget\" data-widget_type=\"text-editor.default\">\n\t\t\t\t<div class=\"elementor-widget-container\">\n\t\t\t\t\t\t\t<p>Tai m\u016bs\u0173 pirmasis 100% anglies neutralumu pasi\u017eymintis \u0161amp\u016bnas.\u00a0 J\u012f sudaro 98,2% biologi\u0161kai skaidi formul\u0117, 95% nat\u016bralios kilm\u0117s ingredientai. A Single Shampoo &#8211; tai malonus aplinkai ir j\u016bs\u0173 plaukams \u0161amp\u016bnas, kuris \u0161velniai plauna ir dr\u0117kina. Puikiai tinka kasdieniam naudojimui, visiems plauk\u0173 tipams. Tad tai gali b\u016bti puikus visos \u0161eimos \u0161amp\u016bnas.\u00a0<\/p><p>Nugal\u0117tojas \u201eELLE Green Beauty Stars 2020\u201c, \u201eByrdie Eco Beauty Awards 202\u201c.<\/p><h5 class=\"easytabs-accordion-item\" tabindex=\"0\" aria-labelledby=\"easytabs-slide-label-4712830861444-0\" aria-selected=\"true\"><a class=\"ui-tabs-anchor js-no-transition\">Kaip naudoti?<\/a><\/h5><div class=\"easytabs-content-holder\" aria-labelledby=\"easytabs-slide-label-4712830861444-0\" aria-expanded=\"true\" aria-hidden=\"false\"><p>\u012etrinti \u012f dr\u0117gnus plaukus, \u0161velniai masa\u017euoti, gerai nuskalauti.<\/p><h5 class=\"easytabs-accordion-item\" tabindex=\"0\" aria-labelledby=\"easytabs-slide-label-4712830861444-1\" aria-selected=\"true\"><a class=\"ui-tabs-anchor js-no-transition\">Sudedamosios dalys<\/a><\/h5><div class=\"easytabs-content-holder\" aria-labelledby=\"easytabs-slide-label-4712830861444-1\" aria-expanded=\"true\" aria-hidden=\"false\"><p>AQUA \/ WATER \/ EAU, SODIUM COCOYL ALANINATE, SODIUM LAUROYL METHYL ISETHIONATE, POTASSIUM OLIVOYL HYDROLYZED WHEAT PROTEIN, DECYL GLUCOSIDE, GLYCOLIPIDS, CAPRYLYL\/CAPRYL GLUCOSIDE, SODIUM CHLORIDE, PARFUM \/ FRAGRANCE, COCO-GLUCOSIDE, GLYCERYL OLEATE, MALTOOLIGOSYL GLUCOSIDE, CITRIC ACID, COCONUT ACID, HYDROGENATED STARCH HYDROLYSATE, BRASSICAMIDOPROPYL DIMETHYLAMINE, SODIUM METHYL ISETHIONATE HYDROLYZED QUINOA, SODIUM LEVULINATE, LAURIC ACID, POTASSIUM CHLORIDE, GLYCERIN, STARCH HYDROXYPROPYLTRIMONIUM CHLORIDE, SODIUM BENZOATE, LINALOOL, BENZYL ALCOHOL, POTASSIUM SORBATE, MAGNOLIA OFFICINALIS BARK EXTRACT, SODIUM LAURATE, ORYZA SATIVA EXTRACT \/ ORYZA SATIVA (RICE) EXTRACT, SODIUM LACTATE, LIMONENE, TOCOPHEROL.<\/p><\/div><\/div>\t\t\t\t\t\t<\/div>\n\t\t\t\t<\/div>\n\t\t\t\t\t<\/div>\n\t\t<\/div>\n\t\t\t\t\t\t\t<\/div>\n\t\t<\/section>\n\t\t\t\t\t\t<\/div>\n\t\t\t\t\t<\/div>\n\t\t","protected":false},"excerpt":{"rendered":"<p>Tai m\u016bs\u0173 pirmasis 100% anglies neutralumu pasi\u017eymintis \u0161amp\u016bnas.\u00a0 J\u012f sudaro 98,2% biologi\u0161kai skaidi formul\u0117, 95% nat\u016bralios kilm\u0117s ingredientai. A Single Shampoo &#8211; tai malonus aplinkai ir j\u016bs\u0173 plaukams \u0161amp\u016bnas, kuris \u0161velniai plauna ir dr\u0117kina.<\/p>\n","protected":false},"featured_media":9888,"comment_status":"open","ping_status":"closed","template":"","meta":{"om_disable_all_campaigns":false},"product_brand":[],"product_cat":[15],"product_tag":[49,47],"class_list":{"0":"post-2010","1":"product","2":"type-product","3":"status-publish","4":"has-post-thumbnail","6":"product_cat-sampunai","7":"product_tag-ploni-plaukai","8":"product_tag-slenkantys-plaukai","10":"first","11":"instock","12":"shipping-taxable","13":"purchasable","14":"product-type-variable","15":"has-default-attributes","16":"add-to-wishlist-before_image"},"aioseo_notices":[],"_links":{"self":[{"href":"https:\/\/kasperindre.lt\/index.php?rest_route=\/wp\/v2\/product\/2010","targetHints":{"allow":["GET"]}}],"collection":[{"href":"https:\/\/kasperindre.lt\/index.php?rest_route=\/wp\/v2\/product"}],"about":[{"href":"https:\/\/kasperindre.lt\/index.php?rest_route=\/wp\/v2\/types\/product"}],"replies":[{"embeddable":true,"href":"https:\/\/kasperindre.lt\/index.php?rest_route=%2Fwp%2Fv2%2Fcomments&post=2010"}],"version-history":[{"count":7,"href":"https:\/\/kasperindre.lt\/index.php?rest_route=\/wp\/v2\/product\/2010\/revisions"}],"predecessor-version":[{"id":9898,"href":"https:\/\/kasperindre.lt\/index.php?rest_route=\/wp\/v2\/product\/2010\/revisions\/9898"}],"wp:featuredmedia":[{"embeddable":true,"href":"https:\/\/kasperindre.lt\/index.php?rest_route=\/wp\/v2\/media\/9888"}],"wp:attachment":[{"href":"https:\/\/kasperindre.lt\/index.php?rest_route=%2Fwp%2Fv2%2Fmedia&parent=2010"}],"wp:term":[{"taxonomy":"product_brand","embeddable":true,"href":"https:\/\/kasperindre.lt\/index.php?rest_route=%2Fwp%2Fv2%2Fproduct_brand&post=2010"},{"taxonomy":"product_cat","embeddable":true,"href":"https:\/\/kasperindre.lt\/index.php?rest_route=%2Fwp%2Fv2%2Fproduct_cat&post=2010"},{"taxonomy":"product_tag","embeddable":true,"href":"https:\/\/kasperindre.lt\/index.php?rest_route=%2Fwp%2Fv2%2Fproduct_tag&post=2010"}],"curies":[{"name":"wp","href":"https:\/\/api.w.org\/{rel}","templated":true}]}}