{"id":12570,"date":"2024-11-25T16:06:53","date_gmt":"2024-11-25T16:06:53","guid":{"rendered":"https:\/\/kasperindre.lt\/?post_type=product&#038;p=12570"},"modified":"2024-11-25T16:09:15","modified_gmt":"2024-11-25T16:09:15","slug":"oway-plauku-formavimo-pomada-men-water-resin","status":"publish","type":"product","link":"https:\/\/kasperindre.lt\/?product=oway-plauku-formavimo-pomada-men-water-resin","title":{"rendered":"OWAY Plauk\u0173 formavimo pomada \u2013 men \/ Water resin"},"content":{"rendered":"\t\t<div data-elementor-type=\"wp-post\" data-elementor-id=\"12570\" class=\"elementor elementor-12570\" data-elementor-settings=\"[]\">\n\t\t\t\t\t\t\t<div class=\"elementor-section-wrap\">\n\t\t\t\t\t\t\t<section class=\"elementor-section elementor-top-section elementor-element elementor-element-6e24901e elementor-section-boxed elementor-section-height-default elementor-section-height-default qodef-elementor-content-no\" data-id=\"6e24901e\" data-element_type=\"section\">\n\t\t\t\t\t\t<div class=\"elementor-container elementor-column-gap-default\">\n\t\t\t\t\t<div class=\"elementor-column elementor-col-100 elementor-top-column elementor-element elementor-element-11c5244a\" data-id=\"11c5244a\" data-element_type=\"column\">\n\t\t\t<div class=\"elementor-widget-wrap elementor-element-populated\">\n\t\t\t\t\t\t\t\t<div class=\"elementor-element elementor-element-6c2f2831 elementor-widget elementor-widget-text-editor\" data-id=\"6c2f2831\" data-element_type=\"widget\" data-widget_type=\"text-editor.default\">\n\t\t\t\t<div class=\"elementor-widget-container\">\n\t\t\t\t\t\t\t<h5><strong>Plauk\u0173 formavimo pomada su biodinaminiu lauramed\u017eiu, ekologi\u0161ku juoduoju kuminu, eti\u0161kai gautais Bacuri vaisiais ir fitopeptidais<br \/><\/strong><\/h5><p>\u2022 Produktas \u201edu viename\u201c: formavimas + plauk\u0173 stiprinimo proced\u016bra.<br \/>\u2022 Universali, skaidri vandens pagrindo pomada.<br \/>\u2022 Stiprina ir suteikia plaukams purumo d\u0117l sud\u0117tyje esan\u010di\u0173 fitopeptid\u0173.<br \/>\u2022 Mink\u0161tina ir padeda suvaldyti garbanotus plaukus.<br \/>\u2022 Suteikia tiesiems plaukams form\u0105, net kai plaukai ploni, i\u0161laiko j\u0173 tank\u012f ir strukt\u016br\u0105.<br \/>\u2022 Idealiai tinka kuriant \u201e\u0161lapio efekto\u201c tvarkingas \u0161ukuosenas visai dienai.<br \/>\u2022 Sud\u0117tyje gausu augalin\u0117s kilm\u0117s emolient\u0173, kurie dr\u0117kina ir palengvina \u0161ukavim\u0105.<br \/>\u2022 Pasi\u017eymi apsaugan\u010diu nuo i\u0161or\u0117s veiksni\u0173 poveikiu.<\/p><p>\u00a0<\/p><h5><b>Tinka<br \/><\/b><\/h5><p>\u2022 Kuriant vidutin\u0117s fiksacijos \u0161ukuosenas ir norint i\u0161gauti satino \u017evilges\u012f.<br \/>\u2022 Vis\u0173 tip\u0173 plaukams.<\/p><p><img loading=\"lazy\" decoding=\"async\" class=\"alignnone size-large wp-image-12107\" src=\"http:\/\/kasperindre.lt\/wp-content\/uploads\/2024\/11\/Screenshot-2024-11-18-at-16.27.55-1024x306.png\" alt=\"\" width=\"1024\" height=\"306\" srcset=\"https:\/\/kasperindre.lt\/wp-content\/uploads\/2024\/11\/Screenshot-2024-11-18-at-16.27.55-1024x306.png 1024w, https:\/\/kasperindre.lt\/wp-content\/uploads\/2024\/11\/Screenshot-2024-11-18-at-16.27.55-300x90.png 300w, https:\/\/kasperindre.lt\/wp-content\/uploads\/2024\/11\/Screenshot-2024-11-18-at-16.27.55-768x230.png 768w, https:\/\/kasperindre.lt\/wp-content\/uploads\/2024\/11\/Screenshot-2024-11-18-at-16.27.55-1536x459.png 1536w, https:\/\/kasperindre.lt\/wp-content\/uploads\/2024\/11\/Screenshot-2024-11-18-at-16.27.55-2048x612.png 2048w, https:\/\/kasperindre.lt\/wp-content\/uploads\/2024\/11\/Screenshot-2024-11-18-at-16.27.55-18x5.png 18w, https:\/\/kasperindre.lt\/wp-content\/uploads\/2024\/11\/Screenshot-2024-11-18-at-16.27.55-600x179.png 600w\" sizes=\"auto, (max-width: 1024px) 100vw, 1024px\" \/><\/p><h5 class=\"yikes-custom-woo-tab-title yikes-custom-woo-tab-title-naudojimas\">Naudojimas<\/h5><div class=\"page\" title=\"Page 22\"><div class=\"layoutArea\"><div class=\"column\"><p>Su\u0161ildykite tarp pir\u0161t\u0173 ir paskleiskite ant dr\u0117gn\u0173 ar saus\u0173 plauk\u0173. Formuokite pagal norim\u0105 stili\u0173.<\/p><h5 class=\"yikes-custom-woo-tab-title yikes-custom-woo-tab-title-aktyvus-ingredientai\">Aktyv\u016bs ingredientai<\/h5><p><img loading=\"lazy\" decoding=\"async\" class=\"alignleft  wp-image-5460 entered lazyloaded\" src=\"https:\/\/karera.lt\/wp-content\/uploads\/2022\/07\/LAURAMEDIS-150x150.png\" sizes=\"auto, (max-width: 150px) 100vw, 150px\" srcset=\"https:\/\/karera.lt\/wp-content\/uploads\/2022\/07\/LAURAMEDIS-150x150.png 150w, https:\/\/karera.lt\/wp-content\/uploads\/2022\/07\/LAURAMEDIS-300x300.png 300w, https:\/\/karera.lt\/wp-content\/uploads\/2022\/07\/LAURAMEDIS.png 500w\" alt=\"\" width=\"100\" height=\"100\" data-lazy-srcset=\"https:\/\/karera.lt\/wp-content\/uploads\/2022\/07\/LAURAMEDIS-150x150.png 150w, https:\/\/karera.lt\/wp-content\/uploads\/2022\/07\/LAURAMEDIS-300x300.png 300w, https:\/\/karera.lt\/wp-content\/uploads\/2022\/07\/LAURAMEDIS.png 500w\" data-lazy-sizes=\"(max-width: 150px) 100vw, 150px\" data-lazy-src=\"https:\/\/karera.lt\/wp-content\/uploads\/2022\/07\/LAURAMEDIS-150x150.png\" data-ll-status=\"loaded\" \/><br \/><strong>BIODINAMINIS LAURAMEDIS<\/strong><br \/>Gausiai turintis vitamin\u0173 A, C ir B ir mineralini\u0173 drusk\u0173, lauramedis pasi\u017eymi antioksidaciniu poveikiu ir kovoja su laisvaisiais radikalais i\u0161saugodamas plauk\u0173 jaunatvi\u0161kum\u0105.<\/p><p>\u00a0<\/p><p><img loading=\"lazy\" decoding=\"async\" class=\"alignleft  wp-image-5461 entered lazyloaded\" src=\"https:\/\/karera.lt\/wp-content\/uploads\/2022\/07\/KUMINAS-150x150.png\" sizes=\"auto, (max-width: 150px) 100vw, 150px\" srcset=\"https:\/\/karera.lt\/wp-content\/uploads\/2022\/07\/KUMINAS-150x150.png 150w, https:\/\/karera.lt\/wp-content\/uploads\/2022\/07\/KUMINAS-300x300.png 300w, https:\/\/karera.lt\/wp-content\/uploads\/2022\/07\/KUMINAS.png 500w\" alt=\"\" width=\"100\" height=\"100\" data-lazy-srcset=\"https:\/\/karera.lt\/wp-content\/uploads\/2022\/07\/KUMINAS-150x150.png 150w, https:\/\/karera.lt\/wp-content\/uploads\/2022\/07\/KUMINAS-300x300.png 300w, https:\/\/karera.lt\/wp-content\/uploads\/2022\/07\/KUMINAS.png 500w\" data-lazy-sizes=\"(max-width: 150px) 100vw, 150px\" data-lazy-src=\"https:\/\/karera.lt\/wp-content\/uploads\/2022\/07\/KUMINAS-150x150.png\" data-ll-status=\"loaded\" \/><br \/><strong>EKOLOGI\u0160KAS JUODASIS KUMINAS<\/strong><br \/>Juodasis kuminas maitina ir stiprina plauk\u0173 svog\u016bn\u0117l\u012f ir taip stimuliuoja kraujo mikrocirkuliacij\u0105. Pasi\u017eymi galvos od\u0105 raminan\u010diu ir raudon\u012f ma\u017einan\u010diu poveikiu.<\/p><p>\u00a0<\/p><p><img loading=\"lazy\" decoding=\"async\" class=\"alignleft  wp-image-5456 entered lazyloaded\" src=\"https:\/\/karera.lt\/wp-content\/uploads\/2022\/07\/BACURIII-150x150.png\" sizes=\"auto, (max-width: 150px) 100vw, 150px\" srcset=\"https:\/\/karera.lt\/wp-content\/uploads\/2022\/07\/BACURIII-150x150.png 150w, https:\/\/karera.lt\/wp-content\/uploads\/2022\/07\/BACURIII-300x300.png 300w, https:\/\/karera.lt\/wp-content\/uploads\/2022\/07\/BACURIII.png 500w\" alt=\"\" width=\"100\" height=\"100\" data-lazy-srcset=\"https:\/\/karera.lt\/wp-content\/uploads\/2022\/07\/BACURIII-150x150.png 150w, https:\/\/karera.lt\/wp-content\/uploads\/2022\/07\/BACURIII-300x300.png 300w, https:\/\/karera.lt\/wp-content\/uploads\/2022\/07\/BACURIII.png 500w\" data-lazy-sizes=\"(max-width: 150px) 100vw, 150px\" data-lazy-src=\"https:\/\/karera.lt\/wp-content\/uploads\/2022\/07\/BACURIII-150x150.png\" data-ll-status=\"loaded\" \/><br \/><strong>ETI\u0160KAI GAUTI BACURI VAISIAI\u00a0<\/strong><br \/>\u0160iose uogose gausu vitamin\u0173 A, B ir\u00a0C, antioksidant\u0173 ir mineral\u0173, jos pasi\u017eymi mink\u0161tinamuoju poveikiu ir veikia kaip emolientas.<\/p><p>\u00a0<\/p><div class=\"page\" title=\"Page 7\"><div class=\"layoutArea\"><div class=\"column\"><p><img loading=\"lazy\" decoding=\"async\" class=\"alignleft  wp-image-5425 entered lazyloaded\" src=\"https:\/\/karera.lt\/wp-content\/uploads\/2022\/07\/RICEEE-150x150.png\" sizes=\"auto, (max-width: 150px) 100vw, 150px\" srcset=\"https:\/\/karera.lt\/wp-content\/uploads\/2022\/07\/RICEEE-150x150.png 150w, https:\/\/karera.lt\/wp-content\/uploads\/2022\/07\/RICEEE-300x300.png 300w, https:\/\/karera.lt\/wp-content\/uploads\/2022\/07\/RICEEE.png 500w\" alt=\"\" width=\"100\" height=\"100\" data-lazy-srcset=\"https:\/\/karera.lt\/wp-content\/uploads\/2022\/07\/RICEEE-150x150.png 150w, https:\/\/karera.lt\/wp-content\/uploads\/2022\/07\/RICEEE-300x300.png 300w, https:\/\/karera.lt\/wp-content\/uploads\/2022\/07\/RICEEE.png 500w\" data-lazy-sizes=\"(max-width: 150px) 100vw, 150px\" data-lazy-src=\"https:\/\/karera.lt\/wp-content\/uploads\/2022\/07\/RICEEE-150x150.png\" data-ll-status=\"loaded\" \/><br \/><strong>FITOPEPTIDAI<\/strong><br \/>D\u0117l nedidelio molekulinio svorio fitopeptidai gali prasiskverbti giliai \u012f plauk\u0173 pluo\u0161t\u0105, kur atlieka plauk\u0173 pluo\u0161to tankinimo ir stiprinimo funkcijas taip stiprindami plaukus, suteikdami jiems apimties ir atstatydami strukt\u016br\u0105.<\/p><\/div><\/div><\/div><\/div><\/div><\/div>\t\t\t\t\t\t<\/div>\n\t\t\t\t<\/div>\n\t\t\t\t\t<\/div>\n\t\t<\/div>\n\t\t\t\t\t\t\t<\/div>\n\t\t<\/section>\n\t\t\t\t\t\t<\/div>\n\t\t\t\t\t<\/div>\n\t\t","protected":false},"excerpt":{"rendered":"<p>Vidutin\u0117s fiksacijos ir aksomin\u012f \u017evilgesn\u012f suteikianti priemon\u0117 vis\u0173 tip\u0173 plaukams. Sumink\u0161tina ir padeda suvaldyti garbanotus plaukus. Padeda sutvarkyti tiesius plaukus. Idealiai tinka kurti \u201e\u0161lapio efekto\u201c \u0161uk<\/p>\n","protected":false},"featured_media":12571,"comment_status":"open","ping_status":"closed","template":"","meta":{"om_disable_all_campaigns":false},"product_brand":[],"product_cat":[44,43,109],"product_tag":[],"class_list":{"0":"post-12570","1":"product","2":"type-product","3":"status-publish","4":"has-post-thumbnail","6":"product_cat-mini-produktai","7":"product_cat-plauku-stilizavimo-priemones","8":"product_cat-vyrams","10":"first","11":"instock","12":"shipping-taxable","13":"purchasable","14":"product-type-simple","15":"add-to-wishlist-before_image"},"aioseo_notices":[],"_links":{"self":[{"href":"https:\/\/kasperindre.lt\/index.php?rest_route=\/wp\/v2\/product\/12570","targetHints":{"allow":["GET"]}}],"collection":[{"href":"https:\/\/kasperindre.lt\/index.php?rest_route=\/wp\/v2\/product"}],"about":[{"href":"https:\/\/kasperindre.lt\/index.php?rest_route=\/wp\/v2\/types\/product"}],"replies":[{"embeddable":true,"href":"https:\/\/kasperindre.lt\/index.php?rest_route=%2Fwp%2Fv2%2Fcomments&post=12570"}],"version-history":[{"count":4,"href":"https:\/\/kasperindre.lt\/index.php?rest_route=\/wp\/v2\/product\/12570\/revisions"}],"predecessor-version":[{"id":12575,"href":"https:\/\/kasperindre.lt\/index.php?rest_route=\/wp\/v2\/product\/12570\/revisions\/12575"}],"wp:featuredmedia":[{"embeddable":true,"href":"https:\/\/kasperindre.lt\/index.php?rest_route=\/wp\/v2\/media\/12571"}],"wp:attachment":[{"href":"https:\/\/kasperindre.lt\/index.php?rest_route=%2Fwp%2Fv2%2Fmedia&parent=12570"}],"wp:term":[{"taxonomy":"product_brand","embeddable":true,"href":"https:\/\/kasperindre.lt\/index.php?rest_route=%2Fwp%2Fv2%2Fproduct_brand&post=12570"},{"taxonomy":"product_cat","embeddable":true,"href":"https:\/\/kasperindre.lt\/index.php?rest_route=%2Fwp%2Fv2%2Fproduct_cat&post=12570"},{"taxonomy":"product_tag","embeddable":true,"href":"https:\/\/kasperindre.lt\/index.php?rest_route=%2Fwp%2Fv2%2Fproduct_tag&post=12570"}],"curies":[{"name":"wp","href":"https:\/\/api.w.org\/{rel}","templated":true}]}}