{"id":12514,"date":"2024-11-25T13:51:26","date_gmt":"2024-11-25T13:51:26","guid":{"rendered":"https:\/\/kasperindre.lt\/?post_type=product&#038;p=12514"},"modified":"2024-11-25T13:53:20","modified_gmt":"2024-11-25T13:53:20","slug":"oway-svelnios-fiksacijos-modeliavimo-pasta-styling-finish-boho-pomade","status":"publish","type":"product","link":"https:\/\/kasperindre.lt\/?product=oway-svelnios-fiksacijos-modeliavimo-pasta-styling-finish-boho-pomade","title":{"rendered":"OWAY \u0160velnios fiksacijos modeliavimo pasta \u2013 styling &#038; finish \/ Boho pomade"},"content":{"rendered":"\t\t<div data-elementor-type=\"wp-post\" data-elementor-id=\"12514\" class=\"elementor elementor-12514\" data-elementor-settings=\"[]\">\n\t\t\t\t\t\t\t<div class=\"elementor-section-wrap\">\n\t\t\t\t\t\t\t<section class=\"elementor-section elementor-top-section elementor-element elementor-element-154ee458 elementor-section-boxed elementor-section-height-default elementor-section-height-default qodef-elementor-content-no\" data-id=\"154ee458\" data-element_type=\"section\">\n\t\t\t\t\t\t<div class=\"elementor-container elementor-column-gap-default\">\n\t\t\t\t\t<div class=\"elementor-column elementor-col-100 elementor-top-column elementor-element elementor-element-6e894785\" data-id=\"6e894785\" data-element_type=\"column\">\n\t\t\t<div class=\"elementor-widget-wrap elementor-element-populated\">\n\t\t\t\t\t\t\t\t<div class=\"elementor-element elementor-element-3ad4056f elementor-widget elementor-widget-text-editor\" data-id=\"3ad4056f\" data-element_type=\"widget\" data-widget_type=\"text-editor.default\">\n\t\t\t\t<div class=\"elementor-widget-container\">\n\t\t\t\t\t\t\t<h5><strong>\u0160velnios fiksacijos modeliavimo pasta<br \/><\/strong><\/h5><p>\u2022 Ner\u016bpestingam nat\u016braliai atrodan\u010diam \u012fvaizd\u017eiui.<br \/>\u2022 Pabr\u0117\u017eia garbanot\u0173 ir banguot\u0173 plauk\u0173 jud\u0117jim\u0105.<br \/>\u2022 Tinka storiems ir pasip\u016btusiems plaukams, nes juos sumink\u0161tina.<\/p><p>\u00a0<\/p><h5><strong>Patarimai<br \/><\/strong><\/h5><p>\u2022 Sumai\u0161ius su plauk\u0173 nektaru GLOSSY NECTAR tampa itin mink\u0161tas ir idealiai tinka modeliuoti banguotus ir pasip\u016btusius plaukus.<\/p><p><img loading=\"lazy\" decoding=\"async\" class=\"alignnone size-large wp-image-12107\" src=\"http:\/\/kasperindre.lt\/wp-content\/uploads\/2024\/11\/Screenshot-2024-11-18-at-16.27.55-1024x306.png\" alt=\"\" width=\"1024\" height=\"306\" srcset=\"https:\/\/kasperindre.lt\/wp-content\/uploads\/2024\/11\/Screenshot-2024-11-18-at-16.27.55-1024x306.png 1024w, https:\/\/kasperindre.lt\/wp-content\/uploads\/2024\/11\/Screenshot-2024-11-18-at-16.27.55-300x90.png 300w, https:\/\/kasperindre.lt\/wp-content\/uploads\/2024\/11\/Screenshot-2024-11-18-at-16.27.55-768x230.png 768w, https:\/\/kasperindre.lt\/wp-content\/uploads\/2024\/11\/Screenshot-2024-11-18-at-16.27.55-1536x459.png 1536w, https:\/\/kasperindre.lt\/wp-content\/uploads\/2024\/11\/Screenshot-2024-11-18-at-16.27.55-2048x612.png 2048w, https:\/\/kasperindre.lt\/wp-content\/uploads\/2024\/11\/Screenshot-2024-11-18-at-16.27.55-18x5.png 18w, https:\/\/kasperindre.lt\/wp-content\/uploads\/2024\/11\/Screenshot-2024-11-18-at-16.27.55-600x179.png 600w\" sizes=\"auto, (max-width: 1024px) 100vw, 1024px\" \/><\/p><h5 class=\"yikes-custom-woo-tab-title yikes-custom-woo-tab-title-naudojimas\">Naudojimas<\/h5><div class=\"page\" title=\"Page 113\"><div class=\"layoutArea\"><div class=\"column\"><p>Formuokite sruog\u0105 po sruogos, kol gausite norim\u0105\u00a0efekt\u0105.<\/p><h5 class=\"yikes-custom-woo-tab-title yikes-custom-woo-tab-title-aktyvus-ingredientai\">Aktyv\u016bs ingredientai<\/h5><p><img loading=\"lazy\" decoding=\"async\" class=\"alignleft  wp-image-5442 entered lazyloaded\" src=\"https:\/\/karera.lt\/wp-content\/uploads\/2022\/07\/SANTRA-150x150.png\" sizes=\"auto, (max-width: 150px) 100vw, 150px\" srcset=\"https:\/\/karera.lt\/wp-content\/uploads\/2022\/07\/SANTRA-150x150.png 150w, https:\/\/karera.lt\/wp-content\/uploads\/2022\/07\/SANTRA-300x300.png 300w, https:\/\/karera.lt\/wp-content\/uploads\/2022\/07\/SANTRA.png 500w\" alt=\"\" width=\"100\" height=\"100\" data-lazy-srcset=\"https:\/\/karera.lt\/wp-content\/uploads\/2022\/07\/SANTRA-150x150.png 150w, https:\/\/karera.lt\/wp-content\/uploads\/2022\/07\/SANTRA-300x300.png 300w, https:\/\/karera.lt\/wp-content\/uploads\/2022\/07\/SANTRA.png 500w\" data-lazy-sizes=\"(max-width: 150px) 100vw, 150px\" data-lazy-src=\"https:\/\/karera.lt\/wp-content\/uploads\/2022\/07\/SANTRA-150x150.png\" data-ll-status=\"loaded\" \/><br \/>BIODINAMINIS PAPRAST\u0172J\u0172 \u0160ANTR\u0172\u00a0EKSTRAKTAS<br \/>Tai i\u0161 Vidur\u017eemio j\u016bros regiono kil\u0119s augalas, kuris pasi\u017eymi sutraukian\u010diomis savyb\u0117mis, suteikia gyvybingumo ir energijos. Paprastoji \u0161antra padeda stiprinti odos ir plauk\u0173 strukt\u016br\u0105 bei stiprina nat\u016brali\u0105 apsaug\u0105 nuo UV spinduli\u0173.<\/p><div class=\"page\" title=\"Page 110\"><div class=\"layoutArea\"><div class=\"column\"><p>\u00a0<\/p><p><img loading=\"lazy\" decoding=\"async\" class=\"alignleft  wp-image-5443 entered lazyloaded\" src=\"https:\/\/karera.lt\/wp-content\/uploads\/2022\/07\/MELISA-150x150.png\" sizes=\"auto, (max-width: 150px) 100vw, 150px\" srcset=\"https:\/\/karera.lt\/wp-content\/uploads\/2022\/07\/MELISA-150x150.png 150w, https:\/\/karera.lt\/wp-content\/uploads\/2022\/07\/MELISA-300x300.png 300w, https:\/\/karera.lt\/wp-content\/uploads\/2022\/07\/MELISA.png 500w\" alt=\"\" width=\"100\" height=\"100\" data-lazy-srcset=\"https:\/\/karera.lt\/wp-content\/uploads\/2022\/07\/MELISA-150x150.png 150w, https:\/\/karera.lt\/wp-content\/uploads\/2022\/07\/MELISA-300x300.png 300w, https:\/\/karera.lt\/wp-content\/uploads\/2022\/07\/MELISA.png 500w\" data-lazy-sizes=\"(max-width: 150px) 100vw, 150px\" data-lazy-src=\"https:\/\/karera.lt\/wp-content\/uploads\/2022\/07\/MELISA-150x150.png\" data-ll-status=\"loaded\" \/><br \/>BIODINAMINIS VAISTINI\u0172 MELIS\u0172 HIDROLATAS<br \/>Vaistin\u0117s melisos suteikia gyvybingumo, o taip pat pasi\u017eymi valan\u010diu bei subalansuojan\u010diu poveikiu riebaluotiems plaukams. Bio-Rich vandenyje \u0161\u012f poveik\u012f dar labiau sustiprina kamelij\u0173 ekstraktas, kuriame gausu vitamino E ir kit\u0173 antioksidant\u0173. Sustiprinama plauko strukt\u016bra ir plaukai \u012fgauna \u017evilgesio.<\/p><div class=\"page\" title=\"Page 110\"><div class=\"layoutArea\"><div class=\"column\"><p>\u00a0<\/p><p><img loading=\"lazy\" decoding=\"async\" class=\"alignleft  wp-image-5444 entered lazyloaded\" src=\"https:\/\/karera.lt\/wp-content\/uploads\/2022\/07\/KYNVA-150x150.png\" sizes=\"auto, (max-width: 150px) 100vw, 150px\" srcset=\"https:\/\/karera.lt\/wp-content\/uploads\/2022\/07\/KYNVA-150x150.png 150w, https:\/\/karera.lt\/wp-content\/uploads\/2022\/07\/KYNVA-300x300.png 300w, https:\/\/karera.lt\/wp-content\/uploads\/2022\/07\/KYNVA.png 500w\" alt=\"\" width=\"100\" height=\"100\" data-lazy-srcset=\"https:\/\/karera.lt\/wp-content\/uploads\/2022\/07\/KYNVA-150x150.png 150w, https:\/\/karera.lt\/wp-content\/uploads\/2022\/07\/KYNVA-300x300.png 300w, https:\/\/karera.lt\/wp-content\/uploads\/2022\/07\/KYNVA.png 500w\" data-lazy-sizes=\"(max-width: 150px) 100vw, 150px\" data-lazy-src=\"https:\/\/karera.lt\/wp-content\/uploads\/2022\/07\/KYNVA-150x150.png\" data-ll-status=\"loaded\" \/>EKOLOGI\u0160KAS JUODOSIOS\u00a0KYNVOS EKSTRAKTAS<br \/>D\u0117l ypating\u0173 savo savybi\u0173 kynva, kuri dar vadinama \u201eaugaliniais ikrais\u201c, 2013 m. Jungtini\u0173 Taut\u0173 maisto ir \u017eem\u0117s \u016bkio organizacijos bei JT buvo i\u0161rinkta maisto simboliu. Sud\u0117tyje esan\u010dios aminor\u016bg\u0161tys apsaugo plauko strukt\u016br\u0105 nuo \u017ealos, o baltymai suformuoja apsaugin\u012f skyd\u0105 ir stiprina.<\/p><\/div><\/div><\/div><\/div><\/div><\/div><\/div><\/div><\/div>\t\t\t\t\t\t<\/div>\n\t\t\t\t<\/div>\n\t\t\t\t\t<\/div>\n\t\t<\/div>\n\t\t\t\t\t\t\t<\/div>\n\t\t<\/section>\n\t\t\t\t\t\t<\/div>\n\t\t\t\t\t<\/div>\n\t\t","protected":false},"excerpt":{"rendered":"<p>Ner\u016bpestingam nat\u016braliai atrodan\u010diam \u012fvaizd\u017eiui.\u00a0Pabr\u0117\u017eia garbanot\u0173 ir banguot\u0173 plauk\u0173 jud\u0117jim\u0105.\u00a0Tinka storiems ir pasip\u016btusiems plaukams, nes juos sumink\u0161tina.<br \/>\npH 6.0 \u2013 7.0<\/p>\n","protected":false},"featured_media":12515,"comment_status":"open","ping_status":"closed","template":"","meta":{"om_disable_all_campaigns":false},"product_brand":[],"product_cat":[44,43],"product_tag":[],"class_list":{"0":"post-12514","1":"product","2":"type-product","3":"status-publish","4":"has-post-thumbnail","6":"product_cat-mini-produktai","7":"product_cat-plauku-stilizavimo-priemones","9":"first","10":"instock","11":"shipping-taxable","12":"purchasable","13":"product-type-simple","14":"add-to-wishlist-before_image"},"aioseo_notices":[],"_links":{"self":[{"href":"https:\/\/kasperindre.lt\/index.php?rest_route=\/wp\/v2\/product\/12514","targetHints":{"allow":["GET"]}}],"collection":[{"href":"https:\/\/kasperindre.lt\/index.php?rest_route=\/wp\/v2\/product"}],"about":[{"href":"https:\/\/kasperindre.lt\/index.php?rest_route=\/wp\/v2\/types\/product"}],"replies":[{"embeddable":true,"href":"https:\/\/kasperindre.lt\/index.php?rest_route=%2Fwp%2Fv2%2Fcomments&post=12514"}],"version-history":[{"count":4,"href":"https:\/\/kasperindre.lt\/index.php?rest_route=\/wp\/v2\/product\/12514\/revisions"}],"predecessor-version":[{"id":12519,"href":"https:\/\/kasperindre.lt\/index.php?rest_route=\/wp\/v2\/product\/12514\/revisions\/12519"}],"wp:featuredmedia":[{"embeddable":true,"href":"https:\/\/kasperindre.lt\/index.php?rest_route=\/wp\/v2\/media\/12515"}],"wp:attachment":[{"href":"https:\/\/kasperindre.lt\/index.php?rest_route=%2Fwp%2Fv2%2Fmedia&parent=12514"}],"wp:term":[{"taxonomy":"product_brand","embeddable":true,"href":"https:\/\/kasperindre.lt\/index.php?rest_route=%2Fwp%2Fv2%2Fproduct_brand&post=12514"},{"taxonomy":"product_cat","embeddable":true,"href":"https:\/\/kasperindre.lt\/index.php?rest_route=%2Fwp%2Fv2%2Fproduct_cat&post=12514"},{"taxonomy":"product_tag","embeddable":true,"href":"https:\/\/kasperindre.lt\/index.php?rest_route=%2Fwp%2Fv2%2Fproduct_tag&post=12514"}],"curies":[{"name":"wp","href":"https:\/\/api.w.org\/{rel}","templated":true}]}}