{"id":12462,"date":"2024-11-22T12:02:16","date_gmt":"2024-11-22T12:02:16","guid":{"rendered":"https:\/\/kasperindre.lt\/?post_type=product&#038;p=12462"},"modified":"2024-11-22T12:05:06","modified_gmt":"2024-11-22T12:05:06","slug":"oway-plauku-minkstinamasis-fluidas-styling-finish-finest-fluid","status":"publish","type":"product","link":"https:\/\/kasperindre.lt\/?product=oway-plauku-minkstinamasis-fluidas-styling-finish-finest-fluid","title":{"rendered":"OWAY Plauk\u0173 mink\u0161tinamasis fluidas \u2013 styling &#038; finish \/ Finest fluid"},"content":{"rendered":"\t\t<div data-elementor-type=\"wp-post\" data-elementor-id=\"12462\" class=\"elementor elementor-12462\" data-elementor-settings=\"[]\">\n\t\t\t\t\t\t\t<div class=\"elementor-section-wrap\">\n\t\t\t\t\t\t\t<section class=\"elementor-section elementor-top-section elementor-element elementor-element-3465974e elementor-section-boxed elementor-section-height-default elementor-section-height-default qodef-elementor-content-no\" data-id=\"3465974e\" data-element_type=\"section\">\n\t\t\t\t\t\t<div class=\"elementor-container elementor-column-gap-default\">\n\t\t\t\t\t<div class=\"elementor-column elementor-col-100 elementor-top-column elementor-element elementor-element-78dd447d\" data-id=\"78dd447d\" data-element_type=\"column\">\n\t\t\t<div class=\"elementor-widget-wrap elementor-element-populated\">\n\t\t\t\t\t\t\t\t<div class=\"elementor-element elementor-element-1af2eefb elementor-widget elementor-widget-text-editor\" data-id=\"1af2eefb\" data-element_type=\"widget\" data-widget_type=\"text-editor.default\">\n\t\t\t\t<div class=\"elementor-widget-container\">\n\t\t\t\t\t\t\t<h5><strong>Plauk\u0173 mink\u0161tinamasis fluidas<br \/><\/strong><\/h5><p>\u2022 Tinka vis\u0173 tip\u0173 plaukams<br \/>\u2022 Neleid\u017eia plaukams p\u016bstis<br \/>\u2022 Mink\u0161tina, maitina ir dr\u0117kina plaukus, ta\u010diau j\u0173 neapsunkina<\/p><p>\u00a0<\/p><h5><strong>Patarimai<br \/><\/strong><\/h5><p>\u2022 D\u0117l lengvos konsistencijos tinka ir ploniems plaukams.<br \/>\u2022 Naudojant kaip formavimo priemon\u0119 suteikia \u017evilgesio.<\/p><p><img loading=\"lazy\" decoding=\"async\" class=\"alignnone size-large wp-image-12107\" src=\"http:\/\/kasperindre.lt\/wp-content\/uploads\/2024\/11\/Screenshot-2024-11-18-at-16.27.55-1024x306.png\" alt=\"\" width=\"1024\" height=\"306\" srcset=\"https:\/\/kasperindre.lt\/wp-content\/uploads\/2024\/11\/Screenshot-2024-11-18-at-16.27.55-1024x306.png 1024w, https:\/\/kasperindre.lt\/wp-content\/uploads\/2024\/11\/Screenshot-2024-11-18-at-16.27.55-300x90.png 300w, https:\/\/kasperindre.lt\/wp-content\/uploads\/2024\/11\/Screenshot-2024-11-18-at-16.27.55-768x230.png 768w, https:\/\/kasperindre.lt\/wp-content\/uploads\/2024\/11\/Screenshot-2024-11-18-at-16.27.55-1536x459.png 1536w, https:\/\/kasperindre.lt\/wp-content\/uploads\/2024\/11\/Screenshot-2024-11-18-at-16.27.55-2048x612.png 2048w, https:\/\/kasperindre.lt\/wp-content\/uploads\/2024\/11\/Screenshot-2024-11-18-at-16.27.55-18x5.png 18w, https:\/\/kasperindre.lt\/wp-content\/uploads\/2024\/11\/Screenshot-2024-11-18-at-16.27.55-600x179.png 600w\" sizes=\"auto, (max-width: 1024px) 100vw, 1024px\" \/><\/p><h5 class=\"yikes-custom-woo-tab-title yikes-custom-woo-tab-title-naudojimas\">Naudojimas<\/h5><div class=\"page\" title=\"Page 112\"><div class=\"layoutArea\"><div class=\"column\"><p>Purk\u0161kite ant dr\u0117gn\u0173 plauk\u0173 30cm atstumu. Paskirstykite ant plauk\u0173 \u0161ukomis arba pir\u0161tais. I\u0161d\u017eiovinkite ir formuokite, kaip \u012fprastai. Gali b\u016bti naudojamas ir kaip \u017evilgesio suteikianti formavimo priemon\u0117 ant saus\u0173 plauk\u0173.<\/p><h5 class=\"yikes-custom-woo-tab-title yikes-custom-woo-tab-title-aktyvus-ingredientai\">Aktyv\u016bs ingredientai<\/h5><p><img loading=\"lazy\" decoding=\"async\" class=\"alignleft wp-image-16744  entered lazyloaded\" src=\"https:\/\/karera.lt\/wp-content\/uploads\/2023\/09\/PRUGNOLO_218X205-150x150.png\" alt=\"\" width=\"100\" height=\"100\" data-lazy-src=\"https:\/\/karera.lt\/wp-content\/uploads\/2023\/09\/PRUGNOLO_218X205-150x150.png\" data-ll-status=\"loaded\" \/><br \/><strong>EKOLOGI\u0160KAS DYGI\u0172J\u0172 SLYV\u0172 EKSTRAKTAS<\/strong><br \/>Dygioji slyva pasi\u017eymi puikiu od\u0105 ir plaukus regeneruojan\u010diu ir stiprinan\u010diu poveikiu. Suteikia elastingumo ir dr\u0117kina.<\/p><\/div><p>\u00a0<\/p><div class=\"column\"><p>\u00a0<\/p><p><img loading=\"lazy\" decoding=\"async\" class=\"alignleft wp-image-16748  entered lazyloaded\" src=\"https:\/\/karera.lt\/wp-content\/uploads\/2023\/09\/IRIS_218X205-150x150.png\" alt=\"\" width=\"96\" height=\"96\" data-lazy-src=\"https:\/\/karera.lt\/wp-content\/uploads\/2023\/09\/IRIS_218X205-150x150.png\" data-ll-status=\"loaded\" \/><\/p><p><strong>BIODINAMINIS VILKDALGIS<\/strong><br \/>\u0160i gausiai fitoestrogen\u0173 turinti g\u0117l\u0117 suteikia gyvybingumo nualintiems ir \u017evilges\u012f praradusiems plaukams.<\/p><p>\u00a0<\/p><\/div><\/div><\/div><p>\u00a0<\/p><div class=\"page\" title=\"Page 112\"><div class=\"layoutArea\"><div class=\"column\"><p><img loading=\"lazy\" decoding=\"async\" class=\"alignleft wp-image-16752  entered lazyloaded\" src=\"https:\/\/karera.lt\/wp-content\/uploads\/2023\/09\/RISO-VIOLA-150x150.png\" alt=\"\" width=\"100\" height=\"100\" data-lazy-src=\"https:\/\/karera.lt\/wp-content\/uploads\/2023\/09\/RISO-VIOLA-150x150.png\" data-ll-status=\"loaded\" \/><\/p><p><strong>ETI\u0160KAI U\u017dAUGINTI VIOLETINIAI RY\u017dIAI<\/strong><br \/>Khao Gram \u2013 rinktin\u0117 violetini\u0173 ry\u017ei\u0173 veisl\u0117. Mink\u0161tina ir glotnina od\u0105. B\u016bding\u0105 violetin\u0119 spalv\u0105 lemia didelis kiekis antocianin\u0173, kurie turi ypating\u0173 antioksidacini\u0173 savybi\u0173 ir \u0161velnina bei mink\u0161tina od\u0105.<\/p><p>\u00a0<\/p><p><img loading=\"lazy\" decoding=\"async\" class=\"alignleft wp-image-16756  entered lazyloaded\" src=\"https:\/\/karera.lt\/wp-content\/uploads\/2023\/09\/PIETRA-DI-LUNA_218X205-150x150.png\" alt=\"\" width=\"100\" height=\"100\" data-lazy-src=\"https:\/\/karera.lt\/wp-content\/uploads\/2023\/09\/PIETRA-DI-LUNA_218X205-150x150.png\" data-ll-status=\"loaded\" \/><br \/><strong>ETI\u0160KAI I\u0160AUGINT\u0172 VIOLETINI\u0172 RY\u017dI\u0172 EKSTRAKTAS<\/strong><br \/>Violetiniai ry\u017eiai, dar vadinami Khao Gram, yra kil\u0119 i\u0161 tropini\u0173 ir subtropini\u0173 piet\u0173 Azijos \u0161ali\u0173. Jame itin gausu antocianin\u0173, kurie suteikia ry\u017eiams b\u016bding\u0105 violetin\u0119 spalv\u0105, tod\u0117l pasi\u017eymi dideliu antioksidaciniu poveikiu ir padeda apsaugoti plaukus nuo i\u0161or\u0117s veiksni\u0173. * M\u0117nulio akmens pavadinimas kilo d\u0117l jo i\u0161vaizdos. Balt\u0105 perlamutrin\u012f \u017evilges\u012f lemia strukt\u016br\u0105 sudaran\u010dius elementus atspindinti \u0161viesa. \u0160is efektas vadinamas adularescencija.<\/p><\/div><\/div><\/div>\t\t\t\t\t\t<\/div>\n\t\t\t\t<\/div>\n\t\t\t\t\t<\/div>\n\t\t<\/div>\n\t\t\t\t\t\t\t<\/div>\n\t\t<\/section>\n\t\t\t\t\t\t<\/div>\n\t\t\t\t\t<\/div>\n\t\t","protected":false},"excerpt":{"rendered":"<div class=\"woocommerce-product-details__short-description\">\n<p>Fluidas mink\u0161tina, dr\u0117kina ir maitina plaukus j\u0173 neapsunkindamas bei neleid\u017eia plaukams p\u016bstis. Tinka vis\u0173 tip\u0173 plaukams.<\/p>\n<\/div>\n","protected":false},"featured_media":12463,"comment_status":"open","ping_status":"closed","template":"","meta":{"om_disable_all_campaigns":false},"product_brand":[],"product_cat":[43],"product_tag":[],"class_list":{"0":"post-12462","1":"product","2":"type-product","3":"status-publish","4":"has-post-thumbnail","6":"product_cat-plauku-stilizavimo-priemones","8":"first","9":"instock","10":"shipping-taxable","11":"purchasable","12":"product-type-simple","13":"add-to-wishlist-before_image"},"aioseo_notices":[],"_links":{"self":[{"href":"https:\/\/kasperindre.lt\/index.php?rest_route=\/wp\/v2\/product\/12462","targetHints":{"allow":["GET"]}}],"collection":[{"href":"https:\/\/kasperindre.lt\/index.php?rest_route=\/wp\/v2\/product"}],"about":[{"href":"https:\/\/kasperindre.lt\/index.php?rest_route=\/wp\/v2\/types\/product"}],"replies":[{"embeddable":true,"href":"https:\/\/kasperindre.lt\/index.php?rest_route=%2Fwp%2Fv2%2Fcomments&post=12462"}],"version-history":[{"count":4,"href":"https:\/\/kasperindre.lt\/index.php?rest_route=\/wp\/v2\/product\/12462\/revisions"}],"predecessor-version":[{"id":12467,"href":"https:\/\/kasperindre.lt\/index.php?rest_route=\/wp\/v2\/product\/12462\/revisions\/12467"}],"wp:featuredmedia":[{"embeddable":true,"href":"https:\/\/kasperindre.lt\/index.php?rest_route=\/wp\/v2\/media\/12463"}],"wp:attachment":[{"href":"https:\/\/kasperindre.lt\/index.php?rest_route=%2Fwp%2Fv2%2Fmedia&parent=12462"}],"wp:term":[{"taxonomy":"product_brand","embeddable":true,"href":"https:\/\/kasperindre.lt\/index.php?rest_route=%2Fwp%2Fv2%2Fproduct_brand&post=12462"},{"taxonomy":"product_cat","embeddable":true,"href":"https:\/\/kasperindre.lt\/index.php?rest_route=%2Fwp%2Fv2%2Fproduct_cat&post=12462"},{"taxonomy":"product_tag","embeddable":true,"href":"https:\/\/kasperindre.lt\/index.php?rest_route=%2Fwp%2Fv2%2Fproduct_tag&post=12462"}],"curies":[{"name":"wp","href":"https:\/\/api.w.org\/{rel}","templated":true}]}}