{"id":12397,"date":"2024-11-21T14:53:04","date_gmt":"2024-11-21T14:53:04","guid":{"rendered":"https:\/\/kasperindre.lt\/?post_type=product&#038;p=12397"},"modified":"2024-11-21T14:55:03","modified_gmt":"2024-11-21T14:55:03","slug":"oway-svelninantis-spindesio-serumas-silkn-glow-silkn-glow-serum","status":"publish","type":"product","link":"https:\/\/kasperindre.lt\/?product=oway-svelninantis-spindesio-serumas-silkn-glow-silkn-glow-serum","title":{"rendered":"OWAY \u0160velninantis spindesio serumas \u2013 silk\u2019n glow \/ Silk\u2019n glow serum"},"content":{"rendered":"\t\t<div data-elementor-type=\"wp-post\" data-elementor-id=\"12397\" class=\"elementor elementor-12397\" data-elementor-settings=\"[]\">\n\t\t\t\t\t\t\t<div class=\"elementor-section-wrap\">\n\t\t\t\t\t\t\t<section class=\"elementor-section elementor-top-section elementor-element elementor-element-6dfa5240 elementor-section-boxed elementor-section-height-default elementor-section-height-default qodef-elementor-content-no\" data-id=\"6dfa5240\" data-element_type=\"section\">\n\t\t\t\t\t\t<div class=\"elementor-container elementor-column-gap-default\">\n\t\t\t\t\t<div class=\"elementor-column elementor-col-100 elementor-top-column elementor-element elementor-element-3c463b8a\" data-id=\"3c463b8a\" data-element_type=\"column\">\n\t\t\t<div class=\"elementor-widget-wrap elementor-element-populated\">\n\t\t\t\t\t\t\t\t<div class=\"elementor-element elementor-element-57fa7071 elementor-widget elementor-widget-text-editor\" data-id=\"57fa7071\" data-element_type=\"widget\" data-widget_type=\"text-editor.default\">\n\t\t\t\t<div class=\"elementor-widget-container\">\n\t\t\t\t\t\t\t<h5><strong>\u0160velninantis spindesio serumas<br \/><\/strong><\/h5><p>\u2022 Akimirksniu suteikia \u017evilgesio.<br \/>\u2022 I\u0161lygina kutikul\u0119 ir ma\u017eina plauk\u0173 p\u016btim\u0105si.<br \/>\u2022 Plaukai tampa mink\u0161ti ir \u0161ilkiniai.<\/p><p>\u00a0<\/p><h5><strong>Kam tinkama?<br \/><\/strong><\/h5><p>\u2022 Puiki plaukus hermetizuojanti priemon\u0117 po plauk\u0173 tiesinimo \u017enypli\u0173 naudojimo.<br \/>\u2022 Gali b\u016bti naudojama ant dr\u0117gn\u0173 ir saus\u0173 plauk\u0173.<br \/>\u2022 U\u017etikrina ilgalaik\u012f nuo plauk\u0173 p\u016btimosi ir garbanojimosi apsaugant\u012f poveik\u012f.<br \/>\u2022 Suteikia plaukams daugiau apimties.<br \/>\u2022 U\u017etenka nedidelio kiekio priemon\u0117s, kad plaukai tapt\u0173 \u0161ilkiniai ir \u017evilgantys.<\/p><p>\u00a0<\/p><h5><strong>Aromat\u0173 puok\u0161t\u0117<br \/><\/strong><\/h5><p>\u2022 Apelsinas, citrinmedis, vanil\u0117, mandarinas.<br \/>\u2022 Sodrios, geidulingos natos maitinan\u010di\u0173 produkt\u0173, akimirksniu suteikian\u010di\u0173 elastingumo ir dr\u0117kinimo, linijai.<br \/>\u2022 Aromaterapinis poveikis: nuteikia \u0161velniai ir su\u0161ildo.<\/p><p><img loading=\"lazy\" decoding=\"async\" class=\"alignnone size-large wp-image-12107\" src=\"http:\/\/kasperindre.lt\/wp-content\/uploads\/2024\/11\/Screenshot-2024-11-18-at-16.27.55-1024x306.png\" alt=\"\" width=\"1024\" height=\"306\" srcset=\"https:\/\/kasperindre.lt\/wp-content\/uploads\/2024\/11\/Screenshot-2024-11-18-at-16.27.55-1024x306.png 1024w, https:\/\/kasperindre.lt\/wp-content\/uploads\/2024\/11\/Screenshot-2024-11-18-at-16.27.55-300x90.png 300w, https:\/\/kasperindre.lt\/wp-content\/uploads\/2024\/11\/Screenshot-2024-11-18-at-16.27.55-768x230.png 768w, https:\/\/kasperindre.lt\/wp-content\/uploads\/2024\/11\/Screenshot-2024-11-18-at-16.27.55-1536x459.png 1536w, https:\/\/kasperindre.lt\/wp-content\/uploads\/2024\/11\/Screenshot-2024-11-18-at-16.27.55-2048x612.png 2048w, https:\/\/kasperindre.lt\/wp-content\/uploads\/2024\/11\/Screenshot-2024-11-18-at-16.27.55-18x5.png 18w, https:\/\/kasperindre.lt\/wp-content\/uploads\/2024\/11\/Screenshot-2024-11-18-at-16.27.55-600x179.png 600w\" sizes=\"auto, (max-width: 1024px) 100vw, 1024px\" \/><\/p><h5 class=\"yikes-custom-woo-tab-title yikes-custom-woo-tab-title-naudojimas\">Naudojimas<\/h5><div class=\"page\" title=\"Page 73\"><div class=\"layoutArea\"><div class=\"column\"><p>Paskirstykite ant dr\u0117gn\u0173 ar i\u0161d\u017eiovint\u0173 plauk\u0173 per vis\u0105 plauk\u0173 ilg\u012f iki pat galiuk\u0173.<\/p><p>\u00a0<\/p><h5 class=\"yikes-custom-woo-tab-title yikes-custom-woo-tab-title-aktyvus-ingredientai\">Aktyv\u016bs ingredientai<\/h5><p><strong><img loading=\"lazy\" decoding=\"async\" class=\"alignleft  wp-image-5467 entered lazyloaded\" src=\"https:\/\/karera.lt\/wp-content\/uploads\/2022\/07\/BARTOLETIJU-ALIEJUS-150x150.png\" sizes=\"auto, (max-width: 150px) 100vw, 150px\" srcset=\"https:\/\/karera.lt\/wp-content\/uploads\/2022\/07\/BARTOLETIJU-ALIEJUS-150x150.png 150w, https:\/\/karera.lt\/wp-content\/uploads\/2022\/07\/BARTOLETIJU-ALIEJUS-300x300.png 300w, https:\/\/karera.lt\/wp-content\/uploads\/2022\/07\/BARTOLETIJU-ALIEJUS.png 500w\" alt=\"\" width=\"100\" height=\"100\" data-lazy-srcset=\"https:\/\/karera.lt\/wp-content\/uploads\/2022\/07\/BARTOLETIJU-ALIEJUS-150x150.png 150w, https:\/\/karera.lt\/wp-content\/uploads\/2022\/07\/BARTOLETIJU-ALIEJUS-300x300.png 300w, https:\/\/karera.lt\/wp-content\/uploads\/2022\/07\/BARTOLETIJU-ALIEJUS.png 500w\" data-lazy-sizes=\"(max-width: 150px) 100vw, 150px\" data-lazy-src=\"https:\/\/karera.lt\/wp-content\/uploads\/2022\/07\/BARTOLETIJU-ALIEJUS-150x150.png\" data-ll-status=\"loaded\" \/><br \/>ETINIAIS<\/strong><strong>\u00a0PRINCIPAIS VADOVAUJANTIS GAUTAS BRAZILINI\u0172 BERTOLETIJ\u0172 ALIEJUS<br \/><\/strong>\u0160is aliejus gausiai turi vandenyje tirpi\u0173 vitamin\u0173 A ir B, tod\u0117l reguliuoja plauk\u0173 p\u016btim\u0105si, suteikia \u017evilgesio ir palengvina plauk\u0173 \u0161ukavim\u0105si.<\/p><p>\u00a0<\/p><div class=\"page\" title=\"Page 72\"><div class=\"layoutArea\"><div class=\"column\"><div class=\"page\" title=\"Page 72\"><div class=\"layoutArea\"><div class=\"column\"><p><strong><img loading=\"lazy\" decoding=\"async\" class=\"alignleft  wp-image-5410 entered lazyloaded\" src=\"https:\/\/karera.lt\/wp-content\/uploads\/2021\/04\/AVENAAA-150x150.png\" sizes=\"auto, (max-width: 150px) 100vw, 150px\" srcset=\"https:\/\/karera.lt\/wp-content\/uploads\/2021\/04\/AVENAAA-150x150.png 150w, https:\/\/karera.lt\/wp-content\/uploads\/2021\/04\/AVENAAA-300x300.png 300w, https:\/\/karera.lt\/wp-content\/uploads\/2021\/04\/AVENAAA.png 500w\" alt=\"\" width=\"100\" height=\"100\" data-lazy-srcset=\"https:\/\/karera.lt\/wp-content\/uploads\/2021\/04\/AVENAAA-150x150.png 150w, https:\/\/karera.lt\/wp-content\/uploads\/2021\/04\/AVENAAA-300x300.png 300w, https:\/\/karera.lt\/wp-content\/uploads\/2021\/04\/AVENAAA.png 500w\" data-lazy-sizes=\"(max-width: 150px) 100vw, 150px\" data-lazy-src=\"https:\/\/karera.lt\/wp-content\/uploads\/2021\/04\/AVENAAA-150x150.png\" data-ll-status=\"loaded\" \/><br \/>BIODINAMINIS AVI\u017d\u0172 EKSTRAKTAS<\/strong><br \/>Pasi\u017eymi sausus plaukus stiprinan\u010diu ir strukt\u016br\u0105 atkurian\u010diu poveikiu. Avi\u017e\u0173 ekstrakte esantys beta-gliukanai pasi\u017eymi dr\u0117kinan\u010diu poveikiu ir suformuoja apsaugin\u0119 pl\u0117vel\u0119, kuri saugo nuo laisv\u0173j\u0173 radikal\u0173.<\/p><\/div><\/div><\/div><\/div><\/div><\/div><div class=\"page\" title=\"Page 72\"><div class=\"layoutArea\"><div class=\"column\"><div class=\"page\" title=\"Page 72\"><div class=\"layoutArea\"><div class=\"column\"><p>\u00a0<\/p><p><strong><img loading=\"lazy\" decoding=\"async\" class=\"alignleft  wp-image-5468 entered lazyloaded\" src=\"https:\/\/karera.lt\/wp-content\/uploads\/2022\/07\/KAKAVMEDIS-150x150.png\" sizes=\"auto, (max-width: 150px) 100vw, 150px\" srcset=\"https:\/\/karera.lt\/wp-content\/uploads\/2022\/07\/KAKAVMEDIS-150x150.png 150w, https:\/\/karera.lt\/wp-content\/uploads\/2022\/07\/KAKAVMEDIS-300x300.png 300w, https:\/\/karera.lt\/wp-content\/uploads\/2022\/07\/KAKAVMEDIS.png 500w\" alt=\"\" width=\"100\" height=\"100\" data-lazy-srcset=\"https:\/\/karera.lt\/wp-content\/uploads\/2022\/07\/KAKAVMEDIS-150x150.png 150w, https:\/\/karera.lt\/wp-content\/uploads\/2022\/07\/KAKAVMEDIS-300x300.png 300w, https:\/\/karera.lt\/wp-content\/uploads\/2022\/07\/KAKAVMEDIS.png 500w\" data-lazy-sizes=\"(max-width: 150px) 100vw, 150px\" data-lazy-src=\"https:\/\/karera.lt\/wp-content\/uploads\/2022\/07\/KAKAVMEDIS-150x150.png\" data-ll-status=\"loaded\" \/><br \/>EKOLOGI\u0160KAS KAKAVMED\u017dIO SVIESTAS<\/strong><br \/>Stambia\u017eiedis kakavmedis \u2013 tai auk\u0161tos kokyb\u0117s Brazilijos rie\u0161utas. \u0160altojo spaudimo b\u016bdu apdorotos jo s\u0117klos i\u0161skiria sviest\u0105, pasi\u017eymint\u012f puikiomis dr\u0117kinan\u010diomis ir mink\u0161tinan\u010diomis savyb\u0117mis. Maitinantis ir praturtinantis plaukus jis suteikia jiems ypatingo \u017evilgesio.<\/p><\/div><\/div><\/div><\/div><\/div><\/div><\/div><\/div><\/div>\t\t\t\t\t\t<\/div>\n\t\t\t\t<\/div>\n\t\t\t\t\t<\/div>\n\t\t<\/div>\n\t\t\t\t\t\t\t<\/div>\n\t\t<\/section>\n\t\t\t\t\t\t<\/div>\n\t\t\t\t\t<\/div>\n\t\t","protected":false},"excerpt":{"rendered":"<p>Akimirksniu suteikia \u017evilgesio.\u00a0I\u0161lygina kutikul\u0119 ir ma\u017eina plauk\u0173 p\u016btim\u0105si.\u00a0Plaukai tampa mink\u0161ti ir \u0161ilkiniai.<br \/>\npH \u2013<\/p>\n","protected":false},"featured_media":12398,"comment_status":"open","ping_status":"closed","template":"","meta":{"om_disable_all_campaigns":false},"product_brand":[],"product_cat":[44,46],"product_tag":[71],"class_list":{"0":"post-12397","1":"product","2":"type-product","3":"status-publish","4":"has-post-thumbnail","6":"product_cat-mini-produktai","7":"product_cat-plauku-geliai-serumai-losjonai","8":"product_tag-sausi-plaukai","10":"first","11":"instock","12":"shipping-taxable","13":"purchasable","14":"product-type-variable","15":"add-to-wishlist-before_image"},"aioseo_notices":[],"_links":{"self":[{"href":"https:\/\/kasperindre.lt\/index.php?rest_route=\/wp\/v2\/product\/12397","targetHints":{"allow":["GET"]}}],"collection":[{"href":"https:\/\/kasperindre.lt\/index.php?rest_route=\/wp\/v2\/product"}],"about":[{"href":"https:\/\/kasperindre.lt\/index.php?rest_route=\/wp\/v2\/types\/product"}],"replies":[{"embeddable":true,"href":"https:\/\/kasperindre.lt\/index.php?rest_route=%2Fwp%2Fv2%2Fcomments&post=12397"}],"version-history":[{"count":4,"href":"https:\/\/kasperindre.lt\/index.php?rest_route=\/wp\/v2\/product\/12397\/revisions"}],"predecessor-version":[{"id":12405,"href":"https:\/\/kasperindre.lt\/index.php?rest_route=\/wp\/v2\/product\/12397\/revisions\/12405"}],"wp:featuredmedia":[{"embeddable":true,"href":"https:\/\/kasperindre.lt\/index.php?rest_route=\/wp\/v2\/media\/12398"}],"wp:attachment":[{"href":"https:\/\/kasperindre.lt\/index.php?rest_route=%2Fwp%2Fv2%2Fmedia&parent=12397"}],"wp:term":[{"taxonomy":"product_brand","embeddable":true,"href":"https:\/\/kasperindre.lt\/index.php?rest_route=%2Fwp%2Fv2%2Fproduct_brand&post=12397"},{"taxonomy":"product_cat","embeddable":true,"href":"https:\/\/kasperindre.lt\/index.php?rest_route=%2Fwp%2Fv2%2Fproduct_cat&post=12397"},{"taxonomy":"product_tag","embeddable":true,"href":"https:\/\/kasperindre.lt\/index.php?rest_route=%2Fwp%2Fv2%2Fproduct_tag&post=12397"}],"curies":[{"name":"wp","href":"https:\/\/api.w.org\/{rel}","templated":true}]}}