{"id":12383,"date":"2024-11-21T14:02:35","date_gmt":"2024-11-21T14:02:35","guid":{"rendered":"https:\/\/kasperindre.lt\/?post_type=product&#038;p=12383"},"modified":"2024-11-21T14:07:01","modified_gmt":"2024-11-21T14:07:01","slug":"oway-pazeistus-plaukus-atstatanti-vonele-rebuilding-rebuilding-hair-bath","status":"publish","type":"product","link":"https:\/\/kasperindre.lt\/?product=oway-pazeistus-plaukus-atstatanti-vonele-rebuilding-rebuilding-hair-bath","title":{"rendered":"OWAY Pa\u017eeistus plaukus atstatanti vonel\u0117 \u2013 rebuilding \/ Rebuilding hair bath"},"content":{"rendered":"\t\t<div data-elementor-type=\"wp-post\" data-elementor-id=\"12383\" class=\"elementor elementor-12383\" data-elementor-settings=\"[]\">\n\t\t\t\t\t\t\t<div class=\"elementor-section-wrap\">\n\t\t\t\t\t\t\t<section class=\"elementor-section elementor-top-section elementor-element elementor-element-5df7409d elementor-section-boxed elementor-section-height-default elementor-section-height-default qodef-elementor-content-no\" data-id=\"5df7409d\" data-element_type=\"section\">\n\t\t\t\t\t\t<div class=\"elementor-container elementor-column-gap-default\">\n\t\t\t\t\t<div class=\"elementor-column elementor-col-100 elementor-top-column elementor-element elementor-element-1a4886f2\" data-id=\"1a4886f2\" data-element_type=\"column\">\n\t\t\t<div class=\"elementor-widget-wrap elementor-element-populated\">\n\t\t\t\t\t\t\t\t<div class=\"elementor-element elementor-element-308c7d46 elementor-widget elementor-widget-text-editor\" data-id=\"308c7d46\" data-element_type=\"widget\" data-widget_type=\"text-editor.default\">\n\t\t\t\t<div class=\"elementor-widget-container\">\n\t\t\t\t\t\t\t<h5><strong>Pa\u017eeistus plaukus atstatanti vonel\u0117<br \/><\/strong><\/h5><p>\u2022 \u0160velniai valo nepa\u017eeid\u017eiant galvos odos hidrolipidin\u0117s dangos.<br \/>\u2022 Atkuria chemi\u0161kai paveikt\u0173 ir pa\u017eeist\u0173 plauk\u0173 strukt\u016br\u0105.<\/p><p>\u00a0<\/p><h5><strong>Kam tinkama?<br \/><\/strong><\/h5><p>\u2022 Kad naudingos med\u017eiagos geriau \u012fsigert\u0173 \u012f\u00a0plaukus, antrojo trinkimo metu \u012ftrinkite\u00a0masa\u017euojamaisiais judesiais \u012f plaukus ir plauk\u0173 galiukus paliekant apie 2-3 minutes.<br \/>\u2022 I\u0161 kokos\u0173 aliejaus gauta veiklioji med\u017eiaga atkuria plauk\u0173 lipid\u0173 balans\u0105 j\u0173 neapsunkinant.<br \/>\u2022 Veikia sinergi\u0161kai su atstatan\u010dia plauk\u0173 kauke; svarbu naudoti abu produktus.<\/p><p>\u00a0<\/p><h5><strong>Aromat\u0173 puok\u0161t\u0117<br \/><\/strong><\/h5><p>\u2022 Levanda, bazilikas, tikrasis citrinmedis.<br \/>\u2022 \u0160velniai g\u0117lin\u0117 levand\u0173 nata deranti su a\u0161troku \u0161velniai salsvu bazilik\u0173 aromatu ir citrin\u0173 gaiva suteikia papildom\u0105 energijos pli\u016bpsn\u012f regeneruojan\u010di\u0173 ir gr\u0105\u017einan\u010di\u0173 plaukams \u017evilges\u012f produkt\u0173 linijai.<br \/>\u2022 Aromaterapinis poveikis: i\u0161valantis mintis, atpalaiduojantis ir tonizuojantis.<\/p><p><img loading=\"lazy\" decoding=\"async\" class=\"alignnone size-large wp-image-12107\" src=\"http:\/\/kasperindre.lt\/wp-content\/uploads\/2024\/11\/Screenshot-2024-11-18-at-16.27.55-1024x306.png\" alt=\"\" width=\"1024\" height=\"306\" srcset=\"https:\/\/kasperindre.lt\/wp-content\/uploads\/2024\/11\/Screenshot-2024-11-18-at-16.27.55-1024x306.png 1024w, https:\/\/kasperindre.lt\/wp-content\/uploads\/2024\/11\/Screenshot-2024-11-18-at-16.27.55-300x90.png 300w, https:\/\/kasperindre.lt\/wp-content\/uploads\/2024\/11\/Screenshot-2024-11-18-at-16.27.55-768x230.png 768w, https:\/\/kasperindre.lt\/wp-content\/uploads\/2024\/11\/Screenshot-2024-11-18-at-16.27.55-1536x459.png 1536w, https:\/\/kasperindre.lt\/wp-content\/uploads\/2024\/11\/Screenshot-2024-11-18-at-16.27.55-2048x612.png 2048w, https:\/\/kasperindre.lt\/wp-content\/uploads\/2024\/11\/Screenshot-2024-11-18-at-16.27.55-18x5.png 18w, https:\/\/kasperindre.lt\/wp-content\/uploads\/2024\/11\/Screenshot-2024-11-18-at-16.27.55-600x179.png 600w\" sizes=\"auto, (max-width: 1024px) 100vw, 1024px\" \/><\/p><h5 class=\"yikes-custom-woo-tab-title yikes-custom-woo-tab-title-naudojimas\">Naudojimas<\/h5><div class=\"page\" title=\"Page 103\"><div class=\"layoutArea\"><div class=\"column\"><p>Paskirstykite ant dr\u0117gn\u0173 plauk\u0173, \u012ftrinkite masa\u017euojamaisiais judesiais ir i\u0161skalaukite. Jei reikia, pakartokite.<\/p><p>\u00a0<\/p><h5 class=\"yikes-custom-woo-tab-title yikes-custom-woo-tab-title-aktyvus-ingredientai\">Aktyv\u016bs ingredientai<\/h5><p>\u00a0<\/p><div class=\"page\" title=\"Page 101\"><div class=\"layoutArea\"><div class=\"column\"><div class=\"page\" title=\"Page 101\"><div class=\"layoutArea\"><div class=\"column\"><p><img loading=\"lazy\" decoding=\"async\" class=\"alignleft  wp-image-5422 entered lazyloaded\" src=\"https:\/\/karera.lt\/wp-content\/uploads\/2022\/07\/LEVANDAAA-150x150.png\" sizes=\"auto, (max-width: 150px) 100vw, 150px\" srcset=\"https:\/\/karera.lt\/wp-content\/uploads\/2022\/07\/LEVANDAAA-150x150.png 150w, https:\/\/karera.lt\/wp-content\/uploads\/2022\/07\/LEVANDAAA-300x300.png 300w, https:\/\/karera.lt\/wp-content\/uploads\/2022\/07\/LEVANDAAA.png 500w\" alt=\"\" width=\"100\" height=\"100\" data-lazy-srcset=\"https:\/\/karera.lt\/wp-content\/uploads\/2022\/07\/LEVANDAAA-150x150.png 150w, https:\/\/karera.lt\/wp-content\/uploads\/2022\/07\/LEVANDAAA-300x300.png 300w, https:\/\/karera.lt\/wp-content\/uploads\/2022\/07\/LEVANDAAA.png 500w\" data-lazy-sizes=\"(max-width: 150px) 100vw, 150px\" data-lazy-src=\"https:\/\/karera.lt\/wp-content\/uploads\/2022\/07\/LEVANDAAA-150x150.png\" data-ll-status=\"loaded\" \/><br \/><strong>BIODINAMINIS LEVAND\u0172 ETERINIS ALIEJUS<\/strong><br \/>Atkuria ir subalansuoja galvos od\u0105, plaukus ir bendrai vis\u0105 k\u016bn\u0105. Turi gaivinant\u012f, tonizuojant\u012f ir raminant\u012f poveik\u012f galvos odai ir plaukams. Aromaterapinis aromatas atpalaiduoja ir sukelia ramyb\u0117s jausm\u0105.<\/p><div class=\"page\" title=\"Page 101\"><div class=\"layoutArea\"><div class=\"column\"><p>\u00a0<\/p><p><img loading=\"lazy\" decoding=\"async\" class=\"alignleft  wp-image-5433 entered lazyloaded\" src=\"https:\/\/karera.lt\/wp-content\/uploads\/2022\/07\/BASILICOOO-150x150.png\" sizes=\"auto, (max-width: 150px) 100vw, 150px\" srcset=\"https:\/\/karera.lt\/wp-content\/uploads\/2022\/07\/BASILICOOO-150x150.png 150w, https:\/\/karera.lt\/wp-content\/uploads\/2022\/07\/BASILICOOO-300x300.png 300w, https:\/\/karera.lt\/wp-content\/uploads\/2022\/07\/BASILICOOO.png 500w\" alt=\"\" width=\"99\" height=\"99\" data-lazy-srcset=\"https:\/\/karera.lt\/wp-content\/uploads\/2022\/07\/BASILICOOO-150x150.png 150w, https:\/\/karera.lt\/wp-content\/uploads\/2022\/07\/BASILICOOO-300x300.png 300w, https:\/\/karera.lt\/wp-content\/uploads\/2022\/07\/BASILICOOO.png 500w\" data-lazy-sizes=\"(max-width: 150px) 100vw, 150px\" data-lazy-src=\"https:\/\/karera.lt\/wp-content\/uploads\/2022\/07\/BASILICOOO-150x150.png\" data-ll-status=\"loaded\" \/><br \/><strong>EKOLOGI\u0160KAS BAZILIK\u0172 EKSTRAKTAS IR BAZILIK\u0172 ETERINIS ALIEJUS<\/strong><br \/>Suteikia nauding\u0173 med\u017eiag\u0173, dr\u0117gm\u0117s ir \u017evilgesio plaukams. Tonizuoja ir stiprina silpnus plaukus. Bazilik\u0173 ekstraktas pasi\u017eymi atkurian\u010diu ir atgaivinan\u010diu poveikiu, taip pat skatina fizin\u012f ir psichologin\u012f atsipalaidavim\u0105.<\/p><p>\u00a0<\/p><div class=\"page\" title=\"Page 101\"><div class=\"layoutArea\"><div class=\"column\"><p><img loading=\"lazy\" decoding=\"async\" class=\"alignleft  wp-image-5428 entered lazyloaded\" src=\"https:\/\/karera.lt\/wp-content\/uploads\/2022\/07\/TIKMEDISSS-150x150.png\" sizes=\"auto, (max-width: 150px) 100vw, 150px\" srcset=\"https:\/\/karera.lt\/wp-content\/uploads\/2022\/07\/TIKMEDISSS-150x150.png 150w, https:\/\/karera.lt\/wp-content\/uploads\/2022\/07\/TIKMEDISSS-300x300.png 300w, https:\/\/karera.lt\/wp-content\/uploads\/2022\/07\/TIKMEDISSS.png 500w\" alt=\"\" width=\"99\" height=\"99\" data-lazy-srcset=\"https:\/\/karera.lt\/wp-content\/uploads\/2022\/07\/TIKMEDISSS-150x150.png 150w, https:\/\/karera.lt\/wp-content\/uploads\/2022\/07\/TIKMEDISSS-300x300.png 300w, https:\/\/karera.lt\/wp-content\/uploads\/2022\/07\/TIKMEDISSS.png 500w\" data-lazy-sizes=\"(max-width: 150px) 100vw, 150px\" data-lazy-src=\"https:\/\/karera.lt\/wp-content\/uploads\/2022\/07\/TIKMEDISSS-150x150.png\" data-ll-status=\"loaded\" \/><\/p><p><strong><br \/>GAUTI VADOVAUJANTIS ETINIAIS PRINCIPAIS TIKMEDIS IR RAUDONMEDIS<\/strong><br \/>Tikmed\u017eio ekstraktas da\u017enai naudojamas ajurvedin\u0117je medicinoje siekiant sustiprinti plauko struktu\u0304r\u0105 ir d\u0117l antibakterini\u0173 savybi\u0173. Raudonmedis \u2013 augalas, kuris da\u017enai naudojamas tradicin\u0117je afrikie\u010di\u0173 medicinoje d\u0117l plaukus energizuojan\u010di\u0173 ir pagyvinan\u010di\u0173 savybi\u0173.<\/p><\/div><\/div><\/div><\/div><\/div><\/div><\/div><\/div><\/div><\/div><\/div><\/div><p>\u00a0<\/p><div class=\"page\" title=\"Page 101\"><div class=\"layoutArea\"><div class=\"column\"><div class=\"page\" title=\"Page 101\"><div class=\"layoutArea\"><div class=\"column\"><p><img loading=\"lazy\" decoding=\"async\" class=\"alignleft  wp-image-5434 entered lazyloaded\" src=\"https:\/\/karera.lt\/wp-content\/uploads\/2022\/07\/IRISSS-150x150.png\" sizes=\"auto, (max-width: 150px) 100vw, 150px\" srcset=\"https:\/\/karera.lt\/wp-content\/uploads\/2022\/07\/IRISSS-150x150.png 150w, https:\/\/karera.lt\/wp-content\/uploads\/2022\/07\/IRISSS-300x300.png 300w, https:\/\/karera.lt\/wp-content\/uploads\/2022\/07\/IRISSS.png 500w\" alt=\"\" width=\"100\" height=\"100\" data-lazy-srcset=\"https:\/\/karera.lt\/wp-content\/uploads\/2022\/07\/IRISSS-150x150.png 150w, https:\/\/karera.lt\/wp-content\/uploads\/2022\/07\/IRISSS-300x300.png 300w, https:\/\/karera.lt\/wp-content\/uploads\/2022\/07\/IRISSS.png 500w\" data-lazy-sizes=\"(max-width: 150px) 100vw, 150px\" data-lazy-src=\"https:\/\/karera.lt\/wp-content\/uploads\/2022\/07\/IRISSS-150x150.png\" data-ll-status=\"loaded\" \/><br \/><strong>BIODINAMINIS VILKDALGI\u0172 EKSTRAKTAS<\/strong><br \/>Tai g\u0117l\u0117, kurioje gausu fitoestrogen\u0173, kurie gr\u0105\u017eina gyvyb\u0119 ir spindes\u012f praradusiems plaukams. \u0160akniastiebiai skatina l\u0105steli\u0173 atsinaujinim\u0105 ir regeneracij\u0105.<\/p><\/div><\/div><\/div><\/div><\/div><\/div><\/div><\/div><\/div>\t\t\t\t\t\t<\/div>\n\t\t\t\t<\/div>\n\t\t\t\t\t<\/div>\n\t\t<\/div>\n\t\t\t\t\t\t\t<\/div>\n\t\t<\/section>\n\t\t\t\t\t\t<\/div>\n\t\t\t\t\t<\/div>\n\t\t","protected":false},"excerpt":{"rendered":"<p>\u0160velniai valo nepa\u017eeid\u017eiant galvos odos hidrolipidin\u0117s dangos.\u00a0Atkuria chemi\u0161kai paveikt\u0173 ir pa\u017eeist\u0173 plauk\u0173 strukt\u016br\u0105.<br \/>\npH 4.0 \u2013 5.0<\/p>\n","protected":false},"featured_media":12384,"comment_status":"open","ping_status":"closed","template":"","meta":{"om_disable_all_campaigns":false},"product_brand":[],"product_cat":[125],"product_tag":[],"class_list":{"0":"post-12383","1":"product","2":"type-product","3":"status-publish","4":"has-post-thumbnail","6":"product_cat-plauku-vonele","8":"first","9":"instock","10":"shipping-taxable","11":"purchasable","12":"product-type-simple","13":"add-to-wishlist-before_image"},"aioseo_notices":[],"_links":{"self":[{"href":"https:\/\/kasperindre.lt\/index.php?rest_route=\/wp\/v2\/product\/12383","targetHints":{"allow":["GET"]}}],"collection":[{"href":"https:\/\/kasperindre.lt\/index.php?rest_route=\/wp\/v2\/product"}],"about":[{"href":"https:\/\/kasperindre.lt\/index.php?rest_route=\/wp\/v2\/types\/product"}],"replies":[{"embeddable":true,"href":"https:\/\/kasperindre.lt\/index.php?rest_route=%2Fwp%2Fv2%2Fcomments&post=12383"}],"version-history":[{"count":4,"href":"https:\/\/kasperindre.lt\/index.php?rest_route=\/wp\/v2\/product\/12383\/revisions"}],"predecessor-version":[{"id":12389,"href":"https:\/\/kasperindre.lt\/index.php?rest_route=\/wp\/v2\/product\/12383\/revisions\/12389"}],"wp:featuredmedia":[{"embeddable":true,"href":"https:\/\/kasperindre.lt\/index.php?rest_route=\/wp\/v2\/media\/12384"}],"wp:attachment":[{"href":"https:\/\/kasperindre.lt\/index.php?rest_route=%2Fwp%2Fv2%2Fmedia&parent=12383"}],"wp:term":[{"taxonomy":"product_brand","embeddable":true,"href":"https:\/\/kasperindre.lt\/index.php?rest_route=%2Fwp%2Fv2%2Fproduct_brand&post=12383"},{"taxonomy":"product_cat","embeddable":true,"href":"https:\/\/kasperindre.lt\/index.php?rest_route=%2Fwp%2Fv2%2Fproduct_cat&post=12383"},{"taxonomy":"product_tag","embeddable":true,"href":"https:\/\/kasperindre.lt\/index.php?rest_route=%2Fwp%2Fv2%2Fproduct_tag&post=12383"}],"curies":[{"name":"wp","href":"https:\/\/api.w.org\/{rel}","templated":true}]}}