{"id":12340,"date":"2024-11-21T13:09:55","date_gmt":"2024-11-21T13:09:55","guid":{"rendered":"https:\/\/kasperindre.lt\/?post_type=product&#038;p=12340"},"modified":"2024-11-21T13:11:58","modified_gmt":"2024-11-21T13:11:58","slug":"oway-valomasis-ir-drekinamasis-ranku-serumas-life-rugiada","status":"publish","type":"product","link":"https:\/\/kasperindre.lt\/?product=oway-valomasis-ir-drekinamasis-ranku-serumas-life-rugiada","title":{"rendered":"OWAY Valomasis ir dr\u0117kinamasis rank\u0173 serumas \u2013 life \/ Rugiada"},"content":{"rendered":"\t\t<div data-elementor-type=\"wp-post\" data-elementor-id=\"12340\" class=\"elementor elementor-12340\" data-elementor-settings=\"[]\">\n\t\t\t\t\t\t\t<div class=\"elementor-section-wrap\">\n\t\t\t\t\t\t\t<section class=\"elementor-section elementor-top-section elementor-element elementor-element-324e8d5a elementor-section-boxed elementor-section-height-default elementor-section-height-default qodef-elementor-content-no\" data-id=\"324e8d5a\" data-element_type=\"section\">\n\t\t\t\t\t\t<div class=\"elementor-container elementor-column-gap-default\">\n\t\t\t\t\t<div class=\"elementor-column elementor-col-100 elementor-top-column elementor-element elementor-element-39f49189\" data-id=\"39f49189\" data-element_type=\"column\">\n\t\t\t<div class=\"elementor-widget-wrap elementor-element-populated\">\n\t\t\t\t\t\t\t\t<div class=\"elementor-element elementor-element-100f6d96 elementor-widget elementor-widget-text-editor\" data-id=\"100f6d96\" data-element_type=\"widget\" data-widget_type=\"text-editor.default\">\n\t\t\t\t<div class=\"elementor-widget-container\">\n\t\t\t\t\t\t\t<h5><strong>Valomasis ir dr\u0117kinamasis rank\u0173 serumas<br \/><\/strong><\/h5><p>\u2022 Padaro rankas \u0161velnias, lygias ir \u0161ilkines.<span class=\"Apple-converted-space\"><br \/><\/span>\u2022 Itin efektyviai pa\u0161alina ne\u0161varumus.<br \/>\u2022 Greitai susigeria, nepalieka liku\u010di\u0173.<\/p><p>\u00a0<\/p><h5><strong>Kvapas<\/strong><\/h5><p>\u2022 Gaivus ir svaiginantis mi\u0161inys, kuriame dera sodrios ir jausmingos prieskoni\u0173 natos, gaivios ir citrusin\u0117s bergamot\u0117s, apelsin\u0173, mandarin\u0173 natos ir sald\u017eios bei \u017eolin\u0117s \u0161alavij\u0173 natos.<\/p><p><img loading=\"lazy\" decoding=\"async\" class=\"alignnone size-large wp-image-12107\" src=\"http:\/\/kasperindre.lt\/wp-content\/uploads\/2024\/11\/Screenshot-2024-11-18-at-16.27.55-1024x306.png\" alt=\"\" width=\"1024\" height=\"306\" srcset=\"https:\/\/kasperindre.lt\/wp-content\/uploads\/2024\/11\/Screenshot-2024-11-18-at-16.27.55-1024x306.png 1024w, https:\/\/kasperindre.lt\/wp-content\/uploads\/2024\/11\/Screenshot-2024-11-18-at-16.27.55-300x90.png 300w, https:\/\/kasperindre.lt\/wp-content\/uploads\/2024\/11\/Screenshot-2024-11-18-at-16.27.55-768x230.png 768w, https:\/\/kasperindre.lt\/wp-content\/uploads\/2024\/11\/Screenshot-2024-11-18-at-16.27.55-1536x459.png 1536w, https:\/\/kasperindre.lt\/wp-content\/uploads\/2024\/11\/Screenshot-2024-11-18-at-16.27.55-2048x612.png 2048w, https:\/\/kasperindre.lt\/wp-content\/uploads\/2024\/11\/Screenshot-2024-11-18-at-16.27.55-18x5.png 18w, https:\/\/kasperindre.lt\/wp-content\/uploads\/2024\/11\/Screenshot-2024-11-18-at-16.27.55-600x179.png 600w\" sizes=\"auto, (max-width: 1024px) 100vw, 1024px\" \/><\/p><h5 class=\"yikes-custom-woo-tab-title yikes-custom-woo-tab-title-naudojimas\">Naudojimas<\/h5><p>U\u017ela\u0161inkite kelis la\u0161us produkto ant rank\u0173 ir masa\u017euokite, kol visi\u0161kai \u012fsigers.<\/p><p>\u00a0<\/p><h5 class=\"yikes-custom-woo-tab-title yikes-custom-woo-tab-title-aktyvus-ingredientai\">Aktyv\u016bs ingredientai<\/h5><p><strong><img loading=\"lazy\" decoding=\"async\" class=\"alignleft  wp-image-5513 entered lazyloaded\" src=\"https:\/\/karera.lt\/wp-content\/uploads\/2022\/08\/TEAAA-150x150.png\" sizes=\"auto, (max-width: 150px) 100vw, 150px\" srcset=\"https:\/\/karera.lt\/wp-content\/uploads\/2022\/08\/TEAAA-150x150.png 150w, https:\/\/karera.lt\/wp-content\/uploads\/2022\/08\/TEAAA-300x300.png 300w, https:\/\/karera.lt\/wp-content\/uploads\/2022\/08\/TEAAA.png 500w\" alt=\"\" width=\"100\" height=\"100\" data-lazy-srcset=\"https:\/\/karera.lt\/wp-content\/uploads\/2022\/08\/TEAAA-150x150.png 150w, https:\/\/karera.lt\/wp-content\/uploads\/2022\/08\/TEAAA-300x300.png 300w, https:\/\/karera.lt\/wp-content\/uploads\/2022\/08\/TEAAA.png 500w\" data-lazy-sizes=\"(max-width: 150px) 100vw, 150px\" data-lazy-src=\"https:\/\/karera.lt\/wp-content\/uploads\/2022\/08\/TEAAA-150x150.png\" data-ll-status=\"loaded\" \/><br \/><\/strong><strong>ETI\u0160KAI SURINKTI ARBATMED\u017dIO LAPAI<\/strong><br \/>Arbatmed\u017eio eterinis aliejus i\u0161gaunamas i\u0161\u00a0<i>Melaleuca alternifolia<\/i>\u00a0\u2013\u00a0<i>Myrtaceae<\/i>\u00a0\u0161eimos augalo, kilusio i\u0161 Ryt\u0173 Australijos, \u2013 lap\u0173. Jis gerai \u017einomas ir vertinamas d\u0117l savo prie\u0161mikrobini\u0173 ir antibakterini\u0173 savybi\u0173; arbatmetis taip pat pasi\u017eymi prie\u0161grybelin\u0117mis savyb\u0117mis \u2013 buvo \u012frodyta, kad jis veikia prie\u0161 \u012fvairius grybelius ir mieles, galin\u010dius sukelti odos, gleivini\u0173 ir odos ataug\u0173 sutrikimus. Be prie\u0161mikrobini\u0173 savybi\u0173,\u00a0<i>Melaleuca<\/i>\u00a0aliejus taip pat pasi\u017eymi prie\u0161u\u017edegimin\u0117mis savyb\u0117mis.<\/p><p><strong><img loading=\"lazy\" decoding=\"async\" class=\"alignleft  wp-image-5425 entered lazyloaded\" src=\"https:\/\/karera.lt\/wp-content\/uploads\/2022\/07\/RICEEE-150x150.png\" sizes=\"auto, (max-width: 150px) 100vw, 150px\" srcset=\"https:\/\/karera.lt\/wp-content\/uploads\/2022\/07\/RICEEE-150x150.png 150w, https:\/\/karera.lt\/wp-content\/uploads\/2022\/07\/RICEEE-300x300.png 300w, https:\/\/karera.lt\/wp-content\/uploads\/2022\/07\/RICEEE.png 500w\" alt=\"\" width=\"100\" height=\"100\" data-lazy-srcset=\"https:\/\/karera.lt\/wp-content\/uploads\/2022\/07\/RICEEE-150x150.png 150w, https:\/\/karera.lt\/wp-content\/uploads\/2022\/07\/RICEEE-300x300.png 300w, https:\/\/karera.lt\/wp-content\/uploads\/2022\/07\/RICEEE.png 500w\" data-lazy-sizes=\"(max-width: 150px) 100vw, 150px\" data-lazy-src=\"https:\/\/karera.lt\/wp-content\/uploads\/2022\/07\/RICEEE-150x150.png\" data-ll-status=\"loaded\" \/><br \/>AUGALIN\u0116S KILM\u0116S RAMINAMASIS KOMPLEKAS<\/strong><br \/>Raminamojo komplekso pagrind\u0105 sudaro sald\u017ei\u0173j\u0173 migdol\u0173, agurkli\u0173, s\u0117men\u0173 ir alyvuogi\u0173 aliejai. Jame gausu riebi\u0173j\u0173 r\u016bg\u0161\u010di\u0173 (oleino, linolo, palmitino, alfa linoleno, gama linoleno ir skvaleno), o enzimi\u0161kai aktyvuotas jis geba atkurti odos \u0161velnum\u0105 ir elastingum\u0105, palaikyti optimali\u0105 odos dr\u0117gm\u0119 ir suteikti intensyv\u0173 antioksidacin\u012f poveik\u012f.<\/p><p>\u00a0<\/p><p><strong><img loading=\"lazy\" decoding=\"async\" class=\"alignleft  wp-image-5435 entered lazyloaded\" src=\"https:\/\/karera.lt\/wp-content\/uploads\/2022\/07\/CIOBRELIS-150x150.png\" sizes=\"auto, (max-width: 150px) 100vw, 150px\" srcset=\"https:\/\/karera.lt\/wp-content\/uploads\/2022\/07\/CIOBRELIS-150x150.png 150w, https:\/\/karera.lt\/wp-content\/uploads\/2022\/07\/CIOBRELIS-300x300.png 300w, https:\/\/karera.lt\/wp-content\/uploads\/2022\/07\/CIOBRELIS.png 500w\" alt=\"\" width=\"100\" height=\"100\" data-lazy-srcset=\"https:\/\/karera.lt\/wp-content\/uploads\/2022\/07\/CIOBRELIS-150x150.png 150w, https:\/\/karera.lt\/wp-content\/uploads\/2022\/07\/CIOBRELIS-300x300.png 300w, https:\/\/karera.lt\/wp-content\/uploads\/2022\/07\/CIOBRELIS.png 500w\" data-lazy-sizes=\"(max-width: 150px) 100vw, 150px\" data-lazy-src=\"https:\/\/karera.lt\/wp-content\/uploads\/2022\/07\/CIOBRELIS-150x150.png\" data-ll-status=\"loaded\" \/><\/strong><br \/><strong>\u201e0 MYLI\u0172\u201c BIODINAMINIS \u010cIOBRELIS<\/strong><br \/>Jame gausu sutraukian\u010di\u0173, prie\u0161u\u017edegimini\u0173 ir riebalus subalansuojan\u010di\u0173 savybi\u0173, jis taip pat pasi\u017eymi nat\u016braliu sen\u0117jim\u0105 stabdan\u010diu poveikiu, apsaugodamas odos strukt\u016bras nuo kenksming\u0173 oksidacijos reakcij\u0173.<\/p><p>\u00a0<\/p><p><strong><img loading=\"lazy\" decoding=\"async\" class=\"alignleft  wp-image-5512 entered lazyloaded\" src=\"https:\/\/karera.lt\/wp-content\/uploads\/2022\/08\/BERGAMOTE-150x150.png\" sizes=\"auto, (max-width: 150px) 100vw, 150px\" srcset=\"https:\/\/karera.lt\/wp-content\/uploads\/2022\/08\/BERGAMOTE-150x150.png 150w, https:\/\/karera.lt\/wp-content\/uploads\/2022\/08\/BERGAMOTE-300x300.png 300w, https:\/\/karera.lt\/wp-content\/uploads\/2022\/08\/BERGAMOTE.png 500w\" alt=\"\" width=\"100\" height=\"100\" data-lazy-srcset=\"https:\/\/karera.lt\/wp-content\/uploads\/2022\/08\/BERGAMOTE-150x150.png 150w, https:\/\/karera.lt\/wp-content\/uploads\/2022\/08\/BERGAMOTE-300x300.png 300w, https:\/\/karera.lt\/wp-content\/uploads\/2022\/08\/BERGAMOTE.png 500w\" data-lazy-sizes=\"(max-width: 150px) 100vw, 150px\" data-lazy-src=\"https:\/\/karera.lt\/wp-content\/uploads\/2022\/08\/BERGAMOTE-150x150.png\" data-ll-status=\"loaded\" \/><br \/>EKOLOGI\u0160KAS BERGAMO\u010cI\u0172 ALIEJUS<\/strong><br \/>Puikiai veikiantis antioksidantas, kuriame gausu vitamin\u0173. Suteikia plaukams \u017evilgesio ir detoksikuoja galvos od\u0105. Pasi\u017eymi od\u0105 valan\u010diomis ir energijos suteikian\u010diomis savyb\u0117mis.<\/p>\t\t\t\t\t\t<\/div>\n\t\t\t\t<\/div>\n\t\t\t\t\t<\/div>\n\t\t<\/div>\n\t\t\t\t\t\t\t<\/div>\n\t\t<\/section>\n\t\t\t\t\t\t<\/div>\n\t\t\t\t\t<\/div>\n\t\t","protected":false},"excerpt":{"rendered":"<p>Sud\u0117tyje yra PSO rekomenduojamas alkoholio kiekis (60\u201370 %). Dermatologi\u0161kai patikrintas. Tinka nikeliui alergi\u0161kiems \u017emon\u0117ms.<\/p>\n","protected":false},"featured_media":12341,"comment_status":"open","ping_status":"closed","template":"","meta":{"om_disable_all_campaigns":false},"product_brand":[],"product_cat":[44,42],"product_tag":[],"class_list":{"0":"post-12340","1":"product","2":"type-product","3":"status-publish","4":"has-post-thumbnail","6":"product_cat-mini-produktai","7":"product_cat-veido-ir-kuno-prieziura","9":"first","10":"instock","11":"shipping-taxable","12":"purchasable","13":"product-type-simple","14":"add-to-wishlist-before_image"},"aioseo_notices":[],"_links":{"self":[{"href":"https:\/\/kasperindre.lt\/index.php?rest_route=\/wp\/v2\/product\/12340","targetHints":{"allow":["GET"]}}],"collection":[{"href":"https:\/\/kasperindre.lt\/index.php?rest_route=\/wp\/v2\/product"}],"about":[{"href":"https:\/\/kasperindre.lt\/index.php?rest_route=\/wp\/v2\/types\/product"}],"replies":[{"embeddable":true,"href":"https:\/\/kasperindre.lt\/index.php?rest_route=%2Fwp%2Fv2%2Fcomments&post=12340"}],"version-history":[{"count":5,"href":"https:\/\/kasperindre.lt\/index.php?rest_route=\/wp\/v2\/product\/12340\/revisions"}],"predecessor-version":[{"id":12346,"href":"https:\/\/kasperindre.lt\/index.php?rest_route=\/wp\/v2\/product\/12340\/revisions\/12346"}],"wp:featuredmedia":[{"embeddable":true,"href":"https:\/\/kasperindre.lt\/index.php?rest_route=\/wp\/v2\/media\/12341"}],"wp:attachment":[{"href":"https:\/\/kasperindre.lt\/index.php?rest_route=%2Fwp%2Fv2%2Fmedia&parent=12340"}],"wp:term":[{"taxonomy":"product_brand","embeddable":true,"href":"https:\/\/kasperindre.lt\/index.php?rest_route=%2Fwp%2Fv2%2Fproduct_brand&post=12340"},{"taxonomy":"product_cat","embeddable":true,"href":"https:\/\/kasperindre.lt\/index.php?rest_route=%2Fwp%2Fv2%2Fproduct_cat&post=12340"},{"taxonomy":"product_tag","embeddable":true,"href":"https:\/\/kasperindre.lt\/index.php?rest_route=%2Fwp%2Fv2%2Fproduct_tag&post=12340"}],"curies":[{"name":"wp","href":"https:\/\/api.w.org\/{rel}","templated":true}]}}