{"id":12334,"date":"2024-11-21T13:05:43","date_gmt":"2024-11-21T13:05:43","guid":{"rendered":"https:\/\/kasperindre.lt\/?post_type=product&#038;p=12334"},"modified":"2024-11-21T13:07:54","modified_gmt":"2024-11-21T13:07:54","slug":"oway-kasdienio-naudojimo-nenuskalaujamas-tonikas-dailyact-phytoprotein-mist","status":"publish","type":"product","link":"https:\/\/kasperindre.lt\/?product=oway-kasdienio-naudojimo-nenuskalaujamas-tonikas-dailyact-phytoprotein-mist","title":{"rendered":"OWAY Kasdienio naudojimo nenuskalaujamas tonikas \u2013 dailyAct \/ Phytoprotein mist"},"content":{"rendered":"\t\t<div data-elementor-type=\"wp-post\" data-elementor-id=\"12334\" class=\"elementor elementor-12334\" data-elementor-settings=\"[]\">\n\t\t\t\t\t\t\t<div class=\"elementor-section-wrap\">\n\t\t\t\t\t\t\t<section class=\"elementor-section elementor-top-section elementor-element elementor-element-17559a4d elementor-section-boxed elementor-section-height-default elementor-section-height-default qodef-elementor-content-no\" data-id=\"17559a4d\" data-element_type=\"section\">\n\t\t\t\t\t\t<div class=\"elementor-container elementor-column-gap-default\">\n\t\t\t\t\t<div class=\"elementor-column elementor-col-100 elementor-top-column elementor-element elementor-element-6d5e60ad\" data-id=\"6d5e60ad\" data-element_type=\"column\">\n\t\t\t<div class=\"elementor-widget-wrap elementor-element-populated\">\n\t\t\t\t\t\t\t\t<div class=\"elementor-element elementor-element-6a38e641 elementor-widget elementor-widget-text-editor\" data-id=\"6a38e641\" data-element_type=\"widget\" data-widget_type=\"text-editor.default\">\n\t\t\t\t<div class=\"elementor-widget-container\">\n\t\t\t\t\t\t\t<h5><strong>Atgaivinanti ir gyvybingumo suteikianti kasdienio naudojimo priemon\u0117<\/strong><\/h5><p>\u2022 Plaukai akimirksniu tampa lengvai \u0161ukuojami ir gyvybingi.<br \/>\u2022 Maitina ir suteikia energijos.<br \/>\u2022 Apsaugo nuo i\u0161orini\u0173 veiksni\u0173 ir skilin\u0117jan\u010di\u0173 galiuk\u0173.<br \/>\u2022 Suteikia plaukams apimties ir gyvybingumo, o nuolat naudojant pastebimas vis ry\u0161kesnis poveikis.<\/p><p>\u00a0<\/p><h5><strong>Kam tinkama?<\/strong><\/h5><p>\u2022 Augalini\u0173 baltym\u0173 proced\u016bra, idealiai tinkanti nepalankiausi\u0173 s\u0105lyg\u0173 laikotarpiu ir gr\u0105\u017einanti plaukams tonus\u0105 ir gyvybingum\u0105.<br \/>\u2022 Hidrolizuoti augaliniai baltymai ir ekologi\u0161k\u0173 ka\u0161ton\u0173 baltymai suteikia apsaug\u0105, apimties ir energijos plaukams.<\/p><p>\u00a0<\/p><h5><strong>Aromat\u0173 puok\u0161t\u0117<br \/><\/strong><\/h5><p>\u2022 Tikrasis citrinmedis, apelsinmedis, greipfrutas, raudonasis pipiras.<br \/>\u2022 Gaivi\u0173 ir aromating\u0173 eterini\u0173 aliej\u0173 ansamblis, tinkantis kasdienai tiek vyrams, tiek moterims, greta \u0161velniai valan\u010dio ir normalizuojan\u010dio galvos od\u0105 poveikio.<br \/>\u2022 Aromaterapinis poveikis: suteikia gyvybingumo ir energijos.<\/p><p><img loading=\"lazy\" decoding=\"async\" class=\"alignnone size-large wp-image-12107\" src=\"http:\/\/kasperindre.lt\/wp-content\/uploads\/2024\/11\/Screenshot-2024-11-18-at-16.27.55-1024x306.png\" alt=\"\" width=\"1024\" height=\"306\" srcset=\"https:\/\/kasperindre.lt\/wp-content\/uploads\/2024\/11\/Screenshot-2024-11-18-at-16.27.55-1024x306.png 1024w, https:\/\/kasperindre.lt\/wp-content\/uploads\/2024\/11\/Screenshot-2024-11-18-at-16.27.55-300x90.png 300w, https:\/\/kasperindre.lt\/wp-content\/uploads\/2024\/11\/Screenshot-2024-11-18-at-16.27.55-768x230.png 768w, https:\/\/kasperindre.lt\/wp-content\/uploads\/2024\/11\/Screenshot-2024-11-18-at-16.27.55-1536x459.png 1536w, https:\/\/kasperindre.lt\/wp-content\/uploads\/2024\/11\/Screenshot-2024-11-18-at-16.27.55-2048x612.png 2048w, https:\/\/kasperindre.lt\/wp-content\/uploads\/2024\/11\/Screenshot-2024-11-18-at-16.27.55-18x5.png 18w, https:\/\/kasperindre.lt\/wp-content\/uploads\/2024\/11\/Screenshot-2024-11-18-at-16.27.55-600x179.png 600w\" sizes=\"auto, (max-width: 1024px) 100vw, 1024px\" \/><\/p><h5 class=\"yikes-custom-woo-tab-title yikes-custom-woo-tab-title-naudojimas\">Naudojimas<\/h5><p>Purk\u0161kite ant plauk\u0173 po kiekvieno plovimo arba naudokite ant saus\u0173 plauk\u0173 kad ir kasdien.<\/p><h5 class=\"yikes-custom-woo-tab-title yikes-custom-woo-tab-title-aktyvus-ingredientai\">Aktyv\u016bs ingredientai<\/h5><p><strong><br \/><img loading=\"lazy\" decoding=\"async\" class=\"alignleft  wp-image-5404 entered lazyloaded\" src=\"https:\/\/karera.lt\/wp-content\/uploads\/2021\/04\/LEMONA-150x150.png\" sizes=\"auto, (max-width: 150px) 100vw, 150px\" srcset=\"https:\/\/karera.lt\/wp-content\/uploads\/2021\/04\/LEMONA-150x150.png 150w, https:\/\/karera.lt\/wp-content\/uploads\/2021\/04\/LEMONA-300x300.png 300w, https:\/\/karera.lt\/wp-content\/uploads\/2021\/04\/LEMONA.png 500w\" alt=\"\" width=\"100\" height=\"100\" data-lazy-srcset=\"https:\/\/karera.lt\/wp-content\/uploads\/2021\/04\/LEMONA-150x150.png 150w, https:\/\/karera.lt\/wp-content\/uploads\/2021\/04\/LEMONA-300x300.png 300w, https:\/\/karera.lt\/wp-content\/uploads\/2021\/04\/LEMONA.png 500w\" data-lazy-sizes=\"(max-width: 150px) 100vw, 150px\" data-lazy-src=\"https:\/\/karera.lt\/wp-content\/uploads\/2021\/04\/LEMONA-150x150.png\" data-ll-status=\"loaded\" \/><br \/>BIODINAMINIS CITRIN\u0172 EKSTRAKTAS<\/strong><br \/>Viena seniausiai naudojam\u0173 vaisting\u0173j\u0173 augal\u0173 \u017eolininkyst\u0117je.\u00a0 Kaip vaistingasis augalas, pasi\u017eymi sutraukian\u010diomis ir valan\u010diomis savyb\u0117mis, o d\u0117l vitamino C antioksidacini\u0173 savybi\u0173 gr\u0105\u017eina \u017evilges\u012f ir gyvybingum\u0105 nublukusiems ir papilk\u0117jusiems plaukams.<\/p><p>\u00a0<\/p><p><img loading=\"lazy\" decoding=\"async\" class=\"alignleft  wp-image-5405 entered lazyloaded\" src=\"https:\/\/karera.lt\/wp-content\/uploads\/2021\/04\/TEAA-150x150.png\" sizes=\"auto, (max-width: 150px) 100vw, 150px\" srcset=\"https:\/\/karera.lt\/wp-content\/uploads\/2021\/04\/TEAA-150x150.png 150w, https:\/\/karera.lt\/wp-content\/uploads\/2021\/04\/TEAA-300x300.png 300w, https:\/\/karera.lt\/wp-content\/uploads\/2021\/04\/TEAA.png 500w\" alt=\"\" width=\"100\" height=\"100\" data-lazy-srcset=\"https:\/\/karera.lt\/wp-content\/uploads\/2021\/04\/TEAA-150x150.png 150w, https:\/\/karera.lt\/wp-content\/uploads\/2021\/04\/TEAA-300x300.png 300w, https:\/\/karera.lt\/wp-content\/uploads\/2021\/04\/TEAA.png 500w\" data-lazy-sizes=\"(max-width: 150px) 100vw, 150px\" data-lazy-src=\"https:\/\/karera.lt\/wp-content\/uploads\/2021\/04\/TEAA-150x150.png\" data-ll-status=\"loaded\" \/><\/p><p><strong><br \/>EKOLOGI\u0160KAS BALTOSIOS ARBATOS EKSTRAKTAS<\/strong><br \/>Polifenoliai veikia trejopai: stabdo sen\u0117jim\u0105, apsaugo nuo oksidacinio streso ir ramina sudirgint\u0105 galvos od\u0105. Baltoji arbata padeda absorbuoti aktyvi\u0105sias med\u017eiagas taip padidinant j\u0173 \u012fsiskverbim\u0105 ir efektyv\u0173 poveik\u012f plaukams.<\/p><p>\u00a0<\/p><p><strong><img loading=\"lazy\" decoding=\"async\" class=\"alignleft  wp-image-5406 entered lazyloaded\" src=\"https:\/\/karera.lt\/wp-content\/uploads\/2021\/04\/ARAZAA-150x150.png\" sizes=\"auto, (max-width: 150px) 100vw, 150px\" srcset=\"https:\/\/karera.lt\/wp-content\/uploads\/2021\/04\/ARAZAA-150x150.png 150w, https:\/\/karera.lt\/wp-content\/uploads\/2021\/04\/ARAZAA-300x300.png 300w, https:\/\/karera.lt\/wp-content\/uploads\/2021\/04\/ARAZAA.png 500w\" alt=\"\" width=\"100\" height=\"100\" data-lazy-srcset=\"https:\/\/karera.lt\/wp-content\/uploads\/2021\/04\/ARAZAA-150x150.png 150w, https:\/\/karera.lt\/wp-content\/uploads\/2021\/04\/ARAZAA-300x300.png 300w, https:\/\/karera.lt\/wp-content\/uploads\/2021\/04\/ARAZAA.png 500w\" data-lazy-sizes=\"(max-width: 150px) 100vw, 150px\" data-lazy-src=\"https:\/\/karera.lt\/wp-content\/uploads\/2021\/04\/ARAZAA-150x150.png\" data-ll-status=\"loaded\" \/><br \/>GAUTAS ETI\u0160KAIS B\u016aDAIS ANY\u017dI\u0172 S\u0116KL\u0172 EKSTRAKTAS<\/strong><br \/>Antibakterinis, antiseptinis ir raminantis.\u00a0<em>Backhousia Anisata<\/em>\u00a0yra subtropin\u0117je Australijoje augantis augalas. Priklausomai nuo galvos odos b\u016bkl\u0117s, jis intensyviai ramina ir subalansuoja.<\/p><p>\u00a0<\/p><div class=\"page\" title=\"Page 54\"><div class=\"layoutArea\"><div class=\"column\"><p><strong><img loading=\"lazy\" decoding=\"async\" class=\"alignleft  wp-image-5407 entered lazyloaded\" src=\"https:\/\/karera.lt\/wp-content\/uploads\/2021\/04\/CASTAGANOAA-150x150.png\" sizes=\"auto, (max-width: 150px) 100vw, 150px\" srcset=\"https:\/\/karera.lt\/wp-content\/uploads\/2021\/04\/CASTAGANOAA-150x150.png 150w, https:\/\/karera.lt\/wp-content\/uploads\/2021\/04\/CASTAGANOAA-300x300.png 300w, https:\/\/karera.lt\/wp-content\/uploads\/2021\/04\/CASTAGANOAA.png 500w\" alt=\"\" width=\"100\" height=\"100\" data-lazy-srcset=\"https:\/\/karera.lt\/wp-content\/uploads\/2021\/04\/CASTAGANOAA-150x150.png 150w, https:\/\/karera.lt\/wp-content\/uploads\/2021\/04\/CASTAGANOAA-300x300.png 300w, https:\/\/karera.lt\/wp-content\/uploads\/2021\/04\/CASTAGANOAA.png 500w\" data-lazy-sizes=\"(max-width: 150px) 100vw, 150px\" data-lazy-src=\"https:\/\/karera.lt\/wp-content\/uploads\/2021\/04\/CASTAGANOAA-150x150.png\" data-ll-status=\"loaded\" \/><br \/>EKOLOGI\u0160K\u0172 KA\u0160TON\u0172 BALTYMAI<\/strong><br \/>Ka\u0161tonai pasi\u017eymi gausybe kosmetini\u0173 savybi\u0173. \u0160ie baltymai suteikia ypatingo \u017evilgesio, o plaukai atrodo sveiki ir sudr\u0117kinti.<\/p><\/div><\/div><\/div>\t\t\t\t\t\t<\/div>\n\t\t\t\t<\/div>\n\t\t\t\t\t<\/div>\n\t\t<\/div>\n\t\t\t\t\t\t\t<\/div>\n\t\t<\/section>\n\t\t\t\t\t\t<\/div>\n\t\t\t\t\t<\/div>\n\t\t","protected":false},"excerpt":{"rendered":"<p>Plaukai akimirksniu tampa lengvai \u0161ukuojami ir gyvybingi. Maitina ir suteikia energijos. Apsaugo nuo i\u0161orini\u0173 veiksni\u0173 ir skilin\u0117jan\u010di\u0173 galiuk\u0173. Nuolat naudojant pastebimas vis ry\u0161kesnis poveikis.<br \/>\npH 5.0 \u2013 6.0<\/p>\n","protected":false},"featured_media":12335,"comment_status":"open","ping_status":"closed","template":"","meta":{"om_disable_all_campaigns":false},"product_brand":[],"product_cat":[39],"product_tag":[29],"class_list":{"0":"post-12334","1":"product","2":"type-product","3":"status-publish","4":"has-post-thumbnail","6":"product_cat-plauku-lakai-ir-purskikliai","7":"product_tag-siaustis-linke-plaukai","9":"first","10":"instock","11":"shipping-taxable","12":"purchasable","13":"product-type-simple","14":"add-to-wishlist-before_image"},"aioseo_notices":[],"_links":{"self":[{"href":"https:\/\/kasperindre.lt\/index.php?rest_route=\/wp\/v2\/product\/12334","targetHints":{"allow":["GET"]}}],"collection":[{"href":"https:\/\/kasperindre.lt\/index.php?rest_route=\/wp\/v2\/product"}],"about":[{"href":"https:\/\/kasperindre.lt\/index.php?rest_route=\/wp\/v2\/types\/product"}],"replies":[{"embeddable":true,"href":"https:\/\/kasperindre.lt\/index.php?rest_route=%2Fwp%2Fv2%2Fcomments&post=12334"}],"version-history":[{"count":4,"href":"https:\/\/kasperindre.lt\/index.php?rest_route=\/wp\/v2\/product\/12334\/revisions"}],"predecessor-version":[{"id":12339,"href":"https:\/\/kasperindre.lt\/index.php?rest_route=\/wp\/v2\/product\/12334\/revisions\/12339"}],"wp:featuredmedia":[{"embeddable":true,"href":"https:\/\/kasperindre.lt\/index.php?rest_route=\/wp\/v2\/media\/12335"}],"wp:attachment":[{"href":"https:\/\/kasperindre.lt\/index.php?rest_route=%2Fwp%2Fv2%2Fmedia&parent=12334"}],"wp:term":[{"taxonomy":"product_brand","embeddable":true,"href":"https:\/\/kasperindre.lt\/index.php?rest_route=%2Fwp%2Fv2%2Fproduct_brand&post=12334"},{"taxonomy":"product_cat","embeddable":true,"href":"https:\/\/kasperindre.lt\/index.php?rest_route=%2Fwp%2Fv2%2Fproduct_cat&post=12334"},{"taxonomy":"product_tag","embeddable":true,"href":"https:\/\/kasperindre.lt\/index.php?rest_route=%2Fwp%2Fv2%2Fproduct_tag&post=12334"}],"curies":[{"name":"wp","href":"https:\/\/api.w.org\/{rel}","templated":true}]}}