{"id":12326,"date":"2024-11-21T12:48:27","date_gmt":"2024-11-21T12:48:27","guid":{"rendered":"https:\/\/kasperindre.lt\/?post_type=product&#038;p=12326"},"modified":"2024-11-21T12:50:21","modified_gmt":"2024-11-21T12:50:21","slug":"oway-maitinanti-vonele-garbanotiems-plaukams-becurly-curly-hair-bath","status":"publish","type":"product","link":"https:\/\/kasperindre.lt\/?product=oway-maitinanti-vonele-garbanotiems-plaukams-becurly-curly-hair-bath","title":{"rendered":"OWAY Maitinanti vonel\u0117 garbanotiems plaukams \u2013 beCurly \/ Curly hair bath"},"content":{"rendered":"\t\t<div data-elementor-type=\"wp-post\" data-elementor-id=\"12326\" class=\"elementor elementor-12326\" data-elementor-settings=\"[]\">\n\t\t\t\t\t\t\t<div class=\"elementor-section-wrap\">\n\t\t\t\t\t\t\t<section class=\"elementor-section elementor-top-section elementor-element elementor-element-615af7b5 elementor-section-boxed elementor-section-height-default elementor-section-height-default qodef-elementor-content-no\" data-id=\"615af7b5\" data-element_type=\"section\">\n\t\t\t\t\t\t<div class=\"elementor-container elementor-column-gap-default\">\n\t\t\t\t\t<div class=\"elementor-column elementor-col-100 elementor-top-column elementor-element elementor-element-64b7ab06\" data-id=\"64b7ab06\" data-element_type=\"column\">\n\t\t\t<div class=\"elementor-widget-wrap elementor-element-populated\">\n\t\t\t\t\t\t\t\t<div class=\"elementor-element elementor-element-564c18c3 elementor-widget elementor-widget-text-editor\" data-id=\"564c18c3\" data-element_type=\"widget\" data-widget_type=\"text-editor.default\">\n\t\t\t\t<div class=\"elementor-widget-container\">\n\t\t\t\t\t\t\t<h5><strong>Maitinanti ir energijos suteikianti vonel\u0117 garbanotiems plaukams<\/strong><\/h5><p>\u2022 Valo garbanotus plaukus ir pasi\u017eymi intensyviu glotninamuoju poveikiu.<br \/>\u2022 Pary\u0161kina garbanas, bet palaiko optimal\u0173 dr\u0117kinim\u0105.<br \/>\u2022 Suteikia plaukams lankstumo ir pabr\u0117\u017eia garbanot\u0173 plauk\u0173 gro\u017e\u012f judant.<\/p><p>\u00a0<\/p><h5><strong>Kam tinkama?<br \/><\/strong><\/h5><p>\u2022 Palengvina d\u017eiovinimo proces\u0105, kai norima suformuoti garbanas ar lengvas tekst\u016bras.<br \/>\u2022 Tinka \u0161ukuosenai palaikyti po ilgalaikio sugarbanojimo proced\u016br\u0173.<\/p><p>\u00a0<\/p><h5><strong>Aromat\u0173 puok\u0161t\u0117<br \/><\/strong><\/h5><p>\u2022 Bergamot\u0117, apelsinas, imbieras, kedras, muskatas, mat\u0117.<br \/>\u2022 Ry\u0161kus ir pikanti\u0161kas aromatas intensyviai maitinan\u010diai linijai, kurios produktai suteikia ilgai i\u0161liekan\u010dio gyvybingumo ir kondicionuojant\u012f poveik\u012f garbanotiems ir banguotiems plaukams.<br \/>\u2022 Aromaterapinis poveikis: stimuliuojantis ir keliantis euforij\u0105.<\/p><h5><img loading=\"lazy\" decoding=\"async\" class=\"alignnone size-large wp-image-12107\" src=\"http:\/\/kasperindre.lt\/wp-content\/uploads\/2024\/11\/Screenshot-2024-11-18-at-16.27.55-1024x306.png\" alt=\"\" width=\"1024\" height=\"306\" srcset=\"https:\/\/kasperindre.lt\/wp-content\/uploads\/2024\/11\/Screenshot-2024-11-18-at-16.27.55-1024x306.png 1024w, https:\/\/kasperindre.lt\/wp-content\/uploads\/2024\/11\/Screenshot-2024-11-18-at-16.27.55-300x90.png 300w, https:\/\/kasperindre.lt\/wp-content\/uploads\/2024\/11\/Screenshot-2024-11-18-at-16.27.55-768x230.png 768w, https:\/\/kasperindre.lt\/wp-content\/uploads\/2024\/11\/Screenshot-2024-11-18-at-16.27.55-1536x459.png 1536w, https:\/\/kasperindre.lt\/wp-content\/uploads\/2024\/11\/Screenshot-2024-11-18-at-16.27.55-2048x612.png 2048w, https:\/\/kasperindre.lt\/wp-content\/uploads\/2024\/11\/Screenshot-2024-11-18-at-16.27.55-18x5.png 18w, https:\/\/kasperindre.lt\/wp-content\/uploads\/2024\/11\/Screenshot-2024-11-18-at-16.27.55-600x179.png 600w\" sizes=\"auto, (max-width: 1024px) 100vw, 1024px\" \/><\/h5><h5 class=\"yikes-custom-woo-tab-title yikes-custom-woo-tab-title-naudojimas\">Naudojimas<\/h5><div class=\"page\" title=\"Page 67\"><div class=\"layoutArea\"><div class=\"column\"><p>Paskirstykite ant dr\u0117gn\u0173 plauk\u0173, \u012ftrinkite masa\u017euojamaisiais judesiais ir nuskalaukite. Jei reikia, proced\u016br\u0105 pakartokite.<\/p><h5 class=\"yikes-custom-woo-tab-title yikes-custom-woo-tab-title-aktyvus-ingredientai\">Aktyv\u016bs ingredientai<\/h5><p><strong><img loading=\"lazy\" decoding=\"async\" class=\"alignleft  wp-image-5418 entered lazyloaded\" src=\"https:\/\/karera.lt\/wp-content\/uploads\/2022\/07\/ANDIROBAAA-150x150.png\" sizes=\"auto, (max-width: 150px) 100vw, 150px\" srcset=\"https:\/\/karera.lt\/wp-content\/uploads\/2022\/07\/ANDIROBAAA-150x150.png 150w, https:\/\/karera.lt\/wp-content\/uploads\/2022\/07\/ANDIROBAAA-300x300.png 300w, https:\/\/karera.lt\/wp-content\/uploads\/2022\/07\/ANDIROBAAA.png 500w\" alt=\"\" width=\"100\" height=\"100\" data-lazy-srcset=\"https:\/\/karera.lt\/wp-content\/uploads\/2022\/07\/ANDIROBAAA-150x150.png 150w, https:\/\/karera.lt\/wp-content\/uploads\/2022\/07\/ANDIROBAAA-300x300.png 300w, https:\/\/karera.lt\/wp-content\/uploads\/2022\/07\/ANDIROBAAA.png 500w\" data-lazy-sizes=\"(max-width: 150px) 100vw, 150px\" data-lazy-src=\"https:\/\/karera.lt\/wp-content\/uploads\/2022\/07\/ANDIROBAAA-150x150.png\" data-ll-status=\"loaded\" \/><br \/>VADOVAUJANTIS ETINIAIS PRINCIPAIS GAUTAS GVIANIN\u0116S KARAPOS ALIEJUS<\/strong><br \/>Vertinga kosmetikos produkt\u0173 sudedamoji dalis, pasi\u017eyminti i\u0161skirtin\u0117mis atkurian\u010diomis, dr\u0117kinan\u010diomis ir raminan\u010diomis savyb\u0117mis. Skatina plauk\u0173 augim\u0105. Puikiai tinka garbanotiems plaukams. Garbanos atrodo elastingos, mink\u0161tos ir pamaitintos<\/p><div class=\"page\" title=\"Page 66\"><div class=\"layoutArea\"><div class=\"column\"><div class=\"page\" title=\"Page 66\"><div class=\"layoutArea\"><div class=\"column\"><div class=\"page\" title=\"Page 66\"><p>\u00a0<\/p><div class=\"layoutArea\"><div class=\"column\"><p><strong><img loading=\"lazy\" decoding=\"async\" class=\"alignleft  wp-image-5419 entered lazyloaded\" src=\"https:\/\/karera.lt\/wp-content\/uploads\/2022\/07\/LIQUIRIZIAAA-150x150.png\" sizes=\"auto, (max-width: 150px) 100vw, 150px\" srcset=\"https:\/\/karera.lt\/wp-content\/uploads\/2022\/07\/LIQUIRIZIAAA-150x150.png 150w, https:\/\/karera.lt\/wp-content\/uploads\/2022\/07\/LIQUIRIZIAAA-300x300.png 300w, https:\/\/karera.lt\/wp-content\/uploads\/2022\/07\/LIQUIRIZIAAA.png 500w\" alt=\"\" width=\"100\" height=\"100\" data-lazy-srcset=\"https:\/\/karera.lt\/wp-content\/uploads\/2022\/07\/LIQUIRIZIAAA-150x150.png 150w, https:\/\/karera.lt\/wp-content\/uploads\/2022\/07\/LIQUIRIZIAAA-300x300.png 300w, https:\/\/karera.lt\/wp-content\/uploads\/2022\/07\/LIQUIRIZIAAA.png 500w\" data-lazy-sizes=\"(max-width: 150px) 100vw, 150px\" data-lazy-src=\"https:\/\/karera.lt\/wp-content\/uploads\/2022\/07\/LIQUIRIZIAAA-150x150.png\" data-ll-status=\"loaded\" \/><\/strong><\/p><p><strong><br \/>BIODINAMINIS SALDYMED\u017dIO EKSTRAKTAS<\/strong><br \/>\u0160iame ekstrakte esanti glicirizino r\u016bg\u0161tis aktyvina galvos odos mikrocirkuliacij\u0105 ir taip palengvina aktyvi\u0173j\u0173 med\u017eiag\u0173 \u012fsiskverbim\u0105, nuramina galvos odos raudon\u012f ir u\u017edegim\u0105.<\/p><div class=\"page\" title=\"Page 66\"><div class=\"layoutArea\"><div class=\"column\"><p>\u00a0<\/p><p><strong><img loading=\"lazy\" decoding=\"async\" class=\"alignleft  wp-image-5420 entered lazyloaded\" src=\"https:\/\/karera.lt\/wp-content\/uploads\/2022\/07\/IPERICOOO-150x150.png\" sizes=\"auto, (max-width: 150px) 100vw, 150px\" srcset=\"https:\/\/karera.lt\/wp-content\/uploads\/2022\/07\/IPERICOOO-150x150.png 150w, https:\/\/karera.lt\/wp-content\/uploads\/2022\/07\/IPERICOOO-300x300.png 300w, https:\/\/karera.lt\/wp-content\/uploads\/2022\/07\/IPERICOOO.png 500w\" alt=\"\" width=\"101\" height=\"101\" data-lazy-srcset=\"https:\/\/karera.lt\/wp-content\/uploads\/2022\/07\/IPERICOOO-150x150.png 150w, https:\/\/karera.lt\/wp-content\/uploads\/2022\/07\/IPERICOOO-300x300.png 300w, https:\/\/karera.lt\/wp-content\/uploads\/2022\/07\/IPERICOOO.png 500w\" data-lazy-sizes=\"(max-width: 150px) 100vw, 150px\" data-lazy-src=\"https:\/\/karera.lt\/wp-content\/uploads\/2022\/07\/IPERICOOO-150x150.png\" data-ll-status=\"loaded\" \/><br \/>EKOLOGI\u0160KAS JONA\u017dOL\u0116S EKSTRAKTAS<\/strong><br \/>Pagal \u017eolininkyst\u0117s tradicijas, jona\u017eol\u0117 laikoma ypatingu saul\u0117s augalu. Ji saugo, ramina ir apsaugo nuo laisv\u0173j\u0173 radikal\u0173 tuo pat metu saugodama plauk\u0173 jaunyst\u0119.<\/p><\/div><\/div><\/div><\/div><\/div><\/div><\/div><\/div><\/div><\/div><\/div><\/div><\/div><\/div><\/div>\t\t\t\t\t\t<\/div>\n\t\t\t\t<\/div>\n\t\t\t\t\t<\/div>\n\t\t<\/div>\n\t\t\t\t\t\t\t<\/div>\n\t\t<\/section>\n\t\t\t\t\t\t<\/div>\n\t\t\t\t\t<\/div>\n\t\t","protected":false},"excerpt":{"rendered":"<p>Valo garbanotus plaukus ir pasi\u017eymi intensyviu glotninamuoju poveikiu.\u00a0Pary\u0161kina garbanas, bet palaiko optimal\u0173 dr\u0117kinim\u0105.\u00a0Suteikia plaukams lankstumo ir pabr\u0117\u017eia garbanot\u0173 plauk\u0173 gro\u017e\u012f judant.<br \/>\npH 4.0 \u2013 5.0<\/p>\n","protected":false},"featured_media":12327,"comment_status":"open","ping_status":"closed","template":"","meta":{"om_disable_all_campaigns":false},"product_brand":[],"product_cat":[44,125],"product_tag":[33],"class_list":{"0":"post-12326","1":"product","2":"type-product","3":"status-publish","4":"has-post-thumbnail","6":"product_cat-mini-produktai","7":"product_cat-plauku-vonele","8":"product_tag-garbanoti-plaukai","10":"first","11":"instock","12":"shipping-taxable","13":"purchasable","14":"product-type-variable","15":"add-to-wishlist-before_image"},"aioseo_notices":[],"_links":{"self":[{"href":"https:\/\/kasperindre.lt\/index.php?rest_route=\/wp\/v2\/product\/12326","targetHints":{"allow":["GET"]}}],"collection":[{"href":"https:\/\/kasperindre.lt\/index.php?rest_route=\/wp\/v2\/product"}],"about":[{"href":"https:\/\/kasperindre.lt\/index.php?rest_route=\/wp\/v2\/types\/product"}],"replies":[{"embeddable":true,"href":"https:\/\/kasperindre.lt\/index.php?rest_route=%2Fwp%2Fv2%2Fcomments&post=12326"}],"version-history":[{"count":4,"href":"https:\/\/kasperindre.lt\/index.php?rest_route=\/wp\/v2\/product\/12326\/revisions"}],"predecessor-version":[{"id":12333,"href":"https:\/\/kasperindre.lt\/index.php?rest_route=\/wp\/v2\/product\/12326\/revisions\/12333"}],"wp:featuredmedia":[{"embeddable":true,"href":"https:\/\/kasperindre.lt\/index.php?rest_route=\/wp\/v2\/media\/12327"}],"wp:attachment":[{"href":"https:\/\/kasperindre.lt\/index.php?rest_route=%2Fwp%2Fv2%2Fmedia&parent=12326"}],"wp:term":[{"taxonomy":"product_brand","embeddable":true,"href":"https:\/\/kasperindre.lt\/index.php?rest_route=%2Fwp%2Fv2%2Fproduct_brand&post=12326"},{"taxonomy":"product_cat","embeddable":true,"href":"https:\/\/kasperindre.lt\/index.php?rest_route=%2Fwp%2Fv2%2Fproduct_cat&post=12326"},{"taxonomy":"product_tag","embeddable":true,"href":"https:\/\/kasperindre.lt\/index.php?rest_route=%2Fwp%2Fv2%2Fproduct_tag&post=12326"}],"curies":[{"name":"wp","href":"https:\/\/api.w.org\/{rel}","templated":true}]}}