{"id":12289,"date":"2024-11-21T12:13:19","date_gmt":"2024-11-21T12:13:19","guid":{"rendered":"https:\/\/kasperindre.lt\/?post_type=product&#038;p=12289"},"modified":"2024-11-21T12:16:05","modified_gmt":"2024-11-21T12:16:05","slug":"oway-plauku-saknu-pakelejas-xvolume-volumizing-root-spray","status":"publish","type":"product","link":"https:\/\/kasperindre.lt\/?product=oway-plauku-saknu-pakelejas-xvolume-volumizing-root-spray","title":{"rendered":"OWAY Plauk\u0173 \u0161akn\u0173 pak\u0117l\u0117jas \u2013 xVolume \/ Volumizing root spray"},"content":{"rendered":"\t\t<div data-elementor-type=\"wp-post\" data-elementor-id=\"12289\" class=\"elementor elementor-12289\" data-elementor-settings=\"[]\">\n\t\t\t\t\t\t\t<div class=\"elementor-section-wrap\">\n\t\t\t\t\t\t\t<section class=\"elementor-section elementor-top-section elementor-element elementor-element-7d9c17f0 elementor-section-boxed elementor-section-height-default elementor-section-height-default qodef-elementor-content-no\" data-id=\"7d9c17f0\" data-element_type=\"section\">\n\t\t\t\t\t\t<div class=\"elementor-container elementor-column-gap-default\">\n\t\t\t\t\t<div class=\"elementor-column elementor-col-100 elementor-top-column elementor-element elementor-element-754c25b4\" data-id=\"754c25b4\" data-element_type=\"column\">\n\t\t\t<div class=\"elementor-widget-wrap elementor-element-populated\">\n\t\t\t\t\t\t\t\t<div class=\"elementor-element elementor-element-598cd38f elementor-widget elementor-widget-text-editor\" data-id=\"598cd38f\" data-element_type=\"widget\" data-widget_type=\"text-editor.default\">\n\t\t\t\t<div class=\"elementor-widget-container\">\n\t\t\t\t\t\t\t<h5><strong>Tankinanti ir apimties suteikianti pur\u0161kiama priemon\u0117<\/strong><\/h5><p>\u2022 D\u0117l specialaus antgalio, priemon\u0117 pakelia plaukus nuo \u0161akn\u0173 iki galiuk\u0173 j\u0173 neapsunkinant.<br \/>\u2022 Garantuota didesn\u0117 apimtis net ir esant ploniausiems plaukams.<br \/>\u2022 Stiprina ir tankina.<br \/>\u2022 Suteikia \u0161ukuosenai fiksacij\u0105.<\/p><p>\u00a0<\/p><h5><strong>Kam tinkama?<\/strong><\/h5><p>\u2022 Priemon\u0117 naudojama tik centimetro nuo \u0161akn\u0173 srityje.<br \/>\u2022\u00a0D\u0117l specialaus dozavimo antgalio lengva paskirstyti priemon\u0119 ant \u0161akn\u0173.<br \/>\u2022 Priemon\u0117 taip pat idealiai tinka naudoti vyrams prie\u0161 plauk\u0173 d\u017eiovinim\u0105 norint sukurti didesn\u0117s apimties \u0161ukuosen\u0105.<br \/>\u2022 Kad \u0161ukuosena i\u0161likt\u0173 ilgiau, \u0161i\u0105 priemon\u0119 naudokite kartu su FLUX\u00a0 POTION serumu, kuris paskirstomas per vis\u0105 plauk\u0173 ilg\u012f.<br \/>\u2022 Polisacharidai i\u0161 liep\u017eied\u017ei\u0173 gerina kutikul\u0117s b\u016bkl\u0119 ir ma\u017eina plauk\u0173 elektrinim\u0105si.<\/p><p>\u00a0<\/p><h5><strong>Aromat\u0173 puok\u0161t\u0117<br \/><\/strong><\/h5><p>\u2022 Serentis, snaputis, mandarininis citrinmedis, kalendra.<br \/>\u2022 G\u0117liniai ir stimuliuojantys aromatai proced\u016br\u0173 sistemai, kuri tonizuoja ir stiprina plonus ir prigludusius plaukus.<br \/>\u2022 Aromaterapinis poveikis: raminantis ir stimuliuojantis intuicij\u0105.<\/p><p><img loading=\"lazy\" decoding=\"async\" class=\"alignnone size-large wp-image-12107\" src=\"http:\/\/kasperindre.lt\/wp-content\/uploads\/2024\/11\/Screenshot-2024-11-18-at-16.27.55-1024x306.png\" alt=\"\" width=\"1024\" height=\"306\" srcset=\"https:\/\/kasperindre.lt\/wp-content\/uploads\/2024\/11\/Screenshot-2024-11-18-at-16.27.55-1024x306.png 1024w, https:\/\/kasperindre.lt\/wp-content\/uploads\/2024\/11\/Screenshot-2024-11-18-at-16.27.55-300x90.png 300w, https:\/\/kasperindre.lt\/wp-content\/uploads\/2024\/11\/Screenshot-2024-11-18-at-16.27.55-768x230.png 768w, https:\/\/kasperindre.lt\/wp-content\/uploads\/2024\/11\/Screenshot-2024-11-18-at-16.27.55-1536x459.png 1536w, https:\/\/kasperindre.lt\/wp-content\/uploads\/2024\/11\/Screenshot-2024-11-18-at-16.27.55-2048x612.png 2048w, https:\/\/kasperindre.lt\/wp-content\/uploads\/2024\/11\/Screenshot-2024-11-18-at-16.27.55-18x5.png 18w, https:\/\/kasperindre.lt\/wp-content\/uploads\/2024\/11\/Screenshot-2024-11-18-at-16.27.55-600x179.png 600w\" sizes=\"auto, (max-width: 1024px) 100vw, 1024px\" \/><\/p><h5 class=\"yikes-custom-woo-tab-title yikes-custom-woo-tab-title-naudojimas\">Naudojimas<\/h5><p>Purk\u0161kite ant dr\u0117gn\u0173 plauk\u0173 daugiausia d\u0117mesio skiriant \u0161aknims. Kad \u0161ukuosena i\u0161likt\u0173 ilgiau, \u0161i\u0105 priemon\u0119 naudokite kartu su FLUX\u00a0 POTION serumu, kuris paskirstomas per vis\u0105 plauk\u0173 ilg\u012f.<\/p><h5 class=\"yikes-custom-woo-tab-title yikes-custom-woo-tab-title-aktyvus-ingredientai\">Aktyv\u016bs ingredientai<\/h5><p><strong><br \/><img loading=\"lazy\" decoding=\"async\" class=\"alignleft  wp-image-5409 entered lazyloaded\" src=\"https:\/\/karera.lt\/wp-content\/uploads\/2021\/04\/ACHILLEAAA-150x150.png\" sizes=\"auto, (max-width: 150px) 100vw, 150px\" srcset=\"https:\/\/karera.lt\/wp-content\/uploads\/2021\/04\/ACHILLEAAA-150x150.png 150w, https:\/\/karera.lt\/wp-content\/uploads\/2021\/04\/ACHILLEAAA-300x300.png 300w, https:\/\/karera.lt\/wp-content\/uploads\/2021\/04\/ACHILLEAAA.png 500w\" alt=\"\" width=\"100\" height=\"100\" data-lazy-srcset=\"https:\/\/karera.lt\/wp-content\/uploads\/2021\/04\/ACHILLEAAA-150x150.png 150w, https:\/\/karera.lt\/wp-content\/uploads\/2021\/04\/ACHILLEAAA-300x300.png 300w, https:\/\/karera.lt\/wp-content\/uploads\/2021\/04\/ACHILLEAAA.png 500w\" data-lazy-sizes=\"(max-width: 150px) 100vw, 150px\" data-lazy-src=\"https:\/\/karera.lt\/wp-content\/uploads\/2021\/04\/ACHILLEAAA-150x150.png\" data-ll-status=\"loaded\" \/><br \/>BIODINAMINIS KRAUJA\u017dOL\u0116S EKSTRAKTAS<\/strong><strong><br \/><\/strong>Krauja\u017eol\u0117 stimuliuoja kraujotak\u0105 galvos odoje ir sveik\u0173 plauk\u0173 augim\u0105. Tok\u012f poveik\u012f lemia krauja\u017eol\u0117je esantys flavonoidai, kurie padeda i\u0161laikyti sveik\u0105 plauk\u0173 strukt\u016br\u0105.<\/p><p>\u00a0<\/p><p>\u00a0<\/p><p><strong><img loading=\"lazy\" decoding=\"async\" class=\"alignleft  wp-image-5410 entered lazyloaded\" src=\"https:\/\/karera.lt\/wp-content\/uploads\/2021\/04\/AVENAAA-150x150.png\" sizes=\"auto, (max-width: 150px) 100vw, 150px\" srcset=\"https:\/\/karera.lt\/wp-content\/uploads\/2021\/04\/AVENAAA-150x150.png 150w, https:\/\/karera.lt\/wp-content\/uploads\/2021\/04\/AVENAAA-300x300.png 300w, https:\/\/karera.lt\/wp-content\/uploads\/2021\/04\/AVENAAA.png 500w\" alt=\"\" width=\"100\" height=\"100\" data-lazy-srcset=\"https:\/\/karera.lt\/wp-content\/uploads\/2021\/04\/AVENAAA-150x150.png 150w, https:\/\/karera.lt\/wp-content\/uploads\/2021\/04\/AVENAAA-300x300.png 300w, https:\/\/karera.lt\/wp-content\/uploads\/2021\/04\/AVENAAA.png 500w\" data-lazy-sizes=\"(max-width: 150px) 100vw, 150px\" data-lazy-src=\"https:\/\/karera.lt\/wp-content\/uploads\/2021\/04\/AVENAAA-150x150.png\" data-ll-status=\"loaded\" \/>ETINIAIS PRINCIPAIS VADOVAUJANTIS U\u017dAUGINT\u0172 VIOLETINI\u0172 RY\u017dI\u0172 EKSTRAKTAS<\/strong><br \/>Violetiniai ry\u017eiai, dar vadinami\u00a0<em>Khao Gram<\/em>, kil\u0119 i\u0161 tropini\u0173 ir subtropini\u0173 piet\u0173 Azijos \u0161ali\u0173. Juose itin gausu antocianidin\u0173, kurie ir suteikia jiems t\u0105 charaktering\u0105 violetin\u0119 spalv\u0105, pasi\u017eymin\u010di\u0173 stipriu antioksidaciniu poveikiu, padedan\u010diu apsaugoti plaukus nuo agresyvi\u0173 i\u0161or\u0117s veiksni\u0173.<\/p><p>\u00a0<\/p><p><strong><img loading=\"lazy\" decoding=\"async\" class=\"alignleft  wp-image-5411 entered lazyloaded\" src=\"https:\/\/karera.lt\/wp-content\/uploads\/2021\/04\/ZENZEROOO-150x150.png\" sizes=\"auto, (max-width: 150px) 100vw, 150px\" srcset=\"https:\/\/karera.lt\/wp-content\/uploads\/2021\/04\/ZENZEROOO-150x150.png 150w, https:\/\/karera.lt\/wp-content\/uploads\/2021\/04\/ZENZEROOO-300x300.png 300w, https:\/\/karera.lt\/wp-content\/uploads\/2021\/04\/ZENZEROOO.png 500w\" alt=\"\" width=\"100\" height=\"100\" data-lazy-srcset=\"https:\/\/karera.lt\/wp-content\/uploads\/2021\/04\/ZENZEROOO-150x150.png 150w, https:\/\/karera.lt\/wp-content\/uploads\/2021\/04\/ZENZEROOO-300x300.png 300w, https:\/\/karera.lt\/wp-content\/uploads\/2021\/04\/ZENZEROOO.png 500w\" data-lazy-sizes=\"(max-width: 150px) 100vw, 150px\" data-lazy-src=\"https:\/\/karera.lt\/wp-content\/uploads\/2021\/04\/ZENZEROOO-150x150.png\" data-ll-status=\"loaded\" \/><br \/>EKOLOGI\u0160KAS IMBIERO EKSTRAKTAS<\/strong><br \/>Stiprina plaukus stimuliuodamas mikrocirkuliacij\u0105, tod\u0117l d\u0117l geresn\u0117s kraujotakos geriau absorbuojamos naudingos med\u017eiagos. Pagal ajurvedin\u0119 tradicij\u0105 imbieras laikomas plauk\u0173 augim\u0105 simuliuojan\u010diu prieskoniu.<\/p>\t\t\t\t\t\t<\/div>\n\t\t\t\t<\/div>\n\t\t\t\t\t<\/div>\n\t\t<\/div>\n\t\t\t\t\t\t\t<\/div>\n\t\t<\/section>\n\t\t\t\t\t\t<\/div>\n\t\t\t\t\t<\/div>\n\t\t","protected":false},"excerpt":{"rendered":"<p>D\u0117l specialaus antgalio, priemon\u0117 pakelia plaukus nuo \u0161akn\u0173 iki galiuk\u0173 j\u0173 neapsunkinant.\u00a0Garantuota didesn\u0117 apimtis net ir esant ploniausiems plaukams.\u00a0Stiprina ir tankina.\u00a0Suteikia \u0161ukuosenai fiksacij\u0105.<br \/>\npH 6.0 \u2013 7.0<\/p>\n","protected":false},"featured_media":12290,"comment_status":"open","ping_status":"closed","template":"","meta":{"om_disable_all_campaigns":false},"product_brand":[],"product_cat":[39,43],"product_tag":[],"class_list":{"0":"post-12289","1":"product","2":"type-product","3":"status-publish","4":"has-post-thumbnail","6":"product_cat-plauku-lakai-ir-purskikliai","7":"product_cat-plauku-stilizavimo-priemones","9":"first","10":"instock","11":"shipping-taxable","12":"purchasable","13":"product-type-simple","14":"add-to-wishlist-before_image"},"aioseo_notices":[],"_links":{"self":[{"href":"https:\/\/kasperindre.lt\/index.php?rest_route=\/wp\/v2\/product\/12289","targetHints":{"allow":["GET"]}}],"collection":[{"href":"https:\/\/kasperindre.lt\/index.php?rest_route=\/wp\/v2\/product"}],"about":[{"href":"https:\/\/kasperindre.lt\/index.php?rest_route=\/wp\/v2\/types\/product"}],"replies":[{"embeddable":true,"href":"https:\/\/kasperindre.lt\/index.php?rest_route=%2Fwp%2Fv2%2Fcomments&post=12289"}],"version-history":[{"count":4,"href":"https:\/\/kasperindre.lt\/index.php?rest_route=\/wp\/v2\/product\/12289\/revisions"}],"predecessor-version":[{"id":12294,"href":"https:\/\/kasperindre.lt\/index.php?rest_route=\/wp\/v2\/product\/12289\/revisions\/12294"}],"wp:featuredmedia":[{"embeddable":true,"href":"https:\/\/kasperindre.lt\/index.php?rest_route=\/wp\/v2\/media\/12290"}],"wp:attachment":[{"href":"https:\/\/kasperindre.lt\/index.php?rest_route=%2Fwp%2Fv2%2Fmedia&parent=12289"}],"wp:term":[{"taxonomy":"product_brand","embeddable":true,"href":"https:\/\/kasperindre.lt\/index.php?rest_route=%2Fwp%2Fv2%2Fproduct_brand&post=12289"},{"taxonomy":"product_cat","embeddable":true,"href":"https:\/\/kasperindre.lt\/index.php?rest_route=%2Fwp%2Fv2%2Fproduct_cat&post=12289"},{"taxonomy":"product_tag","embeddable":true,"href":"https:\/\/kasperindre.lt\/index.php?rest_route=%2Fwp%2Fv2%2Fproduct_tag&post=12289"}],"curies":[{"name":"wp","href":"https:\/\/api.w.org\/{rel}","templated":true}]}}