{"id":12273,"date":"2024-11-20T17:07:57","date_gmt":"2024-11-20T17:07:57","guid":{"rendered":"https:\/\/kasperindre.lt\/?post_type=product&#038;p=12273"},"modified":"2024-11-20T17:10:15","modified_gmt":"2024-11-20T17:10:15","slug":"oway-nenuskalaujamas-glotninantis-kremas-smooth-smoothing-cream","status":"publish","type":"product","link":"https:\/\/kasperindre.lt\/?product=oway-nenuskalaujamas-glotninantis-kremas-smooth-smoothing-cream","title":{"rendered":"OWAY Nenuskalaujamas glotninantis kremas \u2013 smooth+ \/ Smoothing cream"},"content":{"rendered":"\t\t<div data-elementor-type=\"wp-post\" data-elementor-id=\"12273\" class=\"elementor elementor-12273\" data-elementor-settings=\"[]\">\n\t\t\t\t\t\t\t<div class=\"elementor-section-wrap\">\n\t\t\t\t\t\t\t<section class=\"elementor-section elementor-top-section elementor-element elementor-element-3cc7bca5 elementor-section-boxed elementor-section-height-default elementor-section-height-default qodef-elementor-content-no\" data-id=\"3cc7bca5\" data-element_type=\"section\">\n\t\t\t\t\t\t<div class=\"elementor-container elementor-column-gap-default\">\n\t\t\t\t\t<div class=\"elementor-column elementor-col-100 elementor-top-column elementor-element elementor-element-65e8354f\" data-id=\"65e8354f\" data-element_type=\"column\">\n\t\t\t<div class=\"elementor-widget-wrap elementor-element-populated\">\n\t\t\t\t\t\t\t\t<div class=\"elementor-element elementor-element-11a4d5e7 elementor-widget elementor-widget-text-editor\" data-id=\"11a4d5e7\" data-element_type=\"widget\" data-widget_type=\"text-editor.default\">\n\t\t\t\t<div class=\"elementor-widget-container\">\n\t\t\t\t\t\t\t<h5><strong>Nenuskalaujamas papildomai glotninantis kremas<\/strong><\/h5><p>\u2022 Intensyviai glotnina sunkiai suvaldomus storus ir nuolat mai\u0161taujan\u010dius plaukus.<br \/>\u2022 Stiprina plauko strukt\u016br\u0105 apsaugodamas nuo kar\u0161\u010dio \u0161altini\u0173.<br \/>\u2022 Suteikia lankstumo ir palengvina \u0161ukavim\u0105.<\/p><p>\u00a0<\/p><h5><strong>Kam tinkama?<\/strong><\/h5><p>\u2022 Pagreitina tiesi\u0173 plauk\u0173 \u0161ukuosen\u0173 formavim\u0105.<br \/>\u2022 Idealiai tinka sunkiai tramdomiems plaukams.<br \/>\u2022 \u0160i nenuplaunama priemon\u0117 padengia plauk\u0105 apsauginiu sluoksniu, saugan\u010diu nuo terminio ir aplinkos streso.<\/p><p>\u00a0<\/p><h5><strong>Aromat\u0173 puok\u0161t\u0117<br \/><\/strong><\/h5><p>\u2022 Kedras, bergamot\u0117, arbatmedis, kvapusis kanaris ir kvapioji bursera.<br \/>\u2022 Rafinuotas med\u017eio ir citrusini\u0173 nat\u0173 derinys glotnina ir suteikia plaukams tobul\u0105 \u017evilges\u012f bei apsaug\u0105.<br \/>\u2022 Aromaterapinis poveikis: nuteikia \u0161velniai ir su\u0161ildo.<\/p><p><img loading=\"lazy\" decoding=\"async\" class=\"alignnone size-large wp-image-12107\" src=\"http:\/\/kasperindre.lt\/wp-content\/uploads\/2024\/11\/Screenshot-2024-11-18-at-16.27.55-1024x306.png\" alt=\"\" width=\"1024\" height=\"306\" srcset=\"https:\/\/kasperindre.lt\/wp-content\/uploads\/2024\/11\/Screenshot-2024-11-18-at-16.27.55-1024x306.png 1024w, https:\/\/kasperindre.lt\/wp-content\/uploads\/2024\/11\/Screenshot-2024-11-18-at-16.27.55-300x90.png 300w, https:\/\/kasperindre.lt\/wp-content\/uploads\/2024\/11\/Screenshot-2024-11-18-at-16.27.55-768x230.png 768w, https:\/\/kasperindre.lt\/wp-content\/uploads\/2024\/11\/Screenshot-2024-11-18-at-16.27.55-1536x459.png 1536w, https:\/\/kasperindre.lt\/wp-content\/uploads\/2024\/11\/Screenshot-2024-11-18-at-16.27.55-2048x612.png 2048w, https:\/\/kasperindre.lt\/wp-content\/uploads\/2024\/11\/Screenshot-2024-11-18-at-16.27.55-18x5.png 18w, https:\/\/kasperindre.lt\/wp-content\/uploads\/2024\/11\/Screenshot-2024-11-18-at-16.27.55-600x179.png 600w\" sizes=\"auto, (max-width: 1024px) 100vw, 1024px\" \/><\/p><h5 class=\"yikes-custom-woo-tab-title yikes-custom-woo-tab-title-naudojimas\">Naudojimas<\/h5><p>Paskirstykite ant \u0161vari\u0173, dr\u0117gn\u0173 plauk\u0173, masa\u017euojamaisiais judesiais per vis\u0105 plauk\u0173 ilg\u012f. Toliau formuokite \u0161ukuosen\u0105 kaip \u012fprasta.<\/p><h5 class=\"yikes-custom-woo-tab-title yikes-custom-woo-tab-title-aktyvus-ingredientai\">Aktyv\u016bs ingredientai<\/h5><p>\u00a0<\/p><p><strong><img loading=\"lazy\" decoding=\"async\" class=\"alignleft  wp-image-5399 entered lazyloaded\" src=\"https:\/\/karera.lt\/wp-content\/uploads\/2021\/12\/CARVIII-1-150x150.png\" sizes=\"auto, (max-width: 150px) 100vw, 150px\" srcset=\"https:\/\/karera.lt\/wp-content\/uploads\/2021\/12\/CARVIII-1-150x150.png 150w, https:\/\/karera.lt\/wp-content\/uploads\/2021\/12\/CARVIII-1-300x300.png 300w, https:\/\/karera.lt\/wp-content\/uploads\/2021\/12\/CARVIII-1.png 500w\" alt=\"\" width=\"100\" height=\"100\" data-lazy-srcset=\"https:\/\/karera.lt\/wp-content\/uploads\/2021\/12\/CARVIII-1-150x150.png 150w, https:\/\/karera.lt\/wp-content\/uploads\/2021\/12\/CARVIII-1-300x300.png 300w, https:\/\/karera.lt\/wp-content\/uploads\/2021\/12\/CARVIII-1.png 500w\" data-lazy-sizes=\"(max-width: 150px) 100vw, 150px\" data-lazy-src=\"https:\/\/karera.lt\/wp-content\/uploads\/2021\/12\/CARVIII-1-150x150.png\" data-ll-status=\"loaded\" \/>BIODINAMINIS KMYN\u0172 EKSTRAKTAS<br \/><\/strong>Tai vienas seniausiai Europoje naudojam\u0173 prieskoni\u0173, pasi\u017eymintis stipriomis aromatin\u0117mis savyb\u0117mis, kurios atgaivina prot\u0105 ir su\u017eadina optimizm\u0105. Kmynai yra svarbus kompleksini\u0173 ir nat\u016brali\u0173 antioksidant\u0173, toki\u0173 kaip karotinas, liuteinas ir vitaminas E, \u0161altinis. Be to, jie pasi\u017eymi detoksikuojan\u010diomis savyb\u0117mis, kurios stimuliuoja galvos odos mikrocirkuliacij\u0105 ir valo plaukus.<\/p><p>\u00a0<\/p><p>\u00a0<\/p><p><strong><img loading=\"lazy\" decoding=\"async\" class=\"alignleft  wp-image-5398 entered lazyloaded\" src=\"https:\/\/karera.lt\/wp-content\/uploads\/2021\/12\/ROSAAA-1-150x150.png\" sizes=\"auto, (max-width: 150px) 100vw, 150px\" srcset=\"https:\/\/karera.lt\/wp-content\/uploads\/2021\/12\/ROSAAA-1-150x150.png 150w, https:\/\/karera.lt\/wp-content\/uploads\/2021\/12\/ROSAAA-1-300x300.png 300w, https:\/\/karera.lt\/wp-content\/uploads\/2021\/12\/ROSAAA-1.png 500w\" alt=\"\" width=\"100\" height=\"100\" data-lazy-srcset=\"https:\/\/karera.lt\/wp-content\/uploads\/2021\/12\/ROSAAA-1-150x150.png 150w, https:\/\/karera.lt\/wp-content\/uploads\/2021\/12\/ROSAAA-1-300x300.png 300w, https:\/\/karera.lt\/wp-content\/uploads\/2021\/12\/ROSAAA-1.png 500w\" data-lazy-sizes=\"(max-width: 150px) 100vw, 150px\" data-lazy-src=\"https:\/\/karera.lt\/wp-content\/uploads\/2021\/12\/ROSAAA-1-150x150.png\" data-ll-status=\"loaded\" \/>EKOLOGI\u0160KAS DAMASKO RO\u017dI\u0172 EKSTRATAS<br \/><\/strong>\u0160ios ro\u017e\u0117s, dar vadinamos \u201ero\u017ei\u0173 karaliene\u201c, lapeliuose yra didelis kiekis pektino, \u2013 med\u017eiagos, kuri \u017einoma d\u0117l savo dr\u0117kinan\u010di\u0173 ir hidroreguliacini\u0173 savybi\u0173, kurios palaiko optimali\u0105 plauk\u0173 dr\u0117gm\u0117s pusiausvyr\u0105. \u017diedlapiuose esantys antocianinai ir flavonoidai turi galing\u0105 antioksidacin\u012f poveik\u012f.<\/p><p>\u00a0<\/p><p><strong><img loading=\"lazy\" decoding=\"async\" class=\"alignleft wp-image-5397  entered lazyloaded\" src=\"https:\/\/karera.lt\/wp-content\/uploads\/2021\/12\/baobabbb-1-150x150.png\" sizes=\"auto, (max-width: 150px) 100vw, 150px\" srcset=\"https:\/\/karera.lt\/wp-content\/uploads\/2021\/12\/baobabbb-1-150x150.png 150w, https:\/\/karera.lt\/wp-content\/uploads\/2021\/12\/baobabbb-1-300x300.png 300w, https:\/\/karera.lt\/wp-content\/uploads\/2021\/12\/baobabbb-1.png 500w\" alt=\"\" width=\"100\" height=\"100\" data-lazy-srcset=\"https:\/\/karera.lt\/wp-content\/uploads\/2021\/12\/baobabbb-1-150x150.png 150w, https:\/\/karera.lt\/wp-content\/uploads\/2021\/12\/baobabbb-1-300x300.png 300w, https:\/\/karera.lt\/wp-content\/uploads\/2021\/12\/baobabbb-1.png 500w\" data-lazy-sizes=\"(max-width: 150px) 100vw, 150px\" data-lazy-src=\"https:\/\/karera.lt\/wp-content\/uploads\/2021\/12\/baobabbb-1-150x150.png\" data-ll-status=\"loaded\" \/><\/strong><\/p><p><strong><br \/>VADOVAUJANTIS ETINIAIS PRINCIPAIS GAUTAS BURITI VAISI\u0172 ALIEJUS<br \/><\/strong>I\u0161 Amazon\u0117s regiono kil\u0119s aliejus suformuoja barjer\u0105, reguliuojant\u012f med\u017eiag\u0173 mainus su i\u0161orine atmosfera, kuris padeda plaukams ilgiau i\u0161saugoti dr\u0117gm\u0119. Apsaugo plaukus nuo dehidravimo. Atgaivina plaukus suteikdamas gyvybingumo ir \u017evilgesio.<\/p>\t\t\t\t\t\t<\/div>\n\t\t\t\t<\/div>\n\t\t\t\t\t<\/div>\n\t\t<\/div>\n\t\t\t\t\t\t\t<\/div>\n\t\t<\/section>\n\t\t\t\t\t\t<\/div>\n\t\t\t\t\t<\/div>\n\t\t","protected":false},"excerpt":{"rendered":"<p>Intensyviai glotnina sunkiai suvaldomus storus ir nuolat mai\u0161taujan\u010dius plaukus. Stiprina plauko strukt\u016br\u0105 apsaugodamas nuo kar\u0161\u010dio \u0161altini\u0173. Suteikia lankstumo ir palengvina \u0161ukavim\u0105.<br \/>\npH 5.5 \u2013 6.5<\/p>\n","protected":false},"featured_media":12274,"comment_status":"open","ping_status":"closed","template":"","meta":{"om_disable_all_campaigns":false},"product_brand":[],"product_cat":[40],"product_tag":[],"class_list":{"0":"post-12273","1":"product","2":"type-product","3":"status-publish","4":"has-post-thumbnail","6":"product_cat-plauku-kremai","8":"first","9":"instock","10":"shipping-taxable","11":"purchasable","12":"product-type-simple","13":"add-to-wishlist-before_image"},"aioseo_notices":[],"_links":{"self":[{"href":"https:\/\/kasperindre.lt\/index.php?rest_route=\/wp\/v2\/product\/12273","targetHints":{"allow":["GET"]}}],"collection":[{"href":"https:\/\/kasperindre.lt\/index.php?rest_route=\/wp\/v2\/product"}],"about":[{"href":"https:\/\/kasperindre.lt\/index.php?rest_route=\/wp\/v2\/types\/product"}],"replies":[{"embeddable":true,"href":"https:\/\/kasperindre.lt\/index.php?rest_route=%2Fwp%2Fv2%2Fcomments&post=12273"}],"version-history":[{"count":4,"href":"https:\/\/kasperindre.lt\/index.php?rest_route=\/wp\/v2\/product\/12273\/revisions"}],"predecessor-version":[{"id":12278,"href":"https:\/\/kasperindre.lt\/index.php?rest_route=\/wp\/v2\/product\/12273\/revisions\/12278"}],"wp:featuredmedia":[{"embeddable":true,"href":"https:\/\/kasperindre.lt\/index.php?rest_route=\/wp\/v2\/media\/12274"}],"wp:attachment":[{"href":"https:\/\/kasperindre.lt\/index.php?rest_route=%2Fwp%2Fv2%2Fmedia&parent=12273"}],"wp:term":[{"taxonomy":"product_brand","embeddable":true,"href":"https:\/\/kasperindre.lt\/index.php?rest_route=%2Fwp%2Fv2%2Fproduct_brand&post=12273"},{"taxonomy":"product_cat","embeddable":true,"href":"https:\/\/kasperindre.lt\/index.php?rest_route=%2Fwp%2Fv2%2Fproduct_cat&post=12273"},{"taxonomy":"product_tag","embeddable":true,"href":"https:\/\/kasperindre.lt\/index.php?rest_route=%2Fwp%2Fv2%2Fproduct_tag&post=12273"}],"curies":[{"name":"wp","href":"https:\/\/api.w.org\/{rel}","templated":true}]}}