{"id":12261,"date":"2024-11-20T17:00:52","date_gmt":"2024-11-20T17:00:52","guid":{"rendered":"https:\/\/kasperindre.lt\/?post_type=product&#038;p=12261"},"modified":"2024-11-20T17:02:49","modified_gmt":"2024-11-20T17:02:49","slug":"oway-minkstinanti-ir-glotninanti-plauku-vonele-smooth-smoothing-hair-bath","status":"publish","type":"product","link":"https:\/\/kasperindre.lt\/?product=oway-minkstinanti-ir-glotninanti-plauku-vonele-smooth-smoothing-hair-bath","title":{"rendered":"OWAY Mink\u0161tinanti ir glotninanti plauk\u0173 vonel\u0117 \u2013 smooth+ \/ Smoothing hair bath"},"content":{"rendered":"\t\t<div data-elementor-type=\"wp-post\" data-elementor-id=\"12261\" class=\"elementor elementor-12261\" data-elementor-settings=\"[]\">\n\t\t\t\t\t\t\t<div class=\"elementor-section-wrap\">\n\t\t\t\t\t\t\t<section class=\"elementor-section elementor-top-section elementor-element elementor-element-4de8adf0 elementor-section-boxed elementor-section-height-default elementor-section-height-default qodef-elementor-content-no\" data-id=\"4de8adf0\" data-element_type=\"section\">\n\t\t\t\t\t\t<div class=\"elementor-container elementor-column-gap-default\">\n\t\t\t\t\t<div class=\"elementor-column elementor-col-100 elementor-top-column elementor-element elementor-element-7c174a12\" data-id=\"7c174a12\" data-element_type=\"column\">\n\t\t\t<div class=\"elementor-widget-wrap elementor-element-populated\">\n\t\t\t\t\t\t\t\t<div class=\"elementor-element elementor-element-513ffe1 elementor-widget elementor-widget-text-editor\" data-id=\"513ffe1\" data-element_type=\"widget\" data-widget_type=\"text-editor.default\">\n\t\t\t\t<div class=\"elementor-widget-container\">\n\t\t\t\t\t\t\t<h5><strong>Mink\u0161tinanti ir glotninanti plauk\u0173 vonel\u0117<\/strong><\/h5><p>\u2022 \u0160velniai valo sunkiai suvaldomus plaukus.<br \/>\u2022 I\u0161lygina kutikul\u0119 ir sustiprina \u017evilges\u012f.<br \/>\u2022 Padeda kontroliuoti apimt\u012f, kad plaukai b\u016bt\u0173 tobulai lyg\u016bs.<br \/>\u2022 Ties\u016bs ir tobulai\u00a0\u201esudrausminti\u201c plaukai.<\/p><p>\u00a0<\/p><h5><strong>Kam tinkama?<\/strong><\/h5><p>\u2022 Tinka ploniems, vidutinio storumo ir storiems plaukams.<br \/>\u2022 Idealiai tinka norint suma\u017einti plauk\u0173 apimt\u012f be chemini\u0173 proced\u016br\u0173.<\/p><p>\u00a0<\/p><h5>Aromat\u0173 puok\u0161t\u0117<\/h5><p>\u2022 Kedras, bergamot\u0117, arbatmedis, kvapusis kanaris ir kvapioji bursera.<br \/>\u2022 Rafinuotas med\u017eio ir citrusini\u0173 nat\u0173 derinys glotnina ir suteikia plaukams tobul\u0105 \u017evilges\u012f bei apsaug\u0105.<br \/>\u2022 Aromaterapinis poveikis: nuteikia \u0161velniai ir su\u0161ildo.<\/p><h5 class=\"yikes-custom-woo-tab-title yikes-custom-woo-tab-title-naudojimas\">Naudojimas<\/h5><p>Paskirstykite ant dr\u0117gn\u0173 plauk\u0173, \u012ftrinkite masa\u017euojamaisiais judesiais ir nuskalaukite. Jei\u00a0reikia, kartokite.<\/p><h5 class=\"yikes-custom-woo-tab-title yikes-custom-woo-tab-title-aktyvus-ingredientai\">Aktyv\u016bs ingredientai<\/h5><p>\u00a0<\/p><p>\u00a0<\/p><p><strong><img loading=\"lazy\" decoding=\"async\" class=\"alignleft  wp-image-5399 entered lazyloaded\" src=\"https:\/\/karera.lt\/wp-content\/uploads\/2021\/12\/CARVIII-1-150x150.png\" sizes=\"auto, (max-width: 150px) 100vw, 150px\" srcset=\"https:\/\/karera.lt\/wp-content\/uploads\/2021\/12\/CARVIII-1-150x150.png 150w, https:\/\/karera.lt\/wp-content\/uploads\/2021\/12\/CARVIII-1-300x300.png 300w, https:\/\/karera.lt\/wp-content\/uploads\/2021\/12\/CARVIII-1.png 500w\" alt=\"\" width=\"100\" height=\"100\" data-lazy-srcset=\"https:\/\/karera.lt\/wp-content\/uploads\/2021\/12\/CARVIII-1-150x150.png 150w, https:\/\/karera.lt\/wp-content\/uploads\/2021\/12\/CARVIII-1-300x300.png 300w, https:\/\/karera.lt\/wp-content\/uploads\/2021\/12\/CARVIII-1.png 500w\" data-lazy-sizes=\"(max-width: 150px) 100vw, 150px\" data-lazy-src=\"https:\/\/karera.lt\/wp-content\/uploads\/2021\/12\/CARVIII-1-150x150.png\" data-ll-status=\"loaded\" \/>BIODINAMINIS KMYN\u0172 EKSTRAKTAS<br \/><\/strong>Tai vienas seniausiai Europoje naudojam\u0173 prieskoni\u0173, pasi\u017eymintis stipriomis aromatin\u0117mis savyb\u0117mis, kurios atgaivina prot\u0105 ir su\u017eadina optimizm\u0105. Kmynai yra svarbus kompleksini\u0173 ir nat\u016brali\u0173 antioksidant\u0173, toki\u0173 kaip karotinas, liuteinas ir vitaminas E, \u0161altinis. Be to, jie pasi\u017eymi detoksikuojan\u010diomis savyb\u0117mis, kurios stimuliuoja galvos odos mikrocirkuliacij\u0105 ir valo plaukus.<\/p><p>\u00a0<\/p><p>\u00a0<\/p><p><strong><img loading=\"lazy\" decoding=\"async\" class=\"alignleft  wp-image-5398 entered lazyloaded\" src=\"https:\/\/karera.lt\/wp-content\/uploads\/2021\/12\/ROSAAA-1-150x150.png\" sizes=\"auto, (max-width: 150px) 100vw, 150px\" srcset=\"https:\/\/karera.lt\/wp-content\/uploads\/2021\/12\/ROSAAA-1-150x150.png 150w, https:\/\/karera.lt\/wp-content\/uploads\/2021\/12\/ROSAAA-1-300x300.png 300w, https:\/\/karera.lt\/wp-content\/uploads\/2021\/12\/ROSAAA-1.png 500w\" alt=\"\" width=\"100\" height=\"100\" data-lazy-srcset=\"https:\/\/karera.lt\/wp-content\/uploads\/2021\/12\/ROSAAA-1-150x150.png 150w, https:\/\/karera.lt\/wp-content\/uploads\/2021\/12\/ROSAAA-1-300x300.png 300w, https:\/\/karera.lt\/wp-content\/uploads\/2021\/12\/ROSAAA-1.png 500w\" data-lazy-sizes=\"(max-width: 150px) 100vw, 150px\" data-lazy-src=\"https:\/\/karera.lt\/wp-content\/uploads\/2021\/12\/ROSAAA-1-150x150.png\" data-ll-status=\"loaded\" \/>EKOLOGI\u0160KAS DAMASKO RO\u017dI\u0172 EKSTRATAS<br \/><\/strong>\u0160ios ro\u017e\u0117s, dar vadinamos \u201ero\u017ei\u0173 karaliene\u201c, lapeliuose yra didelis kiekis pektino, \u2013 med\u017eiagos, kuri \u017einoma d\u0117l savo dr\u0117kinan\u010di\u0173 ir hidroreguliacini\u0173 savybi\u0173, kurios palaiko optimali\u0105 plauk\u0173 dr\u0117gm\u0117s pusiausvyr\u0105. \u017diedlapiuose esantys antocianinai ir flavonoidai turi galing\u0105 antioksidacin\u012f poveik\u012f.<\/p><p>\u00a0<\/p><p><strong><img loading=\"lazy\" decoding=\"async\" class=\"alignleft wp-image-5397  entered lazyloaded\" src=\"https:\/\/karera.lt\/wp-content\/uploads\/2021\/12\/baobabbb-1-150x150.png\" sizes=\"auto, (max-width: 150px) 100vw, 150px\" srcset=\"https:\/\/karera.lt\/wp-content\/uploads\/2021\/12\/baobabbb-1-150x150.png 150w, https:\/\/karera.lt\/wp-content\/uploads\/2021\/12\/baobabbb-1-300x300.png 300w, https:\/\/karera.lt\/wp-content\/uploads\/2021\/12\/baobabbb-1.png 500w\" alt=\"\" width=\"100\" height=\"100\" data-lazy-srcset=\"https:\/\/karera.lt\/wp-content\/uploads\/2021\/12\/baobabbb-1-150x150.png 150w, https:\/\/karera.lt\/wp-content\/uploads\/2021\/12\/baobabbb-1-300x300.png 300w, https:\/\/karera.lt\/wp-content\/uploads\/2021\/12\/baobabbb-1.png 500w\" data-lazy-sizes=\"(max-width: 150px) 100vw, 150px\" data-lazy-src=\"https:\/\/karera.lt\/wp-content\/uploads\/2021\/12\/baobabbb-1-150x150.png\" data-ll-status=\"loaded\" \/><\/strong><\/p><p><strong><br \/>VADOVAUJANTIS ETINIAIS PRINCIPAIS GAUTAS BURITI VAISI\u0172 ALIEJUS<br \/><\/strong>I\u0161 Amazon\u0117s regiono kil\u0119s aliejus suformuoja barjer\u0105, reguliuojant\u012f med\u017eiag\u0173 mainus su i\u0161orine atmosfera, kuris padeda plaukams ilgiau i\u0161saugoti dr\u0117gm\u0119. Apsaugo plaukus nuo dehidravimo. Atgaivina plaukus suteikdamas gyvybingumo ir \u017evilgesio.<\/p>\t\t\t\t\t\t<\/div>\n\t\t\t\t<\/div>\n\t\t\t\t\t<\/div>\n\t\t<\/div>\n\t\t\t\t\t\t\t<\/div>\n\t\t<\/section>\n\t\t\t\t\t\t<\/div>\n\t\t\t\t\t<\/div>\n\t\t","protected":false},"excerpt":{"rendered":"<p>\u0160velniai valo sunkiai suvaldomus plaukus. I\u0161lygina kutikul\u0119 ir sustiprina \u017evilges\u012f. Padeda kontroliuoti apimt\u012f, kad plaukai b\u016bt\u0173 tobulai lyg\u016bs. Ties\u016bs ir tobulai \u201esudrausminti\u201c plaukai.<br \/>\npH 5.8 \u2013 6.3<\/p>\n","protected":false},"featured_media":12262,"comment_status":"open","ping_status":"closed","template":"","meta":{"om_disable_all_campaigns":false},"product_brand":[],"product_cat":[125],"product_tag":[],"class_list":{"0":"post-12261","1":"product","2":"type-product","3":"status-publish","4":"has-post-thumbnail","6":"product_cat-plauku-vonele","8":"first","9":"instock","10":"shipping-taxable","11":"purchasable","12":"product-type-simple","13":"add-to-wishlist-before_image"},"aioseo_notices":[],"_links":{"self":[{"href":"https:\/\/kasperindre.lt\/index.php?rest_route=\/wp\/v2\/product\/12261","targetHints":{"allow":["GET"]}}],"collection":[{"href":"https:\/\/kasperindre.lt\/index.php?rest_route=\/wp\/v2\/product"}],"about":[{"href":"https:\/\/kasperindre.lt\/index.php?rest_route=\/wp\/v2\/types\/product"}],"replies":[{"embeddable":true,"href":"https:\/\/kasperindre.lt\/index.php?rest_route=%2Fwp%2Fv2%2Fcomments&post=12261"}],"version-history":[{"count":4,"href":"https:\/\/kasperindre.lt\/index.php?rest_route=\/wp\/v2\/product\/12261\/revisions"}],"predecessor-version":[{"id":12266,"href":"https:\/\/kasperindre.lt\/index.php?rest_route=\/wp\/v2\/product\/12261\/revisions\/12266"}],"wp:featuredmedia":[{"embeddable":true,"href":"https:\/\/kasperindre.lt\/index.php?rest_route=\/wp\/v2\/media\/12262"}],"wp:attachment":[{"href":"https:\/\/kasperindre.lt\/index.php?rest_route=%2Fwp%2Fv2%2Fmedia&parent=12261"}],"wp:term":[{"taxonomy":"product_brand","embeddable":true,"href":"https:\/\/kasperindre.lt\/index.php?rest_route=%2Fwp%2Fv2%2Fproduct_brand&post=12261"},{"taxonomy":"product_cat","embeddable":true,"href":"https:\/\/kasperindre.lt\/index.php?rest_route=%2Fwp%2Fv2%2Fproduct_cat&post=12261"},{"taxonomy":"product_tag","embeddable":true,"href":"https:\/\/kasperindre.lt\/index.php?rest_route=%2Fwp%2Fv2%2Fproduct_tag&post=12261"}],"curies":[{"name":"wp","href":"https:\/\/api.w.org\/{rel}","templated":true}]}}