{"id":12219,"date":"2024-11-18T16:18:40","date_gmt":"2024-11-18T16:18:40","guid":{"rendered":"https:\/\/kasperindre.lt\/?post_type=product&#038;p=12219"},"modified":"2024-11-18T16:20:13","modified_gmt":"2024-11-18T16:20:13","slug":"oway-nenuskalaujamas-drekinamasis-kondicionierius-moisturizing-no-rinse-moist-conditioner","status":"publish","type":"product","link":"https:\/\/kasperindre.lt\/?product=oway-nenuskalaujamas-drekinamasis-kondicionierius-moisturizing-no-rinse-moist-conditioner","title":{"rendered":"OWAY Nenuskalaujamas dr\u0117kinamasis kondicionierius \u2013 moisturizing \/ No-rinse moist conditioner"},"content":{"rendered":"\t\t<div data-elementor-type=\"wp-post\" data-elementor-id=\"12219\" class=\"elementor elementor-12219\" data-elementor-settings=\"[]\">\n\t\t\t\t\t\t\t<div class=\"elementor-section-wrap\">\n\t\t\t\t\t\t\t<section class=\"elementor-section elementor-top-section elementor-element elementor-element-514f38c5 elementor-section-boxed elementor-section-height-default elementor-section-height-default qodef-elementor-content-no\" data-id=\"514f38c5\" data-element_type=\"section\">\n\t\t\t\t\t\t<div class=\"elementor-container elementor-column-gap-default\">\n\t\t\t\t\t<div class=\"elementor-column elementor-col-100 elementor-top-column elementor-element elementor-element-7c330e5d\" data-id=\"7c330e5d\" data-element_type=\"column\">\n\t\t\t<div class=\"elementor-widget-wrap elementor-element-populated\">\n\t\t\t\t\t\t\t\t<div class=\"elementor-element elementor-element-6406b7a6 elementor-widget elementor-widget-text-editor\" data-id=\"6406b7a6\" data-element_type=\"widget\" data-widget_type=\"text-editor.default\">\n\t\t\t\t<div class=\"elementor-widget-container\">\n\t\t\t\t\t\t\t<h5><strong>Maitinantis\u00a0nenuplaunamas mink\u0161tinantis pur\u0161kiamas kondicionierius<br \/><\/strong><\/h5><p>\u2022 Net ir itin sausi plaukai akimirksniu taps lengvai \u0161ukuojami<br \/>\u2022 Greitas ir gilus dr\u0117kinimas, nereikia nuskalauti.<br \/>\u2022 Pamaitinti ir \u0161veln\u016bs plaukai.<\/p><h5><strong>Kam tinkama?<br \/><\/strong><\/h5><p>\u2022 Paruo\u0161ia plaukus prie\u0161 formavim\u0105 optimizuojant formavimo priemoni\u0173 poveik\u012f.<br \/>\u2022 D\u017eiovinimo metu purk\u0161kite ant labiau pa\u017eeist\u0173 plauk\u0173 viet\u0173 \u2013 taip jie labiau \u017evilg\u0117s.<br \/>\u2022 D\u0117l sud\u0117tyje esan\u010dios med\u017eiagos, i\u0161gautos i\u0161 makadamij\u0173 aliejaus plaukai sudr\u0117kinami, o hidrolizuoti augaliniai baltymai suteikia apimties.<\/p><h5><strong>Aromat\u0173 puok\u0161t\u0117<br \/><\/strong><\/h5><p>\u2022 Vanil\u0117, cinamonas, apelsinmedis.<br \/>\u2022 Sodrios natos, jausmingas ir \u0161iek tiek pikanti\u0161kas aromatas. Maitinan\u010di\u0173 produkt\u0173 linija, atkurianti plauk\u0173 elastingum\u0105 ir suteikianti ilgalaik\u012f dr\u0117kinim\u0105.<br \/>\u2022 Aromaterapinis poveikis: atpalaiduojantis ir jausmingas.<\/p><p><img loading=\"lazy\" decoding=\"async\" class=\"alignnone size-large wp-image-12107\" src=\"http:\/\/kasperindre.lt\/wp-content\/uploads\/2024\/11\/Screenshot-2024-11-18-at-16.27.55-1024x306.png\" alt=\"\" width=\"1024\" height=\"306\" srcset=\"https:\/\/kasperindre.lt\/wp-content\/uploads\/2024\/11\/Screenshot-2024-11-18-at-16.27.55-1024x306.png 1024w, https:\/\/kasperindre.lt\/wp-content\/uploads\/2024\/11\/Screenshot-2024-11-18-at-16.27.55-300x90.png 300w, https:\/\/kasperindre.lt\/wp-content\/uploads\/2024\/11\/Screenshot-2024-11-18-at-16.27.55-768x230.png 768w, https:\/\/kasperindre.lt\/wp-content\/uploads\/2024\/11\/Screenshot-2024-11-18-at-16.27.55-1536x459.png 1536w, https:\/\/kasperindre.lt\/wp-content\/uploads\/2024\/11\/Screenshot-2024-11-18-at-16.27.55-2048x612.png 2048w, https:\/\/kasperindre.lt\/wp-content\/uploads\/2024\/11\/Screenshot-2024-11-18-at-16.27.55-18x5.png 18w, https:\/\/kasperindre.lt\/wp-content\/uploads\/2024\/11\/Screenshot-2024-11-18-at-16.27.55-600x179.png 600w\" sizes=\"auto, (max-width: 1024px) 100vw, 1024px\" \/><\/p><h5 class=\"yikes-custom-woo-tab-title yikes-custom-woo-tab-title-naudojimas\">Naudojimas<\/h5><p>Purk\u0161kite ant \u0161vari\u0173, rank\u0161luos\u010diu nusausint\u0173 plauk\u0173 tolygiai paskirstant per vis\u0105 plauk\u0173 ilg\u012f. Toliau formuokite \u0161ukuosen\u0105 kaip \u012fprasta.<\/p><h5 class=\"yikes-custom-woo-tab-title yikes-custom-woo-tab-title-aktyvus-ingredientai\">Aktyv\u016bs ingredientai<\/h5><div class=\"page\" title=\"Page 57\"><div class=\"layoutArea\"><div class=\"column\"><div class=\"page\" title=\"Page 57\"><div class=\"layoutArea\"><div class=\"column\"><div class=\"page\" title=\"Page 57\"><div class=\"layoutArea\"><div class=\"column\"><p><strong><img loading=\"lazy\" decoding=\"async\" class=\"alignleft  wp-image-5415 entered lazyloaded\" src=\"https:\/\/karera.lt\/wp-content\/uploads\/2021\/04\/BABASSUUU-150x150.png\" sizes=\"auto, (max-width: 150px) 100vw, 150px\" srcset=\"https:\/\/karera.lt\/wp-content\/uploads\/2021\/04\/BABASSUUU-150x150.png 150w, https:\/\/karera.lt\/wp-content\/uploads\/2021\/04\/BABASSUUU-300x300.png 300w, https:\/\/karera.lt\/wp-content\/uploads\/2021\/04\/BABASSUUU.png 500w\" alt=\"\" width=\"100\" height=\"100\" data-lazy-srcset=\"https:\/\/karera.lt\/wp-content\/uploads\/2021\/04\/BABASSUUU-150x150.png 150w, https:\/\/karera.lt\/wp-content\/uploads\/2021\/04\/BABASSUUU-300x300.png 300w, https:\/\/karera.lt\/wp-content\/uploads\/2021\/04\/BABASSUUU.png 500w\" data-lazy-sizes=\"(max-width: 150px) 100vw, 150px\" data-lazy-src=\"https:\/\/karera.lt\/wp-content\/uploads\/2021\/04\/BABASSUUU-150x150.png\" data-ll-status=\"loaded\" \/><br \/>SURFAKTANTAI, I\u0160GAUTI I\u0160 KOKOSO IR \u0160VELNAUS POVEIKIO KOSURFAKTANTAI, I\u0160GAUTI I\u0160 PUO\u0160NI\u0172J\u0172 ATALI\u0172 (BABASSU)<\/strong><br \/>Mes renkam\u0117s nat\u016braliais b\u016bdais i\u0161gautus surfaktantus (kokosas), kuriuos deriname su \u0161velnia ir sodria valan\u010di\u0105ja med\u017eiaga, pasi\u017eymin\u010dia mink\u0161tinan\u010diomis ir dr\u0117kinan\u010diomis savyb\u0117mis, kurios b\u016bdingos atali\u0173 aliejui, i\u0161 kurio ji ir i\u0161gauta, ir kuri itin tinka jautriai odai.<\/p><p>\u00a0<\/p><p><strong><img loading=\"lazy\" decoding=\"async\" class=\"alignleft  wp-image-5416 entered lazyloaded\" src=\"https:\/\/karera.lt\/wp-content\/uploads\/2021\/04\/MURUMURUUU-150x150.png\" sizes=\"auto, (max-width: 150px) 100vw, 150px\" srcset=\"https:\/\/karera.lt\/wp-content\/uploads\/2021\/04\/MURUMURUUU-150x150.png 150w, https:\/\/karera.lt\/wp-content\/uploads\/2021\/04\/MURUMURUUU-300x300.png 300w, https:\/\/karera.lt\/wp-content\/uploads\/2021\/04\/MURUMURUUU.png 500w\" alt=\"\" width=\"101\" height=\"101\" data-lazy-srcset=\"https:\/\/karera.lt\/wp-content\/uploads\/2021\/04\/MURUMURUUU-150x150.png 150w, https:\/\/karera.lt\/wp-content\/uploads\/2021\/04\/MURUMURUUU-300x300.png 300w, https:\/\/karera.lt\/wp-content\/uploads\/2021\/04\/MURUMURUUU.png 500w\" data-lazy-sizes=\"(max-width: 150px) 100vw, 150px\" data-lazy-src=\"https:\/\/karera.lt\/wp-content\/uploads\/2021\/04\/MURUMURUUU-150x150.png\" data-ll-status=\"loaded\" \/><br \/>GAUTAS ETI\u0160KAIS B\u016aDAIS MURU MURU SVIESTAS<br \/><\/strong>Muru Muru s\u0117klose yra sodraus baltymais turtingo sviesto, kuris atstato ir giliai maitina sausus, trapius ir pavargusius plaukus.\u00a0 Be to, d\u0117l sud\u0117tyje esan\u010dios Omega 9 nepakei\u010diamos riebal\u0173 r\u016bg\u0161ties, kuri skatina l\u0105steli\u0173 veikl\u0105, stiprinamas gynybos nuo aplinkos veiksni\u0173 mechanizmas.<\/p><\/div><\/div><\/div><p>\u00a0<\/p><p><strong><img loading=\"lazy\" decoding=\"async\" class=\"alignleft  wp-image-5417 entered lazyloaded\" src=\"https:\/\/karera.lt\/wp-content\/uploads\/2021\/04\/NOCEEE-150x150.png\" sizes=\"auto, (max-width: 150px) 100vw, 150px\" srcset=\"https:\/\/karera.lt\/wp-content\/uploads\/2021\/04\/NOCEEE-150x150.png 150w, https:\/\/karera.lt\/wp-content\/uploads\/2021\/04\/NOCEEE-300x300.png 300w, https:\/\/karera.lt\/wp-content\/uploads\/2021\/04\/NOCEEE.png 500w\" alt=\"\" width=\"100\" height=\"100\" data-lazy-srcset=\"https:\/\/karera.lt\/wp-content\/uploads\/2021\/04\/NOCEEE-150x150.png 150w, https:\/\/karera.lt\/wp-content\/uploads\/2021\/04\/NOCEEE-300x300.png 300w, https:\/\/karera.lt\/wp-content\/uploads\/2021\/04\/NOCEEE.png 500w\" data-lazy-sizes=\"(max-width: 150px) 100vw, 150px\" data-lazy-src=\"https:\/\/karera.lt\/wp-content\/uploads\/2021\/04\/NOCEEE-150x150.png\" data-ll-status=\"loaded\" \/><br \/>BIODINAMINIS LAZDYNO RIE\u0160UT\u0172 EKSTRAKTAS<\/strong><br \/>Sud\u0117tyje esantys fenoliai ir taninai mink\u0161tina ir atkuria plauko strukt\u016br\u0105, tod\u0117l plaukus lengva i\u0161\u0161ukuoti, taip pat saugo nuo laisv\u0173j\u0173 radikal\u0173 ir antioksidant\u0173 poveikio. Plaukai apsaugomi nuo \u017ealing\u0173 aplinkos veiksni\u0173.<\/p><\/div><\/div><\/div><\/div><\/div><\/div>\t\t\t\t\t\t<\/div>\n\t\t\t\t<\/div>\n\t\t\t\t\t<\/div>\n\t\t<\/div>\n\t\t\t\t\t\t\t<\/div>\n\t\t<\/section>\n\t\t\t\t\t\t<\/div>\n\t\t\t\t\t<\/div>\n\t\t","protected":false},"excerpt":{"rendered":"<p>Sausi plaukai akimirksniu tampa lengvai \u0161ukuojami. Plaukai tampa \u0161veln\u016bs ir nesivelia. Pamaitina ir stiprina neapsunkindami plauk\u0173. Greitas ir gilus dr\u0117kinimas, nereikia nuskalauti.<br \/>\npH 5.0 \u2013 6.0<\/p>\n","protected":false},"featured_media":12220,"comment_status":"open","ping_status":"closed","template":"","meta":{"om_disable_all_campaigns":false},"product_brand":[],"product_cat":[30],"product_tag":[71],"class_list":{"0":"post-12219","1":"product","2":"type-product","3":"status-publish","4":"has-post-thumbnail","6":"product_cat-kondicionieriai","7":"product_tag-sausi-plaukai","9":"first","10":"instock","11":"shipping-taxable","12":"purchasable","13":"product-type-simple","14":"add-to-wishlist-before_image"},"aioseo_notices":[],"_links":{"self":[{"href":"https:\/\/kasperindre.lt\/index.php?rest_route=\/wp\/v2\/product\/12219","targetHints":{"allow":["GET"]}}],"collection":[{"href":"https:\/\/kasperindre.lt\/index.php?rest_route=\/wp\/v2\/product"}],"about":[{"href":"https:\/\/kasperindre.lt\/index.php?rest_route=\/wp\/v2\/types\/product"}],"replies":[{"embeddable":true,"href":"https:\/\/kasperindre.lt\/index.php?rest_route=%2Fwp%2Fv2%2Fcomments&post=12219"}],"version-history":[{"count":4,"href":"https:\/\/kasperindre.lt\/index.php?rest_route=\/wp\/v2\/product\/12219\/revisions"}],"predecessor-version":[{"id":12224,"href":"https:\/\/kasperindre.lt\/index.php?rest_route=\/wp\/v2\/product\/12219\/revisions\/12224"}],"wp:featuredmedia":[{"embeddable":true,"href":"https:\/\/kasperindre.lt\/index.php?rest_route=\/wp\/v2\/media\/12220"}],"wp:attachment":[{"href":"https:\/\/kasperindre.lt\/index.php?rest_route=%2Fwp%2Fv2%2Fmedia&parent=12219"}],"wp:term":[{"taxonomy":"product_brand","embeddable":true,"href":"https:\/\/kasperindre.lt\/index.php?rest_route=%2Fwp%2Fv2%2Fproduct_brand&post=12219"},{"taxonomy":"product_cat","embeddable":true,"href":"https:\/\/kasperindre.lt\/index.php?rest_route=%2Fwp%2Fv2%2Fproduct_cat&post=12219"},{"taxonomy":"product_tag","embeddable":true,"href":"https:\/\/kasperindre.lt\/index.php?rest_route=%2Fwp%2Fv2%2Fproduct_tag&post=12219"}],"curies":[{"name":"wp","href":"https:\/\/api.w.org\/{rel}","templated":true}]}}