{"id":12149,"date":"2024-11-18T15:06:36","date_gmt":"2024-11-18T15:06:36","guid":{"rendered":"https:\/\/kasperindre.lt\/?post_type=product&#038;p=12149"},"modified":"2024-11-18T15:10:24","modified_gmt":"2024-11-18T15:10:24","slug":"oway-puoselejanti-kauke-pazeistiems-plaukams-rebuilding-rebuilding-hair-mask","status":"publish","type":"product","link":"https:\/\/kasperindre.lt\/?product=oway-puoselejanti-kauke-pazeistiems-plaukams-rebuilding-rebuilding-hair-mask","title":{"rendered":"OWAY Puosel\u0117janti kauk\u0117 pa\u017eeistiems plaukams \u2013 rebuilding \/ Rebuilding hair mask"},"content":{"rendered":"\t\t<div data-elementor-type=\"wp-post\" data-elementor-id=\"12149\" class=\"elementor elementor-12149\" data-elementor-settings=\"[]\">\n\t\t\t\t\t\t\t<div class=\"elementor-section-wrap\">\n\t\t\t\t\t\t\t<section class=\"elementor-section elementor-top-section elementor-element elementor-element-4989141c elementor-section-boxed elementor-section-height-default elementor-section-height-default qodef-elementor-content-no\" data-id=\"4989141c\" data-element_type=\"section\">\n\t\t\t\t\t\t<div class=\"elementor-container elementor-column-gap-default\">\n\t\t\t\t\t<div class=\"elementor-column elementor-col-100 elementor-top-column elementor-element elementor-element-78dcfa4b\" data-id=\"78dcfa4b\" data-element_type=\"column\">\n\t\t\t<div class=\"elementor-widget-wrap elementor-element-populated\">\n\t\t\t\t\t\t\t\t<div class=\"elementor-element elementor-element-177959c elementor-widget elementor-widget-text-editor\" data-id=\"177959c\" data-element_type=\"widget\" data-widget_type=\"text-editor.default\">\n\t\t\t\t<div class=\"elementor-widget-container\">\n\t\t\t\t\t\t\t<h5><strong>Puosel\u0117janti kauk\u0117 pa\u017eeistiems plaukams<br \/><\/strong><\/h5><p>\u2022 Atkuria baltymin\u0119 plauk\u0173 med\u017eiag\u0105, maitina, atkuria ir u\u017edaro kutikul\u0119.<br \/>\u2022 Mink\u0161ti, sudr\u0117kinti plaukai.<\/p><h5><strong>Kam tinkama?<br \/><\/strong><\/h5><p>\u2022 Veikia sinergi\u0161kai su atstatan\u010dia plauk\u0173 vonele; svarbu naudoti abu produktus.<br \/>\u2022 Siekiant geriausio rezultato, prie\u0161 tepant atstatan\u010di\u0105 plauk\u0173 kauk\u0119 kruop\u0161\u010diai nusausinkite plaukus rank\u0161luos\u010diu.<\/p><h5><strong>Aromat\u0173 puok\u0161t\u0117<br \/><\/strong><\/h5><p>\u2022 Levanda, bazilikas, tikrasis citrinmedis.<br \/>\u2022 \u0160velniai g\u0117lin\u0117 levand\u0173 nata deranti su a\u0161troku \u0161velniai salsvu bazilik\u0173 aromatu ir citrin\u0173 gaiva suteikia papildom\u0105 energijos pli\u016bpsn\u012f regeneruojan\u010di\u0173 ir gr\u0105\u017einan\u010di\u0173 plaukams \u017evilges\u012f produkt\u0173 linijai.<br \/>\u2022 Aromaterapinis poveikis: i\u0161valantis mintis, atpalaiduojantis ir tonizuojantis.<\/p><p><img loading=\"lazy\" decoding=\"async\" class=\"alignnone wp-image-12107 size-large\" src=\"http:\/\/kasperindre.lt\/wp-content\/uploads\/2024\/11\/Screenshot-2024-11-18-at-16.27.55-1024x306.png\" alt=\"\" width=\"1024\" height=\"306\" srcset=\"https:\/\/kasperindre.lt\/wp-content\/uploads\/2024\/11\/Screenshot-2024-11-18-at-16.27.55-1024x306.png 1024w, https:\/\/kasperindre.lt\/wp-content\/uploads\/2024\/11\/Screenshot-2024-11-18-at-16.27.55-300x90.png 300w, https:\/\/kasperindre.lt\/wp-content\/uploads\/2024\/11\/Screenshot-2024-11-18-at-16.27.55-768x230.png 768w, https:\/\/kasperindre.lt\/wp-content\/uploads\/2024\/11\/Screenshot-2024-11-18-at-16.27.55-1536x459.png 1536w, https:\/\/kasperindre.lt\/wp-content\/uploads\/2024\/11\/Screenshot-2024-11-18-at-16.27.55-2048x612.png 2048w, https:\/\/kasperindre.lt\/wp-content\/uploads\/2024\/11\/Screenshot-2024-11-18-at-16.27.55-18x5.png 18w, https:\/\/kasperindre.lt\/wp-content\/uploads\/2024\/11\/Screenshot-2024-11-18-at-16.27.55-600x179.png 600w\" sizes=\"auto, (max-width: 1024px) 100vw, 1024px\" \/><\/p><h5 class=\"yikes-custom-woo-tab-title yikes-custom-woo-tab-title-naudojimas\">Naudojimas<\/h5><div class=\"page\" title=\"Page 103\"><div class=\"layoutArea\"><div class=\"column\"><p>Paskirstykite ant dr\u0117gn\u0173 plauk\u0173. Tolygiai\u00a0paskirstykite ir palikite 5-10 minutes. Nuskalaukite.<\/p><h5 class=\"yikes-custom-woo-tab-title yikes-custom-woo-tab-title-aktyvus-ingredientai\">Aktyv\u016bs ingredientai<\/h5><div class=\"page\" title=\"Page 101\"><div class=\"layoutArea\"><div class=\"column\"><p>\u00a0<\/p><\/div><\/div><\/div><div class=\"page\" title=\"Page 101\"><div class=\"layoutArea\"><div class=\"column\"><div class=\"page\" title=\"Page 101\"><div class=\"layoutArea\"><div class=\"column\"><p><img loading=\"lazy\" decoding=\"async\" class=\"alignleft  wp-image-5422 entered lazyloaded\" src=\"https:\/\/karera.lt\/wp-content\/uploads\/2022\/07\/LEVANDAAA-150x150.png\" sizes=\"auto, (max-width: 150px) 100vw, 150px\" srcset=\"https:\/\/karera.lt\/wp-content\/uploads\/2022\/07\/LEVANDAAA-150x150.png 150w, https:\/\/karera.lt\/wp-content\/uploads\/2022\/07\/LEVANDAAA-300x300.png 300w, https:\/\/karera.lt\/wp-content\/uploads\/2022\/07\/LEVANDAAA.png 500w\" alt=\"\" width=\"100\" height=\"100\" data-lazy-srcset=\"https:\/\/karera.lt\/wp-content\/uploads\/2022\/07\/LEVANDAAA-150x150.png 150w, https:\/\/karera.lt\/wp-content\/uploads\/2022\/07\/LEVANDAAA-300x300.png 300w, https:\/\/karera.lt\/wp-content\/uploads\/2022\/07\/LEVANDAAA.png 500w\" data-lazy-sizes=\"(max-width: 150px) 100vw, 150px\" data-lazy-src=\"https:\/\/karera.lt\/wp-content\/uploads\/2022\/07\/LEVANDAAA-150x150.png\" data-ll-status=\"loaded\" \/><br \/>BIODINAMINIS LEVAND\u0172 ETERINIS ALIEJUS<br \/>Atkuria ir subalansuoja galvos od\u0105, plaukus ir bendrai vis\u0105 k\u016bn\u0105. Turi gaivinant\u012f, tonizuojant\u012f ir raminant\u012f poveik\u012f galvos odai ir plaukams. Aromaterapinis aromatas atpalaiduoja ir sukelia ramyb\u0117s jausm\u0105.<\/p><div class=\"page\" title=\"Page 101\"><div class=\"layoutArea\"><div class=\"column\"><p>\u00a0<\/p><p><img loading=\"lazy\" decoding=\"async\" class=\"alignleft  wp-image-5433 entered lazyloaded\" src=\"https:\/\/karera.lt\/wp-content\/uploads\/2022\/07\/BASILICOOO-150x150.png\" sizes=\"auto, (max-width: 150px) 100vw, 150px\" srcset=\"https:\/\/karera.lt\/wp-content\/uploads\/2022\/07\/BASILICOOO-150x150.png 150w, https:\/\/karera.lt\/wp-content\/uploads\/2022\/07\/BASILICOOO-300x300.png 300w, https:\/\/karera.lt\/wp-content\/uploads\/2022\/07\/BASILICOOO.png 500w\" alt=\"\" width=\"100\" height=\"100\" data-lazy-srcset=\"https:\/\/karera.lt\/wp-content\/uploads\/2022\/07\/BASILICOOO-150x150.png 150w, https:\/\/karera.lt\/wp-content\/uploads\/2022\/07\/BASILICOOO-300x300.png 300w, https:\/\/karera.lt\/wp-content\/uploads\/2022\/07\/BASILICOOO.png 500w\" data-lazy-sizes=\"(max-width: 150px) 100vw, 150px\" data-lazy-src=\"https:\/\/karera.lt\/wp-content\/uploads\/2022\/07\/BASILICOOO-150x150.png\" data-ll-status=\"loaded\" \/><br \/>EKOLOGI\u0160KAS BAZILIK\u0172 EKSTRAKTAS IR BAZILIK\u0172 ETERINIS ALIEJUS<br \/>Suteikia nauding\u0173 med\u017eiag\u0173, dr\u0117gm\u0117s ir \u017evilgesio plaukams. Tonizuoja ir stiprina silpnus plaukus. Bazilik\u0173 ekstraktas pasi\u017eymi atkurian\u010diu ir atgaivinan\u010diu poveikiu, taip pat skatina fizin\u012f ir psichologin\u012f atsipalaidavim\u0105.<\/p><p>\u00a0<\/p><div class=\"page\" title=\"Page 101\"><div class=\"layoutArea\"><div class=\"column\"><p><img loading=\"lazy\" decoding=\"async\" class=\"alignleft  wp-image-5428 entered lazyloaded\" src=\"https:\/\/karera.lt\/wp-content\/uploads\/2022\/07\/TIKMEDISSS-150x150.png\" sizes=\"auto, (max-width: 150px) 100vw, 150px\" srcset=\"https:\/\/karera.lt\/wp-content\/uploads\/2022\/07\/TIKMEDISSS-150x150.png 150w, https:\/\/karera.lt\/wp-content\/uploads\/2022\/07\/TIKMEDISSS-300x300.png 300w, https:\/\/karera.lt\/wp-content\/uploads\/2022\/07\/TIKMEDISSS.png 500w\" alt=\"\" width=\"100\" height=\"100\" data-lazy-srcset=\"https:\/\/karera.lt\/wp-content\/uploads\/2022\/07\/TIKMEDISSS-150x150.png 150w, https:\/\/karera.lt\/wp-content\/uploads\/2022\/07\/TIKMEDISSS-300x300.png 300w, https:\/\/karera.lt\/wp-content\/uploads\/2022\/07\/TIKMEDISSS.png 500w\" data-lazy-sizes=\"(max-width: 150px) 100vw, 150px\" data-lazy-src=\"https:\/\/karera.lt\/wp-content\/uploads\/2022\/07\/TIKMEDISSS-150x150.png\" data-ll-status=\"loaded\" \/><strong><br \/><\/strong>GAUTI VADOVAUJANTIS ETINIAIS PRINCIPAIS TIKMEDIS IR RAUDONMEDIS<br \/>Tikmed\u017eio ekstraktas da\u017enai naudojamas ajurvedin\u0117je medicinoje siekiant sustiprinti plauko struktu\u0304r\u0105 ir d\u0117l antibakterini\u0173 savybi\u0173. Raudonmedis \u2013 augalas, kuris da\u017enai naudojamas tradicin\u0117je afrikie\u010di\u0173 medicinoje d\u0117l plaukus energizuojan\u010di\u0173 ir pagyvinan\u010di\u0173 savybi\u0173.<\/p><p>\u00a0<\/p><\/div><\/div><\/div><\/div><\/div><\/div><\/div><\/div><\/div><\/div><\/div><\/div><div class=\"page\" title=\"Page 101\"><div class=\"layoutArea\"><div class=\"column\"><div class=\"page\" title=\"Page 101\"><div class=\"layoutArea\"><div class=\"column\"><p><img loading=\"lazy\" decoding=\"async\" class=\"alignleft  wp-image-5434 entered lazyloaded\" src=\"https:\/\/karera.lt\/wp-content\/uploads\/2022\/07\/IRISSS-150x150.png\" sizes=\"auto, (max-width: 150px) 100vw, 150px\" srcset=\"https:\/\/karera.lt\/wp-content\/uploads\/2022\/07\/IRISSS-150x150.png 150w, https:\/\/karera.lt\/wp-content\/uploads\/2022\/07\/IRISSS-300x300.png 300w, https:\/\/karera.lt\/wp-content\/uploads\/2022\/07\/IRISSS.png 500w\" alt=\"\" width=\"100\" height=\"100\" data-lazy-srcset=\"https:\/\/karera.lt\/wp-content\/uploads\/2022\/07\/IRISSS-150x150.png 150w, https:\/\/karera.lt\/wp-content\/uploads\/2022\/07\/IRISSS-300x300.png 300w, https:\/\/karera.lt\/wp-content\/uploads\/2022\/07\/IRISSS.png 500w\" data-lazy-sizes=\"(max-width: 150px) 100vw, 150px\" data-lazy-src=\"https:\/\/karera.lt\/wp-content\/uploads\/2022\/07\/IRISSS-150x150.png\" data-ll-status=\"loaded\" \/><br \/>BIODINAMINIS VILKDALGI\u0172 EKSTRAKTAS<br \/>Tai g\u0117l\u0117, kurioje gausu fitoestrogen\u0173, kurie gr\u0105\u017eina gyvyb\u0119 ir spindes\u012f praradusiems plaukams. \u0160akniastiebiai skatina l\u0105steli\u0173 atsinaujinim\u0105 ir regeneracij\u0105.<\/p><\/div><\/div><\/div><\/div><\/div><\/div><\/div><\/div><\/div>\t\t\t\t\t\t<\/div>\n\t\t\t\t<\/div>\n\t\t\t\t\t<\/div>\n\t\t<\/div>\n\t\t\t\t\t\t\t<\/div>\n\t\t<\/section>\n\t\t\t\t\t\t<\/div>\n\t\t\t\t\t<\/div>\n\t\t","protected":false},"excerpt":{"rendered":"<p>Atkuria baltymin\u0119 plauk\u0173 med\u017eiag\u0105, maitina, atkuria ir u\u017edaro kutikul\u0119.\u00a0Mink\u0161ti, sudr\u0117kinti plaukai.<br \/>\npH 2.5 \u2013 3.0<\/p>\n","protected":false},"featured_media":12150,"comment_status":"open","ping_status":"closed","template":"","meta":{"om_disable_all_campaigns":false},"product_brand":[],"product_cat":[38],"product_tag":[70,71],"class_list":{"0":"post-12149","1":"product","2":"type-product","3":"status-publish","4":"has-post-thumbnail","6":"product_cat-plauku-kaukes","7":"product_tag-pazeisti-plaukai","8":"product_tag-sausi-plaukai","10":"first","11":"instock","12":"shipping-taxable","13":"purchasable","14":"product-type-simple","15":"add-to-wishlist-before_image"},"aioseo_notices":[],"_links":{"self":[{"href":"https:\/\/kasperindre.lt\/index.php?rest_route=\/wp\/v2\/product\/12149","targetHints":{"allow":["GET"]}}],"collection":[{"href":"https:\/\/kasperindre.lt\/index.php?rest_route=\/wp\/v2\/product"}],"about":[{"href":"https:\/\/kasperindre.lt\/index.php?rest_route=\/wp\/v2\/types\/product"}],"replies":[{"embeddable":true,"href":"https:\/\/kasperindre.lt\/index.php?rest_route=%2Fwp%2Fv2%2Fcomments&post=12149"}],"version-history":[{"count":4,"href":"https:\/\/kasperindre.lt\/index.php?rest_route=\/wp\/v2\/product\/12149\/revisions"}],"predecessor-version":[{"id":12154,"href":"https:\/\/kasperindre.lt\/index.php?rest_route=\/wp\/v2\/product\/12149\/revisions\/12154"}],"wp:featuredmedia":[{"embeddable":true,"href":"https:\/\/kasperindre.lt\/index.php?rest_route=\/wp\/v2\/media\/12150"}],"wp:attachment":[{"href":"https:\/\/kasperindre.lt\/index.php?rest_route=%2Fwp%2Fv2%2Fmedia&parent=12149"}],"wp:term":[{"taxonomy":"product_brand","embeddable":true,"href":"https:\/\/kasperindre.lt\/index.php?rest_route=%2Fwp%2Fv2%2Fproduct_brand&post=12149"},{"taxonomy":"product_cat","embeddable":true,"href":"https:\/\/kasperindre.lt\/index.php?rest_route=%2Fwp%2Fv2%2Fproduct_cat&post=12149"},{"taxonomy":"product_tag","embeddable":true,"href":"https:\/\/kasperindre.lt\/index.php?rest_route=%2Fwp%2Fv2%2Fproduct_tag&post=12149"}],"curies":[{"name":"wp","href":"https:\/\/api.w.org\/{rel}","templated":true}]}}