{"id":12048,"date":"2024-10-28T13:31:23","date_gmt":"2024-10-28T13:31:23","guid":{"rendered":"https:\/\/kasperindre.lt\/?post_type=product&#038;p=12048"},"modified":"2024-10-28T13:31:23","modified_gmt":"2024-10-28T13:31:23","slug":"its-a-10-haircare-plauku-formavimo-kremas-miracle-styling-potion","status":"publish","type":"product","link":"https:\/\/kasperindre.lt\/?product=its-a-10-haircare-plauku-formavimo-kremas-miracle-styling-potion","title":{"rendered":"IT\u2019S A 10 HAIRCARE Plauk\u0173 formavimo kremas \u2013 Miracle Styling Potion"},"content":{"rendered":"<p>Dr\u0117kinantis formavimo kremas \u012fsigeria giliai \u012f plauk\u0105 ir suformuoja apsaugin\u012f sluoksn\u012f, kuris apsaugo plaukus nuo kar\u0161t\u0173 \u012franki\u0173 \u017ealos.<\/p>\n<h5 class=\"yikes-custom-woo-tab-title yikes-custom-woo-tab-title-naudojimas\">Naudojimas<\/h5>\n<p>Nedidel\u012f kiek\u012f priemon\u0117s paskirstykite ant dr\u0117gn\u0173 plauk\u0173 ir formuokite kaip \u012fprastai.<\/p>\n<h5 class=\"yikes-custom-woo-tab-title yikes-custom-woo-tab-title-ingredientai\">Ingredientai<\/h5>\n<p>Water (Aqua, Eau), Dimethicone, Cyclopentasiloxane, Dimethiconol, Propylene Glycol, Polyacrylamide, C13-14 Isoparaffin, Phenyl Trimethicone, Caprylyl Glycol, Dimethicone PEG-8 Meadowfoamate, Hexylene Glycol, Hydrolyzed Silk, Laureth-7, Panthenol, Fragrance (Parfum), PEG-8 Methicone, Silk Amino Acids, Sodium PCA, Benzyl Alcohol, Phenoxyethanol, Potassium Sorbate, Sodium Benzoate, Butylphenyl Methylpropional, Geraniol, Hexyl Cinnamal, Limonene, Linalool, CI 14700, CI19140.<\/p>\n","protected":false},"excerpt":{"rendered":"<p>1. D\u017eiovinimui skirta, plaukus glotninanti priemon\u0117<br \/>\n2. Veidrodinis \u017evilgesys<br \/>\n3. Lengvina i\u0161\u0161ukavim\u0105<br \/>\n4. Plauk\u0173 neapsunkinanti formul\u0117<br \/>\n5. Padeda panaikinti pasi\u0161iau\u0161im\u0105<br \/>\n6. Su pantenoliu<br \/>\n7. Apsauga nuo dr\u0117gm\u0117s<br \/>\n8. Suteikia \u0161velnumo<br \/>\n9. Giliai dr\u0117kinantis<br \/>\n10. Puikiai tinka nat\u016braliai d\u017eiovinamiems plaukams<\/p>\n","protected":false},"featured_media":12049,"comment_status":"open","ping_status":"closed","template":"","meta":{"om_disable_all_campaigns":false},"product_brand":[],"product_cat":[40,43],"product_tag":[29],"class_list":{"0":"post-12048","1":"product","2":"type-product","3":"status-publish","4":"has-post-thumbnail","6":"product_cat-plauku-kremai","7":"product_cat-plauku-stilizavimo-priemones","8":"product_tag-siaustis-linke-plaukai","10":"first","11":"instock","12":"shipping-taxable","13":"purchasable","14":"product-type-simple","15":"add-to-wishlist-before_image"},"aioseo_notices":[],"_links":{"self":[{"href":"https:\/\/kasperindre.lt\/index.php?rest_route=\/wp\/v2\/product\/12048","targetHints":{"allow":["GET"]}}],"collection":[{"href":"https:\/\/kasperindre.lt\/index.php?rest_route=\/wp\/v2\/product"}],"about":[{"href":"https:\/\/kasperindre.lt\/index.php?rest_route=\/wp\/v2\/types\/product"}],"replies":[{"embeddable":true,"href":"https:\/\/kasperindre.lt\/index.php?rest_route=%2Fwp%2Fv2%2Fcomments&post=12048"}],"version-history":[{"count":1,"href":"https:\/\/kasperindre.lt\/index.php?rest_route=\/wp\/v2\/product\/12048\/revisions"}],"predecessor-version":[{"id":12050,"href":"https:\/\/kasperindre.lt\/index.php?rest_route=\/wp\/v2\/product\/12048\/revisions\/12050"}],"wp:featuredmedia":[{"embeddable":true,"href":"https:\/\/kasperindre.lt\/index.php?rest_route=\/wp\/v2\/media\/12049"}],"wp:attachment":[{"href":"https:\/\/kasperindre.lt\/index.php?rest_route=%2Fwp%2Fv2%2Fmedia&parent=12048"}],"wp:term":[{"taxonomy":"product_brand","embeddable":true,"href":"https:\/\/kasperindre.lt\/index.php?rest_route=%2Fwp%2Fv2%2Fproduct_brand&post=12048"},{"taxonomy":"product_cat","embeddable":true,"href":"https:\/\/kasperindre.lt\/index.php?rest_route=%2Fwp%2Fv2%2Fproduct_cat&post=12048"},{"taxonomy":"product_tag","embeddable":true,"href":"https:\/\/kasperindre.lt\/index.php?rest_route=%2Fwp%2Fv2%2Fproduct_tag&post=12048"}],"curies":[{"name":"wp","href":"https:\/\/api.w.org\/{rel}","templated":true}]}}