{"id":12042,"date":"2024-10-28T13:26:47","date_gmt":"2024-10-28T13:26:47","guid":{"rendered":"https:\/\/kasperindre.lt\/?post_type=product&#038;p=12042"},"modified":"2024-10-28T13:26:48","modified_gmt":"2024-10-28T13:26:48","slug":"its-a-10-garbanotu-plauku-kauke-coily-miracle-mask","status":"publish","type":"product","link":"https:\/\/kasperindre.lt\/?product=its-a-10-garbanotu-plauku-kauke-coily-miracle-mask","title":{"rendered":"IT\u2019S A 10 Garbanot\u0173 plauk\u0173 kauk\u0117 \u2013 Coily Miracle Mask"},"content":{"rendered":"<p>Sveiki plaukai \u2013 \u017evilgantys plaukai. Nat\u016braliai garbanoti ir banguoti plaukai da\u017enai b\u016bna gle\u017eni, tod\u0117l ypatingai svarbu jais r\u016bpintis. Kuomet plaukai pamaitinti ir stipr\u016bs i\u0161 vidaus, jie tampa \u0161veln\u016bs, glotn\u016bs ir lengvai valdomi. B\u016btent tod\u0117l It\u2019s a 10 Miracle Coily Mask yra nepakei\u010diama garbanot\u0173 plauk\u0173 prie\u017ei\u016bros priemon\u0117. Ji prasiskverbia giliai \u012f plauko vid\u0173 ir padeda atkurti pa\u017eeistus plaukus, sugr\u0105\u017eina blizges\u012f, suma\u017eina kar\u0161\u010dio sukelt\u0105 \u017eal\u0105 ir apsaugo plaukus nuo susiv\u0117limo. \u0160i giliai mink\u0161tinanti daugiafunkcin\u0117 priemon\u0117 nustebins savo poveikiu jau po pirmo naudojimo. Apsaugo plauk\u0173 spalv\u0105. Neapsunkina.<\/p>\n<h5 class=\"yikes-custom-woo-tab-title yikes-custom-woo-tab-title-naudojimas\">Naudojimas<\/h5>\n<p>Paskirstykite ant Coily Miracle Hydration \u0161amp\u016bnu i\u0161plaut\u0173 plauk\u0173 taip, kad priemon\u0117 padengt\u0173 visus plaukus. \u0160velniai i\u0161masa\u017euokite per plaukus. Palikite nuo 3 iki 15 minu\u010di\u0173. Naudokite du\u0161e, o jei norite dar labiau sustiprinti poveik\u012f \u2013 naudokite du\u0161o kepurait\u0119 ir \u0161ilumos \u0161altin\u012f. Nuskalaukite drungnu vandeniu ir palikite i\u0161d\u017ei\u016bti nat\u016braliai arba formuokite, kaip \u012fprasta. Kauk\u0119 naudokite kart\u0105 \u012f savait\u0119 arba pagal poreik\u012f.<\/p>\n<h5 class=\"yikes-custom-woo-tab-title yikes-custom-woo-tab-title-sudetis\">Ingredientai<\/h5>\n<p>Water\/Aqua\/Eau, Cetearyl Alcohol, Behentrimonium Chloride, Glycerin, Cocos Nucifera (Coconut) Oil, Cetyl Esters, Isopropyl Alcohol, Vegetable Oil\/Olus Oil\/Huile V\u00e9g\u00e9tale, Butyrospermum Parkii (Shea) Butter, Mangifera Indica (Mango) Seed Butter, Persea Gratissima (Avocado) Oil, Hydrolyzed Pea Protein, Panthenol, Hydrolyzed Rice Protein, Gardenia Taitensis Flower Extract, Amodimethicone, Quaternium-91, Disodium EDTA, PEG-4 Laurate, Myristyl Myristate, Trideceth-12, Cetrimonium Chloride, Citric Acid, DMDM Hydantoin, Iodopropynyl Butylcarbamate, Sodium Benzoate, Fragrance\/Parfum<\/p>\n","protected":false},"excerpt":{"rendered":"<div class=\"woocommerce-product-details__short-description\">\n<div class=\"u-p5 product--description\">\n<div class=\"woocommerce-product-details__short-description\">\n<div class=\"u-p5 product--description\">\n<ol>\n<li>Padeda i\u0161vengti plauk\u0173 galiuk\u0173 l\u016b\u017ein\u0117jimo<\/li>\n<li>Maitina ir intensyviai dr\u0117kina<\/li>\n<li>Atkuria plauko elastingum\u0105<\/li>\n<li>Suvaldo storus \u0161iurk\u0161\u010dius plaukus<\/li>\n<li>Akimirksniu palengvina i\u0161\u0161ukavim\u0105<\/li>\n<li>Ma\u017eina \u0161iau\u0161im\u0105si<\/li>\n<li>Apsaugo plauk\u0173 spalv\u0105<\/li>\n<li>Neapsunkina<\/li>\n<li>Apsaugo nuo kar\u0161\u010dio sukeliamos \u017ealos<\/li>\n<li>Padeda atkurti pa\u017eeistus plaukus<\/li>\n<\/ol>\n<\/div>\n<\/div>\n<\/div>\n<\/div>\n","protected":false},"featured_media":12043,"comment_status":"open","ping_status":"closed","template":"","meta":{"om_disable_all_campaigns":false},"product_brand":[],"product_cat":[38],"product_tag":[33,29],"class_list":{"0":"post-12042","1":"product","2":"type-product","3":"status-publish","4":"has-post-thumbnail","6":"product_cat-plauku-kaukes","7":"product_tag-garbanoti-plaukai","8":"product_tag-siaustis-linke-plaukai","10":"first","11":"instock","12":"shipping-taxable","13":"purchasable","14":"product-type-simple","15":"add-to-wishlist-before_image"},"aioseo_notices":[],"_links":{"self":[{"href":"https:\/\/kasperindre.lt\/index.php?rest_route=\/wp\/v2\/product\/12042","targetHints":{"allow":["GET"]}}],"collection":[{"href":"https:\/\/kasperindre.lt\/index.php?rest_route=\/wp\/v2\/product"}],"about":[{"href":"https:\/\/kasperindre.lt\/index.php?rest_route=\/wp\/v2\/types\/product"}],"replies":[{"embeddable":true,"href":"https:\/\/kasperindre.lt\/index.php?rest_route=%2Fwp%2Fv2%2Fcomments&post=12042"}],"version-history":[{"count":1,"href":"https:\/\/kasperindre.lt\/index.php?rest_route=\/wp\/v2\/product\/12042\/revisions"}],"predecessor-version":[{"id":12044,"href":"https:\/\/kasperindre.lt\/index.php?rest_route=\/wp\/v2\/product\/12042\/revisions\/12044"}],"wp:featuredmedia":[{"embeddable":true,"href":"https:\/\/kasperindre.lt\/index.php?rest_route=\/wp\/v2\/media\/12043"}],"wp:attachment":[{"href":"https:\/\/kasperindre.lt\/index.php?rest_route=%2Fwp%2Fv2%2Fmedia&parent=12042"}],"wp:term":[{"taxonomy":"product_brand","embeddable":true,"href":"https:\/\/kasperindre.lt\/index.php?rest_route=%2Fwp%2Fv2%2Fproduct_brand&post=12042"},{"taxonomy":"product_cat","embeddable":true,"href":"https:\/\/kasperindre.lt\/index.php?rest_route=%2Fwp%2Fv2%2Fproduct_cat&post=12042"},{"taxonomy":"product_tag","embeddable":true,"href":"https:\/\/kasperindre.lt\/index.php?rest_route=%2Fwp%2Fv2%2Fproduct_tag&post=12042"}],"curies":[{"name":"wp","href":"https:\/\/api.w.org\/{rel}","templated":true}]}}