{"id":12033,"date":"2024-10-28T13:21:24","date_gmt":"2024-10-28T13:21:24","guid":{"rendered":"https:\/\/kasperindre.lt\/?post_type=product&#038;p=12033"},"modified":"2024-10-28T13:21:24","modified_gmt":"2024-10-28T13:21:24","slug":"its-a-10-haircare-plauku-lakas-miracle-finishing-spray","status":"publish","type":"product","link":"https:\/\/kasperindre.lt\/?product=its-a-10-haircare-plauku-lakas-miracle-finishing-spray","title":{"rendered":"IT\u2019S A 10 HAIRCARE Plauk\u0173 lakas \u2013 Miracle Finishing Spray"},"content":{"rendered":"<div class=\"woocommerce-product-details__short-description\">\n<p>\u0160is lanks\u010dios fiksacijos, blizgesio suteikiantis plauk\u0173 lakas neblukina plauk\u0173 spalvos, greitai d\u017ei\u016bsta ir yra lengvai i\u0161\u0161ukuojamas, tod\u0117l puikiai tinka fiksuoti bet koki\u0105 \u0161ukuosen\u0105. Plaukai blizga, o \u0161ukuosena atrodo i\u0161baigta \u2013 jokio lipnumo, kietumo.<\/p>\n<h5 class=\"yikes-custom-woo-tab-title yikes-custom-woo-tab-title-naudojimas\">Naudojimas<\/h5>\n<p>Purk\u0161kite 20-25 cm. atstumu nuo plauk\u0173. Formuokite plaukus kar\u0161tais \u012frankiais. Produktas i\u0161d\u017ei\u016bsta beveik akimirksniu. Norint i\u0161gauti stipresn\u0119 fiksacij\u0105 ar formuoti sud\u0117tingesnes \u0161ukuosenas, galima naudoti kelis produkto sluoksnius.<\/p>\n<h5 class=\"yikes-custom-woo-tab-title yikes-custom-woo-tab-title-ingredientai\">Ingredientai<\/h5>\n<p>Alcohol Denat., Hydroflurocarbon 152a, Butyl Ester of PVM\/MA Copolymer, Phenyl Trimethicone, Fragrance (Parfum), PEG\/PPG-17\/18 Dimethicone, PEG\/PPG- 18\/18 Dimethicone, Phenyl Trimethicone, PPG-12 Dimethicone, Aminomethyl Propanol, Benzophenone-4, Benzyl Benzoate, Limonene, Linalool.<\/p>\n<\/div>\n","protected":false},"excerpt":{"rendered":"<div class=\"woocommerce-product-details__short-description\">\n<p>1. Lanks\u010dios fiksacijos formul\u0117<br \/>\n2. Suteikia blizgesio<br \/>\n3. Apsauga nuo dr\u0117gm\u0117s<br \/>\n4. Apsauga nuo spalvos i\u0161blukimo<br \/>\n5. Greitai d\u017ei\u016bstanti formul\u0117<br \/>\n6. Nelip\u0161ni tekst\u016bra<br \/>\n7. Suteikia apimties<br \/>\n8. Neapsunkinanti formul\u0117<br \/>\n9. Suteikia kontrol\u0119<br \/>\n10. Lengvai i\u0161\u0161ukuojamas<\/p>\n<\/div>\n","protected":false},"featured_media":12034,"comment_status":"open","ping_status":"closed","template":"","meta":{"om_disable_all_campaigns":false},"product_brand":[],"product_cat":[39,43],"product_tag":[],"class_list":{"0":"post-12033","1":"product","2":"type-product","3":"status-publish","4":"has-post-thumbnail","6":"product_cat-plauku-lakai-ir-purskikliai","7":"product_cat-plauku-stilizavimo-priemones","9":"first","10":"instock","11":"shipping-taxable","12":"purchasable","13":"product-type-simple","14":"add-to-wishlist-before_image"},"aioseo_notices":[],"_links":{"self":[{"href":"https:\/\/kasperindre.lt\/index.php?rest_route=\/wp\/v2\/product\/12033","targetHints":{"allow":["GET"]}}],"collection":[{"href":"https:\/\/kasperindre.lt\/index.php?rest_route=\/wp\/v2\/product"}],"about":[{"href":"https:\/\/kasperindre.lt\/index.php?rest_route=\/wp\/v2\/types\/product"}],"replies":[{"embeddable":true,"href":"https:\/\/kasperindre.lt\/index.php?rest_route=%2Fwp%2Fv2%2Fcomments&post=12033"}],"version-history":[{"count":1,"href":"https:\/\/kasperindre.lt\/index.php?rest_route=\/wp\/v2\/product\/12033\/revisions"}],"predecessor-version":[{"id":12035,"href":"https:\/\/kasperindre.lt\/index.php?rest_route=\/wp\/v2\/product\/12033\/revisions\/12035"}],"wp:featuredmedia":[{"embeddable":true,"href":"https:\/\/kasperindre.lt\/index.php?rest_route=\/wp\/v2\/media\/12034"}],"wp:attachment":[{"href":"https:\/\/kasperindre.lt\/index.php?rest_route=%2Fwp%2Fv2%2Fmedia&parent=12033"}],"wp:term":[{"taxonomy":"product_brand","embeddable":true,"href":"https:\/\/kasperindre.lt\/index.php?rest_route=%2Fwp%2Fv2%2Fproduct_brand&post=12033"},{"taxonomy":"product_cat","embeddable":true,"href":"https:\/\/kasperindre.lt\/index.php?rest_route=%2Fwp%2Fv2%2Fproduct_cat&post=12033"},{"taxonomy":"product_tag","embeddable":true,"href":"https:\/\/kasperindre.lt\/index.php?rest_route=%2Fwp%2Fv2%2Fproduct_tag&post=12033"}],"curies":[{"name":"wp","href":"https:\/\/api.w.org\/{rel}","templated":true}]}}