{"id":12030,"date":"2024-10-28T13:19:44","date_gmt":"2024-10-28T13:19:44","guid":{"rendered":"https:\/\/kasperindre.lt\/?post_type=product&#038;p=12030"},"modified":"2024-10-28T13:19:44","modified_gmt":"2024-10-28T13:19:44","slug":"its-a-10-haircare-formavimo-putos-miracle-styling-mousse","status":"publish","type":"product","link":"https:\/\/kasperindre.lt\/?product=its-a-10-haircare-formavimo-putos-miracle-styling-mousse","title":{"rendered":"IT\u2019S A 10 HAIRCARE Formavimo putos \u2013 Miracle Styling Mousse"},"content":{"rendered":"<p>\u0160ios putos stipriai u\u017efiksuoja, bet neapsunkina plauk\u0173, suteikia papildomos tekst\u016bros ir stiprina plaukus.<\/p>\n<h5 class=\"yikes-custom-woo-tab-title yikes-custom-woo-tab-title-naudojimas\">Naudojimas<\/h5>\n<p>\u012epurk\u0161kite priemon\u0117s \u012f deln\u0105 ir paskirstykite ant norim\u0173 plauk\u0173 sruog\u0173. Netrinkite put\u0173, nes kuo puresn\u0117s putos, tuo lengvesn\u0119 \u0161ukuosen\u0105 i\u0161gausite.<\/p>\n<h5 class=\"yikes-custom-woo-tab-title yikes-custom-woo-tab-title-ingredientai\">Ingredientai<\/h5>\n<p>Aqua (Water, Eau), Propane, Butane, Polyquaternium-4, Acrylates Copolymer, Aminomethyl Propanol, BHT, Caprylyl Glycol, Ceteth-10, Glycerin, Hydrolyzed Silk, Isopropyl Alcohol, Laureth-4, Mel, Fragrance (Parfum), PEG\/PPG-18\/18 Dimethicone, PEG-40 Hydrogenated Castor Oil, Polyquaternium-10, PPG-12-PEG-50 Lanolin, Sodium Acetate, Sodium Chloride, Sodium Lauryl Sulfate, Phenoxyethanol, Alpha-isomethyl lonone, Geraniol, Hexyl Cinnamal, Limonene, Linalool.<\/p>\n","protected":false},"excerpt":{"rendered":"<div class=\"woocommerce-product-details__short-description\">\n<p>1. Stipri fiksacija<br \/>\n2. Lengvai performuojama<br \/>\n3. Suteikia blizgesio<br \/>\n4. Suteikia purumo ir apimties<br \/>\n5. Pripildytos maistini\u0173 med\u017eiag\u0173<br \/>\n6. Stiprina plaukus<br \/>\n7. Be alkoholio<br \/>\n8. Nesukuria stati\u0161kos fiksacijos<br \/>\n9. Suteikia tekst\u016bros<br \/>\n10. Nesukuria \u201cgirg\u017edan\u010di\u0173\u201d plauk\u0173 efekto<\/p>\n<\/div>\n","protected":false},"featured_media":12031,"comment_status":"open","ping_status":"closed","template":"","meta":{"om_disable_all_campaigns":false},"product_brand":[],"product_cat":[43],"product_tag":[],"class_list":{"0":"post-12030","1":"product","2":"type-product","3":"status-publish","4":"has-post-thumbnail","6":"product_cat-plauku-stilizavimo-priemones","8":"first","9":"instock","10":"shipping-taxable","11":"purchasable","12":"product-type-simple","13":"add-to-wishlist-before_image"},"aioseo_notices":[],"_links":{"self":[{"href":"https:\/\/kasperindre.lt\/index.php?rest_route=\/wp\/v2\/product\/12030","targetHints":{"allow":["GET"]}}],"collection":[{"href":"https:\/\/kasperindre.lt\/index.php?rest_route=\/wp\/v2\/product"}],"about":[{"href":"https:\/\/kasperindre.lt\/index.php?rest_route=\/wp\/v2\/types\/product"}],"replies":[{"embeddable":true,"href":"https:\/\/kasperindre.lt\/index.php?rest_route=%2Fwp%2Fv2%2Fcomments&post=12030"}],"version-history":[{"count":1,"href":"https:\/\/kasperindre.lt\/index.php?rest_route=\/wp\/v2\/product\/12030\/revisions"}],"predecessor-version":[{"id":12032,"href":"https:\/\/kasperindre.lt\/index.php?rest_route=\/wp\/v2\/product\/12030\/revisions\/12032"}],"wp:featuredmedia":[{"embeddable":true,"href":"https:\/\/kasperindre.lt\/index.php?rest_route=\/wp\/v2\/media\/12031"}],"wp:attachment":[{"href":"https:\/\/kasperindre.lt\/index.php?rest_route=%2Fwp%2Fv2%2Fmedia&parent=12030"}],"wp:term":[{"taxonomy":"product_brand","embeddable":true,"href":"https:\/\/kasperindre.lt\/index.php?rest_route=%2Fwp%2Fv2%2Fproduct_brand&post=12030"},{"taxonomy":"product_cat","embeddable":true,"href":"https:\/\/kasperindre.lt\/index.php?rest_route=%2Fwp%2Fv2%2Fproduct_cat&post=12030"},{"taxonomy":"product_tag","embeddable":true,"href":"https:\/\/kasperindre.lt\/index.php?rest_route=%2Fwp%2Fv2%2Fproduct_tag&post=12030"}],"curies":[{"name":"wp","href":"https:\/\/api.w.org\/{rel}","templated":true}]}}