{"id":12027,"date":"2024-10-28T13:17:58","date_gmt":"2024-10-28T13:17:58","guid":{"rendered":"https:\/\/kasperindre.lt\/?post_type=product&#038;p=12027"},"modified":"2024-10-28T13:17:58","modified_gmt":"2024-10-28T13:17:58","slug":"its-a-10-haircare-zvilgesio-suteikiantis-purskiklis-miracle-shine-spray","status":"publish","type":"product","link":"https:\/\/kasperindre.lt\/?product=its-a-10-haircare-zvilgesio-suteikiantis-purskiklis-miracle-shine-spray","title":{"rendered":"IT\u2019S A 10 HAIRCARE \u017dvilgesio suteikiantis pur\u0161kiklis \u2013 Miracle Shine Spray"},"content":{"rendered":"<p>Lengva \u017evilgesio suteikianti dulksna padailins tiek garbanot\u0173, tiek tiesi\u0173 plauk\u0173 \u0161ukuosenas.<\/p>\n<h5 class=\"yikes-custom-woo-tab-title yikes-custom-woo-tab-title-naudojimas\">Naudojimas<\/h5>\n<p>Naudojant ant saus\u0173 plauk\u0173, \u012fpurk\u0161kite priemon\u0117s \u012f delnus ir paskirstykite ant suformuot\u0173 plauk\u0173. Naudojant ant dr\u0117gn\u0173 plauk\u0173, purk\u0161kite tiesiai ant plauk\u0173 arba papildomai priemon\u0117s paskirstykite pir\u0161tais. D\u017eiovinkite ir formuokite, kaip \u012fprasta.<\/p>\n<h5 class=\"yikes-custom-woo-tab-title yikes-custom-woo-tab-title-ingredientai\">Ingredientai<\/h5>\n<p>Alcohol Denat., Cyclopentasiloxane, Fragrance (Parfum), C12-15 Alkyl Benzoate, Phenyl Trimethicone, Anthemis Nobilis Flower Extract, Water (Aqua, Eau), Argania Spinosa Kernel Oil, Benzophenone-4, Camelia Oleifera Seed Extract, Cananga Odorata Flower Oil, Cannabis Sativa Seed Oil, Citric Acid, Citrus Aurantium Bergamia Fruit Extract, Cymbopogon Flexuosus Herb Oil, Glycerin, Hydrolyzed Silk, Jasminum Officinale Flower\/Leaf Extract, Morinda Citrifolia Fruit Extract, Orbignya Oleifera Seed Oil, Propylene Glycol, Silk Amino Acids, Tetrasodium EDTA, Phenoxyethanol, Potassium Benzoate, Potassium Sorbate, Sodium Benzoate, Alpha-Isomethyl lonone, Benzyl Benzoate, Benzyl Salicylate, Butylphenyl Methylpropional, Citronellol, Linalool.<\/p>\n","protected":false},"excerpt":{"rendered":"<p>1. Neapsunkinantis plauk\u0173 blizgesys<br \/>\n2. Sumink\u0161tina por\u0117tus plaukus<br \/>\n3. Padidina elastingum\u0105<br \/>\n4. Antioksidantai<br \/>\n5. Apsauga nuo aplinkos poveikio<br \/>\n6. Apsauga nuo dr\u0117gm\u0117s, ma\u017eina pasi\u0161iau\u0161im\u0105<br \/>\n7. Apsauga nuo kar\u0161\u010dio<br \/>\n8. Suteikia kontrol\u0119 ir lengvesn\u012f plauk\u0173 suvaldym\u0105<br \/>\n9. Suteikia glotnumo ir apsaugo plaukus<br \/>\n10. Sulaiko dr\u0117gm\u0119 plaukuose<\/p>\n","protected":false},"featured_media":12028,"comment_status":"open","ping_status":"closed","template":"","meta":{"om_disable_all_campaigns":false},"product_brand":[],"product_cat":[39],"product_tag":[71,29],"class_list":{"0":"post-12027","1":"product","2":"type-product","3":"status-publish","4":"has-post-thumbnail","6":"product_cat-plauku-lakai-ir-purskikliai","7":"product_tag-sausi-plaukai","8":"product_tag-siaustis-linke-plaukai","10":"first","11":"instock","12":"shipping-taxable","13":"purchasable","14":"product-type-simple","15":"add-to-wishlist-before_image"},"aioseo_notices":[],"_links":{"self":[{"href":"https:\/\/kasperindre.lt\/index.php?rest_route=\/wp\/v2\/product\/12027","targetHints":{"allow":["GET"]}}],"collection":[{"href":"https:\/\/kasperindre.lt\/index.php?rest_route=\/wp\/v2\/product"}],"about":[{"href":"https:\/\/kasperindre.lt\/index.php?rest_route=\/wp\/v2\/types\/product"}],"replies":[{"embeddable":true,"href":"https:\/\/kasperindre.lt\/index.php?rest_route=%2Fwp%2Fv2%2Fcomments&post=12027"}],"version-history":[{"count":1,"href":"https:\/\/kasperindre.lt\/index.php?rest_route=\/wp\/v2\/product\/12027\/revisions"}],"predecessor-version":[{"id":12029,"href":"https:\/\/kasperindre.lt\/index.php?rest_route=\/wp\/v2\/product\/12027\/revisions\/12029"}],"wp:featuredmedia":[{"embeddable":true,"href":"https:\/\/kasperindre.lt\/index.php?rest_route=\/wp\/v2\/media\/12028"}],"wp:attachment":[{"href":"https:\/\/kasperindre.lt\/index.php?rest_route=%2Fwp%2Fv2%2Fmedia&parent=12027"}],"wp:term":[{"taxonomy":"product_brand","embeddable":true,"href":"https:\/\/kasperindre.lt\/index.php?rest_route=%2Fwp%2Fv2%2Fproduct_brand&post=12027"},{"taxonomy":"product_cat","embeddable":true,"href":"https:\/\/kasperindre.lt\/index.php?rest_route=%2Fwp%2Fv2%2Fproduct_cat&post=12027"},{"taxonomy":"product_tag","embeddable":true,"href":"https:\/\/kasperindre.lt\/index.php?rest_route=%2Fwp%2Fv2%2Fproduct_tag&post=12027"}],"curies":[{"name":"wp","href":"https:\/\/api.w.org\/{rel}","templated":true}]}}