{"id":12024,"date":"2024-10-28T10:55:22","date_gmt":"2024-10-28T10:55:22","guid":{"rendered":"https:\/\/kasperindre.lt\/?post_type=product&#038;p=12024"},"modified":"2024-10-28T10:55:22","modified_gmt":"2024-10-28T10:55:22","slug":"its-a-10-haircare-formavimo-serumas-miracle-styling-serum","status":"publish","type":"product","link":"https:\/\/kasperindre.lt\/?product=its-a-10-haircare-formavimo-serumas-miracle-styling-serum","title":{"rendered":"IT\u2019S A 10 HAIRCARE Formavimo serumas \u2013 Miracle Styling Serum"},"content":{"rendered":"<p>Visapus\u0117 apsauga nuo dr\u0117gm\u0117s poveikio \u2013 neleid\u017eia plaukams \u0161iau\u0161tis, bet neapsunkina ir nesuriebaluoja plauk\u0173.<\/p>\n<h5 class=\"yikes-custom-woo-tab-title yikes-custom-woo-tab-title-naudojimas\">Naudojimas<\/h5>\n<p>Nedidel\u012f kiek\u012f priemon\u0117s patrinkite tarp deln\u0173 ir paskleiskite ant dr\u0117gn\u0173 plauk\u0173. Formuokite norim\u0105 \u0161ukuosen\u0105. Gali b\u016bti naudojama kaip baigiamoji priemon\u0117 ant saus\u0173 plauk\u0173 \u2013 suteikia \u017evilgesio ir ma\u017eina pasi\u0161iau\u0161im\u0105.<\/p>\n<h5 class=\"yikes-custom-woo-tab-title yikes-custom-woo-tab-title-ingredientai\">Ingredientai<\/h5>\n<p>Cyclopentasiloxane, Dimethicone, C12-15 Alkyl Benzoate, Argania Spinosa Kemel Oil, Hydrogenated Castor Oil\/sebacic Acid Copolymer, Mauritia Flexuosa Fruit Oil, Fragrance\/Parfum, Tocopherol, Benzyl Salicylate, Citronellol, Hexyl Cinnamal, Linalool.<\/p>\n","protected":false},"excerpt":{"rendered":"<div class=\"woocommerce-product-details__short-description\">\n<p>1. Suteikia blizgesio<br \/>\n2. Kontroliuoja pasi\u0161iau\u0161im\u0105<br \/>\n3. Glotnina plauk\u0173 kutikules<br \/>\n4. Maitina plaukus<br \/>\n5. Nesikaupia ant plauk\u0173<br \/>\n6. Apsaugo nuo dr\u0117gm\u0117s<br \/>\n7. Glotnina plaukus<br \/>\n8. Apsaugo spalv\u0105 nuo i\u0161blukimo<br \/>\n9. Be alkoholio<br \/>\n10. Sukuria slystan\u010di\u0173 plauk\u0173 efekt\u0105<\/p>\n<\/div>\n","protected":false},"featured_media":12025,"comment_status":"open","ping_status":"closed","template":"","meta":{"om_disable_all_campaigns":false},"product_brand":[],"product_cat":[46],"product_tag":[71],"class_list":{"0":"post-12024","1":"product","2":"type-product","3":"status-publish","4":"has-post-thumbnail","6":"product_cat-plauku-geliai-serumai-losjonai","7":"product_tag-sausi-plaukai","9":"first","10":"instock","11":"shipping-taxable","12":"purchasable","13":"product-type-simple","14":"add-to-wishlist-before_image"},"aioseo_notices":[],"_links":{"self":[{"href":"https:\/\/kasperindre.lt\/index.php?rest_route=\/wp\/v2\/product\/12024","targetHints":{"allow":["GET"]}}],"collection":[{"href":"https:\/\/kasperindre.lt\/index.php?rest_route=\/wp\/v2\/product"}],"about":[{"href":"https:\/\/kasperindre.lt\/index.php?rest_route=\/wp\/v2\/types\/product"}],"replies":[{"embeddable":true,"href":"https:\/\/kasperindre.lt\/index.php?rest_route=%2Fwp%2Fv2%2Fcomments&post=12024"}],"version-history":[{"count":1,"href":"https:\/\/kasperindre.lt\/index.php?rest_route=\/wp\/v2\/product\/12024\/revisions"}],"predecessor-version":[{"id":12026,"href":"https:\/\/kasperindre.lt\/index.php?rest_route=\/wp\/v2\/product\/12024\/revisions\/12026"}],"wp:featuredmedia":[{"embeddable":true,"href":"https:\/\/kasperindre.lt\/index.php?rest_route=\/wp\/v2\/media\/12025"}],"wp:attachment":[{"href":"https:\/\/kasperindre.lt\/index.php?rest_route=%2Fwp%2Fv2%2Fmedia&parent=12024"}],"wp:term":[{"taxonomy":"product_brand","embeddable":true,"href":"https:\/\/kasperindre.lt\/index.php?rest_route=%2Fwp%2Fv2%2Fproduct_brand&post=12024"},{"taxonomy":"product_cat","embeddable":true,"href":"https:\/\/kasperindre.lt\/index.php?rest_route=%2Fwp%2Fv2%2Fproduct_cat&post=12024"},{"taxonomy":"product_tag","embeddable":true,"href":"https:\/\/kasperindre.lt\/index.php?rest_route=%2Fwp%2Fv2%2Fproduct_tag&post=12024"}],"curies":[{"name":"wp","href":"https:\/\/api.w.org\/{rel}","templated":true}]}}