{"id":12015,"date":"2024-10-28T10:43:28","date_gmt":"2024-10-28T10:43:28","guid":{"rendered":"https:\/\/kasperindre.lt\/?post_type=product&#038;p=12015"},"modified":"2024-10-28T10:43:44","modified_gmt":"2024-10-28T10:43:44","slug":"its-a-10-haircare-kelioninis-rinkinys-leave-in-travel-kit","status":"publish","type":"product","link":"https:\/\/kasperindre.lt\/?product=its-a-10-haircare-kelioninis-rinkinys-leave-in-travel-kit","title":{"rendered":"IT\u2019S A 10 HAIRCARE Kelioninis rinkinys \u2013 Leave-In Travel Kit"},"content":{"rendered":"<p>Tai kelioninis rinkinys, kur\u012f sudaro 3 skirtingos daugiafunkcin\u0117s nenuplaunamos plauk\u0173 puosel\u0117jimo priemon\u0117s.<\/p>\n<ul>\n<li data-wp-editing=\"1\">Potion10 Instant Repair Leave-In \u2013\u00a0<strong><a href=\"https:\/\/karera.lt\/produktas\/its-a-10-nenuskalaujama-intensyvaus-atstatomojo-poveikio-plauku-puoselejimo-priemone-potion-10-instant-repair-leave-in\/\">Potion<\/a><\/strong><\/li>\n<li data-wp-editing=\"1\">Miracle Leave-In Lite \u2013\u00a0<strong><a href=\"https:\/\/karera.lt\/produktas\/its-a-10-daugiafunkcine-nenuskalaujama-plauku-puoselejimo-priemone-miracle-leave-in-lite\/\">Lite<\/a><\/strong><\/li>\n<li data-wp-editing=\"1\">Miracle Silk Leave-In \u2013\u00a0<strong><a href=\"https:\/\/karera.lt\/produktas\/its-a-10-daugiafunkcine-nenuskalaujama-plauku-puoselejimo-priemone-miracle-silk-leave-in\/\">Silk<\/a><\/strong><\/li>\n<\/ul>\n<h5 class=\"yikes-custom-woo-tab-title yikes-custom-woo-tab-title-naudojimas\">Naudojimas<\/h5>\n<p>I\u0161plaukite plaukus \u0161amp\u016bnu ir kondicionieriumi, ir purk\u0161kite ant plauk\u0173 per vis\u0105 j\u0173 ilg\u012f. Nenuplaukite. D\u017eiovinkite ir formuokite plaukus, kaip \u012fprasta. D\u017eiaukit\u0117s spindin\u010diais plaukais nuo \u0161akn\u0173 iki galiuk\u0173.<\/p>\n","protected":false},"excerpt":{"rendered":"<div class=\"woocommerce-product-details__short-description\">\n<p>Atostog\u0173 metu J\u016bs\u0173 plaukais pasirupins IT\u2019S A 10 Trio: plaukai bus sudr\u0117kinti, \u017evilgantys ir apsaugoti nuo UV spinduli\u0173.<\/p>\n<\/div>\n","protected":false},"featured_media":12016,"comment_status":"open","ping_status":"closed","template":"","meta":{"om_disable_all_campaigns":false},"product_brand":[],"product_cat":[44,39],"product_tag":[101,71],"class_list":{"0":"post-12015","1":"product","2":"type-product","3":"status-publish","4":"has-post-thumbnail","6":"product_cat-mini-produktai","7":"product_cat-plauku-lakai-ir-purskikliai","8":"product_tag-dovana","9":"product_tag-sausi-plaukai","11":"first","12":"instock","13":"shipping-taxable","14":"purchasable","15":"product-type-simple","16":"add-to-wishlist-before_image"},"aioseo_notices":[],"_links":{"self":[{"href":"https:\/\/kasperindre.lt\/index.php?rest_route=\/wp\/v2\/product\/12015","targetHints":{"allow":["GET"]}}],"collection":[{"href":"https:\/\/kasperindre.lt\/index.php?rest_route=\/wp\/v2\/product"}],"about":[{"href":"https:\/\/kasperindre.lt\/index.php?rest_route=\/wp\/v2\/types\/product"}],"replies":[{"embeddable":true,"href":"https:\/\/kasperindre.lt\/index.php?rest_route=%2Fwp%2Fv2%2Fcomments&post=12015"}],"version-history":[{"count":1,"href":"https:\/\/kasperindre.lt\/index.php?rest_route=\/wp\/v2\/product\/12015\/revisions"}],"predecessor-version":[{"id":12017,"href":"https:\/\/kasperindre.lt\/index.php?rest_route=\/wp\/v2\/product\/12015\/revisions\/12017"}],"wp:featuredmedia":[{"embeddable":true,"href":"https:\/\/kasperindre.lt\/index.php?rest_route=\/wp\/v2\/media\/12016"}],"wp:attachment":[{"href":"https:\/\/kasperindre.lt\/index.php?rest_route=%2Fwp%2Fv2%2Fmedia&parent=12015"}],"wp:term":[{"taxonomy":"product_brand","embeddable":true,"href":"https:\/\/kasperindre.lt\/index.php?rest_route=%2Fwp%2Fv2%2Fproduct_brand&post=12015"},{"taxonomy":"product_cat","embeddable":true,"href":"https:\/\/kasperindre.lt\/index.php?rest_route=%2Fwp%2Fv2%2Fproduct_cat&post=12015"},{"taxonomy":"product_tag","embeddable":true,"href":"https:\/\/kasperindre.lt\/index.php?rest_route=%2Fwp%2Fv2%2Fproduct_tag&post=12015"}],"curies":[{"name":"wp","href":"https:\/\/api.w.org\/{rel}","templated":true}]}}