{"id":11962,"date":"2024-10-28T10:17:02","date_gmt":"2024-10-28T10:17:02","guid":{"rendered":"https:\/\/kasperindre.lt\/?post_type=product&#038;p=11962"},"modified":"2024-10-28T10:17:02","modified_gmt":"2024-10-28T10:17:02","slug":"its-a-10-haircare-daugiafunkcine-nenuskalaujama-priemone-miracle-leave-in","status":"publish","type":"product","link":"https:\/\/kasperindre.lt\/?product=its-a-10-haircare-daugiafunkcine-nenuskalaujama-priemone-miracle-leave-in","title":{"rendered":"IT\u2019S A 10 HAIRCARE Daugiafunkcin\u0117 nenuskalaujama priemon\u0117 \u2013 Miracle Leave-in"},"content":{"rendered":"<p>Ma\u017eina plauk\u0173 \u0161iau\u0161im\u0105si, palengvina i\u0161\u0161ukavim\u0105 ir suteikia plaukams \u017evilgesio.\u00a0Maitinantis bei apsaugantis nuo UV spinduli\u0173 nenuplaunamas kondicionierius\u00a0naudojamas vienas arba kaip atkuriamojo poveikio plauk\u0173 formavimo priemon\u0117.<\/p>\n<h5 class=\"yikes-custom-woo-tab-title yikes-custom-woo-tab-title-naudojimas\">Naudojimas<\/h5>\n<p>Paskleiskite ant dr\u0117gn\u0173 plauk\u0173 prie\u0161 d\u017eiovinim\u0105 ar formavim\u0105 arba naudokite ant\u00a0saus\u0173 plauk\u0173 vietoje formavimo kremo, kad sukurtum\u0117te glotni\u0173 plauk\u0173 efekt\u0105.<\/p>\n<h5 class=\"yikes-custom-woo-tab-title yikes-custom-woo-tab-title-ingredientai\">Ingredientai<\/h5>\n<p>Water (Aqua\/Eau), Propylparaben, Cetearyl Alcohol, Cyclopentasiloxane, Citric Acid, Behentrimonium Chloride, Potassium Sorbate, Aloe Barbadensis Leaf Juice,Butylene Glycol, Camellia Sinensis Leaf Extract, Helianthus Annuus Extract, Panthenol, Methylparaben, Phenoxyethanol, Fragrance(Parfum), Silk Amino Acids, Hexyl Cinnamal, Isopropyl Alcohol, Quaternium-80, Tetrasodium Edta, Ethylparaben, Propylene Glycol, Linalool Sodium Benzoate,Citronellol, Potassium Benzoate, Limonene.<\/p>\n","protected":false},"excerpt":{"rendered":"<p>1. Apsaugo sausus, pa\u017eeistus plaukus<br \/>\n2. Suteikia \u017evilgesio<br \/>\n3. Palengvina i\u0161\u0161ukavim\u0105, ma\u017eina \u0161iau\u0161im\u0105si<br \/>\n4. Padeda atkurti prarastus baltymus<br \/>\n5. Apsaugo plauk\u0173 spalv\u0105<br \/>\n6. Padeda i\u0161vengti galiuk\u0173 skilin\u0117jimo<br \/>\n7. Sustabdo plauk\u0173 l\u016b\u017ein\u0117jim\u0105<br \/>\n8. Sukuria \u0161ilkin\u012f efekt\u0105<br \/>\n9. Stiprina plaukus<br \/>\n10. Apsaugo nuo kar\u0161\u010dio poveikio<\/p>\n","protected":false},"featured_media":11963,"comment_status":"open","ping_status":"closed","template":"","meta":{"om_disable_all_campaigns":false},"product_brand":[],"product_cat":[44,30,40],"product_tag":[29,111],"class_list":{"0":"post-11962","1":"product","2":"type-product","3":"status-publish","4":"has-post-thumbnail","6":"product_cat-mini-produktai","7":"product_cat-kondicionieriai","8":"product_cat-plauku-kremai","9":"product_tag-siaustis-linke-plaukai","10":"product_tag-tiesus-plaukai","12":"first","13":"instock","14":"shipping-taxable","15":"purchasable","16":"product-type-variable","17":"add-to-wishlist-before_image"},"aioseo_notices":[],"_links":{"self":[{"href":"https:\/\/kasperindre.lt\/index.php?rest_route=\/wp\/v2\/product\/11962","targetHints":{"allow":["GET"]}}],"collection":[{"href":"https:\/\/kasperindre.lt\/index.php?rest_route=\/wp\/v2\/product"}],"about":[{"href":"https:\/\/kasperindre.lt\/index.php?rest_route=\/wp\/v2\/types\/product"}],"replies":[{"embeddable":true,"href":"https:\/\/kasperindre.lt\/index.php?rest_route=%2Fwp%2Fv2%2Fcomments&post=11962"}],"version-history":[{"count":1,"href":"https:\/\/kasperindre.lt\/index.php?rest_route=\/wp\/v2\/product\/11962\/revisions"}],"predecessor-version":[{"id":11967,"href":"https:\/\/kasperindre.lt\/index.php?rest_route=\/wp\/v2\/product\/11962\/revisions\/11967"}],"wp:featuredmedia":[{"embeddable":true,"href":"https:\/\/kasperindre.lt\/index.php?rest_route=\/wp\/v2\/media\/11963"}],"wp:attachment":[{"href":"https:\/\/kasperindre.lt\/index.php?rest_route=%2Fwp%2Fv2%2Fmedia&parent=11962"}],"wp:term":[{"taxonomy":"product_brand","embeddable":true,"href":"https:\/\/kasperindre.lt\/index.php?rest_route=%2Fwp%2Fv2%2Fproduct_brand&post=11962"},{"taxonomy":"product_cat","embeddable":true,"href":"https:\/\/kasperindre.lt\/index.php?rest_route=%2Fwp%2Fv2%2Fproduct_cat&post=11962"},{"taxonomy":"product_tag","embeddable":true,"href":"https:\/\/kasperindre.lt\/index.php?rest_route=%2Fwp%2Fv2%2Fproduct_tag&post=11962"}],"curies":[{"name":"wp","href":"https:\/\/api.w.org\/{rel}","templated":true}]}}