{"id":11864,"date":"2024-10-28T08:15:19","date_gmt":"2024-10-28T08:15:19","guid":{"rendered":"https:\/\/kasperindre.lt\/?post_type=product&#038;p=11864"},"modified":"2024-10-28T08:15:19","modified_gmt":"2024-10-28T08:15:19","slug":"maria-nila-ginger-ranku-losjonas-hand-lotion-ginger","status":"publish","type":"product","link":"https:\/\/kasperindre.lt\/?product=maria-nila-ginger-ranku-losjonas-hand-lotion-ginger","title":{"rendered":"MARIA NILA Ginger rank\u0173 losjonas \u2013 Hand Lotion Ginger"},"content":{"rendered":"<p>Prabangus dr\u0117kinamasis citrin\u017eol\u0117s kvapo rank\u0173 losjonas, papildytas mink\u0161tinamuoju argano aliejumi. Kad rank\u0173 oda b\u016bt\u0173 i\u0161ties mink\u0161ta, naudokite kartu su GINGER rank\u0173 muilu.<\/p>\n<h5 class=\"yikes-custom-woo-tab-title yikes-custom-woo-tab-title-ingredientai\">Ingredientai<\/h5>\n<p>Aqua\/Water\/Eau, Cetearyl Alcohol, Isopropyl Myristate, Glyceryl Stearate, PEG-100 Stearate, Argania Spinosa Kernel Oil, Zingiber Officinale (Ginger) Root Extract, Cymbopogon Citratus Extract, Glycerin, Polysorbate 20, C13-14 Isoparaffin, Laureth-7, Butylene Glycol, Caprylyl Glycol, Benzotriazolyl Dodecyl P-Cresol, Polyacrylamide, Tris (Tetramethylhydroxypiperidinol) Citrate, Sodium Benzoate, Potassium Sorbate, Citric Acid, Lactic Acid, Alcohol, Sorbic Acid, Sodium Chloride, Phenoxyethanol, Limonene, Citronellol, Citral, Linalool, Geraniol, Parfum\/Fragrance, CI 19140\/Yellow 5, CI 16035\/Red 40.<\/p>\n","protected":false},"excerpt":{"rendered":"<div class=\"woocommerce-product-details__short-description\">\n<ul>\n<li>Citrin\u017eol\u0117s ir imbiero kvapo<\/li>\n<li>Be sulfat\u0173 ir paraben\u0173<\/li>\n<li>100% vegani\u0161kas ir draugi\u0161kas gyv\u016bnams<\/li>\n<li>Kompensuojamas pakuot\u0117s CO<sub>2<\/sub><\/li>\n<li>Pagaminta \u0160vedijoje<\/li>\n<\/ul>\n<\/div>\n","protected":false},"featured_media":11865,"comment_status":"open","ping_status":"closed","template":"","meta":{"om_disable_all_campaigns":false},"product_brand":[],"product_cat":[107,42],"product_tag":[],"class_list":{"0":"post-11864","1":"product","2":"type-product","3":"status-publish","4":"has-post-thumbnail","6":"product_cat-namams","7":"product_cat-veido-ir-kuno-prieziura","9":"first","10":"instock","11":"shipping-taxable","12":"purchasable","13":"product-type-simple","14":"add-to-wishlist-before_image"},"aioseo_notices":[],"_links":{"self":[{"href":"https:\/\/kasperindre.lt\/index.php?rest_route=\/wp\/v2\/product\/11864","targetHints":{"allow":["GET"]}}],"collection":[{"href":"https:\/\/kasperindre.lt\/index.php?rest_route=\/wp\/v2\/product"}],"about":[{"href":"https:\/\/kasperindre.lt\/index.php?rest_route=\/wp\/v2\/types\/product"}],"replies":[{"embeddable":true,"href":"https:\/\/kasperindre.lt\/index.php?rest_route=%2Fwp%2Fv2%2Fcomments&post=11864"}],"version-history":[{"count":1,"href":"https:\/\/kasperindre.lt\/index.php?rest_route=\/wp\/v2\/product\/11864\/revisions"}],"predecessor-version":[{"id":11866,"href":"https:\/\/kasperindre.lt\/index.php?rest_route=\/wp\/v2\/product\/11864\/revisions\/11866"}],"wp:featuredmedia":[{"embeddable":true,"href":"https:\/\/kasperindre.lt\/index.php?rest_route=\/wp\/v2\/media\/11865"}],"wp:attachment":[{"href":"https:\/\/kasperindre.lt\/index.php?rest_route=%2Fwp%2Fv2%2Fmedia&parent=11864"}],"wp:term":[{"taxonomy":"product_brand","embeddable":true,"href":"https:\/\/kasperindre.lt\/index.php?rest_route=%2Fwp%2Fv2%2Fproduct_brand&post=11864"},{"taxonomy":"product_cat","embeddable":true,"href":"https:\/\/kasperindre.lt\/index.php?rest_route=%2Fwp%2Fv2%2Fproduct_cat&post=11864"},{"taxonomy":"product_tag","embeddable":true,"href":"https:\/\/kasperindre.lt\/index.php?rest_route=%2Fwp%2Fv2%2Fproduct_tag&post=11864"}],"curies":[{"name":"wp","href":"https:\/\/api.w.org\/{rel}","templated":true}]}}