{"id":11856,"date":"2024-10-28T08:11:42","date_gmt":"2024-10-28T08:11:42","guid":{"rendered":"https:\/\/kasperindre.lt\/?post_type=product&#038;p=11856"},"modified":"2024-10-28T08:11:42","modified_gmt":"2024-10-28T08:11:42","slug":"maria-nila-gneiss-modeliavimo-pasta-gneiss-molding-paste","status":"publish","type":"product","link":"https:\/\/kasperindre.lt\/?product=maria-nila-gneiss-modeliavimo-pasta-gneiss-molding-paste","title":{"rendered":"MARIA NILA Gneiss modeliavimo pasta \u2013 Gneiss Molding Paste"},"content":{"rendered":"<p>Plaukus storinantis ir tekst\u016bros suteikiantis va\u0161kas su neutraliu \u017evilgesiu prideda plaukams tankumo. Dr\u0117kinamasis taukmed\u017eio sviestas ir alyvuogi\u0173 aliejus sukuria dr\u0117kinan\u010di\u0105 formul\u0119, apsaugan\u010di\u0105 plaukus nuo i\u0161saus\u0117jimo.\u00a0<strong><em>GNEISS MOLDING PASTE<\/em><\/strong>\u00a0sutvirtina \u0161ukuosen\u0105 ir suteikia nat\u016bralaus \u017evilgesio. Priemon\u0117 i\u0161siskiria kedro ir sandalmed\u017eio aromatu.<\/p>\n<h5 class=\"yikes-custom-woo-tab-title yikes-custom-woo-tab-title-naudojimas\">Naudojimas<\/h5>\n<p>Siekdami suaktyvinti va\u0161k\u0105, nedidel\u012f kiek\u012f priemon\u0117s patrinkite tarp deln\u0173. Nor\u0117dami suteikti \u0161ukuosenai tvirtumo, tepkite priemon\u0119 ant dr\u0117gn\u0173 ar saus\u0173 plauk\u0173. Jei pageidaujate silpnesn\u0117s fiksacijos, sumai\u0161ykite\u00a0<strong><em>Gneiss<\/em><\/strong>\u00a0modeliavimo past\u0105 su mink\u0161tinamuoju argano aliejumi (True Soft Argan Oil).<\/p>\n<h5 class=\"yikes-custom-woo-tab-title yikes-custom-woo-tab-title-sudetis\">Ingredientai<\/h5>\n<div id=\"SITE_PAGES\">\n<div class=\"_3a3qX\">\n<div id=\"hotzy\" class=\"_2e6ps\">\n<div class=\"_2S9ms\">\n<div id=\"Containerhotzy\" class=\"_3Mgpu\">\n<div class=\"\" data-mesh-id=\"ContainerhotzyinlineContent\" data-testid=\"inline-content\">\n<div data-mesh-id=\"ContainerhotzyinlineContent-gridContainer\" data-testid=\"mesh-container-content\">\n<div id=\"TPAMultiSection_jldpaj0y\">\n<div class=\"TPAMultiSection_jldpaj0y\">\n<div class=\"_1TImB layout__classic isDesktop\" data-hook=\"product-page\" data-layout-name=\"classic\">\n<article class=\"_30ZY-\">\n<div class=\"_12vNY\">\n<section class=\"_2h_HC\">\n<div class=\"_3EQWi fggS- cell\">\n<div dir=\"ltr\">\n<div class=\"rah-static rah-static--height-auto\" aria-hidden=\"false\">\n<div class=\"_1yvxJ fggS- cell\">\n<div class=\"WncCi\" data-hook=\"info-section-description\">\n<p>Aqua\/Water\/Eau, Polyglyceryl-3 Polyricinoleate, Cetearyl Alcohol, Copernicia Cerifera Cera\/ Copernicia Cerifera (Carnauba) Wax\/Cire de carnauba, Paraffinum Liquidum\/Mineral Oil\/Huile Mine\u0301rale, PEG-40 Hydrogenated Castor Oil, Butyrospermum Parkii (Shea) Butter, Glyceryl Rosinate, Ceteareth-20, Cera Microcristallina\/Microcrystalline Wax\/Cire Microcristalline, Triethanolamine, VP\/VA Copolymer, Propylene Glycol, Acrylates\/C10-30 Alkyl Acrylate Crosspolymer, Olea Europaea (Olive) Oil Unsaponifiables, Laurtrimonium Chloride, Acrylates Crosspolymer- 3, Caprylyl Glycol, Phenoxyethanol, Parfum\/Fragrance.<\/p>\n<\/div>\n<\/div>\n<\/div>\n<\/div>\n<\/div>\n<\/section>\n<\/div>\n<\/article>\n<\/div>\n<\/div>\n<\/div>\n<\/div>\n<\/div>\n<\/div>\n<\/div>\n<\/div>\n<\/div>\n<\/div>\n","protected":false},"excerpt":{"rendered":"<div class=\"woocommerce-product-details__short-description\">\n<ul>\n<li>Storinamasis ir tekst\u016bros suteikiantis va\u0161kas<\/li>\n<li>Neutralus \u017evilgesys<\/li>\n<li>Stiprumas 3\/5, tinka ilgiems ir trumpiems plaukams<\/li>\n<li>Be sulfat\u0173 ir paraben\u0173<\/li>\n<li>100% vegani\u0161ka ir nebandyta su gyv\u016bnais<\/li>\n<li>Kompensuojamas pakuo\u010di\u0173 CO<sub>2<\/sub><\/li>\n<\/ul>\n<\/div>\n","protected":false},"featured_media":11857,"comment_status":"open","ping_status":"closed","template":"","meta":{"om_disable_all_campaigns":false},"product_brand":[],"product_cat":[44,43],"product_tag":[],"class_list":{"0":"post-11856","1":"product","2":"type-product","3":"status-publish","4":"has-post-thumbnail","6":"product_cat-mini-produktai","7":"product_cat-plauku-stilizavimo-priemones","9":"first","10":"instock","11":"shipping-taxable","12":"purchasable","13":"product-type-variable","14":"add-to-wishlist-before_image"},"aioseo_notices":[],"_links":{"self":[{"href":"https:\/\/kasperindre.lt\/index.php?rest_route=\/wp\/v2\/product\/11856","targetHints":{"allow":["GET"]}}],"collection":[{"href":"https:\/\/kasperindre.lt\/index.php?rest_route=\/wp\/v2\/product"}],"about":[{"href":"https:\/\/kasperindre.lt\/index.php?rest_route=\/wp\/v2\/types\/product"}],"replies":[{"embeddable":true,"href":"https:\/\/kasperindre.lt\/index.php?rest_route=%2Fwp%2Fv2%2Fcomments&post=11856"}],"version-history":[{"count":1,"href":"https:\/\/kasperindre.lt\/index.php?rest_route=\/wp\/v2\/product\/11856\/revisions"}],"predecessor-version":[{"id":11860,"href":"https:\/\/kasperindre.lt\/index.php?rest_route=\/wp\/v2\/product\/11856\/revisions\/11860"}],"wp:featuredmedia":[{"embeddable":true,"href":"https:\/\/kasperindre.lt\/index.php?rest_route=\/wp\/v2\/media\/11857"}],"wp:attachment":[{"href":"https:\/\/kasperindre.lt\/index.php?rest_route=%2Fwp%2Fv2%2Fmedia&parent=11856"}],"wp:term":[{"taxonomy":"product_brand","embeddable":true,"href":"https:\/\/kasperindre.lt\/index.php?rest_route=%2Fwp%2Fv2%2Fproduct_brand&post=11856"},{"taxonomy":"product_cat","embeddable":true,"href":"https:\/\/kasperindre.lt\/index.php?rest_route=%2Fwp%2Fv2%2Fproduct_cat&post=11856"},{"taxonomy":"product_tag","embeddable":true,"href":"https:\/\/kasperindre.lt\/index.php?rest_route=%2Fwp%2Fv2%2Fproduct_tag&post=11856"}],"curies":[{"name":"wp","href":"https:\/\/api.w.org\/{rel}","templated":true}]}}