{"id":11853,"date":"2024-10-28T08:09:44","date_gmt":"2024-10-28T08:09:44","guid":{"rendered":"https:\/\/kasperindre.lt\/?post_type=product&#038;p=11853"},"modified":"2024-10-28T08:09:44","modified_gmt":"2024-10-28T08:09:44","slug":"maria-nila-surios-teksturos-kremas-salty-cream","status":"publish","type":"product","link":"https:\/\/kasperindre.lt\/?product=maria-nila-surios-teksturos-kremas-salty-cream","title":{"rendered":"MARIA NILA S\u016brios tekst\u016bros kremas \u2013 Salty Cream"},"content":{"rendered":"<p>Maitinamasis tekst\u016brinis silpnos fiksacijos kremas suteikia plaukams dr\u0117gm\u0117s ir s\u016brumo poj\u016bt\u012f. Kremas puikiai tinka garbanoms suvaldyti ir formai suteikti. Itin patiks tiems, kas nori kremin\u0117s tekst\u016bros, o ne pur\u0161kiklio. Kremas yra gaivaus bergamo\u010di\u0173 ir citrusini\u0173 vaisi\u0173 kvapo. Colour Guard Complex apsaugo plauk\u0173 spalv\u0105 nuo UV spinduli\u0173 ir laisv\u0173j\u0173 radikal\u0173.<\/p>\n<h5 class=\"yikes-custom-woo-tab-title yikes-custom-woo-tab-title-naudojimas\">Naudojimas<\/h5>\n<p>Nedidel\u012f kiek\u012f kremo u\u017etepkite ant dr\u0117gn\u0173 plauk\u0173, taip suteiksite plaukams papildomos tekst\u016bros, o rezultatas bus nat\u016bralesnis. Tepkite priemon\u0119 ant sruogomis padalint\u0173 plauk\u0173, i\u0161\u0161ukuokite juos ir galiausiai rankomis \u012fmasa\u017euokite krem\u0105 \u012f plaukus. Jei norite, galite plaukus i\u0161d\u017eiovinti d\u017eiovintuvu arba leisti i\u0161d\u017ei\u016bti nat\u016braliai.<\/p>\n<h5 class=\"yikes-custom-woo-tab-title yikes-custom-woo-tab-title-sudetis\">Ingredientai<\/h5>\n<p>Aqua\/Water\/Eau, PVP, Propylene Glycol, Cetyl Alcohol, Dimethicone, Helianthus Annuus (Sunflower) Seed Extract, Pyrus Malus (Apple) Seed Oil, Laminaria Digitata Extract, Glycol Distearate, Butylene Glycol, Glycerin, Dimethiconol, Quaternium-95, Propanediol, Pentaerythrityl Tetra-Di-T-Butyl Hydroxyhydrocinnamate, Carbomer, Triethanolamine, Sodium Benzoate, Potassium Sorbate, Ethylhexylglycerin, Styrene\/Acrylates Copolymer, Phenoxyethanol, Hexyl Cinnamal, Limonene, Parfum\/Fragrance.<\/p>\n","protected":false},"excerpt":{"rendered":"<div class=\"woocommerce-product-details__short-description\">\n<ul>\n<li>Maitinamasis s\u016brios tekst\u016bros kremas<\/li>\n<li>Suteikia plaukams dr\u0117gm\u0117s<\/li>\n<li>Silpna fiksacija 2\/5<\/li>\n<li>Be sulfat\u0173 ir paraben\u0173<\/li>\n<li>100% vegani\u0161kas ir nebandytas su gyv\u016bnais<\/li>\n<li>Kompensuojamas pakuo\u010di\u0173 CO<sub>2<\/sub><\/li>\n<\/ul>\n<\/div>\n","protected":false},"featured_media":11854,"comment_status":"open","ping_status":"closed","template":"","meta":{"om_disable_all_campaigns":false},"product_brand":[],"product_cat":[44,40,43],"product_tag":[],"class_list":{"0":"post-11853","1":"product","2":"type-product","3":"status-publish","4":"has-post-thumbnail","6":"product_cat-mini-produktai","7":"product_cat-plauku-kremai","8":"product_cat-plauku-stilizavimo-priemones","10":"first","11":"instock","12":"shipping-taxable","13":"purchasable","14":"product-type-simple","15":"add-to-wishlist-before_image"},"aioseo_notices":[],"_links":{"self":[{"href":"https:\/\/kasperindre.lt\/index.php?rest_route=\/wp\/v2\/product\/11853","targetHints":{"allow":["GET"]}}],"collection":[{"href":"https:\/\/kasperindre.lt\/index.php?rest_route=\/wp\/v2\/product"}],"about":[{"href":"https:\/\/kasperindre.lt\/index.php?rest_route=\/wp\/v2\/types\/product"}],"replies":[{"embeddable":true,"href":"https:\/\/kasperindre.lt\/index.php?rest_route=%2Fwp%2Fv2%2Fcomments&post=11853"}],"version-history":[{"count":1,"href":"https:\/\/kasperindre.lt\/index.php?rest_route=\/wp\/v2\/product\/11853\/revisions"}],"predecessor-version":[{"id":11855,"href":"https:\/\/kasperindre.lt\/index.php?rest_route=\/wp\/v2\/product\/11853\/revisions\/11855"}],"wp:featuredmedia":[{"embeddable":true,"href":"https:\/\/kasperindre.lt\/index.php?rest_route=\/wp\/v2\/media\/11854"}],"wp:attachment":[{"href":"https:\/\/kasperindre.lt\/index.php?rest_route=%2Fwp%2Fv2%2Fmedia&parent=11853"}],"wp:term":[{"taxonomy":"product_brand","embeddable":true,"href":"https:\/\/kasperindre.lt\/index.php?rest_route=%2Fwp%2Fv2%2Fproduct_brand&post=11853"},{"taxonomy":"product_cat","embeddable":true,"href":"https:\/\/kasperindre.lt\/index.php?rest_route=%2Fwp%2Fv2%2Fproduct_cat&post=11853"},{"taxonomy":"product_tag","embeddable":true,"href":"https:\/\/kasperindre.lt\/index.php?rest_route=%2Fwp%2Fv2%2Fproduct_tag&post=11853"}],"curies":[{"name":"wp","href":"https:\/\/api.w.org\/{rel}","templated":true}]}}