{"id":11850,"date":"2024-10-28T08:08:13","date_gmt":"2024-10-28T08:08:13","guid":{"rendered":"https:\/\/kasperindre.lt\/?post_type=product&#038;p=11850"},"modified":"2024-10-28T08:08:13","modified_gmt":"2024-10-28T08:08:13","slug":"maria-nila-stipresnes-fiksacijos-formavimo-gelis-luscious-curl-definer","status":"publish","type":"product","link":"https:\/\/kasperindre.lt\/?product=maria-nila-stipresnes-fiksacijos-formavimo-gelis-luscious-curl-definer","title":{"rendered":"MARIA NILA Stipresn\u0117s fiksacijos formavimo gelis \u2013 Luscious Curl Definer"},"content":{"rendered":"<p>Luscious Curl Definer sodrus plaukus puosel\u0117jantis plauk\u0173 gelis, kuris giliai dr\u0117kina ir i\u0161ry\u0161kina garbanot\u0173 plauk\u0173 gro\u017e\u012f. Suteikia vidutin\u0119 fiksacij\u0105, tolygiai pasiskirsto, kad j\u016bs gal\u0117tum\u0117te d\u017eiaugtis mink\u0161tomis vali\u016bki\u0161komis garbanomis. Tinka, kai reikia stipresn\u0117s fiksacijos ir norisi suformuoti ypatingai ry\u0161kias garbanas.\u00a0<em><strong>Luscious Curl Definer<\/strong><\/em>\u00a0gelis pasi\u017eymi maloniu vaisi\u0173 ir g\u0117li\u0173 kvapu. Specialus Colour Guard Complex apsaugo nuo UV spinduli\u0173 ir padeda i\u0161laikyti da\u017eyt\u0173 plauk\u0173 spalv\u0105.<\/p>\n<p>Palepinkite savo nat\u016braliai garbanotus plaukus su Coils &amp; Curls linijos produktais \u2013 jie to verti!<\/p>\n<h5 class=\"yikes-custom-woo-tab-title yikes-custom-woo-tab-title-naudojimas\">Naudojimas<\/h5>\n<p>Paskirstykite ant dr\u0117gn\u0173 plauk\u0173 nuo vir\u0161aus iki galiuk\u0173. Pagniau\u017eykite plaukus i\u0161 apa\u010dios ir taip sukurkite ry\u0161kias bangas ar garbanas. Kai plaukai visi\u0161kai i\u0161d\u017eius, galima dar pagniau\u017eyti ir pa\u0161alinti standumo poj\u016bt\u012f, likus\u012f i\u0161d\u017ei\u016bvus produktui.<\/p>\n<h5 class=\"yikes-custom-woo-tab-title yikes-custom-woo-tab-title-sudetis\">Ingredientai<\/h5>\n<p>Aqua\/Water\/Eau, Glycerin, VP\/VA Copolymer, PEG-40 Hydrogenated Castor Oil, Acrylates\/Beheneth-25 Methacrylate Copolymer, Butyrospermum Parkii (Shea) Butter, Squalane, Sodium Hyaluronate, Persea Gratissima (Avocado) Oil, Hibiscus Sabdariffa Flower Extract, Helianthus Annuus (Sunflower) Seed Oil, Rosa Canina Fruit (Rose Hip) Oil, Aloe Barbadensis Leaf Extract, Simmondsia Chinensis (Jojoba) Seed Oil, Tocopheryl Acetate, Butylene Glycol, Quaternium-95, Propanediol, Xanthan Gum, Sodium Hydroxide, Citric Acid, 1,2-Hexanediol, Pentaerythrityl Tetra-Di-T-Butyl Hydroxyhydrocinnamate, Laurtrimonium Chloride, Benzoic Acid, Dehydroacetic Acid, Potassium Sorbate, Sodium Benzoate, Caprylyl Glycol, Farnesol, Hexyl Cinnamal, Limonene, Linalool, Phenoxyethanol, Parfum\/Fragrance<\/p>\n","protected":false},"excerpt":{"rendered":"<ul>\n<li>I\u0161ry\u0161kina garbanas<\/li>\n<li>Vidutin\u0117 fiksacija<\/li>\n<li>Dr\u0117kina<\/li>\n<li>Be sulfat\u0173, paraben\u0173 ir silikon\u0173<\/li>\n<li>100 % vegani\u0161ka ir nebandyta su gyv\u016bnais<\/li>\n<li>Kompensuojamas pakuo\u010di\u0173 CO<sub>2<\/sub><\/li>\n<\/ul>\n","protected":false},"featured_media":11851,"comment_status":"open","ping_status":"closed","template":"","meta":{"om_disable_all_campaigns":false},"product_brand":[],"product_cat":[43],"product_tag":[33],"class_list":{"0":"post-11850","1":"product","2":"type-product","3":"status-publish","4":"has-post-thumbnail","6":"product_cat-plauku-stilizavimo-priemones","7":"product_tag-garbanoti-plaukai","9":"first","10":"instock","11":"shipping-taxable","12":"purchasable","13":"product-type-simple","14":"add-to-wishlist-before_image"},"aioseo_notices":[],"_links":{"self":[{"href":"https:\/\/kasperindre.lt\/index.php?rest_route=\/wp\/v2\/product\/11850","targetHints":{"allow":["GET"]}}],"collection":[{"href":"https:\/\/kasperindre.lt\/index.php?rest_route=\/wp\/v2\/product"}],"about":[{"href":"https:\/\/kasperindre.lt\/index.php?rest_route=\/wp\/v2\/types\/product"}],"replies":[{"embeddable":true,"href":"https:\/\/kasperindre.lt\/index.php?rest_route=%2Fwp%2Fv2%2Fcomments&post=11850"}],"version-history":[{"count":1,"href":"https:\/\/kasperindre.lt\/index.php?rest_route=\/wp\/v2\/product\/11850\/revisions"}],"predecessor-version":[{"id":11852,"href":"https:\/\/kasperindre.lt\/index.php?rest_route=\/wp\/v2\/product\/11850\/revisions\/11852"}],"wp:featuredmedia":[{"embeddable":true,"href":"https:\/\/kasperindre.lt\/index.php?rest_route=\/wp\/v2\/media\/11851"}],"wp:attachment":[{"href":"https:\/\/kasperindre.lt\/index.php?rest_route=%2Fwp%2Fv2%2Fmedia&parent=11850"}],"wp:term":[{"taxonomy":"product_brand","embeddable":true,"href":"https:\/\/kasperindre.lt\/index.php?rest_route=%2Fwp%2Fv2%2Fproduct_brand&post=11850"},{"taxonomy":"product_cat","embeddable":true,"href":"https:\/\/kasperindre.lt\/index.php?rest_route=%2Fwp%2Fv2%2Fproduct_cat&post=11850"},{"taxonomy":"product_tag","embeddable":true,"href":"https:\/\/kasperindre.lt\/index.php?rest_route=%2Fwp%2Fv2%2Fproduct_tag&post=11850"}],"curies":[{"name":"wp","href":"https:\/\/api.w.org\/{rel}","templated":true}]}}