{"id":11835,"date":"2024-10-28T08:01:31","date_gmt":"2024-10-28T08:01:31","guid":{"rendered":"https:\/\/kasperindre.lt\/?post_type=product&#038;p=11835"},"modified":"2024-10-28T08:01:31","modified_gmt":"2024-10-28T08:01:31","slug":"maria-nila-kvepianti-zvake-ember-myth","status":"publish","type":"product","link":"https:\/\/kasperindre.lt\/?product=maria-nila-kvepianti-zvake-ember-myth","title":{"rendered":"MARIA NILA Kvepianti \u017evak\u0117 \u2013 Ember Myth"},"content":{"rendered":"<p>EMBER MYTH yra i\u0161skirtin\u0117 kvapni \u0161ilto prieskoni\u0173 kvapo \u017evak\u0117, pripildanti j\u016bs\u0173 namus rytieti\u0161ko vanil\u0117s, cinamono, citrusini\u0173 vaisi\u0173 ir muskato rie\u0161ut\u0173 aromato. Puiki dovana tiek sau, tiek kitiems.<\/p>\n<h5 class=\"yikes-custom-woo-tab-title yikes-custom-woo-tab-title-sudetis\">Sud\u0117tis<\/h5>\n<p>Cinnamaldehyde, Coumarin.<\/p>\n","protected":false},"excerpt":{"rendered":"<ul>\n<li>Be sulfat\u0173 ir paraben\u0173<\/li>\n<li>100% vegani\u0161ka ir draugi\u0161ka gyv\u016bnams<\/li>\n<li>Kompensuojamas pakuot\u0117s CO<sub>2<\/sub><\/li>\n<li>Pagaminta \u0160vedijoje<\/li>\n<\/ul>\n","protected":false},"featured_media":11836,"comment_status":"open","ping_status":"closed","template":"","meta":{"om_disable_all_campaigns":false},"product_brand":[],"product_cat":[107],"product_tag":[],"class_list":{"0":"post-11835","1":"product","2":"type-product","3":"status-publish","4":"has-post-thumbnail","6":"product_cat-namams","8":"first","9":"instock","10":"shipping-taxable","11":"purchasable","12":"product-type-simple","13":"add-to-wishlist-before_image"},"aioseo_notices":[],"_links":{"self":[{"href":"https:\/\/kasperindre.lt\/index.php?rest_route=\/wp\/v2\/product\/11835","targetHints":{"allow":["GET"]}}],"collection":[{"href":"https:\/\/kasperindre.lt\/index.php?rest_route=\/wp\/v2\/product"}],"about":[{"href":"https:\/\/kasperindre.lt\/index.php?rest_route=\/wp\/v2\/types\/product"}],"replies":[{"embeddable":true,"href":"https:\/\/kasperindre.lt\/index.php?rest_route=%2Fwp%2Fv2%2Fcomments&post=11835"}],"version-history":[{"count":1,"href":"https:\/\/kasperindre.lt\/index.php?rest_route=\/wp\/v2\/product\/11835\/revisions"}],"predecessor-version":[{"id":11837,"href":"https:\/\/kasperindre.lt\/index.php?rest_route=\/wp\/v2\/product\/11835\/revisions\/11837"}],"wp:featuredmedia":[{"embeddable":true,"href":"https:\/\/kasperindre.lt\/index.php?rest_route=\/wp\/v2\/media\/11836"}],"wp:attachment":[{"href":"https:\/\/kasperindre.lt\/index.php?rest_route=%2Fwp%2Fv2%2Fmedia&parent=11835"}],"wp:term":[{"taxonomy":"product_brand","embeddable":true,"href":"https:\/\/kasperindre.lt\/index.php?rest_route=%2Fwp%2Fv2%2Fproduct_brand&post=11835"},{"taxonomy":"product_cat","embeddable":true,"href":"https:\/\/kasperindre.lt\/index.php?rest_route=%2Fwp%2Fv2%2Fproduct_cat&post=11835"},{"taxonomy":"product_tag","embeddable":true,"href":"https:\/\/kasperindre.lt\/index.php?rest_route=%2Fwp%2Fv2%2Fproduct_tag&post=11835"}],"curies":[{"name":"wp","href":"https:\/\/api.w.org\/{rel}","templated":true}]}}