{"id":11824,"date":"2024-10-28T07:55:18","date_gmt":"2024-10-28T07:55:18","guid":{"rendered":"https:\/\/kasperindre.lt\/?post_type=product&#038;p=11824"},"modified":"2024-10-28T07:55:18","modified_gmt":"2024-10-28T07:55:18","slug":"maria-nila-molio-vaskas-clay-wax","status":"publish","type":"product","link":"https:\/\/kasperindre.lt\/?product=maria-nila-molio-vaskas-clay-wax","title":{"rendered":"MARIA NILA Molio va\u0161kas \u2013 Clay wax"},"content":{"rendered":"<p>Modeliuojamasis ir formuojamasis va\u0161kas suteikia matin\u0119 tekst\u016br\u0105 visoms \u0161ukuosenoms. Molio va\u0161kas sukuria nat\u016braliai atrodant\u012f \u012fvaizd\u012f nepalikdamas va\u0161ko poj\u016b\u010dio plaukuose. Dr\u0117kinamasis alyvuogi\u0173 aliejus ir augalin\u0117s kilm\u0117s baltymai sukuria dr\u0117kinan\u010di\u0105 formul\u0119, apsaugan\u010di\u0105 plaukus nuo i\u0161saus\u0117jimo. Molio va\u0161kas pasi\u017eymi rytieti\u0161ku medienos aromatu, praturtintu pakalnu\u010di\u0173 ir citrusini\u0173 vaisi\u0173 natomis.<\/p>\n<h5 class=\"yikes-custom-woo-tab-title yikes-custom-woo-tab-title-naudojimas\">Naudojimas<\/h5>\n<p>Siekdami su\u0161ildyti va\u0161k\u0105, nedidel\u012f kiek\u012f priemon\u0117s patrinkite tarp deln\u0173. Jei pageidaujate, kad plaukai b\u016bt\u0173 geriau suvaldyti ir \u0161ukuosena tvir\u010diau laikyt\u0173si, tepkite priemon\u0119 ant saus\u0173 plauk\u0173 ir paskirstykite sluoksniais. Prie\u0161 naudodami va\u0161k\u0105, su\u0161ukuokite plaukus arba suformuokite norim\u0105 \u0161ukuosen\u0105.<\/p>\n<h5 class=\"yikes-custom-woo-tab-title yikes-custom-woo-tab-title-sudetis\">Ingredientai<\/h5>\n<div id=\"SITE_PAGES\">\n<div class=\"_3a3qX\">\n<div id=\"hotzy\" class=\"_2e6ps\">\n<div class=\"_2S9ms\">\n<div id=\"Containerhotzy\" class=\"_3Mgpu\">\n<div class=\"\" data-mesh-id=\"ContainerhotzyinlineContent\" data-testid=\"inline-content\">\n<div data-mesh-id=\"ContainerhotzyinlineContent-gridContainer\" data-testid=\"mesh-container-content\">\n<div id=\"TPAMultiSection_jldpaj0y\">\n<div class=\"TPAMultiSection_jldpaj0y\">\n<div class=\"_1TImB layout__classic isDesktop\" data-hook=\"product-page\" data-layout-name=\"classic\">\n<article class=\"_30ZY-\">\n<div class=\"_12vNY\">\n<section class=\"_2h_HC\">\n<div class=\"_3EQWi fggS- cell\">\n<div dir=\"ltr\">\n<div class=\"rah-static rah-static--height-auto\" aria-hidden=\"false\">\n<div class=\"_1yvxJ fggS- cell\">\n<div class=\"WncCi\" data-hook=\"info-section-description\">\n<p>Solum Diatomeae\/Diatomaceous Earth\/Terre De Diatom\u00e9es, Petrolatum, Diethylhexyl Succinate, Ceteareth-20, Cera Microcristallina\/Microcrystalline Wax\/Cire Microcristalline, Hydrogenated Vegetable Oil, Butyrospermum Parkii (Shea) Butter, Glyceryl Rosinate, Parfum\/Fragrance, Leuconostoc\/Radish Root Ferment Filtrate, Vegetable Amino Acids, Hydrolyzed Vegetable Protein, Olea Europaea (Olive) Oil Unsaponifiables, Aqua\/Water\/Eau, Stearyl Stearate, Stearic Acid, Citral, Citronellol, Hexyl Cinnamal, Limonene, Linalool.<\/p>\n<\/div>\n<\/div>\n<\/div>\n<\/div>\n<\/div>\n<\/section>\n<\/div>\n<\/article>\n<\/div>\n<\/div>\n<\/div>\n<\/div>\n<\/div>\n<\/div>\n<\/div>\n<\/div>\n<\/div>\n<\/div>\n","protected":false},"excerpt":{"rendered":"<ul>\n<li>Stiprumas 3\/5<\/li>\n<li>Modeliuojamasis formavimo kremas<\/li>\n<li>Matin\u0117 tekst\u016bra visiems plauk\u0173 tipams<\/li>\n<li>Be sulfat\u0173 ir paraben\u0173<\/li>\n<li>100% vegani\u0161kas ir nebandytas su gyv\u016bnais<\/li>\n<li>Kompensuojamas pakuo\u010di\u0173 CO<sub>2<\/sub><\/li>\n<\/ul>\n","protected":false},"featured_media":11825,"comment_status":"open","ping_status":"closed","template":"","meta":{"om_disable_all_campaigns":false},"product_brand":[],"product_cat":[44,43],"product_tag":[],"class_list":{"0":"post-11824","1":"product","2":"type-product","3":"status-publish","4":"has-post-thumbnail","6":"product_cat-mini-produktai","7":"product_cat-plauku-stilizavimo-priemones","9":"first","10":"instock","11":"shipping-taxable","12":"purchasable","13":"product-type-variable","14":"add-to-wishlist-before_image"},"aioseo_notices":[],"_links":{"self":[{"href":"https:\/\/kasperindre.lt\/index.php?rest_route=\/wp\/v2\/product\/11824","targetHints":{"allow":["GET"]}}],"collection":[{"href":"https:\/\/kasperindre.lt\/index.php?rest_route=\/wp\/v2\/product"}],"about":[{"href":"https:\/\/kasperindre.lt\/index.php?rest_route=\/wp\/v2\/types\/product"}],"replies":[{"embeddable":true,"href":"https:\/\/kasperindre.lt\/index.php?rest_route=%2Fwp%2Fv2%2Fcomments&post=11824"}],"version-history":[{"count":1,"href":"https:\/\/kasperindre.lt\/index.php?rest_route=\/wp\/v2\/product\/11824\/revisions"}],"predecessor-version":[{"id":11828,"href":"https:\/\/kasperindre.lt\/index.php?rest_route=\/wp\/v2\/product\/11824\/revisions\/11828"}],"wp:featuredmedia":[{"embeddable":true,"href":"https:\/\/kasperindre.lt\/index.php?rest_route=\/wp\/v2\/media\/11825"}],"wp:attachment":[{"href":"https:\/\/kasperindre.lt\/index.php?rest_route=%2Fwp%2Fv2%2Fmedia&parent=11824"}],"wp:term":[{"taxonomy":"product_brand","embeddable":true,"href":"https:\/\/kasperindre.lt\/index.php?rest_route=%2Fwp%2Fv2%2Fproduct_brand&post=11824"},{"taxonomy":"product_cat","embeddable":true,"href":"https:\/\/kasperindre.lt\/index.php?rest_route=%2Fwp%2Fv2%2Fproduct_cat&post=11824"},{"taxonomy":"product_tag","embeddable":true,"href":"https:\/\/kasperindre.lt\/index.php?rest_route=%2Fwp%2Fv2%2Fproduct_tag&post=11824"}],"curies":[{"name":"wp","href":"https:\/\/api.w.org\/{rel}","templated":true}]}}