{"id":11816,"date":"2024-10-28T07:51:48","date_gmt":"2024-10-28T07:51:48","guid":{"rendered":"https:\/\/kasperindre.lt\/?post_type=product&#038;p=11816"},"modified":"2024-10-28T07:51:48","modified_gmt":"2024-10-28T07:51:48","slug":"maria-nila-schist-pluostinis-kremas-schist-fibre-cream","status":"publish","type":"product","link":"https:\/\/kasperindre.lt\/?product=maria-nila-schist-pluostinis-kremas-schist-fibre-cream","title":{"rendered":"MARIA NILA Schist pluo\u0161tinis kremas \u2013 Schist Fibre Cream"},"content":{"rendered":"<p>Modeliuojamasis kremas su nedaug \u017evilgesio trumpoms ir vidutinio ilgio \u0161ukuosenoms. Dr\u0117kinamasis taukmed\u017eio sviestas ir alyvuogi\u0173 aliejus sukuria dr\u0117kinan\u010di\u0105 formul\u0119, apsaugan\u010di\u0105 plaukus nuo i\u0161saus\u0117jimo. Kremas puikiai tinka \u0161lapio efekto \u0161ukuosenoms ir pasi\u017eymi vaisiniu egzoti\u0161kos vanil\u0117s ir jazmin\u0173 aromatu.<\/p>\n<h5 class=\"yikes-custom-woo-tab-title yikes-custom-woo-tab-title-naudojimas\">Naudojimas<\/h5>\n<p>Siekdami suaktyvinti ir su\u0161ildyti va\u0161k\u0105, nedidel\u012f kiek\u012f priemon\u0117s patrinkite tarp deln\u0173. U\u017etepkite ir paskirstykite ant dr\u0117gn\u0173 arba saus\u0173 plauk\u0173. Nor\u0117dami i\u0161vengti plauk\u0173 i\u0161sipe\u0161iojimo, naudokite pluo\u0161tin\u012f krem\u0105 vien\u0105 arba sumai\u0161ykite j\u012f su\u00a0<strong><em>Maria Nila Volume Mousse<\/em><\/strong>\u00a0ir i\u0161d\u017eiovinkite plaukus d\u017eiovintuvu.<\/p>\n<h5 class=\"yikes-custom-woo-tab-title yikes-custom-woo-tab-title-sudetis\">Ingredientai<\/h5>\n<div id=\"SITE_PAGES\">\n<div class=\"_3a3qX\">\n<div id=\"hotzy\" class=\"_2e6ps\">\n<div class=\"_2S9ms\">\n<div id=\"Containerhotzy\" class=\"_3Mgpu\">\n<div class=\"\" data-mesh-id=\"ContainerhotzyinlineContent\" data-testid=\"inline-content\">\n<div data-mesh-id=\"ContainerhotzyinlineContent-gridContainer\" data-testid=\"mesh-container-content\">\n<div id=\"TPAMultiSection_jldpaj0y\">\n<div class=\"TPAMultiSection_jldpaj0y\">\n<div class=\"_1TImB layout__classic isDesktop\" data-hook=\"product-page\" data-layout-name=\"classic\">\n<article class=\"_30ZY-\">\n<div class=\"_12vNY\">\n<section class=\"_2h_HC\">\n<div class=\"_3EQWi fggS- cell\">\n<div dir=\"ltr\">\n<div class=\"rah-static rah-static--height-auto\" aria-hidden=\"false\">\n<div class=\"_1yvxJ fggS- cell\">\n<div class=\"WncCi\" data-hook=\"info-section-description\">\n<p>Aqua\/Water\/Eau, Petrolatum, Polysorbate 60, Ceteth-20, VP\/VA Copolymer, Cetearyl Alcohol, Glyceryl Stearate, PEG-100 Stearate, AMP-Acrylates\/Allyl Methacrylate Copolymer, Kaolin, PVP, Butyrospermum Parkii (Shea) Butter, Glyceryl Rosinate, Olea Europaea (Olive) Oil Unsaponifiables, PEG-90M, Silica, Ethylhexylglycerin, Laurtrimonium Chloride, Benzyl Salicylate, Linalool, Limonene, Hydroxycitronellal, Hexyl Cinnamal, Citronellol, Geraniol, Alpha-Isomethyl Ionone, Benzyl Alcohol, Coumarin, Phenoxyethanol, Parfum\/Fragrance.<\/p>\n<\/div>\n<\/div>\n<\/div>\n<\/div>\n<\/div>\n<\/section>\n<\/div>\n<\/article>\n<\/div>\n<\/div>\n<\/div>\n<\/div>\n<\/div>\n<\/div>\n<\/div>\n<\/div>\n<\/div>\n<\/div>\n","protected":false},"excerpt":{"rendered":"<div class=\"woocommerce-product-details__short-description\">\n<ul>\n<li>Stiprumas 3\/5<\/li>\n<li>Tinka visoms \u0161ukuosenoms<\/li>\n<li>Nedaug \u017evilgesio ir matinis efektas<\/li>\n<li>Be sulfat\u0173 ir paraben\u0173<\/li>\n<li>100% vegani\u0161kas ir nebandytas su gyv\u016bnais<\/li>\n<li>Kompensuojamas pakuo\u010di\u0173 CO<sub>2<\/sub><\/li>\n<\/ul>\n<\/div>\n","protected":false},"featured_media":11817,"comment_status":"open","ping_status":"closed","template":"","meta":{"om_disable_all_campaigns":false},"product_brand":[],"product_cat":[44,40,43],"product_tag":[],"class_list":{"0":"post-11816","1":"product","2":"type-product","3":"status-publish","4":"has-post-thumbnail","6":"product_cat-mini-produktai","7":"product_cat-plauku-kremai","8":"product_cat-plauku-stilizavimo-priemones","10":"first","11":"instock","12":"shipping-taxable","13":"purchasable","14":"product-type-variable","15":"add-to-wishlist-before_image"},"aioseo_notices":[],"_links":{"self":[{"href":"https:\/\/kasperindre.lt\/index.php?rest_route=\/wp\/v2\/product\/11816","targetHints":{"allow":["GET"]}}],"collection":[{"href":"https:\/\/kasperindre.lt\/index.php?rest_route=\/wp\/v2\/product"}],"about":[{"href":"https:\/\/kasperindre.lt\/index.php?rest_route=\/wp\/v2\/types\/product"}],"replies":[{"embeddable":true,"href":"https:\/\/kasperindre.lt\/index.php?rest_route=%2Fwp%2Fv2%2Fcomments&post=11816"}],"version-history":[{"count":1,"href":"https:\/\/kasperindre.lt\/index.php?rest_route=\/wp\/v2\/product\/11816\/revisions"}],"predecessor-version":[{"id":11820,"href":"https:\/\/kasperindre.lt\/index.php?rest_route=\/wp\/v2\/product\/11816\/revisions\/11820"}],"wp:featuredmedia":[{"embeddable":true,"href":"https:\/\/kasperindre.lt\/index.php?rest_route=\/wp\/v2\/media\/11817"}],"wp:attachment":[{"href":"https:\/\/kasperindre.lt\/index.php?rest_route=%2Fwp%2Fv2%2Fmedia&parent=11816"}],"wp:term":[{"taxonomy":"product_brand","embeddable":true,"href":"https:\/\/kasperindre.lt\/index.php?rest_route=%2Fwp%2Fv2%2Fproduct_brand&post=11816"},{"taxonomy":"product_cat","embeddable":true,"href":"https:\/\/kasperindre.lt\/index.php?rest_route=%2Fwp%2Fv2%2Fproduct_cat&post=11816"},{"taxonomy":"product_tag","embeddable":true,"href":"https:\/\/kasperindre.lt\/index.php?rest_route=%2Fwp%2Fv2%2Fproduct_tag&post=11816"}],"curies":[{"name":"wp","href":"https:\/\/api.w.org\/{rel}","templated":true}]}}