{"id":11813,"date":"2024-10-28T07:49:44","date_gmt":"2024-10-28T07:49:44","guid":{"rendered":"https:\/\/kasperindre.lt\/?post_type=product&#038;p=11813"},"modified":"2024-10-28T07:49:44","modified_gmt":"2024-10-28T07:49:44","slug":"maria-nila-surios-teksturos-purskiklis-ocean-spray","status":"publish","type":"product","link":"https:\/\/kasperindre.lt\/?product=maria-nila-surios-teksturos-purskiklis-ocean-spray","title":{"rendered":"MARIA NILA S\u016brios tekst\u016bros pur\u0161kiklis \u2013 Ocean Spray"},"content":{"rendered":"<p>S\u016braus vandens pur\u0161kiklis suteikia tekst\u016bros, papildomos fiksacijos, matin\u0119 i\u0161vaizd\u0105 ir nesulipindamas plauk\u0173 padeda u\u017ebaigti \u0161ukuosenos formavim\u0105. Pur\u0161kiklis puikiai pritaikomas nat\u016bralioms papl\u016bdimio bangoms formuoti ir kaip paruo\u0161iamasis pur\u0161kiklis ilgai i\u0161liekan\u010dioms \u0161ukuosenoms kurti. D\u0117l didelio nat\u016bralios druskos koncentrato jis tinka tiek ilgesniems, tiek trumpesniems plaukams. S\u016brios tekst\u016bros pur\u0161kiklis yra vaisinio obuoli\u0173 ir abrikos\u0173 aromato. Colour Guard Complex apsaugo plauk\u0173 spalv\u0105 nuo UV spinduli\u0173 ir laisv\u0173j\u0173 radikal\u0173.<\/p>\n<h5 class=\"yikes-custom-woo-tab-title yikes-custom-woo-tab-title-naudojimas\">Naudojimas<\/h5>\n<p>Prie\u0161 d\u017eiovindami plaukus d\u017eiovintuvu, priemon\u0117s u\u017epurk\u0161kite ant dr\u0117gn\u0173 plauk\u0173. Jei jums labiau patinka nat\u016bralesnis \u012fvaizdis, palikite plaukus i\u0161d\u017ei\u016bti nenaudodami joki\u0173 formavimo prietais\u0173. Atminkite, kad yra skirtumas tarp dr\u0117gn\u0173 ir \u0161lapi\u0173 plauk\u0173, tod\u0117l prie\u0161 naudodami pur\u0161kikl\u012f \u012fsitikinkite, kad plaukai tinkamai nusausinti rank\u0161luos\u010diu, taip pasieksite geriausi\u0105 rezultat\u0105.<\/p>\n<h5 class=\"yikes-custom-woo-tab-title yikes-custom-woo-tab-title-sudetis\">Ingredientai<\/h5>\n<p>Aqua\/Water\/Eau, PVP, Sodium Chloride, Polysorbate 20, Helianthus Annuus (Sunflower) Seed Extract, Propylene Glycol, Pentaerythrityl Tetra-Di-T-Butyl Hydroxyhydrocinnamate, Quaternium-95, Butylene Glycol, Propanediol, Ethylhexylglycerin, Phenoxyethanol, Parfum\/Fragrance.<\/p>\n","protected":false},"excerpt":{"rendered":"<div class=\"woocommerce-product-details__short-description\">\n<ul>\n<li>Stiprumas 3\/5, apsauga nuo kar\u0161\u010dio<\/li>\n<li>Apimties suteikiantis s\u016brios tekst\u016bros pur\u0161kiklis<\/li>\n<li>Puikiai tinka nat\u016braliai atrodan\u010dioms papl\u016bdimio bangoms formuoti<\/li>\n<li>Be sulfat\u0173 ir paraben\u0173<\/li>\n<li>100% vegani\u0161kas ir nebandytas su gyv\u016bnais<\/li>\n<li>Kompensuojamas pakuo\u010di\u0173 CO<sub>2<\/sub><\/li>\n<\/ul>\n<\/div>\n","protected":false},"featured_media":11814,"comment_status":"open","ping_status":"closed","template":"","meta":{"om_disable_all_campaigns":false},"product_brand":[],"product_cat":[39,43],"product_tag":[],"class_list":{"0":"post-11813","1":"product","2":"type-product","3":"status-publish","4":"has-post-thumbnail","6":"product_cat-plauku-lakai-ir-purskikliai","7":"product_cat-plauku-stilizavimo-priemones","9":"first","10":"instock","11":"shipping-taxable","12":"purchasable","13":"product-type-simple","14":"add-to-wishlist-before_image"},"aioseo_notices":[],"_links":{"self":[{"href":"https:\/\/kasperindre.lt\/index.php?rest_route=\/wp\/v2\/product\/11813","targetHints":{"allow":["GET"]}}],"collection":[{"href":"https:\/\/kasperindre.lt\/index.php?rest_route=\/wp\/v2\/product"}],"about":[{"href":"https:\/\/kasperindre.lt\/index.php?rest_route=\/wp\/v2\/types\/product"}],"replies":[{"embeddable":true,"href":"https:\/\/kasperindre.lt\/index.php?rest_route=%2Fwp%2Fv2%2Fcomments&post=11813"}],"version-history":[{"count":1,"href":"https:\/\/kasperindre.lt\/index.php?rest_route=\/wp\/v2\/product\/11813\/revisions"}],"predecessor-version":[{"id":11815,"href":"https:\/\/kasperindre.lt\/index.php?rest_route=\/wp\/v2\/product\/11813\/revisions\/11815"}],"wp:featuredmedia":[{"embeddable":true,"href":"https:\/\/kasperindre.lt\/index.php?rest_route=\/wp\/v2\/media\/11814"}],"wp:attachment":[{"href":"https:\/\/kasperindre.lt\/index.php?rest_route=%2Fwp%2Fv2%2Fmedia&parent=11813"}],"wp:term":[{"taxonomy":"product_brand","embeddable":true,"href":"https:\/\/kasperindre.lt\/index.php?rest_route=%2Fwp%2Fv2%2Fproduct_brand&post=11813"},{"taxonomy":"product_cat","embeddable":true,"href":"https:\/\/kasperindre.lt\/index.php?rest_route=%2Fwp%2Fv2%2Fproduct_cat&post=11813"},{"taxonomy":"product_tag","embeddable":true,"href":"https:\/\/kasperindre.lt\/index.php?rest_route=%2Fwp%2Fv2%2Fproduct_tag&post=11813"}],"curies":[{"name":"wp","href":"https:\/\/api.w.org\/{rel}","templated":true}]}}