{"id":11798,"date":"2024-10-28T07:42:22","date_gmt":"2024-10-28T07:42:22","guid":{"rendered":"https:\/\/kasperindre.lt\/?post_type=product&#038;p=11798"},"modified":"2024-10-28T07:43:49","modified_gmt":"2024-10-28T07:43:49","slug":"maria-nila-sviesiaplaukems-skirtas-rinkinys-sheer-silver-gift-box","status":"publish","type":"product","link":"https:\/\/kasperindre.lt\/?product=maria-nila-sviesiaplaukems-skirtas-rinkinys-sheer-silver-gift-box","title":{"rendered":"MARIA NILA \u0160viesiaplauk\u0117ms skirtas rinkinys \u2013 Sheer Silver Gift Box"},"content":{"rendered":"\t\t<div data-elementor-type=\"wp-post\" data-elementor-id=\"11798\" class=\"elementor elementor-11798\" data-elementor-settings=\"[]\">\n\t\t\t\t\t\t\t<div class=\"elementor-section-wrap\">\n\t\t\t\t\t\t\t<section class=\"elementor-section elementor-top-section elementor-element elementor-element-1ab36524 elementor-section-boxed elementor-section-height-default elementor-section-height-default qodef-elementor-content-no\" data-id=\"1ab36524\" data-element_type=\"section\">\n\t\t\t\t\t\t<div class=\"elementor-container elementor-column-gap-default\">\n\t\t\t\t\t<div class=\"elementor-column elementor-col-100 elementor-top-column elementor-element elementor-element-3513475b\" data-id=\"3513475b\" data-element_type=\"column\">\n\t\t\t<div class=\"elementor-widget-wrap elementor-element-populated\">\n\t\t\t\t\t\t\t\t<div class=\"elementor-element elementor-element-3d7aa6b5 elementor-widget elementor-widget-text-editor\" data-id=\"3d7aa6b5\" data-element_type=\"widget\" data-widget_type=\"text-editor.default\">\n\t\t\t\t<div class=\"elementor-widget-container\">\n\t\t\t\t\t\t\t<p><strong>Art\u0117jant dovan\u0173 sezonui<\/strong>, \u012f savo gro\u017eio d\u0117\u017eutes sud\u0117jome perkamiausius plauk\u0173 prie\u017ei\u016bros produktus. Pa\u010dios d\u0117\u017eut\u0117s pasi\u017eymi subtiliais, ta\u010diau tuo pat metu netik\u0117tais spalv\u0173 deriniais.<\/p>\n<p>Sheer Silver gro\u017eio d\u0117\u017eut\u0117je rasite \u0161amp\u016bn\u0105, kondicionieri\u0173 ir greito poveikio kauk\u0119. Daugiau joki\u0173 nepageidaujam\u0173 gelton\u0173 ir oran\u017eini\u0173 atspalvi\u0173 su Sheer Silver linijos produktais. Violetiniai pigmentai neutralizuoja nepageidaujamus geltonus \u0161viesi\u0173 plauk\u0173 atspalvius, o gervuogi\u0173 ekstraktas pary\u0161kina nat\u016brali\u0173 spalv\u0173 plauk\u0173 sruogas. Sud\u0117tyje esantys augaliniai baltymai atstato plaukus ir suteikia ilgalaik\u012f kondicionuojam\u0105j\u012f poveik\u012f. Greito poveikio Booster Masque kauk\u0117 \u2013 3 minu\u010di\u0173 plauk\u0173 puosel\u0117jimo proced\u016bra, pakei\u010dianti kondicionieri\u0173 ir kauk\u0119. Sheer Silver aromat\u0105 sudaro gaivios apelsin\u0173, greipfrut\u0173, \u0161vie\u017ei\u0173 jazmin\u0173 bei \u017eibu\u010di\u0173 natos.<\/p>\n<p>Spalvinga gro\u017eio d\u0117\u017eut\u0117 pagaminta i\u0161 100% perdirbt\u0173 \u017ealiav\u0173 ir sukurta taip, kad gal\u0117tum\u0117te v\u0117liau j\u0105 naudoti \u012fvairioms smulkmenoms susid\u0117ti. Kampanija \u201eBeyond Beauty Box\u201c skirta pabr\u0117\u017eti ir pad\u0117ti atskleisti neribotas gro\u017eio d\u0117\u017eut\u0117s panaudojimo galimybes. Nuo nesuskai\u010diuojam\u0173 d\u0117\u017eu\u010di\u0173 panaudojimo ir j\u0173 pritaikymo b\u016bd\u0173 iki pamatini\u0173 Maria Nila vertybi\u0173, puosel\u0117jam\u0173 per m\u016bs\u0173 kuriam\u0105 gro\u017e\u012f ir produktus.<\/p>\n<p>Maria Nila veikla neapsiriboja vien tik siekiu kurti gro\u017e\u012f. Mes darome kur kas daugiau \u2013 gaminame 100 proc. vegani\u0161kus ir gyv\u016bnams draugi\u0161kus produktus, padedame aplinkai ir nykstantiems gyv\u016bnams vykdydami kampanij\u0105 \u201eThe Friendly Year\u201c ir visuomet stengiam\u0117s ie\u0161koti novatori\u0161k\u0173 ingredient\u0173.<\/p>\n<p>5% pajam\u0173, gaut\u0173 u\u017e kiekvien\u0105 gro\u017eio d\u0117\u017eut\u0119, Maria Nila skiria labdaros programai \u201eThe Friendly Year\u201c, kurioje telkiame bendruomen\u0119 siekdami pad\u0117ti nykstantiems gyv\u016bnams.<\/p><p><span style=\"color: rgb(0, 0, 0); font-family: Syne, sans-serif; font-size: 20px; font-weight: 700; letter-spacing: -0.01em; text-transform: uppercase;\"><br><\/span><\/p><p><span style=\"color: rgb(0, 0, 0); font-family: Syne, sans-serif; font-size: 20px; font-weight: 700; letter-spacing: -0.01em; text-transform: uppercase;\">Naudojimas<\/span><\/p><p><span style=\"color: var( --e-global-color-text ); font-family: var( --e-global-typography-text-font-family ), Sans-serif; font-weight: var( --e-global-typography-text-font-weight );\"><br><\/span><\/p><p><span style=\"color: var( --e-global-color-text ); font-family: var( --e-global-typography-text-font-family ), Sans-serif; font-weight: var( --e-global-typography-text-font-weight );\">1 \u017dINGSNIS: Paskirstykite \u0161amp\u016bn\u0105 ant dr\u0117gn\u0173 plauk\u0173 ir \u0161velniai \u012fmasa\u017euokite \u012f plaukus ir galvos od\u0105.<\/span><\/p><p><span style=\"color: var( --e-global-color-text ); font-family: var( --e-global-typography-text-font-family ), Sans-serif; font-weight: var( --e-global-typography-text-font-weight );\">2 \u017dINGSNIS: Nuskalaukite \u0161amp\u016bn\u0105 ir pakartokite proces\u0105 antr\u0105 kart\u0105.<\/span><\/p><p><span style=\"color: var( --e-global-color-text ); font-family: var( --e-global-typography-text-font-family ), Sans-serif; font-weight: var( --e-global-typography-text-font-weight );\">3 \u017dINGSNIS: Paskirstykite kondicionieri\u0173 per plauk\u0173 ilg\u012f. Palikite 1-2 minutes ir nuskalaukite.<\/span><\/p><p><span style=\"color: var( --e-global-color-text ); font-family: var( --e-global-typography-text-font-family ), Sans-serif; font-weight: var( --e-global-typography-text-font-weight );\"><br><\/span><\/p><p><span style=\"color: var( --e-global-color-text ); font-family: var( --e-global-typography-text-font-family ), Sans-serif; font-weight: var( --e-global-typography-text-font-weight );\">Greitoji pagalba plaukams: greito poveikio Booster Masque kauk\u0119 &nbsp;paskirstykite ant \u0161amp\u016bnu i\u0161plaut\u0173 plauk\u0173. Palikite 3 minutes ir nuskalaukite. \u0160i greito poveikio kauk\u0117 naudojama vietoje kondicionieriaus ir \u012fprastos plauk\u0173 kauk\u0117s ir akimirksniu suteikia plaukams glotnumo ir \u017evilgesio!<\/span><\/p><p><span style=\"color: rgb(0, 0, 0); font-family: Syne, sans-serif; font-size: 20px; font-weight: 700; letter-spacing: -0.01em; text-transform: uppercase;\"><br><\/span><\/p><p><span style=\"color: rgb(0, 0, 0); font-family: Syne, sans-serif; font-size: 20px; font-weight: 700; letter-spacing: -0.01em; text-transform: uppercase;\">Sud\u0117tis<\/span><\/p><p><span style=\"color: var( --e-global-color-text ); font-family: var( --e-global-typography-text-font-family ), Sans-serif; font-weight: var( --e-global-typography-text-font-weight );\"><br><\/span><\/p><p><span style=\"color: var( --e-global-color-text ); font-family: var( --e-global-typography-text-font-family ), Sans-serif; font-weight: var( --e-global-typography-text-font-weight );\">Sheer Silver Shampoo: Aqua\/Water\/Eau, Sodium Lauroyl Methyl Isethionate, Cocamidopropyl Betaine, Disodium Laureth Sulfosuccinate, Sodium Lauryl Sulfoacetate, Glycerin, Rubus Fruticosus (Blackberry) Fruit Extract, Phyllostachys Nigra Leaf Extract, Glycol Distearate, Hydrolyzed Wheat Protein, Amodimethicone\/Morpholinomethyl Silsesquioxane Copolymer, Hydrolyzed Vegetable Protein PG-Propyl Silanetriol, Propylene Glycol, Trideceth-5, Propanediol, Quaternium-95, Acetum\/Vinegar\/Vinaigre, Guar Hydroxypropyltrimonium Chloride, Pentaerythrityl Tetra-Di-T-Butyl Hydroxyhydrocinnamate, Potassium Sorbate, Disodium EDTA, Sodium Chloride, Ethylhexylglycerin, Benzoic Acid, Dehydroacetic Acid, PEG-150 Pentaerythrityl Tetrastearate, Lactic Acid, PPG-2 Hydroxyethyl Cocamide, Phenoxyethanol, Linalool, Hexyl Cinnamal, Limonene, Parfum\/Fragrance, Acid Violet 43<\/span><\/p><p><span style=\"color: var( --e-global-color-text ); font-family: var( --e-global-typography-text-font-family ), Sans-serif; font-weight: var( --e-global-typography-text-font-weight );\"><br><\/span><\/p><p><span style=\"color: var( --e-global-color-text ); font-family: var( --e-global-typography-text-font-family ), Sans-serif; font-weight: var( --e-global-typography-text-font-weight );\">Sheer Silver Conditioner: Aqua\/Water\/Eau, Cetearyl Alcohol, PPG-3 Benzyl Ether Myristate, Behentrimonium Chloride, Rubus Fruticosus (Blackberry) Fruit Extract, Stearamidopropyl Dimethylamine, Acetum\/Vinegar\/Vinaigre, Polyglyceryl-3 Polyricinoleate, Cetrimonium Chloride, Helianthus Annuus (Sunflower) Seed Oil, Moringa Oleifera Seed Oil, Olea Europaea (Olive) Fruit Oil, Lactic Acid, Amodimethicone\/Morpholinomethyl Silsesquioxane Copolymer, Glycerin, Trideceth-5, Phyllostachys Nigra Leaf Extract, Dimethiconol, Propylene Glycol, Quaternium-95, Propanediol, Dimethicone, Ethylhexylglycerin, Benzoic Acid, Pentaerythrityl Tetra-Di-T-Butyl Hydroxyhydrocinnamate, Dehydroacetic Acid, Phenoxyethanol, Limonene, Hexyl Cinnamal, Linalool, Parfum\/Fragrance, Acid Violet 43<\/span><\/p><p><span style=\"color: var( --e-global-color-text ); font-family: var( --e-global-typography-text-font-family ), Sans-serif; font-weight: var( --e-global-typography-text-font-weight );\"><br><\/span><\/p><p><span style=\"color: var( --e-global-color-text ); font-family: var( --e-global-typography-text-font-family ), Sans-serif; font-weight: var( --e-global-typography-text-font-weight );\">Booster Masque: Aqua\/Water\/Eau, Cetearyl Alcohol, Glycerin, Behentrimonium Chloride, Rubus Villosus (Blackberry) Fruit Extract, Cetyl Alcohol, Helianthus Annuus (Sunflower) Seed Oil, Argania Spinosa Kernel Oil, Panthenol, Hydrolyzed Wheat Protein, Caprylyl Glycol, Propylene Glycol, Guar Hydroxypropyltrimonium Chloride, Pentaerythrityl Tetra-Di-T-Butyl Hydroxyhydrocinnamate, Propanediol, Quaternium-95, Citric Acid, Lactic Acid, Potassium Sorbate, Hexyl Cinnamal, Limonene, Linalool, Phenoxyethanol, Parfum\/Fragrance, Basic Blue 99, Basic Red 76<\/span><\/p>\t\t\t\t\t\t<\/div>\n\t\t\t\t<\/div>\n\t\t\t\t\t<\/div>\n\t\t<\/div>\n\t\t\t\t\t\t\t<\/div>\n\t\t<\/section>\n\t\t\t\t\t\t<\/div>\n\t\t\t\t\t<\/div>\n\t\t","protected":false},"excerpt":{"rendered":"<div class=\"woocommerce-product-details__short-description\">\n<div class=\"u-p5 product--description\">\n<div class=\"woocommerce-product-details__short-description\">\n<div class=\"u-p5 product--description\">\n<p><strong>\u0160i\u0173 met\u0173 riboto leidimo gro\u017eio d\u0117\u017eut\u0117s jau \u010dia!<\/strong>\u00a0Sheer Silver Beauty Box yra skirta \u0161viesiaplauk\u0117ms, norin\u010dioms neutralizuoti auksinius atspalvius. D\u0117\u017eut\u0117s turin\u012f sudaro \u0161amp\u016bnas, kondicionierius ir greito poveikio kauk\u0117 i\u0161 Sheer Silver asortimento. Sheer Silver aromat\u0105 sudaro gaivios apelsin\u0173, greipfrut\u0173, \u0161vie\u017ei\u0173 jazmin\u0173 bei \u017eibu\u010di\u0173 natos.<\/p>\n<p>5% pajam\u0173, gaut\u0173 u\u017e kiekvien\u0105 gro\u017eio d\u0117\u017eut\u0119, Maria Nila skiria labdaros programai \u201eThe Friendly Year\u201c, kurioje telkiame bendruomen\u0119 siekdami pad\u0117ti nykstantiems gyv\u016bnams.<\/p>\n<ul>\n<li>Visapusi\u0161ka plauk\u0173 prie\u017ei\u016bros rutina<\/li>\n<li>Neutralizuoja geltonus tonus<\/li>\n<li>Gervuogi\u0173 ekstraktas suteikia blizgesio<\/li>\n<li>100% vegani\u0161ki produktai<\/li>\n<li>I\u0161 perdirbt\u0173 \u017ealiav\u0173 pagaminta gro\u017eio d\u0117\u017eut\u0117<\/li>\n<\/ul>\n<\/div>\n<\/div>\n<\/div>\n<\/div>\n","protected":false},"featured_media":11799,"comment_status":"open","ping_status":"closed","template":"","meta":{"om_disable_all_campaigns":false},"product_brand":[],"product_cat":[15,30],"product_tag":[101,103],"class_list":{"0":"post-11798","1":"product","2":"type-product","3":"status-publish","4":"has-post-thumbnail","6":"product_cat-sampunai","7":"product_cat-kondicionieriai","8":"product_tag-dovana","9":"product_tag-sviesinti-plaukai","11":"first","12":"instock","13":"shipping-taxable","14":"purchasable","15":"product-type-simple","16":"add-to-wishlist-before_image"},"aioseo_notices":[],"_links":{"self":[{"href":"https:\/\/kasperindre.lt\/index.php?rest_route=\/wp\/v2\/product\/11798","targetHints":{"allow":["GET"]}}],"collection":[{"href":"https:\/\/kasperindre.lt\/index.php?rest_route=\/wp\/v2\/product"}],"about":[{"href":"https:\/\/kasperindre.lt\/index.php?rest_route=\/wp\/v2\/types\/product"}],"replies":[{"embeddable":true,"href":"https:\/\/kasperindre.lt\/index.php?rest_route=%2Fwp%2Fv2%2Fcomments&post=11798"}],"version-history":[{"count":4,"href":"https:\/\/kasperindre.lt\/index.php?rest_route=\/wp\/v2\/product\/11798\/revisions"}],"predecessor-version":[{"id":11803,"href":"https:\/\/kasperindre.lt\/index.php?rest_route=\/wp\/v2\/product\/11798\/revisions\/11803"}],"wp:featuredmedia":[{"embeddable":true,"href":"https:\/\/kasperindre.lt\/index.php?rest_route=\/wp\/v2\/media\/11799"}],"wp:attachment":[{"href":"https:\/\/kasperindre.lt\/index.php?rest_route=%2Fwp%2Fv2%2Fmedia&parent=11798"}],"wp:term":[{"taxonomy":"product_brand","embeddable":true,"href":"https:\/\/kasperindre.lt\/index.php?rest_route=%2Fwp%2Fv2%2Fproduct_brand&post=11798"},{"taxonomy":"product_cat","embeddable":true,"href":"https:\/\/kasperindre.lt\/index.php?rest_route=%2Fwp%2Fv2%2Fproduct_cat&post=11798"},{"taxonomy":"product_tag","embeddable":true,"href":"https:\/\/kasperindre.lt\/index.php?rest_route=%2Fwp%2Fv2%2Fproduct_tag&post=11798"}],"curies":[{"name":"wp","href":"https:\/\/api.w.org\/{rel}","templated":true}]}}