{"id":11763,"date":"2024-10-27T14:43:59","date_gmt":"2024-10-27T14:43:59","guid":{"rendered":"https:\/\/kasperindre.lt\/?post_type=product&#038;p=11763"},"modified":"2024-10-27T14:45:13","modified_gmt":"2024-10-27T14:45:13","slug":"maria-nila-apimties-suteikianti-kauke-pure-volume-masque","status":"publish","type":"product","link":"https:\/\/kasperindre.lt\/?product=maria-nila-apimties-suteikianti-kauke-pure-volume-masque","title":{"rendered":"MARIA NILA Apimties suteikianti kauk\u0117 \u2013 Pure Volume Masque"},"content":{"rendered":"\t\t<div data-elementor-type=\"wp-post\" data-elementor-id=\"11763\" class=\"elementor elementor-11763\" data-elementor-settings=\"[]\">\n\t\t\t\t\t\t\t<div class=\"elementor-section-wrap\">\n\t\t\t\t\t\t\t<section class=\"elementor-section elementor-top-section elementor-element elementor-element-6f391f9b elementor-section-boxed elementor-section-height-default elementor-section-height-default qodef-elementor-content-no\" data-id=\"6f391f9b\" data-element_type=\"section\">\n\t\t\t\t\t\t<div class=\"elementor-container elementor-column-gap-default\">\n\t\t\t\t\t<div class=\"elementor-column elementor-col-100 elementor-top-column elementor-element elementor-element-1323e651\" data-id=\"1323e651\" data-element_type=\"column\">\n\t\t\t<div class=\"elementor-widget-wrap elementor-element-populated\">\n\t\t\t\t\t\t\t\t<div class=\"elementor-element elementor-element-64787ff9 elementor-widget elementor-widget-text-editor\" data-id=\"64787ff9\" data-element_type=\"widget\" data-widget_type=\"text-editor.default\">\n\t\t\t\t<div class=\"elementor-widget-container\">\n\t\t\t\t\t\t\t<p>Lengva priemon\u0117 ploniems plaukams dr\u0117kina, padaro juos \u0161ilkinius ir glotnius j\u0173 neapsunkindama. Vitaminas B5 suteikia dr\u0117gm\u0117s ir ilgai i\u0161liekan\u010dios apimties, o citrusinis g\u0117linis apelsinmed\u017ei\u0173 \u017eied\u0173, citrinos ir hiacinto aromatas \u2013 gaivumo poj\u016bt\u012f\u012f. Colour Guard Complex padeda i\u0161laikyti plauk\u0173 spalv\u0105, apsaugodamas juos nuo UV spinduli\u0173 ir laisv\u0173j\u0173 radikal\u0173.<\/p><h5 class=\"yikes-custom-woo-tab-title yikes-custom-woo-tab-title-naudojimas\">Naudojimas<\/h5><p>Kauk\u0119 tepkite ant k\u0105 tik i\u0161trinkt\u0173 plauk\u0173 ir laikykite 5\u201310 min. I\u0161skalaukite ir naudokite kondicionieri\u0173. Kartokite bent 1\u20132 kartus per savait\u0119 arba naudokite kasdien.<\/p><p>Kauk\u0117je gausu maistini\u0173 med\u017eiag\u0173, o jos pagrindin\u0117 u\u017eduotis yra atkurti plauk\u0173 sveikat\u0105. Vis\u0173\u00a0MARIA NILA plauk\u0173 kauki\u0173 pH yra 5\u20135.5 \u2013 nat\u016bralus j\u016bs\u0173 odos ir plauk\u0173 pH lygis. Trenkant plaukus \u0161amp\u016bnu, plaukai atsidaro, tod\u0117l maistin\u0117s med\u017eiagos \u012fsiskverbia \u012f plaukus ir pradeda atstatom\u0105j\u012f proces\u0105. Norint pasiekti geriausi\u0105 rezultat\u0105, kauk\u0119 reikia naudoti tarp \u0161amp\u016bno ir kondicionieriaus, kaip trij\u0173 \u017eingsni\u0173 programos dal\u012f. Kauk\u0117 padeda sumink\u0161tinti, pamaitinti ir sudr\u0117kinti plaukus. Nor\u0117dami suteikti daugiau apimties, naudokite kondicionieri\u0173 derindami su \u0161amp\u016bnu, kauke ir apimties suteikian\u010diomis putomis i\u0161\u00a0<strong><em>Pure Volume<\/em><\/strong>\u00a0linijos. Visi produktai tinka kasdieniam naudojimui.<\/p><h5>Ingredientai<\/h5><p>Aqua\/Water\/Eau, Cetearyl Alcohol, Polyglyceryl-3 Polyricinoleate, Stearamidopropyl Dimethylamine, Glycerin, Cetrimonium Chloride, Panthenol, Helianthus Annuus (Sunflower) Seed Oil, Butyrospermum Parkii (Shea) Butter, Phyllostachys Nigra Leaf Extract, Behentrimonium Chloride, Linoleic Acid, Moringa Oleifera Seed Oil, Oleic Acid, Ethyltrimonium Chloride Methacrylate\/Hydrolyzed Wheat Protein Copolymer, Linolenic Acid, Tocopherol, Dimethicone, Dimethiconol, Amodimethicone\/Morpholinomethyl Silsesquioxane Copolymer, Propanediol, Trideceth-5, Disodium EDTA, Pentaerythrityl Tetra- Di-T-Butyl Hydroxyhydrocinnamate, Citric Acid, Potassium Sorbate, Quaternium-95, Lactic Acid, Ethylhexylglycerin, Benzyl Alcohol, Benzyl Salicylate, Hexyl Cinnamal, Linalool, Phenoxyethanol, Parfum\/Fragrance<\/p>\t\t\t\t\t\t<\/div>\n\t\t\t\t<\/div>\n\t\t\t\t\t<\/div>\n\t\t<\/div>\n\t\t\t\t\t\t\t<\/div>\n\t\t<\/section>\n\t\t\t\t\t\t<\/div>\n\t\t\t\t\t<\/div>\n\t\t","protected":false},"excerpt":{"rendered":"<div class=\"woocommerce-product-details__short-description\">\n<ul>\n<li>Apimties suteikiantis vitaminas B5<\/li>\n<li>Ilgai i\u0161liekanti apimtis<\/li>\n<li>Maitina ir atkuria plaukus<\/li>\n<li>Be sulfat\u0173 ir paraben\u0173<\/li>\n<li>100% vegani\u0161ka ir nebandyta su gyv\u016bnais<\/li>\n<li>Kompensuojamas pakuo\u010di\u0173 CO<sub>2<\/sub><\/li>\n<\/ul>\n<\/div>\n","protected":false},"featured_media":11764,"comment_status":"open","ping_status":"closed","template":"","meta":{"om_disable_all_campaigns":false},"product_brand":[],"product_cat":[38],"product_tag":[49],"class_list":{"0":"post-11763","1":"product","2":"type-product","3":"status-publish","4":"has-post-thumbnail","6":"product_cat-plauku-kaukes","7":"product_tag-ploni-plaukai","9":"first","10":"instock","11":"shipping-taxable","12":"purchasable","13":"product-type-simple","14":"add-to-wishlist-before_image"},"aioseo_notices":[],"_links":{"self":[{"href":"https:\/\/kasperindre.lt\/index.php?rest_route=\/wp\/v2\/product\/11763","targetHints":{"allow":["GET"]}}],"collection":[{"href":"https:\/\/kasperindre.lt\/index.php?rest_route=\/wp\/v2\/product"}],"about":[{"href":"https:\/\/kasperindre.lt\/index.php?rest_route=\/wp\/v2\/types\/product"}],"replies":[{"embeddable":true,"href":"https:\/\/kasperindre.lt\/index.php?rest_route=%2Fwp%2Fv2%2Fcomments&post=11763"}],"version-history":[{"count":4,"href":"https:\/\/kasperindre.lt\/index.php?rest_route=\/wp\/v2\/product\/11763\/revisions"}],"predecessor-version":[{"id":11768,"href":"https:\/\/kasperindre.lt\/index.php?rest_route=\/wp\/v2\/product\/11763\/revisions\/11768"}],"wp:featuredmedia":[{"embeddable":true,"href":"https:\/\/kasperindre.lt\/index.php?rest_route=\/wp\/v2\/media\/11764"}],"wp:attachment":[{"href":"https:\/\/kasperindre.lt\/index.php?rest_route=%2Fwp%2Fv2%2Fmedia&parent=11763"}],"wp:term":[{"taxonomy":"product_brand","embeddable":true,"href":"https:\/\/kasperindre.lt\/index.php?rest_route=%2Fwp%2Fv2%2Fproduct_brand&post=11763"},{"taxonomy":"product_cat","embeddable":true,"href":"https:\/\/kasperindre.lt\/index.php?rest_route=%2Fwp%2Fv2%2Fproduct_cat&post=11763"},{"taxonomy":"product_tag","embeddable":true,"href":"https:\/\/kasperindre.lt\/index.php?rest_route=%2Fwp%2Fv2%2Fproduct_tag&post=11763"}],"curies":[{"name":"wp","href":"https:\/\/api.w.org\/{rel}","templated":true}]}}