{"id":11747,"date":"2024-10-27T14:31:46","date_gmt":"2024-10-27T14:31:46","guid":{"rendered":"https:\/\/kasperindre.lt\/?post_type=product&#038;p=11747"},"modified":"2024-10-27T14:33:20","modified_gmt":"2024-10-27T14:33:20","slug":"maria-nila-labai-stiprios-fiksacijos-lakas-extreme-spray","status":"publish","type":"product","link":"https:\/\/kasperindre.lt\/?product=maria-nila-labai-stiprios-fiksacijos-lakas-extreme-spray","title":{"rendered":"MARIA NILA Labai stiprios fiksacijos lakas \u2013 Extreme Spray"},"content":{"rendered":"\t\t<div data-elementor-type=\"wp-post\" data-elementor-id=\"11747\" class=\"elementor elementor-11747\" data-elementor-settings=\"[]\">\n\t\t\t\t\t\t\t<div class=\"elementor-section-wrap\">\n\t\t\t\t\t\t\t<section class=\"elementor-section elementor-top-section elementor-element elementor-element-7b794c8f elementor-section-boxed elementor-section-height-default elementor-section-height-default qodef-elementor-content-no\" data-id=\"7b794c8f\" data-element_type=\"section\">\n\t\t\t\t\t\t<div class=\"elementor-container elementor-column-gap-default\">\n\t\t\t\t\t<div class=\"elementor-column elementor-col-100 elementor-top-column elementor-element elementor-element-7727f3f3\" data-id=\"7727f3f3\" data-element_type=\"column\">\n\t\t\t<div class=\"elementor-widget-wrap elementor-element-populated\">\n\t\t\t\t\t\t\t\t<div class=\"elementor-element elementor-element-2a27affc elementor-widget elementor-widget-text-editor\" data-id=\"2a27affc\" data-element_type=\"widget\" data-widget_type=\"text-editor.default\">\n\t\t\t\t<div class=\"elementor-widget-container\">\n\t\t\t\t\t\t\t<p>\u0160velnus labai stiprios fiksacijos pur\u0161kiklis, skirtas \u0161ukuosenos formavimui u\u017ebaigti ir u\u017etikrinti, kad ji ilgai i\u0161silaikys. Priemon\u0117 puikiai fiksuoja, sutvirtina ir itin tinka sukelt\u0173 bei atgal su\u0161ukuot\u0173 plauk\u0173 \u0161ukuosenoms, kurioms reikalinga ilgalaik\u0117 fiksacija. Palygintus su SYLING SPRAY ir FINISHING SPRAY, m\u016bs\u0173 EXTREME SPRAY suteikia stipriausi\u0105 fiksacij\u0105. Pur\u0161kiklis yra gaivaus vanil\u0117s, pasiflor\u0173 ir obuoli\u0173 aromato. Colour Guard Complex apsaugo plauk\u0173 spalv\u0105 nuo UV spinduli\u0173 ir laisv\u0173j\u0173 radikal\u0173.<\/p><h5 class=\"yikes-custom-woo-tab-title yikes-custom-woo-tab-title-naudojimas\">Naudojimas<\/h5><p>I\u0161d\u017eiovinkite plaukus d\u017eiovintuvu ir (arba) suformuokite \u0161ukuosen\u0105, o pabaigoje naudokite pur\u0161kikl\u012f ant saus\u0173 plauk\u0173 \u0161ukuosenai fiksuoti. Puikiai tinka dideliems renginiams, pvz., vestuv\u0117ms, kai j\u016bs\u0173 \u0161ukuosena turi i\u0161silaikyti ilg\u0105 laik\u0105.<\/p><h5 class=\"yikes-custom-woo-tab-title yikes-custom-woo-tab-title-sudetis\">Ingredientai<\/h5><p>Alcohol Denat, Butane, Isobutane, Octylacrylamide\/Acrylates\/Butylaminoethyl Methacrylate Copolymer, Aqua, Propane, Aminomethyl Propanol, Helianthus Annuus Seed Extract, Tocopherol, Quaternium-95, Propanediol, Pentaerythrityl Tetra-di-t-butyl Hydroxyhydrocinnamate, Butylene Glycol, Citronellol, Parfum.<\/p>\t\t\t\t\t\t<\/div>\n\t\t\t\t<\/div>\n\t\t\t\t\t<\/div>\n\t\t<\/div>\n\t\t\t\t\t\t\t<\/div>\n\t\t<\/section>\n\t\t\t\t\t\t<\/div>\n\t\t\t\t\t<\/div>\n\t\t","protected":false},"excerpt":{"rendered":"<ul>\n<li>Stiprumas 5\/5<\/li>\n<li>Stipri fiksacija ir tvirtumas<\/li>\n<li>Puikiai tinka ilgai i\u0161liekan\u010dioms \u0161ukuosenoms<\/li>\n<li>Be sulfat\u0173 ir paraben\u0173<\/li>\n<li>100% vegani\u0161kas ir nebandytas su gyv\u016bnais<\/li>\n<li>Kompensuojamas pakuo\u010di\u0173 CO<sub>2<\/sub><\/li>\n<\/ul>\n","protected":false},"featured_media":11748,"comment_status":"open","ping_status":"closed","template":"","meta":{"om_disable_all_campaigns":false},"product_brand":[],"product_cat":[44,39],"product_tag":[],"class_list":{"0":"post-11747","1":"product","2":"type-product","3":"status-publish","4":"has-post-thumbnail","6":"product_cat-mini-produktai","7":"product_cat-plauku-lakai-ir-purskikliai","9":"first","10":"instock","11":"shipping-taxable","12":"purchasable","13":"product-type-variable","14":"add-to-wishlist-before_image"},"aioseo_notices":[],"_links":{"self":[{"href":"https:\/\/kasperindre.lt\/index.php?rest_route=\/wp\/v2\/product\/11747","targetHints":{"allow":["GET"]}}],"collection":[{"href":"https:\/\/kasperindre.lt\/index.php?rest_route=\/wp\/v2\/product"}],"about":[{"href":"https:\/\/kasperindre.lt\/index.php?rest_route=\/wp\/v2\/types\/product"}],"replies":[{"embeddable":true,"href":"https:\/\/kasperindre.lt\/index.php?rest_route=%2Fwp%2Fv2%2Fcomments&post=11747"}],"version-history":[{"count":4,"href":"https:\/\/kasperindre.lt\/index.php?rest_route=\/wp\/v2\/product\/11747\/revisions"}],"predecessor-version":[{"id":11754,"href":"https:\/\/kasperindre.lt\/index.php?rest_route=\/wp\/v2\/product\/11747\/revisions\/11754"}],"wp:featuredmedia":[{"embeddable":true,"href":"https:\/\/kasperindre.lt\/index.php?rest_route=\/wp\/v2\/media\/11748"}],"wp:attachment":[{"href":"https:\/\/kasperindre.lt\/index.php?rest_route=%2Fwp%2Fv2%2Fmedia&parent=11747"}],"wp:term":[{"taxonomy":"product_brand","embeddable":true,"href":"https:\/\/kasperindre.lt\/index.php?rest_route=%2Fwp%2Fv2%2Fproduct_brand&post=11747"},{"taxonomy":"product_cat","embeddable":true,"href":"https:\/\/kasperindre.lt\/index.php?rest_route=%2Fwp%2Fv2%2Fproduct_cat&post=11747"},{"taxonomy":"product_tag","embeddable":true,"href":"https:\/\/kasperindre.lt\/index.php?rest_route=%2Fwp%2Fv2%2Fproduct_tag&post=11747"}],"curies":[{"name":"wp","href":"https:\/\/api.w.org\/{rel}","templated":true}]}}