{"id":11724,"date":"2024-10-27T14:24:26","date_gmt":"2024-10-27T14:24:26","guid":{"rendered":"https:\/\/kasperindre.lt\/?post_type=product&#038;p=11724"},"modified":"2024-10-27T14:25:25","modified_gmt":"2024-10-27T14:25:25","slug":"maria-nila-valomoji-pudra-cleansing-powder","status":"publish","type":"product","link":"https:\/\/kasperindre.lt\/?product=maria-nila-valomoji-pudra-cleansing-powder","title":{"rendered":"MARIA NILA Valomoji pudra \u2013 Cleansing Powder"},"content":{"rendered":"\t\t<div data-elementor-type=\"wp-post\" data-elementor-id=\"11724\" class=\"elementor elementor-11724\" data-elementor-settings=\"[]\">\n\t\t\t\t\t\t\t<div class=\"elementor-section-wrap\">\n\t\t\t\t\t\t\t<section class=\"elementor-section elementor-top-section elementor-element elementor-element-15766788 elementor-section-boxed elementor-section-height-default elementor-section-height-default qodef-elementor-content-no\" data-id=\"15766788\" data-element_type=\"section\">\n\t\t\t\t\t\t<div class=\"elementor-container elementor-column-gap-default\">\n\t\t\t\t\t<div class=\"elementor-column elementor-col-100 elementor-top-column elementor-element elementor-element-6fa8c5d1\" data-id=\"6fa8c5d1\" data-element_type=\"column\">\n\t\t\t<div class=\"elementor-widget-wrap elementor-element-populated\">\n\t\t\t\t\t\t\t\t<div class=\"elementor-element elementor-element-74a18331 elementor-widget elementor-widget-text-editor\" data-id=\"74a18331\" data-element_type=\"widget\" data-widget_type=\"text-editor.default\">\n\t\t\t\t<div class=\"elementor-widget-container\">\n\t\t\t\t\t\t\t<p>Valomoji ir formuojamoji pudra akimirksniu atgaivina plaukus ir galvos od\u0105, kartu suteikia lengvos tekst\u016bros ir apimties. Valomoji pudra sugeria nat\u016bralius riebalus, ne\u0161varumus ir produkt\u0173 liku\u010dius plaukuose bei suteikia jiems mati\u0161kumo ir gaivumo. Pudra kvepia lelijomis ir ro\u017e\u0117mis.<\/p><h5 class=\"yikes-custom-woo-tab-title yikes-custom-woo-tab-title-naudojimas\">Naudojimas<\/h5><p>Prie\u0161 naudojim\u0105 suplakite buteliuk\u0105. Priemon\u0119 atsargiai berkite ant susiriebalavusi\u0173 plauk\u0173 \u0161akn\u0173, kad susigert\u0173 riebal\u0173 perteklius. Visada naudokite pir\u0161tus arba teptuk\u0105 ir apsaugokite savo drabu\u017eius nuo priemon\u0117s liku\u010di\u0173. Naudodami didelio dyd\u017eio valomosios pudros buteliuk\u0105, laikykite j\u012f vertikaliai ir \u0161velniai suspauskite buteliuko vidur\u012f, kad susidaryt\u0173 lengvas pudros debes\u0117lis, j\u012f nukreipkite \u012f galvos od\u0105.<\/p><h5 class=\"yikes-custom-woo-tab-title yikes-custom-woo-tab-title-sudetis\">Ingredientai<\/h5><p>Oryza Sativa (Rice) Starch, Aluminum Starch Octenylsuccinate, Distarch Phosphate, Silica, Cetrimonium Chloride, Parfum\/Fragrance<\/p>\t\t\t\t\t\t<\/div>\n\t\t\t\t<\/div>\n\t\t\t\t\t<\/div>\n\t\t<\/div>\n\t\t\t\t\t\t\t<\/div>\n\t\t<\/section>\n\t\t\t\t\t\t<\/div>\n\t\t\t\t\t<\/div>\n\t\t","protected":false},"excerpt":{"rendered":"<ul>\n<li>Stiprumas 1\/5<\/li>\n<li>Atgaivina plaukus ir sugeria riebalus<\/li>\n<li>Suteikia lengvos tekst\u016bros ir apimties<\/li>\n<li>Be sulfat\u0173 ir paraben\u0173<\/li>\n<li>100% vegani\u0161ka ir nebandyta su gyv\u016bnais<\/li>\n<li>Kompensuojamas pakuo\u010di\u0173 CO<sub>2<\/sub><\/li>\n<\/ul>\n","protected":false},"featured_media":11725,"comment_status":"open","ping_status":"closed","template":"","meta":{"om_disable_all_campaigns":false},"product_brand":[],"product_cat":[15,44,43],"product_tag":[],"class_list":{"0":"post-11724","1":"product","2":"type-product","3":"status-publish","4":"has-post-thumbnail","6":"product_cat-sampunai","7":"product_cat-mini-produktai","8":"product_cat-plauku-stilizavimo-priemones","10":"first","11":"instock","12":"shipping-taxable","13":"purchasable","14":"product-type-variable","15":"add-to-wishlist-before_image"},"aioseo_notices":[],"_links":{"self":[{"href":"https:\/\/kasperindre.lt\/index.php?rest_route=\/wp\/v2\/product\/11724","targetHints":{"allow":["GET"]}}],"collection":[{"href":"https:\/\/kasperindre.lt\/index.php?rest_route=\/wp\/v2\/product"}],"about":[{"href":"https:\/\/kasperindre.lt\/index.php?rest_route=\/wp\/v2\/types\/product"}],"replies":[{"embeddable":true,"href":"https:\/\/kasperindre.lt\/index.php?rest_route=%2Fwp%2Fv2%2Fcomments&post=11724"}],"version-history":[{"count":5,"href":"https:\/\/kasperindre.lt\/index.php?rest_route=\/wp\/v2\/product\/11724\/revisions"}],"predecessor-version":[{"id":11732,"href":"https:\/\/kasperindre.lt\/index.php?rest_route=\/wp\/v2\/product\/11724\/revisions\/11732"}],"wp:featuredmedia":[{"embeddable":true,"href":"https:\/\/kasperindre.lt\/index.php?rest_route=\/wp\/v2\/media\/11725"}],"wp:attachment":[{"href":"https:\/\/kasperindre.lt\/index.php?rest_route=%2Fwp%2Fv2%2Fmedia&parent=11724"}],"wp:term":[{"taxonomy":"product_brand","embeddable":true,"href":"https:\/\/kasperindre.lt\/index.php?rest_route=%2Fwp%2Fv2%2Fproduct_brand&post=11724"},{"taxonomy":"product_cat","embeddable":true,"href":"https:\/\/kasperindre.lt\/index.php?rest_route=%2Fwp%2Fv2%2Fproduct_cat&post=11724"},{"taxonomy":"product_tag","embeddable":true,"href":"https:\/\/kasperindre.lt\/index.php?rest_route=%2Fwp%2Fv2%2Fproduct_tag&post=11724"}],"curies":[{"name":"wp","href":"https:\/\/api.w.org\/{rel}","templated":true}]}}