{"id":11718,"date":"2024-10-27T14:18:23","date_gmt":"2024-10-27T14:18:23","guid":{"rendered":"https:\/\/kasperindre.lt\/?post_type=product&#038;p=11718"},"modified":"2024-10-27T14:19:14","modified_gmt":"2024-10-27T14:19:14","slug":"maria-nila-formuojantis-nuo-karscio-apsaugantis-purskiklis-shaping-heat-spray","status":"publish","type":"product","link":"https:\/\/kasperindre.lt\/?product=maria-nila-formuojantis-nuo-karscio-apsaugantis-purskiklis-shaping-heat-spray","title":{"rendered":"MARIA NILA Formuojantis nuo kar\u0161\u010dio apsaugantis pur\u0161kiklis \u2013 Shaping Heat Spray"},"content":{"rendered":"\t\t<div data-elementor-type=\"wp-post\" data-elementor-id=\"11718\" class=\"elementor elementor-11718\" data-elementor-settings=\"[]\">\n\t\t\t\t\t\t\t<div class=\"elementor-section-wrap\">\n\t\t\t\t\t\t\t<section class=\"elementor-section elementor-top-section elementor-element elementor-element-7153872a elementor-section-boxed elementor-section-height-default elementor-section-height-default qodef-elementor-content-no\" data-id=\"7153872a\" data-element_type=\"section\">\n\t\t\t\t\t\t<div class=\"elementor-container elementor-column-gap-default\">\n\t\t\t\t\t<div class=\"elementor-column elementor-col-100 elementor-top-column elementor-element elementor-element-6908182d\" data-id=\"6908182d\" data-element_type=\"column\">\n\t\t\t<div class=\"elementor-widget-wrap elementor-element-populated\">\n\t\t\t\t\t\t\t\t<div class=\"elementor-element elementor-element-4984852d elementor-widget elementor-widget-text-editor\" data-id=\"4984852d\" data-element_type=\"widget\" data-widget_type=\"text-editor.default\">\n\t\t\t\t<div class=\"elementor-widget-container\">\n\t\t\t\t\t\t\t<p>\u0160is lengvas pur\u0161kiklis apsaugo ir maitina plaukus, taip lat \u0161velniai formuoja plaukus prie\u0161 modeliuojant \u0161ukuosen\u0105 kar\u0161tais \u012frankiais. \u0160is pur\u0161kiklis, kurio sud\u0117tyje yra veikli\u0173j\u0173 med\u017eiag\u0173 skvalano ir glicerino, padedan\u010di\u0173 i\u0161saugoti plauk\u0173 ir galvos odos dr\u0117gm\u0117s lyg\u012f, padeda kurti m\u0117gstam\u0105 stili\u0173, i\u0161laiko plauk\u0173 form\u0105 ir apsaugo juos nuo kar\u0161\u010dio daromos \u017ealos. Shaping Heat Spray aromat\u0105 sudaro Vaisi\u0173 ir g\u0117li\u0173 aromatas su abrikos\u0173, lelij\u0173 ir ro\u017ei\u0173 natos.<\/p><h5 class=\"yikes-custom-woo-tab-title yikes-custom-woo-tab-title-naudojimas\">Naudojimas<\/h5><p>Produkt\u0105 prie\u0161 naudojim\u0105 suplakite. Purk\u0161kite Shaping Heat Spray ant saus\u0173 plauk\u0173 nuo plauk\u0173 vidurio iki galiuk\u0173. I\u0161\u0161ukuokite plaukus \u0161ukomis arba \u0161epe\u010diu, kad produktas tolygiai pasiskirstyt\u0173 prie\u0161 naudodami norim\u0105 kar\u0161t\u0105 formavimo \u012frank\u012f.<\/p><h5 class=\"yikes-custom-woo-tab-title yikes-custom-woo-tab-title-ingredientai\">Ingredientai<\/h5><p>Alcohol Denat., Butane, Isobutane, Propane, Aqua\/Water\/Eau, Polyurethane-14, Octylacrylamide\/Acrylates\/Butylaminoethyl Methacrylate Copolymer, AMP-Acrylates Copolymer, Squalane, Aminomethyl Propanol, Glycerin, Parfum\/Fragrance<\/p>\t\t\t\t\t\t<\/div>\n\t\t\t\t<\/div>\n\t\t\t\t\t<\/div>\n\t\t<\/div>\n\t\t\t\t\t\t\t<\/div>\n\t\t<\/section>\n\t\t\t\t\t\t<\/div>\n\t\t\t\t\t<\/div>\n\t\t","protected":false},"excerpt":{"rendered":"<ul>\n<li>Padeda suvaldyti plaukus, apsaugo nuo pasip\u016btimo ir elektrinimosi<\/li>\n<li>Formuoja ir modeliuoja<\/li>\n<li>Apsaugo nuo kar\u0161\u010dio<\/li>\n<li>I\u0161laiko\u00a0\u0161ukuosen\u0105<\/li>\n<li>Nesulipina<\/li>\n<li>Lengva fiksacija<\/li>\n<li>100% vegani\u0161kas ir nebandytas su gyv\u016bnais<\/li>\n<li>Kompensuojamas pakuo\u010di\u0173 CO<sub>2<\/sub><\/li>\n<\/ul>\n","protected":false},"featured_media":11719,"comment_status":"open","ping_status":"closed","template":"","meta":{"om_disable_all_campaigns":false},"product_brand":[],"product_cat":[80],"product_tag":[],"class_list":{"0":"post-11718","1":"product","2":"type-product","3":"status-publish","4":"has-post-thumbnail","6":"product_cat-apsauga-nuo-karscio","8":"first","9":"instock","10":"shipping-taxable","11":"purchasable","12":"product-type-simple","13":"add-to-wishlist-before_image"},"aioseo_notices":[],"_links":{"self":[{"href":"https:\/\/kasperindre.lt\/index.php?rest_route=\/wp\/v2\/product\/11718","targetHints":{"allow":["GET"]}}],"collection":[{"href":"https:\/\/kasperindre.lt\/index.php?rest_route=\/wp\/v2\/product"}],"about":[{"href":"https:\/\/kasperindre.lt\/index.php?rest_route=\/wp\/v2\/types\/product"}],"replies":[{"embeddable":true,"href":"https:\/\/kasperindre.lt\/index.php?rest_route=%2Fwp%2Fv2%2Fcomments&post=11718"}],"version-history":[{"count":4,"href":"https:\/\/kasperindre.lt\/index.php?rest_route=\/wp\/v2\/product\/11718\/revisions"}],"predecessor-version":[{"id":11723,"href":"https:\/\/kasperindre.lt\/index.php?rest_route=\/wp\/v2\/product\/11718\/revisions\/11723"}],"wp:featuredmedia":[{"embeddable":true,"href":"https:\/\/kasperindre.lt\/index.php?rest_route=\/wp\/v2\/media\/11719"}],"wp:attachment":[{"href":"https:\/\/kasperindre.lt\/index.php?rest_route=%2Fwp%2Fv2%2Fmedia&parent=11718"}],"wp:term":[{"taxonomy":"product_brand","embeddable":true,"href":"https:\/\/kasperindre.lt\/index.php?rest_route=%2Fwp%2Fv2%2Fproduct_brand&post=11718"},{"taxonomy":"product_cat","embeddable":true,"href":"https:\/\/kasperindre.lt\/index.php?rest_route=%2Fwp%2Fv2%2Fproduct_cat&post=11718"},{"taxonomy":"product_tag","embeddable":true,"href":"https:\/\/kasperindre.lt\/index.php?rest_route=%2Fwp%2Fv2%2Fproduct_tag&post=11718"}],"curies":[{"name":"wp","href":"https:\/\/api.w.org\/{rel}","templated":true}]}}