{"id":11712,"date":"2024-10-27T14:15:42","date_gmt":"2024-10-27T14:15:42","guid":{"rendered":"https:\/\/kasperindre.lt\/?post_type=product&#038;p=11712"},"modified":"2024-10-27T14:16:32","modified_gmt":"2024-10-27T14:16:32","slug":"maria-nila-pilkinanti-kauke-sheer-silver-masque","status":"publish","type":"product","link":"https:\/\/kasperindre.lt\/?product=maria-nila-pilkinanti-kauke-sheer-silver-masque","title":{"rendered":"MARIA NILA Pilkinanti kauk\u0117 \u2013 Sheer Silver Masque"},"content":{"rendered":"\t\t<div data-elementor-type=\"wp-post\" data-elementor-id=\"11712\" class=\"elementor elementor-11712\" data-elementor-settings=\"[]\">\n\t\t\t\t\t\t\t<div class=\"elementor-section-wrap\">\n\t\t\t\t\t\t\t<section class=\"elementor-section elementor-top-section elementor-element elementor-element-55f4adeb elementor-section-boxed elementor-section-height-default elementor-section-height-default qodef-elementor-content-no\" data-id=\"55f4adeb\" data-element_type=\"section\">\n\t\t\t\t\t\t<div class=\"elementor-container elementor-column-gap-default\">\n\t\t\t\t\t<div class=\"elementor-column elementor-col-100 elementor-top-column elementor-element elementor-element-222ef980\" data-id=\"222ef980\" data-element_type=\"column\">\n\t\t\t<div class=\"elementor-widget-wrap elementor-element-populated\">\n\t\t\t\t\t\t\t\t<div class=\"elementor-element elementor-element-444309d3 elementor-widget elementor-widget-text-editor\" data-id=\"444309d3\" data-element_type=\"widget\" data-widget_type=\"text-editor.default\">\n\t\t\t\t<div class=\"elementor-widget-container\">\n\t\t\t\t\t\t\t<p>\u0160velni priemon\u0117 su violetiniais pigmentais \u0161viesiems plaukams dr\u0117kina ir maitina plaukus, padarydama juos \u0161ilkinius ir glotnius. Gervuogi\u0173 ekstraktas suteikia \u017evilgesio ir spindesio, tod\u0117l plaukai atspindi \u0161vies\u0105 ir i\u0161ry\u0161k\u0117ja \u0161altesni violetini\u0173 pigment\u0173 atspalviai. Kauk\u0117 yra gaivaus g\u0117linio jazmin\u0173, apelsin\u0173 ir greipfrut\u0173 kvapo. Colour Guard Complex apsaugo plauk\u0173 spalv\u0105 nuo UV spinduli\u0173 ir laisv\u0173j\u0173 radikal\u0173.<\/p><h5 class=\"yikes-custom-woo-tab-title yikes-custom-woo-tab-title-naudojimas\">Naudojimas<\/h5><p>Kauk\u0119 tepkite ant k\u0105 tik i\u0161trinkt\u0173 plauk\u0173 ir palikite 5\u201310 min. I\u0161skalaukite ir naudokite kondicionieri\u0173. Kartokite bent 1\u20132 kartus per savait\u0119 arba naudokite kasdien. Kauk\u0117je gausu maistini\u0173 med\u017eiag\u0173, o jos pagrindin\u0117 u\u017eduotis yra atkurti plauk\u0173 sveikat\u0105. Vis\u0173 MARIA NILA plauk\u0173 kauki\u0173 pH yra 5\u20135.5 \u2013 tai nat\u016bralus j\u016bs\u0173 odos ir plauk\u0173 pH lygis. Kauk\u0117s sumink\u0161tina, pamaitina ir dr\u0117kina plaukus. Nor\u0117dami i\u0161gauti \u0161altesnius tonus, naudokite priemon\u0119 kartu su \u0161amp\u016bnu ir kondicionieriumi i\u0161\u00a0<em><strong>Sheer Silver<\/strong><\/em>\u00a0linijos.<\/p><h5 class=\"yikes-custom-woo-tab-title yikes-custom-woo-tab-title-ingredientai\">Ingredientai<\/h5><p>Aqua\/Water\/Eau, Cetearyl Alcohol, Polyglyceryl-3 Polyricinoleate, Butyrospermum Parkii (Shea) Butter, Stearamidopropyl Dimethylamine, Glycerin, Cetrimonium Chloride, Rubus Fruticosus (Blackberry) Fruit Extract, Helianthus Annuus (Sunflower) Seed Oil, Olea Europaea (Olive) Fruit Oil, Moringa Oleifera Seed Oil, Phyllostachys Nigra Leaf Extract, Amodimethicone\/Morpholinomethyl Silsesquioxane Copolymer, Acetum\/Vinegar\/Vinaigre, Propylene Glycol, Trideceth-5, Behentrimonium Chloride, Pentaerythrityl Tetra-Di-T-Butyl Hydroxyhydrocinnamate, Dimethiconol, Dimethicone, Propanediol, Quaternium-95, Lactic Acid, Hexyl Cinnamal, Linalool, Limonene, Ethylhexylglycerin, Phenoxyethanol, Parfum\/Fragrance, Acid Violet 43<\/p>\t\t\t\t\t\t<\/div>\n\t\t\t\t<\/div>\n\t\t\t\t\t<\/div>\n\t\t<\/div>\n\t\t\t\t\t\t\t<\/div>\n\t\t<\/section>\n\t\t\t\t\t\t<\/div>\n\t\t\t\t\t<\/div>\n\t\t","protected":false},"excerpt":{"rendered":"<div class=\"woocommerce-product-details__short-description\">\n<ul>\n<li>Padaro plaukus \u0161ilkinius ir glotnius<\/li>\n<li>Suteikia plaukams \u0161altesni\u0173 atspalvi\u0173<\/li>\n<li>Colour Guard Complex<\/li>\n<li>Be sulfat\u0173 ir paraben\u0173<\/li>\n<li>100 % vegani\u0161ka ir nebandyta su gyv\u016bnais<\/li>\n<li>Kompensuojamas pakuo\u010di\u0173 CO<sub>2<\/sub><\/li>\n<\/ul>\n<\/div>\n","protected":false},"featured_media":11713,"comment_status":"open","ping_status":"closed","template":"","meta":{"om_disable_all_campaigns":false},"product_brand":[],"product_cat":[38],"product_tag":[71,103],"class_list":{"0":"post-11712","1":"product","2":"type-product","3":"status-publish","4":"has-post-thumbnail","6":"product_cat-plauku-kaukes","7":"product_tag-sausi-plaukai","8":"product_tag-sviesinti-plaukai","10":"first","11":"instock","12":"shipping-taxable","13":"purchasable","14":"product-type-simple","15":"add-to-wishlist-before_image"},"aioseo_notices":[],"_links":{"self":[{"href":"https:\/\/kasperindre.lt\/index.php?rest_route=\/wp\/v2\/product\/11712","targetHints":{"allow":["GET"]}}],"collection":[{"href":"https:\/\/kasperindre.lt\/index.php?rest_route=\/wp\/v2\/product"}],"about":[{"href":"https:\/\/kasperindre.lt\/index.php?rest_route=\/wp\/v2\/types\/product"}],"replies":[{"embeddable":true,"href":"https:\/\/kasperindre.lt\/index.php?rest_route=%2Fwp%2Fv2%2Fcomments&post=11712"}],"version-history":[{"count":4,"href":"https:\/\/kasperindre.lt\/index.php?rest_route=\/wp\/v2\/product\/11712\/revisions"}],"predecessor-version":[{"id":11717,"href":"https:\/\/kasperindre.lt\/index.php?rest_route=\/wp\/v2\/product\/11712\/revisions\/11717"}],"wp:featuredmedia":[{"embeddable":true,"href":"https:\/\/kasperindre.lt\/index.php?rest_route=\/wp\/v2\/media\/11713"}],"wp:attachment":[{"href":"https:\/\/kasperindre.lt\/index.php?rest_route=%2Fwp%2Fv2%2Fmedia&parent=11712"}],"wp:term":[{"taxonomy":"product_brand","embeddable":true,"href":"https:\/\/kasperindre.lt\/index.php?rest_route=%2Fwp%2Fv2%2Fproduct_brand&post=11712"},{"taxonomy":"product_cat","embeddable":true,"href":"https:\/\/kasperindre.lt\/index.php?rest_route=%2Fwp%2Fv2%2Fproduct_cat&post=11712"},{"taxonomy":"product_tag","embeddable":true,"href":"https:\/\/kasperindre.lt\/index.php?rest_route=%2Fwp%2Fv2%2Fproduct_tag&post=11712"}],"curies":[{"name":"wp","href":"https:\/\/api.w.org\/{rel}","templated":true}]}}