{"id":11706,"date":"2024-10-27T14:13:01","date_gmt":"2024-10-27T14:13:01","guid":{"rendered":"https:\/\/kasperindre.lt\/?post_type=product&#038;p=11706"},"modified":"2024-10-27T14:13:52","modified_gmt":"2024-10-27T14:13:52","slug":"maria-nila-raminamasis-sausas-sampunas-soothing-dry-shampoo","status":"publish","type":"product","link":"https:\/\/kasperindre.lt\/?product=maria-nila-raminamasis-sausas-sampunas-soothing-dry-shampoo","title":{"rendered":"MARIA NILA Raminamasis sausas \u0161amp\u016bnas \u2013 Soothing Dry Shampoo"},"content":{"rendered":"\t\t<div data-elementor-type=\"wp-post\" data-elementor-id=\"11706\" class=\"elementor elementor-11706\" data-elementor-settings=\"[]\">\n\t\t\t\t\t\t\t<div class=\"elementor-section-wrap\">\n\t\t\t\t\t\t\t<section class=\"elementor-section elementor-top-section elementor-element elementor-element-65e533e9 elementor-section-boxed elementor-section-height-default elementor-section-height-default qodef-elementor-content-no\" data-id=\"65e533e9\" data-element_type=\"section\">\n\t\t\t\t\t\t<div class=\"elementor-container elementor-column-gap-default\">\n\t\t\t\t\t<div class=\"elementor-column elementor-col-100 elementor-top-column elementor-element elementor-element-4d0f254b\" data-id=\"4d0f254b\" data-element_type=\"column\">\n\t\t\t<div class=\"elementor-widget-wrap elementor-element-populated\">\n\t\t\t\t\t\t\t\t<div class=\"elementor-element elementor-element-5e979475 elementor-widget elementor-widget-text-editor\" data-id=\"5e979475\" data-element_type=\"widget\" data-widget_type=\"text-editor.default\">\n\t\t\t\t<div class=\"elementor-widget-container\">\n\t\t\t\t\t\t\t<p>Pristatome auk\u0161tesnio lygio plauk\u0173 modeliavimo b\u016bd\u0105, kai modeliavimas ir galvos odos prie\u017ei\u016bra derinami naudojant raminan\u010di\u0105 ir v\u0117sinan\u010di\u0105 pur\u0161kiam\u0105j\u0105 pudr\u0105. \u0160is ypatingas sausasis \u0161amp\u016bnas taps geriausiu jautrios galvos odos draugu. D\u0117l \u0161velni\u0173 ir kruop\u0161\u010diai atrinkt\u0173 ingredient\u0173, toki\u0173 kaip alavijas ir niacinamidas, jis puikiai tiks keliaujantiems \u017emon\u0117ms, kurie nenusiteik\u0119 kompromisams d\u0117l savo galvos odos sveikatos. Soothing Dry Shampoo aromat\u0105 sudaro gaivus g\u0117li\u0173 kvapas su vilkdalgi\u0173, balt\u0173j\u0173 jazmin\u0173 ir gintaro natos.<\/p><h5 class=\"yikes-custom-woo-tab-title yikes-custom-woo-tab-title-naudojimas\">Naudojimas<\/h5><p>Produkt\u0105 prie\u0161 naudojim\u0105 suplakite. \u0160\u012f raminant\u012f saus\u0105 \u0161amp\u016bn\u0105 purk\u0161kite ant saus\u0173 plauk\u0173 prie \u0161akn\u0173 ir, jei reikia, per vis\u0105 plauk\u0173 ilg\u012f flakon\u0105 laikydami 10\u201320 cm atstumu nuo plauk\u0173. Palaukite minut\u0119, tada \u0161velniai \u012fmasa\u017euokite \u0161amp\u016bn\u0105 \u012f \u0161aknis ir formuokite plaukus kaip \u012fprastai, taip at\u0161vie\u017eindami \u0161ukuosen\u0105.<\/p><h5 class=\"yikes-custom-woo-tab-title yikes-custom-woo-tab-title-sudetis\">Ingredientai<\/h5><p>Butane, Alcohol Denat., Isobutane, Propane, Oryza Sativa (Rice) Starch, Piroctone Olamine, Epilobium Angustifolium Flower\/Leaf\/Stem Extract, Helianthus Annuus (Sunflower) Seed Extract, Niacinamide, Aloe Barbadensis Leaf Juice Powder, Menthyl Lactate, Tocopherol, Sodium Ascorbyl Phosphate, Glycerin, Tocopheryl Acetate, Maltodextrin, Cetrimonium Chloride, Calcium Pantothenate, Sodium Starch Octenylsuccinate, Pyridoxine Hydrochloride, Aqua\/Water\/Eau, Butylene Glycol, Silica, Citric Acid, Parfum\/Fragrance<\/p>\t\t\t\t\t\t<\/div>\n\t\t\t\t<\/div>\n\t\t\t\t\t<\/div>\n\t\t<\/div>\n\t\t\t\t\t\t\t<\/div>\n\t\t<\/section>\n\t\t\t\t\t\t<\/div>\n\t\t\t\t\t<\/div>\n\t\t","protected":false},"excerpt":{"rendered":"<ul>\n<li>Gaivos poj\u016btis \u2013 akimirksniu<\/li>\n<li>Pritaikytas jautriai galvos odai<\/li>\n<li>Ma\u017eina odos riebalavim\u0105si ir nie\u017e\u0117jim\u0105<\/li>\n<li>Sud\u0117tyje yra raminam\u0173j\u0173 ingredient\u0173, toki\u0173 kaip alavijas ir niacinamidas<\/li>\n<li>Suteikia \u0161vari\u0173 plauk\u0173 poj\u016bt\u012f<\/li>\n<li>Lengva fiksacija<\/li>\n<li>100% vegani\u0161kas ir nebandytas su gyv\u016bnais<\/li>\n<\/ul>\n","protected":false},"featured_media":11707,"comment_status":"open","ping_status":"closed","template":"","meta":{"om_disable_all_campaigns":false},"product_brand":[],"product_cat":[15],"product_tag":[],"class_list":{"0":"post-11706","1":"product","2":"type-product","3":"status-publish","4":"has-post-thumbnail","6":"product_cat-sampunai","8":"first","9":"instock","10":"shipping-taxable","11":"purchasable","12":"product-type-simple","13":"add-to-wishlist-before_image"},"aioseo_notices":[],"_links":{"self":[{"href":"https:\/\/kasperindre.lt\/index.php?rest_route=\/wp\/v2\/product\/11706","targetHints":{"allow":["GET"]}}],"collection":[{"href":"https:\/\/kasperindre.lt\/index.php?rest_route=\/wp\/v2\/product"}],"about":[{"href":"https:\/\/kasperindre.lt\/index.php?rest_route=\/wp\/v2\/types\/product"}],"replies":[{"embeddable":true,"href":"https:\/\/kasperindre.lt\/index.php?rest_route=%2Fwp%2Fv2%2Fcomments&post=11706"}],"version-history":[{"count":4,"href":"https:\/\/kasperindre.lt\/index.php?rest_route=\/wp\/v2\/product\/11706\/revisions"}],"predecessor-version":[{"id":11711,"href":"https:\/\/kasperindre.lt\/index.php?rest_route=\/wp\/v2\/product\/11706\/revisions\/11711"}],"wp:featuredmedia":[{"embeddable":true,"href":"https:\/\/kasperindre.lt\/index.php?rest_route=\/wp\/v2\/media\/11707"}],"wp:attachment":[{"href":"https:\/\/kasperindre.lt\/index.php?rest_route=%2Fwp%2Fv2%2Fmedia&parent=11706"}],"wp:term":[{"taxonomy":"product_brand","embeddable":true,"href":"https:\/\/kasperindre.lt\/index.php?rest_route=%2Fwp%2Fv2%2Fproduct_brand&post=11706"},{"taxonomy":"product_cat","embeddable":true,"href":"https:\/\/kasperindre.lt\/index.php?rest_route=%2Fwp%2Fv2%2Fproduct_cat&post=11706"},{"taxonomy":"product_tag","embeddable":true,"href":"https:\/\/kasperindre.lt\/index.php?rest_route=%2Fwp%2Fv2%2Fproduct_tag&post=11706"}],"curies":[{"name":"wp","href":"https:\/\/api.w.org\/{rel}","templated":true}]}}