{"id":11684,"date":"2024-10-27T13:32:20","date_gmt":"2024-10-27T13:32:20","guid":{"rendered":"https:\/\/kasperindre.lt\/?post_type=product&#038;p=11684"},"modified":"2024-10-27T13:33:07","modified_gmt":"2024-10-27T13:33:07","slug":"maria-nila-slate-vaskas-slate-wax","status":"publish","type":"product","link":"https:\/\/kasperindre.lt\/?product=maria-nila-slate-vaskas-slate-wax","title":{"rendered":"MARIA NILA Slate va\u0161kas \u2013 Slate Wax"},"content":{"rendered":"\t\t<div data-elementor-type=\"wp-post\" data-elementor-id=\"11684\" class=\"elementor elementor-11684\" data-elementor-settings=\"[]\">\n\t\t\t\t\t\t\t<div class=\"elementor-section-wrap\">\n\t\t\t\t\t\t\t<section class=\"elementor-section elementor-top-section elementor-element elementor-element-7bab3396 elementor-section-boxed elementor-section-height-default elementor-section-height-default qodef-elementor-content-no\" data-id=\"7bab3396\" data-element_type=\"section\">\n\t\t\t\t\t\t<div class=\"elementor-container elementor-column-gap-default\">\n\t\t\t\t\t<div class=\"elementor-column elementor-col-100 elementor-top-column elementor-element elementor-element-b6bcde0\" data-id=\"b6bcde0\" data-element_type=\"column\">\n\t\t\t<div class=\"elementor-widget-wrap elementor-element-populated\">\n\t\t\t\t\t\t\t\t<div class=\"elementor-element elementor-element-3b266a89 elementor-widget elementor-widget-text-editor\" data-id=\"3b266a89\" data-element_type=\"widget\" data-widget_type=\"text-editor.default\">\n\t\t\t\t<div class=\"elementor-widget-container\">\n\t\t\t\t\t\t\t<p>Stiprus, greitai d\u017ei\u016bstantis va\u0161kas puikiai tinka trumpesniems plaukams, kuriems reikalinga stipri fiksacija ir lengvas \u017evilgesys. Dr\u0117kinamasis alyvuogi\u0173 aliejus ir augaliniai baltymai sukuria dr\u0117kinan\u010di\u0105 formul\u0119, apsaugan\u010di\u0105 plaukus nuo i\u0161saus\u0117jimo. Va\u0161kas pasi\u017eymi rytieti\u0161ku g\u0117li\u0173 aromatu, papildytu medienos, jazmin\u0173 ir citrusini\u0173 vaisi\u0173 natomis.<\/p><h5 class=\"yikes-custom-woo-tab-title yikes-custom-woo-tab-title-naudojimas\">Naudojimas<\/h5><p>Siekdami suaktyvinti ir su\u0161ildyti va\u0161k\u0105, nedidel\u012f kiek\u012f priemon\u0117s patrinkite tarp deln\u0173. Nor\u0117dami maksimalios fikacijos, tepkite ant dr\u0117gn\u0173 ar saus\u0173 plauk\u0173. D\u0117l savo kremin\u0117s formul\u0117s va\u0161kas yra universalus ir gali b\u016bti naudojamas bet kokios tekst\u016bros ir ilgio plaukams. Naudokite va\u0161k\u0105 kartu su MARIA NILA argano aliejumi garbanoms i\u0161ry\u0161kinti ir formai suteikti.<\/p><h5 class=\"yikes-custom-woo-tab-title yikes-custom-woo-tab-title-sudetis\">Ingredientai<\/h5><div id=\"SITE_PAGES\"><div class=\"_3a3qX\"><div id=\"hotzy\" class=\"_2e6ps\"><div class=\"_2S9ms\"><div id=\"Containerhotzy\" class=\"_3Mgpu\"><div class=\"\" data-mesh-id=\"ContainerhotzyinlineContent\" data-testid=\"inline-content\"><div data-mesh-id=\"ContainerhotzyinlineContent-gridContainer\" data-testid=\"mesh-container-content\"><div id=\"TPAMultiSection_jldpaj0y\"><div class=\"TPAMultiSection_jldpaj0y\"><div class=\"_1TImB layout__classic isDesktop\" data-hook=\"product-page\" data-layout-name=\"classic\"><article class=\"_30ZY-\"><div class=\"_12vNY\"><section class=\"_2h_HC\"><div class=\"_3EQWi fggS- cell\"><div dir=\"ltr\"><div class=\"rah-static rah-static--height-auto\" aria-hidden=\"false\"><div class=\"_1yvxJ fggS- cell\"><div class=\"WncCi\" data-hook=\"info-section-description\"><p>Aqua\/Water\/Eau, Petrolatum, Candelilla Cera\/Euphorbia Cerifera (Candelilla) Wax\/Cire De Candelilla, Ceteareth-22, Copernicia Cerifera Cera\/ Copernicia Cerifera (Carnauba) Wax\/Cire De Carnauba, Hydrogenated Microcrystalline Wax, Polyglyceryl-3 Polyricinoleate, VP\/VA Copolymer, Octyldodecyl Myristate, Parfum\/Fragrance, Leuconostoc\/Radish Root Ferment Filtrate, Vegetable Amino Acids, Hydrolyzed Vegetable Protein, Hydrogenated Starch Hydrolysate, Caprylyl Glycol, Laurtrimonium Chloride, Alpha-Isomethyl Ionone, Benzyl Salicylate, Citronellol, Coumarin, Hexyl Cinnamal, Limonene, Linalool, Phenoxyethanol.<\/p><\/div><\/div><\/div><\/div><\/div><\/section><\/div><\/article><\/div><\/div><\/div><\/div><\/div><\/div><\/div><\/div><\/div><\/div>\t\t\t\t\t\t<\/div>\n\t\t\t\t<\/div>\n\t\t\t\t\t<\/div>\n\t\t<\/div>\n\t\t\t\t\t\t\t<\/div>\n\t\t<\/section>\n\t\t\t\t\t\t<\/div>\n\t\t\t\t\t<\/div>\n\t\t","protected":false},"excerpt":{"rendered":"<ul>\n<li>Stiprumas 5\/5<\/li>\n<li>Greitai d\u017ei\u016bstantis, stiprios fiksacijos<\/li>\n<li>Vidutinis \u017evilgesys trumpiems plaukams<\/li>\n<li>Be sulfat\u0173 ir paraben\u0173<\/li>\n<li>100% vegani\u0161kas ir nebandytas su gyv\u016bnais<\/li>\n<li>Kompensuojamas pakuo\u010di\u0173 CO<sub>2<\/sub><\/li>\n<\/ul>\n","protected":false},"featured_media":11687,"comment_status":"open","ping_status":"closed","template":"","meta":{"om_disable_all_campaigns":false},"product_brand":[],"product_cat":[44,43],"product_tag":[],"class_list":{"0":"post-11684","1":"product","2":"type-product","3":"status-publish","4":"has-post-thumbnail","6":"product_cat-mini-produktai","7":"product_cat-plauku-stilizavimo-priemones","9":"first","10":"instock","11":"shipping-taxable","12":"purchasable","13":"product-type-variable","14":"add-to-wishlist-before_image"},"aioseo_notices":[],"_links":{"self":[{"href":"https:\/\/kasperindre.lt\/index.php?rest_route=\/wp\/v2\/product\/11684","targetHints":{"allow":["GET"]}}],"collection":[{"href":"https:\/\/kasperindre.lt\/index.php?rest_route=\/wp\/v2\/product"}],"about":[{"href":"https:\/\/kasperindre.lt\/index.php?rest_route=\/wp\/v2\/types\/product"}],"replies":[{"embeddable":true,"href":"https:\/\/kasperindre.lt\/index.php?rest_route=%2Fwp%2Fv2%2Fcomments&post=11684"}],"version-history":[{"count":4,"href":"https:\/\/kasperindre.lt\/index.php?rest_route=\/wp\/v2\/product\/11684\/revisions"}],"predecessor-version":[{"id":11691,"href":"https:\/\/kasperindre.lt\/index.php?rest_route=\/wp\/v2\/product\/11684\/revisions\/11691"}],"wp:featuredmedia":[{"embeddable":true,"href":"https:\/\/kasperindre.lt\/index.php?rest_route=\/wp\/v2\/media\/11687"}],"wp:attachment":[{"href":"https:\/\/kasperindre.lt\/index.php?rest_route=%2Fwp%2Fv2%2Fmedia&parent=11684"}],"wp:term":[{"taxonomy":"product_brand","embeddable":true,"href":"https:\/\/kasperindre.lt\/index.php?rest_route=%2Fwp%2Fv2%2Fproduct_brand&post=11684"},{"taxonomy":"product_cat","embeddable":true,"href":"https:\/\/kasperindre.lt\/index.php?rest_route=%2Fwp%2Fv2%2Fproduct_cat&post=11684"},{"taxonomy":"product_tag","embeddable":true,"href":"https:\/\/kasperindre.lt\/index.php?rest_route=%2Fwp%2Fv2%2Fproduct_tag&post=11684"}],"curies":[{"name":"wp","href":"https:\/\/api.w.org\/{rel}","templated":true}]}}