{"id":11647,"date":"2024-10-27T13:19:44","date_gmt":"2024-10-27T13:19:44","guid":{"rendered":"https:\/\/kasperindre.lt\/?post_type=product&#038;p=11647"},"modified":"2024-10-27T13:20:28","modified_gmt":"2024-10-27T13:20:28","slug":"maria-nila-plauku-formavimo-putos-styling-mousse","status":"publish","type":"product","link":"https:\/\/kasperindre.lt\/?product=maria-nila-plauku-formavimo-putos-styling-mousse","title":{"rendered":"MARIA NILA Plauk\u0173 formavimo putos \u2013 Styling Mousse"},"content":{"rendered":"\t\t<div data-elementor-type=\"wp-post\" data-elementor-id=\"11647\" class=\"elementor elementor-11647\" data-elementor-settings=\"[]\">\n\t\t\t\t\t\t\t<div class=\"elementor-section-wrap\">\n\t\t\t\t\t\t\t<section class=\"elementor-section elementor-top-section elementor-element elementor-element-3852d51 elementor-section-boxed elementor-section-height-default elementor-section-height-default qodef-elementor-content-no\" data-id=\"3852d51\" data-element_type=\"section\">\n\t\t\t\t\t\t<div class=\"elementor-container elementor-column-gap-default\">\n\t\t\t\t\t<div class=\"elementor-column elementor-col-100 elementor-top-column elementor-element elementor-element-36dcfe0b\" data-id=\"36dcfe0b\" data-element_type=\"column\">\n\t\t\t<div class=\"elementor-widget-wrap elementor-element-populated\">\n\t\t\t\t\t\t\t\t<div class=\"elementor-element elementor-element-74fa922c elementor-widget elementor-widget-text-editor\" data-id=\"74fa922c\" data-element_type=\"widget\" data-widget_type=\"text-editor.default\">\n\t\t\t\t<div class=\"elementor-widget-container\">\n\t\t\t\t\t\t\t<p>Apimties suteikian\u010dios vidutinio stiprumo putos duoda plaukams strukt\u016bros, padaro juos sveikus ir \u017evilgan\u010dius. Nesulipina plauk\u0173. Priemon\u0119 galima naudoti kaip \u0161ukuosenos pagrind\u0105 prie\u0161 tiesinim\u0105 ir garbanojim\u0105. Priemon\u0117 puikiai tinka nat\u016braliai garbanotiems plaukams, kuriems reikia papildomos fiksacijos. Plauk\u0173 formavimo putos yra vanil\u0117s, raudonojo obuolio ir bra\u0161ki\u0173 aromato. Colour Guard Complex apsaugo plauk\u0173 spalv\u0105 nuo UV spinduli\u0173 ir laisv\u0173j\u0173 radikal\u0173.<\/p><h5 class=\"yikes-custom-woo-tab-title yikes-custom-woo-tab-title-naudojimas\">Naudojimas<\/h5><p>Prie\u0161 tepdami produkt\u0105 ant dr\u0117gn\u0173 plauk\u0173, gerai suplakite buteliuk\u0105 ir papurk\u0161kite put\u0173 \u012f delnus. I\u0161d\u017eiovinkite plaukus d\u017eiovintuvu arba leiskite jiems i\u0161d\u017ei\u016bti savaime, jei norite nat\u016bralesnio rezultato. Jei turite ilgus ar storus plaukus, rekomenduojame produkt\u0105 tepti ant sruogomis paskirstyt\u0173 plauk\u0173.<\/p><h5 class=\"yikes-custom-woo-tab-title yikes-custom-woo-tab-title-sudetis\">Ingredientai<\/h5><p>Aqua, Alcohol Denat, Propane, Butane, Butyl Ester of PVM\/MA Copolymer, Isobutane, Polyquaternium-11, Helianthus Annuus Seed Extract, Quaternium-95, Propanediol, Pentaerythrityl Tetra-di-t-butyl Hydroxyhydrocinnamate, Cetrimonium Chloride, Polysorbate 20, Aminomethyl Propanol, Butylene Glycol, Phenoxyethanol, Ethylhexylglycerin, Benzyl Salicylate, Hydroxycitronellal, Limonene, Linalool, Citronellol, Parfum.<\/p>\t\t\t\t\t\t<\/div>\n\t\t\t\t<\/div>\n\t\t\t\t\t<\/div>\n\t\t<\/div>\n\t\t\t\t\t\t\t<\/div>\n\t\t<\/section>\n\t\t\t\t\t\t<\/div>\n\t\t\t\t\t<\/div>\n\t\t","protected":false},"excerpt":{"rendered":"<div class=\"woocommerce-product-details__short-description\">\n<ul>\n<li>Stiprumas 4\/5<\/li>\n<li>Nesulipina plauk\u0173<\/li>\n<li>I\u0161ry\u0161kina garbanas ir neleid\u017eia plaukams i\u0161sidraikyti<\/li>\n<li>Be sulfat\u0173 ir paraben\u0173<\/li>\n<li>100% vegani\u0161kos ir nebandytos su gyv\u016bnais<\/li>\n<li>Kompensuojamas pakuo\u010di\u0173 CO<sub>2<\/sub><\/li>\n<\/ul>\n<\/div>\n","protected":false},"featured_media":11648,"comment_status":"open","ping_status":"closed","template":"","meta":{"om_disable_all_campaigns":false},"product_brand":[],"product_cat":[44,43],"product_tag":[],"class_list":{"0":"post-11647","1":"product","2":"type-product","3":"status-publish","4":"has-post-thumbnail","6":"product_cat-mini-produktai","7":"product_cat-plauku-stilizavimo-priemones","9":"first","10":"instock","11":"shipping-taxable","12":"purchasable","13":"product-type-variable","14":"add-to-wishlist-before_image"},"aioseo_notices":[],"_links":{"self":[{"href":"https:\/\/kasperindre.lt\/index.php?rest_route=\/wp\/v2\/product\/11647","targetHints":{"allow":["GET"]}}],"collection":[{"href":"https:\/\/kasperindre.lt\/index.php?rest_route=\/wp\/v2\/product"}],"about":[{"href":"https:\/\/kasperindre.lt\/index.php?rest_route=\/wp\/v2\/types\/product"}],"replies":[{"embeddable":true,"href":"https:\/\/kasperindre.lt\/index.php?rest_route=%2Fwp%2Fv2%2Fcomments&post=11647"}],"version-history":[{"count":4,"href":"https:\/\/kasperindre.lt\/index.php?rest_route=\/wp\/v2\/product\/11647\/revisions"}],"predecessor-version":[{"id":11654,"href":"https:\/\/kasperindre.lt\/index.php?rest_route=\/wp\/v2\/product\/11647\/revisions\/11654"}],"wp:featuredmedia":[{"embeddable":true,"href":"https:\/\/kasperindre.lt\/index.php?rest_route=\/wp\/v2\/media\/11648"}],"wp:attachment":[{"href":"https:\/\/kasperindre.lt\/index.php?rest_route=%2Fwp%2Fv2%2Fmedia&parent=11647"}],"wp:term":[{"taxonomy":"product_brand","embeddable":true,"href":"https:\/\/kasperindre.lt\/index.php?rest_route=%2Fwp%2Fv2%2Fproduct_brand&post=11647"},{"taxonomy":"product_cat","embeddable":true,"href":"https:\/\/kasperindre.lt\/index.php?rest_route=%2Fwp%2Fv2%2Fproduct_cat&post=11647"},{"taxonomy":"product_tag","embeddable":true,"href":"https:\/\/kasperindre.lt\/index.php?rest_route=%2Fwp%2Fv2%2Fproduct_tag&post=11647"}],"curies":[{"name":"wp","href":"https:\/\/api.w.org\/{rel}","templated":true}]}}