{"id":11626,"date":"2024-10-27T13:14:42","date_gmt":"2024-10-27T13:14:42","guid":{"rendered":"https:\/\/kasperindre.lt\/?post_type=product&#038;p=11626"},"modified":"2024-10-27T13:15:32","modified_gmt":"2024-10-27T13:15:32","slug":"maria-nila-pilkinantis-kondicionierius-sheer-silver-conditioner","status":"publish","type":"product","link":"https:\/\/kasperindre.lt\/?product=maria-nila-pilkinantis-kondicionierius-sheer-silver-conditioner","title":{"rendered":"MARIA NILA Pilkinantis kondicionierius \u2013 Sheer Silver Conditioner"},"content":{"rendered":"\t\t<div data-elementor-type=\"wp-post\" data-elementor-id=\"11626\" class=\"elementor elementor-11626\" data-elementor-settings=\"[]\">\n\t\t\t\t\t\t\t<div class=\"elementor-section-wrap\">\n\t\t\t\t\t\t\t<section class=\"elementor-section elementor-top-section elementor-element elementor-element-2806385b elementor-section-boxed elementor-section-height-default elementor-section-height-default qodef-elementor-content-no\" data-id=\"2806385b\" data-element_type=\"section\">\n\t\t\t\t\t\t<div class=\"elementor-container elementor-column-gap-default\">\n\t\t\t\t\t<div class=\"elementor-column elementor-col-100 elementor-top-column elementor-element elementor-element-18dc6e16\" data-id=\"18dc6e16\" data-element_type=\"column\">\n\t\t\t<div class=\"elementor-widget-wrap elementor-element-populated\">\n\t\t\t\t\t\t\t\t<div class=\"elementor-element elementor-element-d504b9e elementor-widget elementor-widget-text-editor\" data-id=\"d504b9e\" data-element_type=\"widget\" data-widget_type=\"text-editor.default\">\n\t\t\t\t<div class=\"elementor-widget-container\">\n\t\t\t\t\t\t\t<p>I\u0161\u0161ukavim\u0105 lengvinantis kondicionierius \u0161viesiems plaukams mink\u0161tina, dr\u0117kina ir stiprina plaukus. Violetinis pigmentas ir gervuogi\u0173 ekstraktas neutralizuoja auksinius atspalvius, suteikia plaukams \u017evilgesio. Pilkinantis kondicionierius yra gaivaus apelsin\u0173 ir greipfrut\u0173 kvapo. Colour Guard Complex apsaugo plauk\u0173 spalv\u0105 nuo UV spinduli\u0173 ir laisv\u0173j\u0173 radikal\u0173.<\/p><h5 class=\"yikes-custom-woo-tab-title yikes-custom-woo-tab-title-naudojimas\">Naudojimas<\/h5><p>Tepkite ant k\u0105 tik i\u0161trinkt\u0173 plauk\u0173, palikite 1\u20132 minut\u0117ms ir i\u0161skalaukite. D\u0116MESIO: m\u016bv\u0117kite pir\u0161tines, kad i\u0161vengtum\u0117te d\u0117mi\u0173 ar odos sudirginimo. \u0160iame produkte yra sudedam\u0173j\u0173 dali\u0173, kurios kai kuriems asmenims gali sudirginti od\u0105, tod\u0117l pirmiausia reikia atlikti bandym\u0105 ant odos pagal pridedamas instrukcijas. \u0160io produkto negalima naudoti blakstienoms ar antakiams da\u017eyti; tai gali sukelti apakim\u0105. Nor\u0117dami i\u0161gauti \u0161altesnius tonus, naudokite kondicionieri\u0173 kartu su \u0161amp\u016bnu ir kauke i\u0161\u00a0<strong><em>Sheer Silver<\/em><\/strong>\u00a0linijos.<\/p><h5 class=\"yikes-custom-woo-tab-title yikes-custom-woo-tab-title-ingredientai\">Ingredientai<\/h5><p>Aqua\/Water\/Eau, Cetearyl Alcohol, PPG-3 Benzyl Ether Myristate, Behentrimonium Chloride, Rubus Fruticosus (Blackberry) Fruit Extract, Stearamidopropyl Dimethylamine, Acetum\/Vinegar\/Vinaigre, Polyglyceryl-3 Polyricinoleate, Cetrimonium Chloride, Helianthus Annuus (Sunflower) Seed Oil, Moringa Oleifera Seed Oil, Olea Europaea (Olive) Fruit Oil, Lactic Acid, Amodimethicone\/Morpholinomethyl Silsesquioxane Copolymer, Glycerin, Trideceth-5, Phyllostachys Nigra Leaf Extract, Dimethiconol, Propylene Glycol, Quaternium-95, Propanediol, Dimethicone, Ethylhexylglycerin, Benzoic Acid, Pentaerythrityl Tetra-Di-T-Butyl Hydroxyhydrocinnamate, Dehydroacetic Acid, Phenoxyethanol, Limonene, Hexyl Cinnamal, Linalool, Parfum\/Fragrance, Acid Violet 43<\/p>\t\t\t\t\t\t<\/div>\n\t\t\t\t<\/div>\n\t\t\t\t\t<\/div>\n\t\t<\/div>\n\t\t\t\t\t\t\t<\/div>\n\t\t<\/section>\n\t\t\t\t\t\t<\/div>\n\t\t\t\t\t<\/div>\n\t\t","protected":false},"excerpt":{"rendered":"<ul>\n<li>Neutralizuoja auksinius atspalvius<\/li>\n<li>Dr\u0117kina ir suteikia \u017evilgesio<\/li>\n<li>Suteikia plaukams \u0161altesni\u0173 atspalvi\u0173<\/li>\n<li>Be sulfat\u0173 ir paraben\u0173<\/li>\n<li>100% vegani\u0161kas ir nebandytas su gyv\u016bnais<\/li>\n<li>Kompensuojamas pakuo\u010di\u0173 CO<sub>2<\/sub><\/li>\n<\/ul>\n","protected":false},"featured_media":11630,"comment_status":"open","ping_status":"closed","template":"","meta":{"om_disable_all_campaigns":false},"product_brand":[],"product_cat":[44,30],"product_tag":[28,71,103],"class_list":{"0":"post-11626","1":"product","2":"type-product","3":"status-publish","4":"has-post-thumbnail","6":"product_cat-mini-produktai","7":"product_cat-kondicionieriai","8":"product_tag-dazyti-plaukai","9":"product_tag-sausi-plaukai","10":"product_tag-sviesinti-plaukai","12":"first","13":"instock","14":"shipping-taxable","15":"purchasable","16":"product-type-variable","17":"add-to-wishlist-before_image"},"aioseo_notices":[],"_links":{"self":[{"href":"https:\/\/kasperindre.lt\/index.php?rest_route=\/wp\/v2\/product\/11626","targetHints":{"allow":["GET"]}}],"collection":[{"href":"https:\/\/kasperindre.lt\/index.php?rest_route=\/wp\/v2\/product"}],"about":[{"href":"https:\/\/kasperindre.lt\/index.php?rest_route=\/wp\/v2\/types\/product"}],"replies":[{"embeddable":true,"href":"https:\/\/kasperindre.lt\/index.php?rest_route=%2Fwp%2Fv2%2Fcomments&post=11626"}],"version-history":[{"count":4,"href":"https:\/\/kasperindre.lt\/index.php?rest_route=\/wp\/v2\/product\/11626\/revisions"}],"predecessor-version":[{"id":11634,"href":"https:\/\/kasperindre.lt\/index.php?rest_route=\/wp\/v2\/product\/11626\/revisions\/11634"}],"wp:featuredmedia":[{"embeddable":true,"href":"https:\/\/kasperindre.lt\/index.php?rest_route=\/wp\/v2\/media\/11630"}],"wp:attachment":[{"href":"https:\/\/kasperindre.lt\/index.php?rest_route=%2Fwp%2Fv2%2Fmedia&parent=11626"}],"wp:term":[{"taxonomy":"product_brand","embeddable":true,"href":"https:\/\/kasperindre.lt\/index.php?rest_route=%2Fwp%2Fv2%2Fproduct_brand&post=11626"},{"taxonomy":"product_cat","embeddable":true,"href":"https:\/\/kasperindre.lt\/index.php?rest_route=%2Fwp%2Fv2%2Fproduct_cat&post=11626"},{"taxonomy":"product_tag","embeddable":true,"href":"https:\/\/kasperindre.lt\/index.php?rest_route=%2Fwp%2Fv2%2Fproduct_tag&post=11626"}],"curies":[{"name":"wp","href":"https:\/\/api.w.org\/{rel}","templated":true}]}}