{"id":11608,"date":"2024-10-27T13:08:00","date_gmt":"2024-10-27T13:08:00","guid":{"rendered":"https:\/\/kasperindre.lt\/?post_type=product&#038;p=11608"},"modified":"2024-10-27T13:08:52","modified_gmt":"2024-10-27T13:08:52","slug":"maria-nila-pilkinantis-sampunas-sheer-silver-shampoo","status":"publish","type":"product","link":"https:\/\/kasperindre.lt\/?product=maria-nila-pilkinantis-sampunas-sheer-silver-shampoo","title":{"rendered":"MARIA NILA Pilkinantis \u0161amp\u016bnas \u2013 Sheer Silver Shampoo"},"content":{"rendered":"\t\t<div data-elementor-type=\"wp-post\" data-elementor-id=\"11608\" class=\"elementor elementor-11608\" data-elementor-settings=\"[]\">\n\t\t\t\t\t\t\t<div class=\"elementor-section-wrap\">\n\t\t\t\t\t\t\t<section class=\"elementor-section elementor-top-section elementor-element elementor-element-385351ec elementor-section-boxed elementor-section-height-default elementor-section-height-default qodef-elementor-content-no\" data-id=\"385351ec\" data-element_type=\"section\">\n\t\t\t\t\t\t<div class=\"elementor-container elementor-column-gap-default\">\n\t\t\t\t\t<div class=\"elementor-column elementor-col-100 elementor-top-column elementor-element elementor-element-db2daf8\" data-id=\"db2daf8\" data-element_type=\"column\">\n\t\t\t<div class=\"elementor-widget-wrap elementor-element-populated\">\n\t\t\t\t\t\t\t\t<div class=\"elementor-element elementor-element-8073d2 elementor-widget elementor-widget-text-editor\" data-id=\"8073d2\" data-element_type=\"widget\" data-widget_type=\"text-editor.default\">\n\t\t\t\t<div class=\"elementor-widget-container\">\n\t\t\t\t\t\t\t<p>\u0160amp\u016bnas su violetiniu pigmentu ir gervuogi\u0173 ekstraktu neutralizuoja auksinius atspalvius \u0161viesiuose plaukuose, kartu suteikdamas plaukams \u017evilgesio ir stiprumo. \u0160amp\u016bnas i\u0161ry\u0161kina nat\u016braliai \u0161viesesnes plauk\u0173 sruogeles, pary\u0161kina nublukusi\u0105 spalv\u0105 ir yra gaivaus g\u0117linio jazmin\u0173, apelsin\u0173 ir greipfrut\u0173 kvapo. Colour Guard Complex apsaugo plauk\u0173 spalv\u0105 nuo UV spinduli\u0173 ir laisv\u0173j\u0173 radikal\u0173.<\/p><h5 class=\"yikes-custom-woo-tab-title yikes-custom-woo-tab-title-naudojimas\">Naudojimas<\/h5><p>Tepkite ant dr\u0117gn\u0173 plauk\u0173 ir \u0161velniai \u012fmasa\u017euokite \u012f plaukus ir galvos od\u0105. I\u0161skalaukite, naudokite kauk\u0119 ir u\u017ebaikite kondicionieriumi. D\u0116MESIO: m\u016bv\u0117kite pir\u0161tines, kad i\u0161vengtum\u0117te d\u0117mi\u0173 ar odos sudirginimo. \u0160iame produkte yra sudedam\u0173j\u0173 dali\u0173, kurios kai kuriems asmenims gali sudirginti od\u0105, tod\u0117l pirmiausia reikia atlikti bandym\u0105 ant odos pagal pridedamas instrukcijas. \u0160io produkto negalima naudoti blakstienoms ar antakiams da\u017eyti; tai gali sukelti apakim\u0105.<\/p><p>Nor\u0117dami i\u0161gauti \u0161altesnius tonus, naudokite \u0161amp\u016bn\u0105 kartu su kondicionieriumi ir kauke i\u0161\u00a0<strong><em>Sheer Silver<\/em><\/strong>\u00a0linijos.<\/p><h5 class=\"yikes-custom-woo-tab-title yikes-custom-woo-tab-title-ingredientai\">Ingredientai<\/h5><p>Aqua\/Water\/Eau, Sodium Lauroyl Methyl Isethionate, Cocamidopropyl Betaine, Disodium Laureth Sulfosuccinate, Sodium Lauryl Sulfoacetate, Glycerin, Rubus Fruticosus (Blackberry) Fruit Extract, Phyllostachys Nigra Leaf Extract, Glycol Distearate, Hydrolyzed Wheat Protein, Amodimethicone\/Morpholinomethyl Silsesquioxane Copolymer, Hydrolyzed Vegetable Protein PG-Propyl Silanetriol, Propylene Glycol, Trideceth-5, Propanediol, Quaternium-95, Acetum\/Vinegar\/Vinaigre, Guar Hydroxypropyltrimonium Chloride, Pentaerythrityl Tetra-Di-T-Butyl Hydroxyhydrocinnamate, Potassium Sorbate, Disodium EDTA, Sodium Chloride, Ethylhexylglycerin, Benzoic Acid, Dehydroacetic Acid, PEG-150 Pentaerythrityl Tetrastearate, Lactic Acid, PPG-2 Hydroxyethyl Cocamide, Phenoxyethanol, Linalool, Hexyl Cinnamal, Limonene, Parfum\/Fragrance, Acid Violet 43<\/p>\t\t\t\t\t\t<\/div>\n\t\t\t\t<\/div>\n\t\t\t\t\t<\/div>\n\t\t<\/div>\n\t\t\t\t\t\t\t<\/div>\n\t\t<\/section>\n\t\t\t\t\t\t<\/div>\n\t\t\t\t\t<\/div>\n\t\t","protected":false},"excerpt":{"rendered":"<ul>\n<li>Neutralizuoja auksinius atspalvius<\/li>\n<li>Atgaivina i\u0161blukusi\u0105 spalv\u0105<\/li>\n<li>Suteikia plaukams \u0161altesni\u0173 atspalvi\u0173<\/li>\n<li>Be sulfat\u0173 ir paraben\u0173<\/li>\n<li>100% vegani\u0161kas ir nebandytas su gyv\u016bnais<\/li>\n<li>Kompensuojamas pakuo\u010di\u0173 CO<sub>2<\/sub><\/li>\n<\/ul>\n","protected":false},"featured_media":11612,"comment_status":"open","ping_status":"closed","template":"","meta":{"om_disable_all_campaigns":false},"product_brand":[],"product_cat":[15,44],"product_tag":[28,71,103],"class_list":{"0":"post-11608","1":"product","2":"type-product","3":"status-publish","4":"has-post-thumbnail","6":"product_cat-sampunai","7":"product_cat-mini-produktai","8":"product_tag-dazyti-plaukai","9":"product_tag-sausi-plaukai","10":"product_tag-sviesinti-plaukai","12":"first","13":"instock","14":"shipping-taxable","15":"purchasable","16":"product-type-variable","17":"add-to-wishlist-before_image"},"aioseo_notices":[],"_links":{"self":[{"href":"https:\/\/kasperindre.lt\/index.php?rest_route=\/wp\/v2\/product\/11608","targetHints":{"allow":["GET"]}}],"collection":[{"href":"https:\/\/kasperindre.lt\/index.php?rest_route=\/wp\/v2\/product"}],"about":[{"href":"https:\/\/kasperindre.lt\/index.php?rest_route=\/wp\/v2\/types\/product"}],"replies":[{"embeddable":true,"href":"https:\/\/kasperindre.lt\/index.php?rest_route=%2Fwp%2Fv2%2Fcomments&post=11608"}],"version-history":[{"count":4,"href":"https:\/\/kasperindre.lt\/index.php?rest_route=\/wp\/v2\/product\/11608\/revisions"}],"predecessor-version":[{"id":11616,"href":"https:\/\/kasperindre.lt\/index.php?rest_route=\/wp\/v2\/product\/11608\/revisions\/11616"}],"wp:featuredmedia":[{"embeddable":true,"href":"https:\/\/kasperindre.lt\/index.php?rest_route=\/wp\/v2\/media\/11612"}],"wp:attachment":[{"href":"https:\/\/kasperindre.lt\/index.php?rest_route=%2Fwp%2Fv2%2Fmedia&parent=11608"}],"wp:term":[{"taxonomy":"product_brand","embeddable":true,"href":"https:\/\/kasperindre.lt\/index.php?rest_route=%2Fwp%2Fv2%2Fproduct_brand&post=11608"},{"taxonomy":"product_cat","embeddable":true,"href":"https:\/\/kasperindre.lt\/index.php?rest_route=%2Fwp%2Fv2%2Fproduct_cat&post=11608"},{"taxonomy":"product_tag","embeddable":true,"href":"https:\/\/kasperindre.lt\/index.php?rest_route=%2Fwp%2Fv2%2Fproduct_tag&post=11608"}],"curies":[{"name":"wp","href":"https:\/\/api.w.org\/{rel}","templated":true}]}}