{"id":11600,"date":"2024-10-27T12:56:43","date_gmt":"2024-10-27T12:56:43","guid":{"rendered":"https:\/\/kasperindre.lt\/?post_type=product&#038;p=11600"},"modified":"2024-10-27T12:58:43","modified_gmt":"2024-10-27T12:58:43","slug":"maria-nila-dazanti-maitinamoji-kauke-colour-refresh-peach-9-34","status":"publish","type":"product","link":"https:\/\/kasperindre.lt\/?product=maria-nila-dazanti-maitinamoji-kauke-colour-refresh-peach-9-34","title":{"rendered":"MARIA NILA Da\u017eanti maitinamoji kauk\u0117 \u2013 Colour Refresh Peach 9.34"},"content":{"rendered":"\t\t<div data-elementor-type=\"wp-post\" data-elementor-id=\"11600\" class=\"elementor elementor-11600\" data-elementor-settings=\"[]\">\n\t\t\t\t\t\t\t<div class=\"elementor-section-wrap\">\n\t\t\t\t\t\t\t<section class=\"elementor-section elementor-top-section elementor-element elementor-element-1c89f288 elementor-section-boxed elementor-section-height-default elementor-section-height-default qodef-elementor-content-no\" data-id=\"1c89f288\" data-element_type=\"section\">\n\t\t\t\t\t\t<div class=\"elementor-container elementor-column-gap-default\">\n\t\t\t\t\t<div class=\"elementor-column elementor-col-100 elementor-top-column elementor-element elementor-element-4502817a\" data-id=\"4502817a\" data-element_type=\"column\">\n\t\t\t<div class=\"elementor-widget-wrap elementor-element-populated\">\n\t\t\t\t\t\t\t\t<div class=\"elementor-element elementor-element-41923ac3 elementor-widget elementor-widget-text-editor\" data-id=\"41923ac3\" data-element_type=\"widget\" data-widget_type=\"text-editor.default\">\n\t\t\t\t<div class=\"elementor-widget-container\">\n\t\t\t\t\t\t\t<p>Da\u017eanti maitinamoji kauk\u0117 su laikinais spalvos pigmentais akimirksniu atgaivins j\u016bs\u0173 plaukus. Kauk\u0117 dr\u0117kina ir ma\u017eina v\u0117lim\u0105si, j\u016bs\u0173 plaukai taps \u0161ilkiniai, glotn\u016bs ir \u017evilgantys. Prie pakuot\u0117s prid\u0117ta pir\u0161tini\u0173 pora. Visus da\u017eus galima mai\u0161yti su baltuoju mi\u0161iniu&nbsp;<strong><em>White Mix<\/em><\/strong>&nbsp;siekiant i\u0161gauti pastelines spalvas. Arba tiesiog sumai\u0161ykite dvi skirtingas spalvas ir sukurkite savo unikali\u0105 spalv\u0105.&nbsp;<strong><em>Colour Refresh<\/em><\/strong>&nbsp;puikiai tinka naudoti tarp da\u017eym\u0173 gro\u017eio salone arba prie\u0161 ypatingas progas.<\/p>\n<h5 class=\"yikes-custom-woo-tab-title yikes-custom-woo-tab-title-naudojimas\">Naudojimas<\/h5>\n<p class=\"yikes-custom-woo-tab-title yikes-custom-woo-tab-title-naudojimas\"><span style=\"color: #777777; font-size: 15px;\">I\u0161trinkite plaukus \u0161amp\u016bnu, i\u0161skalaukite ir nusausinkite rank\u0161luos\u010diu, taip pasiruo\u0161ite proced\u016brai. Naudokite pir\u0161tines ir pir\u0161tais ar \u0161ukomis tolygiai paskirstykite&nbsp;<\/span><em style=\"color: #777777; font-size: 15px;\">Colour Refresh<\/em><span style=\"color: #777777; font-size: 15px;\">&nbsp;per vis\u0105 plauk\u0173 ilg\u012f ar tose vietose, kurias norite nuda\u017eyti. Palikite 3\u201310 minu\u010di\u0173, priklausomai nuo pageidaujamo intensyvumo. I\u0161skalaukite vandeniu, kad pa\u0161alintum\u0117te da\u017e\u0173 liku\u010dius, ir tepkite kondicionieri\u0173. Spalva i\u0161lieka apie 4\u201310 plovim\u0173, atsi\u017evelgiant \u012f j\u016bs\u0173 plauk\u0173 kokyb\u0119 ir spalv\u0105.<\/span><\/p>\n<p class=\"yikes-custom-woo-tab-title yikes-custom-woo-tab-title-naudojimas\"><span style=\"color: var( --e-global-color-text ); font-family: var( --e-global-typography-text-font-family ), Sans-serif; font-weight: var( --e-global-typography-text-font-weight );\">&nbsp;<\/span><\/p>\n<p class=\"yikes-custom-woo-tab-title yikes-custom-woo-tab-title-naudojimas\"><span style=\"color: var( --e-global-color-text ); font-family: var( --e-global-typography-text-font-family ), Sans-serif; font-weight: var( --e-global-typography-text-font-weight );\">Nepamir\u0161kite informuoti savo kirp\u0117jo, jei prie\u0161 tai naudojote Color Refresh, nes netur\u0117tum\u0117te \u0161viesinti plauk\u0173 i\u0161 karto po proced\u016bros.<\/span><\/p><p class=\"yikes-custom-woo-tab-title yikes-custom-woo-tab-title-naudojimas\"><span style=\"color: rgb(0, 0, 0); font-family: Syne, sans-serif; font-size: 20px; font-weight: 700; letter-spacing: -0.01em; text-transform: uppercase;\"><br><\/span><\/p><p class=\"yikes-custom-woo-tab-title yikes-custom-woo-tab-title-naudojimas\"><span style=\"color: rgb(0, 0, 0); font-family: Syne, sans-serif; font-size: 20px; font-weight: 700; letter-spacing: -0.01em; text-transform: uppercase;\">Ingredientai<\/span><\/p><p class=\"yikes-custom-woo-tab-title yikes-custom-woo-tab-title-naudojimas\"><span style=\"color: var( --e-global-color-text ); font-family: var( --e-global-typography-text-font-family ), Sans-serif; font-weight: var( --e-global-typography-text-font-weight );\"><br><\/span><\/p><p class=\"yikes-custom-woo-tab-title yikes-custom-woo-tab-title-naudojimas\"><span style=\"color: var( --e-global-color-text ); font-family: var( --e-global-typography-text-font-family ), Sans-serif; font-weight: var( --e-global-typography-text-font-weight );\">Aqua\/Water\/Eau, Cetearyl Alcohol, Behentrimonium Chloride, Cetyl Alcohol, Argania Spinosa Kernel Oil, Panthenol, Caprylyl Glycol, Glycerin, Helianthus Annuus (Sunflower) Seed Oil, Propylene Glycol, Hydrolyzed Wheat Protein, Propanediol, Guar Hydroxypropyltrimonium Chloride, Potassium Sorbate, Quaternium-95, Pentaerythrityl Tetra-Di-T-Butyl Hydroxyhydrocinnamate, Citric Acid, Benzyl Salicylate, Linalool, Lactic Acid, Phenoxyethanol, Parfum\/Fragrance, Basic Red 76, Basic Yellow 57<\/span><span style=\"color: var( --e-global-color-text ); font-family: var( --e-global-typography-text-font-family ), Sans-serif; font-weight: var( --e-global-typography-text-font-weight );\">&nbsp;<\/span><\/p>\t\t\t\t\t\t<\/div>\n\t\t\t\t<\/div>\n\t\t\t\t\t<\/div>\n\t\t<\/div>\n\t\t\t\t\t\t\t<\/div>\n\t\t<\/section>\n\t\t\t\t\t\t<\/div>\n\t\t\t\t\t<\/div>\n\t\t","protected":false},"excerpt":{"rendered":"<div class=\"woocommerce-product-details__short-description\">\n<ul>\n<li>Suteikia oran\u017einius ir persikinius atspalvius<\/li>\n<li>Mink\u0161tinamasis argano aliejus<\/li>\n<li>Colour Guard Complex<\/li>\n<li>Be sulfat\u0173 ir paraben\u0173<\/li>\n<li>100% vegani\u0161ka ir nebandyta su gyv\u016bnais<\/li>\n<li>Kompensuojamas pakuo\u010di\u0173 CO<sub>2<\/sub><\/li>\n<\/ul>\n<\/div>\n","protected":false},"featured_media":11601,"comment_status":"open","ping_status":"closed","template":"","meta":{"om_disable_all_campaigns":false},"product_brand":[],"product_cat":[44,38],"product_tag":[70,49],"class_list":{"0":"post-11600","1":"product","2":"type-product","3":"status-publish","4":"has-post-thumbnail","6":"product_cat-mini-produktai","7":"product_cat-plauku-kaukes","8":"product_tag-pazeisti-plaukai","9":"product_tag-ploni-plaukai","11":"first","12":"instock","13":"shipping-taxable","14":"purchasable","15":"product-type-variable","16":"add-to-wishlist-before_image"},"aioseo_notices":[],"_links":{"self":[{"href":"https:\/\/kasperindre.lt\/index.php?rest_route=\/wp\/v2\/product\/11600","targetHints":{"allow":["GET"]}}],"collection":[{"href":"https:\/\/kasperindre.lt\/index.php?rest_route=\/wp\/v2\/product"}],"about":[{"href":"https:\/\/kasperindre.lt\/index.php?rest_route=\/wp\/v2\/types\/product"}],"replies":[{"embeddable":true,"href":"https:\/\/kasperindre.lt\/index.php?rest_route=%2Fwp%2Fv2%2Fcomments&post=11600"}],"version-history":[{"count":4,"href":"https:\/\/kasperindre.lt\/index.php?rest_route=\/wp\/v2\/product\/11600\/revisions"}],"predecessor-version":[{"id":11607,"href":"https:\/\/kasperindre.lt\/index.php?rest_route=\/wp\/v2\/product\/11600\/revisions\/11607"}],"wp:featuredmedia":[{"embeddable":true,"href":"https:\/\/kasperindre.lt\/index.php?rest_route=\/wp\/v2\/media\/11601"}],"wp:attachment":[{"href":"https:\/\/kasperindre.lt\/index.php?rest_route=%2Fwp%2Fv2%2Fmedia&parent=11600"}],"wp:term":[{"taxonomy":"product_brand","embeddable":true,"href":"https:\/\/kasperindre.lt\/index.php?rest_route=%2Fwp%2Fv2%2Fproduct_brand&post=11600"},{"taxonomy":"product_cat","embeddable":true,"href":"https:\/\/kasperindre.lt\/index.php?rest_route=%2Fwp%2Fv2%2Fproduct_cat&post=11600"},{"taxonomy":"product_tag","embeddable":true,"href":"https:\/\/kasperindre.lt\/index.php?rest_route=%2Fwp%2Fv2%2Fproduct_tag&post=11600"}],"curies":[{"name":"wp","href":"https:\/\/api.w.org\/{rel}","templated":true}]}}